{"id":5037,"date":"2019-04-30T10:51:19","date_gmt":"2019-04-30T10:51:19","guid":{"rendered":"https:\/\/parcel.one\/?page_id=5037"},"modified":"2025-04-03T14:32:58","modified_gmt":"2025-04-03T14:32:58","slug":"aviso-legal","status":"publish","type":"page","link":"https:\/\/parcel.one\/es\/aviso-legal","title":{"rendered":"Aviso legal"},"content":{"rendered":"<h2>Aviso legal<\/h2>\n<div>Persona de contacto y responsable del contenido de estas p\u00e1ginas:<\/div>\n<ul>\n<li>\n<h3>Persona de contacto<\/h3>\n<div>\n<p>PARCEL.ONE GmbH<br \/>Am Pfahlgraben 4-10\u00a0<br \/>35415 Pohlheim<br \/>Alemania<\/p>\n<p>PARCEL.ONE is<br \/>Miembro de AWIWE GROUP<\/p>\n<\/div>\n<\/li>\n<li>\n<h3>TEL\u00c9FONO Y EMAIL<\/h3>\n<div>\n<p>Telefon \u00a0+49 6404 80292-0<br \/>Fax \u00a0 \u00a0 \u00a0 \u00a0+49 66404 80292-88<br \/>Email \u00a0 \u00a0\u00a0<a href=\"mailto:info@parcel.one\">info@parcel.one<\/a><\/p>\n<\/div>\n<\/li>\n<li>\n<h3>GERENTE<\/h3>\n<div>\n<p>Micha Augstein<\/p>\n<\/div>\n<\/li>\n<li>\n<h3>N.\u00ba del registro mercantil:<\/h3>\n<div>\n<p>HRB <span>10371<\/span><br \/>Amtsgericht Gie\u00dfen<\/p>\n<p>N.\u00ba de identificaci\u00f3n del impuesto sobre el volumen de negocios: DE312186140<\/p>\n<\/div>\n<\/li>\n<li>\n<h3>Responsable<\/h3>\n<div>\n<p>Responsable i. S. d. \u00a7 55 Abs. 2 RStV Micha Augstein<\/p>\n<\/div>\n<\/li>\n<\/ul>\n<h2>Map<\/h2>\n<div>\n<p>Nos encontrar\u00e1s aqu\u00ed.<\/p>\n<\/div>\n<div>\n\n<script type=\"widgetkit\/map\" data-id=\"wk-map69e9dda845655\" data-class=\" uk-preserve-width\" data-style=\"width:auto;height:400px;\">\n    {\"width\":\"auto\",\"height\":400,\"maptypeid\":\"roadmap\",\"maptypecontrol\":false,\"mapctrl\":true,\"zoom\":9,\"marker\":2,\"marker_icon\":\"\",\"markercluster\":false,\"popup_max_width\":300,\"zoomwheel\":false,\"draggable\":true,\"directions\":true,\"disabledefaultui\":false,\"styler_invert_lightness\":false,\"styler_hue\":\"\",\"styler_saturation\":0,\"styler_lightness\":0,\"styler_gamma\":0,\"media\":true,\"image_width\":\"auto\",\"image_height\":\"auto\",\"media_align\":\"top\",\"media_width\":\"1-2\",\"media_breakpoint\":\"m\",\"media_border\":\"none\",\"media_overlay\":\"social-buttons\",\"overlay_animation\":\"fade\",\"media_animation\":\"scale-up\",\"title\":true,\"content\":true,\"social_buttons\":false,\"title_size\":\"h3\",\"title_element\":\"h3\",\"text_align\":\"left\",\"link\":false,\"link_style\":\"button\",\"link_text\":\"Read more\",\"link_target\":false,\"class\":\"\",\"markers\":[{\"lat\":50.5254375,\"lng\":8.7549375,\"icon\":\"\",\"title\":\"PARCEL.ONE\",\"content\":\"\\n<div class=\\\"uk-text-left\\\">\\n\\n    \\n    \\n        <h3 class=\\\"uk-h3 uk-margin-remove-top\\\">PARCEL.ONE<\\\/h3>\\n    \\n    \\n        <div class=\\\"uk-margin\\\"><p>Am Pfahlgraben 4 - 10\\u00a0<br \\\/>35415 Pohlheim\\u00a0<br \\\/>Germany<br \\\/><br \\\/><strong>Telefon: <\\\/strong>06033-35225-0<br \\\/><strong>Email: <\\\/strong>info@parcel.one<\\\/p><\\\/div>\\n    \\n    \\n    \\n    \\n<\\\/div>\\n\"}],\"directionsText\":\"Get Directions\"}<\/script>\n<\/div>\n<div>\n<p>Este sitio web utiliza Google Analytics para recopilar estad\u00edsticas de visitantes. Sin embargo, su direcci\u00f3n IP s\u00f3lo se almacenar\u00e1 de forma an\u00f3nima. Si desea evitar la transmisi\u00f3n de datos a Google en general, puede utilizar para ello un complemento gratuito para su navegador.<\/p>\n<\/div>\n<h2>Exoneraci\u00f3n de responsabilidad<\/h2>\n<div>\n<p>A pesar del cuidadoso control del contenido, no asumimos ninguna responsabilidad por el contenido de los enlaces externos. Los operadores de las p\u00e1ginas enlazadas son los \u00fanicos responsables de su contenido.<\/p>\n<\/div>\n<h2>Derechos de autor<\/h2>\n<div>\n<p>El dise\u00f1o, la maquetaci\u00f3n, el gui\u00f3n y el texto fuente, los gr\u00e1ficos y otros contenidos est\u00e1n protegidos legalmente de acuerdo con el \u00a7 16 de la ley de los derechos de autor. Est\u00e1 estrictamente prohibido copiar, copiar, modificar, editar el c\u00f3digo fuente, los dise\u00f1os, los scripts y el dise\u00f1o, y s\u00f3lo se permite con el permiso por escrito de PARCEL.ONE GmbH.<\/p>\n<\/div>\n<div>\n<p><strong>NUESTROS ENV\u00cdOS: CAMINO DE LA RED CERO<\/strong><\/p>\n<p>En colaboraci\u00f3n con ClimatePartner, registramos todas las emisiones de CO2 de nuestras actividades log\u00edsticas, elaboramos los informes correspondientes y desarrollamos las medidas de reducci\u00f3n necesarias.<\/p>\n<\/p>\n<\/div>\n<div>\n<p><strong>NUESTRO ALOJAMIENTO &#8211; SOSTENIBLE<\/strong><\/p>\n<p>Con Green Hosting &#8211;\u00a0<strong>KeyEco<\/strong>\u00a0de\u00a0<a href=\"https:\/\/www.keyweb.de\/en\/keyweb\/keyeco\"><span style=\"color: #339966;\"><strong>KEY<\/strong>WEB<\/span><\/a><\/p>\n<\/div>\n<p><img decoding=\"async\" src=\"\/wp-content\/uploads\/2025\/04\/CP_Logo_In-cooperation-with_EN_C.png\" alt=\"\"><\/p>\n<hr>\n<p><img decoding=\"async\" src=\"\/wp-content\/uploads\/2021\/06\/keyeco-weiss-querformat-en.png\" alt=\"\"><\/p>\n<h3>PARCEL.ONE<\/h3>\n<ul>\n<li>\n<p><a href=\"https:\/\/parcel.one\/es\/es-2#P1L%C3%B6sungen\">Soluci\u00f3n internacional<\/a><\/p>\n<\/li>\n<li>\n<p><a href=\"https:\/\/parcel.one\/es\/es-2#StartWithUs\">Empiece con nosotros<\/a><\/p>\n<\/li>\n<li>\n<p><a href=\"https:\/\/parcel.one\/es\/es-2#Bepartofus\">Socios de entrega<\/a><\/p>\n<\/li>\n<li>\n<p><a href=\"https:\/\/parcel.one\/es\/es-2#Bepartofus\">Sea parte de ello<\/a><\/p>\n<\/li>\n<\/ul>\n<h3><a href=\"https:\/\/parcel.one\/es\/soluciones\">Sus Soluciones<\/a><\/h3>\n<ul>\n<li>\n<p><a href=\"https:\/\/parcel.one\/es\/soluciones#LETTER\">Letter<\/a><\/p>\n<\/li>\n<li>\n<p><a href=\"https:\/\/parcel.one\/es\/soluciones#PARCEL\">Parcel<\/a><\/p>\n<\/li>\n<li>\n<p><a href=\"https:\/\/parcel.one\/es\/soluciones#REPARCEL\">re.PARCEL<\/a><\/p>\n<\/li>\n<li>\n<p><a href=\"https:\/\/parcel.one\/es\/soluciones#SELECT\">Select<\/a><\/p>\n<\/li>\n<li>\n<p><a href=\"https:\/\/parcel.one\/es\/soluciones#Preise\">Ventajas &#038; Precios<\/a><\/p>\n<\/li>\n<\/ul>\n<h3>Informaci\u00f3n<\/h3>\n<ul>\n<li>\n<p><a href=\"https:\/\/parcel.one\/es\/blog\">Blog News<\/a><\/p>\n<\/li>\n<li>\n<p><a href=\"https:\/\/parcel.one\/es\/sobre-nosotros#Team\">Nuestro equipo<\/a><\/p>\n<\/li>\n<li>\n<p><a href=\"https:\/\/parcel.one\/es\/contacto\">Contacto<\/a><\/p>\n<\/li>\n<\/ul>\n<h3>\n<div>Aviso Legal<\/div>\n<\/h3>\n<ul>\n<li>\n<p><a href=\"https:\/\/parcel.one\/es\/aviso-legal\">Aviso Legal<\/a><\/p>\n<\/li>\n<li>\n<p><a href=\"https:\/\/parcel.one\/es\/proteccion-de-datos\">Protecci\u00f3n de Datos<\/a><\/p>\n<\/li>\n<\/ul>\n<p><!--more--><br \/>\n<!-- {\"name\":\"ES-Impressum\",\"type\":\"layout\",\"children\":[{\"name\":\"Hero\",\"type\":\"section\",\"props\":{\"animation\":\"slide-bottom\",\"header_transparent\":true,\"height\":\"page\",\"image\":\"wp-content\\\/uploads\\\/parcelone-crossborder-start-1.jpg\",\"image_position\":\"center-center\",\"image_size\":\"cover\",\"media_blend_mode\":\"overlay\",\"media_overlay\":\"rgba(72, 99, 177, 0)\",\"overlap\":false,\"padding\":\"xsmall\",\"style\":\"default\",\"text_color\":\"dark\",\"title_breakpoint\":\"xl\",\"title_position\":\"top-left\",\"title_rotation\":\"left\",\"vertical_align\":\"\",\"width\":\"default\"},\"children\":[{\"type\":\"row\",\"children\":[{\"type\":\"column\",\"props\":{\"image_position\":\"center-center\",\"position_sticky_breakpoint\":\"m\",\"width_medium\":\"1-1\"}}]}]},{\"name\":\"Get in Touch\",\"type\":\"section\",\"props\":{\"image_position\":\"center-center\",\"style\":\"default\",\"title_breakpoint\":\"xl\",\"title_position\":\"top-left\",\"title_rotation\":\"left\",\"vertical_align\":\"\",\"width\":\"default\"},\"children\":[{\"type\":\"row\",\"props\":{\"layout\":\"1-2,1-2\"},\"children\":[{\"type\":\"column\",\"props\":{\"image_position\":\"center-center\",\"position_sticky_breakpoint\":\"m\",\"width_medium\":\"1-2\"},\"children\":[{\"name\":\"Home Headline\",\"type\":\"headline\",\"props\":{\"content\":\"Aviso legal\",\"title_color\":\"danger\",\"title_decoration\":\"line\",\"title_element\":\"h2\",\"title_style\":\"h1\"}},{\"type\":\"text\",\"props\":{\"column_breakpoint\":\"m\",\"content\":\"Persona de contacto y responsable del contenido de estas p\\u00e1ginas:\",\"margin\":\"default\"}},{\"name\":\"Accordion Impressum\",\"type\":\"accordion\",\"props\":{\"collapsible\":false,\"content_column_breakpoint\":\"m\",\"css\":\".el-title {\\nmargin-top: 0;\\n    margin-bottom: 15px;\\n    padding: 13px 30px;\\n    background: #3e4c69;\\n    font-size: 15px;\\n    line-height: 30px;\\n    cursor: pointer;\\n    position: relative;\\n \\t border-left: solid #878787\\n}\",\"image_align\":\"top\",\"image_grid_breakpoint\":\"m\",\"image_grid_width\":\"1-2\",\"image_svg_color\":\"emphasis\",\"link_style\":\"danger\",\"link_text\":\"Jetzt anfragen\",\"margin\":\"medium\",\"multiple\":true,\"show_image\":false,\"show_link\":true},\"children\":[{\"type\":\"accordion_item\",\"props\":{\"content\":\"\n\n<p>PARCEL.ONE GmbH<br \\\/>Am Pfahlgraben 4-10\\u00a0<br \\\/>35415 Pohlheim<br \\\/>Alemania<\\\/p>\\n\n\n<p>PARCEL.ONE is<br \\\/>Miembro de AWIWE GROUP<\\\/p>\",\"image\":\"\",\"title\":\"Persona de contacto\"}},{\"type\":\"accordion_item\",\"props\":{\"content\":\"\n\n<p>Telefon \\u00a0+49 6404 80292-0<br \\\/>Fax \\u00a0 \\u00a0 \\u00a0 \\u00a0+49 66404 80292-88<br \\\/>Email \\u00a0 \\u00a0\\u00a0<a href=\\\"mailto:info@parcel.one\\\">info@parcel.one<\\\/a><\\\/p>\",\"image\":\"\",\"title\":\"TEL\\u00c9FONO Y EMAIL\"}},{\"type\":\"accordion_item\",\"props\":{\"content\":\"\n\n<p>Micha Augstein<\\\/p>\",\"image\":\"\",\"title\":\"GERENTE\"}},{\"type\":\"accordion_item\",\"props\":{\"content\":\"\n\n<p>HRB <span>10371<\\\/span><br \\\/>Amtsgericht Gie\\u00dfen<\\\/p>\\n\n\n<p>N.\\u00ba de identificaci\\u00f3n del impuesto sobre el volumen de negocios: DE312186140<\\\/p>\",\"image\":\"\",\"title\":\"N.\\u00ba del registro mercantil:\"}},{\"type\":\"accordion_item\",\"props\":{\"content\":\"\n\n<p>Responsable i. S. d. \\u00a7 55 Abs. 2 RStV Micha Augstein<\\\/p>\",\"title\":\"Responsable\"}}]}]},{\"type\":\"column\",\"props\":{\"image_position\":\"center-center\",\"position_sticky_breakpoint\":\"m\",\"width_medium\":\"1-2\"},\"children\":[{\"name\":\"Home Headline\",\"type\":\"headline\",\"props\":{\"content\":\"Map\",\"title_color\":\"danger\",\"title_decoration\":\"line\",\"title_element\":\"h2\",\"title_style\":\"h1\"}},{\"type\":\"text\",\"props\":{\"column_breakpoint\":\"m\",\"content\":\"\n\n<p>Nos encontrar\\u00e1s aqu\\u00ed.<\\\/p>\",\"margin\":\"default\"}},{\"type\":\"html\",\"props\":{\"content\":\"[widgetkit id=\\\"13\\\"]\"}}]}]}]},{\"type\":\"section\",\"props\":{\"image_position\":\"center-center\",\"padding_remove_bottom\":true,\"padding_remove_top\":true,\"style\":\"default\",\"title_breakpoint\":\"xl\",\"title_position\":\"top-left\",\"title_rotation\":\"left\",\"vertical_align\":\"\",\"width\":\"default\"},\"children\":[{\"type\":\"row\",\"children\":[{\"type\":\"column\",\"props\":{\"image_position\":\"center-center\",\"position_sticky_breakpoint\":\"m\",\"width_medium\":\"1-1\"},\"children\":[{\"type\":\"text\",\"props\":{\"column_breakpoint\":\"m\",\"content\":\"\n\n<p>Este sitio web utiliza Google Analytics para recopilar estad\\u00edsticas de visitantes. Sin embargo, su direcci\\u00f3n IP s\\u00f3lo se almacenar\\u00e1 de forma an\\u00f3nima. Si desea evitar la transmisi\\u00f3n de datos a Google en general, puede utilizar para ello un complemento gratuito para su navegador.<\\\/p>\",\"margin\":\"default\",\"text_align\":\"left\",\"text_align_breakpoint\":\"m\",\"text_align_fallback\":\"center\"}}]}]}]},{\"type\":\"section\",\"props\":{\"image_position\":\"center-center\",\"style\":\"default\",\"title_breakpoint\":\"xl\",\"title_position\":\"top-left\",\"title_rotation\":\"left\",\"vertical_align\":\"\",\"width\":\"default\"},\"children\":[{\"type\":\"row\",\"props\":{\"layout\":\"1-2,1-2\"},\"children\":[{\"type\":\"column\",\"props\":{\"image_position\":\"center-center\",\"position_sticky_breakpoint\":\"m\",\"width_medium\":\"1-2\"},\"children\":[{\"name\":\"Home Headline\",\"type\":\"headline\",\"props\":{\"content\":\"Exoneraci\\u00f3n de responsabilidad\",\"text_align\":\"left\",\"text_align_breakpoint\":\"m\",\"text_align_fallback\":\"center\",\"title_color\":\"danger\",\"title_decoration\":\"line\",\"title_element\":\"h2\",\"title_style\":\"h1\"}},{\"type\":\"text\",\"props\":{\"column_breakpoint\":\"m\",\"content\":\"\n\n<p>A pesar del cuidadoso control del contenido, no asumimos ninguna responsabilidad por el contenido de los enlaces externos. Los operadores de las p\\u00e1ginas enlazadas son los \\u00fanicos responsables de su contenido.<\\\/p>\",\"margin\":\"default\",\"text_align\":\"left\",\"text_align_breakpoint\":\"m\",\"text_align_fallback\":\"center\"}}]},{\"type\":\"column\",\"props\":{\"image_position\":\"center-center\",\"position_sticky_breakpoint\":\"m\",\"width_medium\":\"1-2\"},\"children\":[{\"name\":\"Home Headline\",\"type\":\"headline\",\"props\":{\"content\":\"Derechos de autor\",\"text_align\":\"left\",\"text_align_breakpoint\":\"m\",\"text_align_fallback\":\"center\",\"title_color\":\"danger\",\"title_decoration\":\"line\",\"title_element\":\"h2\",\"title_style\":\"h1\"}},{\"type\":\"text\",\"props\":{\"column_breakpoint\":\"m\",\"content\":\"\n\n<p>El dise\\u00f1o, la maquetaci\\u00f3n, el gui\\u00f3n y el texto fuente, los gr\\u00e1ficos y otros contenidos est\\u00e1n protegidos legalmente de acuerdo con el \\u00a7 16 de la ley de los derechos de autor. Est\\u00e1 estrictamente prohibido copiar, copiar, modificar, editar el c\\u00f3digo fuente, los dise\\u00f1os, los scripts y el dise\\u00f1o, y s\\u00f3lo se permite con el permiso por escrito de PARCEL.ONE GmbH.<\\\/p>\",\"margin\":\"default\",\"text_align\":\"left\",\"text_align_breakpoint\":\"m\",\"text_align_fallback\":\"center\"}}]}]}]},{\"name\":\"Jetzt Newsletter\",\"type\":\"section\",\"props\":{\"css\":\".el-section {background-color:#efefef;}\",\"image_position\":\"center-center\",\"image_size\":\"cover\",\"padding\":\"small\",\"padding_remove_top\":false,\"preserve_color\":false,\"style\":\"default\",\"text_color\":\"light\",\"title_breakpoint\":\"xl\",\"title_position\":\"top-left\",\"title_rotation\":\"left\",\"vertical_align\":\"\",\"width\":\"default\"},\"children\":[{\"type\":\"row\",\"props\":{\"layout\":\"3-4,1-4\",\"margin\":\"medium\",\"width\":\"expand\"},\"children\":[{\"type\":\"column\",\"props\":{\"image_position\":\"center-center\",\"position_sticky_breakpoint\":\"m\",\"vertical_align\":\"middle\",\"width_medium\":\"3-4\"},\"children\":[{\"type\":\"text\",\"props\":{\"column_breakpoint\":\"m\",\"content\":\"\n\n<p><strong>NUESTROS ENV\\u00cdOS: CAMINO DE LA RED CERO<\\\/strong><\\\/p>\\n\n\n<p>En colaboraci\\u00f3n con ClimatePartner, registramos todas las emisiones de CO2 de nuestras actividades log\\u00edsticas, elaboramos los informes correspondientes y desarrollamos las medidas de reducci\\u00f3n necesarias.<\\\/p>\\n\n\n<p><\\\/p>\",\"margin\":\"default\"}},{\"type\":\"text\",\"props\":{\"column_breakpoint\":\"m\",\"content\":\"\n\n<p><strong>NUESTRO ALOJAMIENTO - SOSTENIBLE<\\\/strong><\\\/p>\\n\n\n<p>Con Green Hosting -\\u00a0<strong>KeyEco<\\\/strong>\\u00a0de\\u00a0<a href=\\\"https:\\\/\\\/www.keyweb.de\\\/en\\\/keyweb\\\/keyeco\\\"><span style=\\\"color: #339966;\\\"><strong>KEY<\\\/strong>WEB<\\\/span><\\\/a><\\\/p>\",\"margin\":\"default\"}}]},{\"type\":\"column\",\"props\":{\"image_position\":\"center-center\",\"position_sticky_breakpoint\":\"m\",\"vertical_align\":\"middle\",\"width_medium\":\"1-4\"},\"children\":[{\"type\":\"image\",\"props\":{\"image\":\"wp-content\\\/uploads\\\/2025\\\/04\\\/CP_Logo_In-cooperation-with_EN_C.png\",\"image_svg_color\":\"emphasis\",\"margin\":\"default\"}},{\"type\":\"divider\",\"props\":{\"divider_element\":\"hr\"}},{\"type\":\"image\",\"props\":{\"image\":\"wp-content\\\/uploads\\\/2021\\\/06\\\/keyeco-weiss-querformat-en.png\",\"image_svg_color\":\"emphasis\",\"margin\":\"default\"}}]}]}]},{\"name\":\"N\\u00fctzliche Links\",\"type\":\"section\",\"props\":{\"image_position\":\"center-center\",\"image_size\":\"cover\",\"padding\":\"small\",\"style\":\"default\",\"title_breakpoint\":\"xl\",\"title_position\":\"top-left\",\"title_rotation\":\"left\",\"vertical_align\":\"\",\"width\":\"xlarge\"},\"children\":[{\"type\":\"row\",\"props\":{\"layout\":\"1-4,1-4,1-4,1-4|1-2,1-2,1-2,1-2\"},\"children\":[{\"type\":\"column\",\"props\":{\"image_position\":\"center-center\",\"position_sticky_breakpoint\":\"m\",\"width_medium\":\"1-4\",\"width_small\":\"1-2\"},\"children\":[{\"type\":\"headline\",\"props\":{\"animation\":\"slide-right\",\"content\":\"PARCEL.ONE\",\"text_align\":\"left\",\"text_align_breakpoint\":\"m\",\"text_align_fallback\":\"center\",\"title_element\":\"h3\",\"title_style\":\"h3\"}},{\"type\":\"divider\",\"props\":{\"animation\":\"slide-right\",\"divider_element\":\"div\"}},{\"type\":\"list\",\"props\":{\"animation\":\"slide-right\",\"column_breakpoint\":\"m\",\"image_align\":\"left\",\"image_svg_color\":\"emphasis\",\"image_vertical_align\":true,\"link_style\":\"reset\",\"list_element\":\"ul\",\"list_horizontal_separator\":\", \",\"list_type\":\"vertical\",\"show_image\":true,\"show_link\":true,\"text_align\":\"left\",\"text_align_breakpoint\":\"m\",\"text_align_fallback\":\"center\"},\"children\":[{\"type\":\"list_item\",\"props\":{\"content\":\"Soluci\\u00f3n internacional\",\"icon\":\"\",\"link\":\"https:\\\/\\\/parcel.one\\\/es#P1L%C3%B6sungen\",\"link_target\":true}},{\"type\":\"list_item\",\"props\":{\"content\":\"Empiece con nosotros\",\"icon\":\"\",\"link\":\"https:\\\/\\\/parcel.one\\\/es#StartWithUs\"}},{\"type\":\"list_item\",\"props\":{\"content\":\"Socios de entrega\",\"icon\":\"\",\"link\":\"https:\\\/\\\/parcel.one\\\/es#Bepartofus\"}},{\"type\":\"list_item\",\"props\":{\"content\":\"Sea parte de ello\",\"icon\":\"\",\"link\":\"https:\\\/\\\/parcel.one\\\/es#Bepartofus\"}}]}]},{\"type\":\"column\",\"props\":{\"image_position\":\"center-center\",\"position_sticky_breakpoint\":\"m\",\"width_medium\":\"1-4\",\"width_small\":\"1-2\"},\"children\":[{\"type\":\"headline\",\"props\":{\"animation\":\"slide-right\",\"content\":\"Sus Soluciones\",\"link\":\"https:\\\/\\\/parcel.one\\\/es\\\/soluciones\",\"text_align\":\"left\",\"text_align_breakpoint\":\"m\",\"text_align_fallback\":\"center\",\"title_element\":\"h3\",\"title_style\":\"h3\"}},{\"type\":\"divider\",\"props\":{\"animation\":\"slide-right\",\"divider_element\":\"div\"}},{\"type\":\"list\",\"props\":{\"animation\":\"slide-right\",\"column_breakpoint\":\"m\",\"image_align\":\"left\",\"image_svg_color\":\"emphasis\",\"image_vertical_align\":true,\"link_style\":\"reset\",\"list_element\":\"ul\",\"list_horizontal_separator\":\", \",\"list_type\":\"vertical\",\"show_image\":false,\"show_link\":true,\"text_align\":\"left\",\"text_align_breakpoint\":\"m\",\"text_align_fallback\":\"center\"},\"children\":[{\"type\":\"list_item\",\"props\":{\"content\":\"Letter\",\"icon\":\"\",\"link\":\"https:\\\/\\\/parcel.one\\\/es\\\/soluciones#LETTER\"}},{\"type\":\"list_item\",\"props\":{\"content\":\"Parcel\",\"icon\":\"\",\"link\":\"https:\\\/\\\/parcel.one\\\/es\\\/soluciones#PARCEL\"}},{\"type\":\"list_item\",\"props\":{\"content\":\"re.PARCEL\",\"icon\":\"\",\"link\":\"https:\\\/\\\/parcel.one\\\/es\\\/soluciones#REPARCEL\"}},{\"type\":\"list_item\",\"props\":{\"content\":\"Select\",\"icon\":\"\",\"link\":\"https:\\\/\\\/parcel.one\\\/es\\\/soluciones#SELECT\"}},{\"type\":\"list_item\",\"props\":{\"content\":\"Ventajas & Precios\",\"link\":\"https:\\\/\\\/parcel.one\\\/es\\\/soluciones#Preise\"}}]}]},{\"type\":\"column\",\"props\":{\"image_position\":\"center-center\",\"position_sticky_breakpoint\":\"m\",\"width_medium\":\"1-4\",\"width_small\":\"1-2\"},\"children\":[{\"type\":\"headline\",\"props\":{\"animation\":\"slide-right\",\"content\":\"Informaci\\u00f3n\",\"text_align\":\"left\",\"text_align_breakpoint\":\"m\",\"text_align_fallback\":\"center\",\"title_element\":\"h3\",\"title_style\":\"h3\"}},{\"type\":\"divider\",\"props\":{\"animation\":\"slide-right\",\"divider_element\":\"div\"}},{\"type\":\"list\",\"props\":{\"animation\":\"slide-right\",\"column_breakpoint\":\"m\",\"image_align\":\"left\",\"image_svg_color\":\"emphasis\",\"image_vertical_align\":true,\"link_style\":\"reset\",\"list_element\":\"ul\",\"list_horizontal_separator\":\", \",\"list_type\":\"vertical\",\"show_image\":true,\"show_link\":true,\"text_align\":\"left\",\"text_align_breakpoint\":\"m\",\"text_align_fallback\":\"center\"},\"children\":[{\"type\":\"list_item\",\"props\":{\"content\":\"Blog News\",\"icon\":\"\",\"link\":\"https:\\\/\\\/parcel.one\\\/es\\\/blog\",\"link_target\":false}},{\"type\":\"list_item\",\"props\":{\"content\":\"Nuestro equipo\",\"icon\":\"\",\"link\":\"https:\\\/\\\/parcel.one\\\/es\\\/Sobre-Nosotros#Team\"}},{\"type\":\"list_item\",\"props\":{\"content\":\"Contacto\",\"icon\":\"\",\"link\":\"https:\\\/\\\/parcel.one\\\/es\\\/contacto\"}}]}]},{\"type\":\"column\",\"props\":{\"image_position\":\"center-center\",\"position_sticky_breakpoint\":\"m\",\"width_medium\":\"1-4\",\"width_small\":\"1-2\"},\"children\":[{\"type\":\"headline\",\"props\":{\"animation\":\"slide-right\",\"content\":\"\n\n<div>Aviso Legal<\\\/div>\",\"text_align\":\"left\",\"text_align_breakpoint\":\"m\",\"text_align_fallback\":\"center\",\"title_element\":\"h3\",\"title_style\":\"h3\"}},{\"type\":\"divider\",\"props\":{\"animation\":\"slide-right\",\"divider_element\":\"div\"}},{\"type\":\"list\",\"props\":{\"animation\":\"slide-right\",\"column_breakpoint\":\"m\",\"image_align\":\"left\",\"image_svg_color\":\"emphasis\",\"image_vertical_align\":true,\"link_style\":\"reset\",\"list_element\":\"ul\",\"list_horizontal_separator\":\", \",\"list_type\":\"vertical\",\"show_image\":true,\"show_link\":true,\"text_align\":\"left\",\"text_align_breakpoint\":\"m\",\"text_align_fallback\":\"center\"},\"children\":[{\"type\":\"list_item\",\"props\":{\"content\":\"Aviso Legal\",\"icon\":\"\",\"link\":\"https:\\\/\\\/parcel.one\\\/es\\\/aviso-legal\"}},{\"type\":\"list_item\",\"props\":{\"content\":\"Protecci\\u00f3n de Datos\",\"link\":\"https:\\\/\\\/parcel.one\\\/es\\\/proteccion-de-datos\"}}]}]}]}]}],\"version\":\"4.5.12\"} --><\/p>\n","protected":false},"excerpt":{"rendered":"<p>Aviso legal Persona de contacto y responsable del contenido de estas p\u00e1ginas: Persona de contacto PARCEL.ONE GmbHAm Pfahlgraben 4-10\u00a035415 PohlheimAlemania PARCEL.ONE isMiembro de AWIWE GROUP TEL\u00c9FONO Y EMAIL Telefon \u00a0+49 6404 80292-0Fax \u00a0 \u00a0 \u00a0 \u00a0+49 66404 80292-88Email \u00a0 \u00a0\u00a0info@parcel.one GERENTE Micha Augstein N.\u00ba del registro mercantil: HRB 10371Amtsgericht Gie\u00dfen N.\u00ba de identificaci\u00f3n del impuesto [&hellip;]<\/p>\n","protected":false},"author":1,"featured_media":0,"parent":0,"menu_order":0,"comment_status":"closed","ping_status":"closed","template":"","meta":{"footnotes":""},"class_list":["post-5037","page","type-page","status-publish","hentry"],"_links":{"self":[{"href":"https:\/\/parcel.one\/es\/wp-json\/wp\/v2\/pages\/5037","targetHints":{"allow":["GET"]}}],"collection":[{"href":"https:\/\/parcel.one\/es\/wp-json\/wp\/v2\/pages"}],"about":[{"href":"https:\/\/parcel.one\/es\/wp-json\/wp\/v2\/types\/page"}],"author":[{"embeddable":true,"href":"https:\/\/parcel.one\/es\/wp-json\/wp\/v2\/users\/1"}],"replies":[{"embeddable":true,"href":"https:\/\/parcel.one\/es\/wp-json\/wp\/v2\/comments?post=5037"}],"version-history":[{"count":4,"href":"https:\/\/parcel.one\/es\/wp-json\/wp\/v2\/pages\/5037\/revisions"}],"predecessor-version":[{"id":23666,"href":"https:\/\/parcel.one\/es\/wp-json\/wp\/v2\/pages\/5037\/revisions\/23666"}],"wp:attachment":[{"href":"https:\/\/parcel.one\/es\/wp-json\/wp\/v2\/media?parent=5037"}],"curies":[{"name":"wp","href":"https:\/\/api.w.org\/{rel}","templated":true}]}}