{"id":4942,"date":"2019-04-30T07:01:56","date_gmt":"2019-04-30T07:01:56","guid":{"rendered":"https:\/\/parcel.one\/?page_id=4942"},"modified":"2023-09-01T16:15:50","modified_gmt":"2023-09-01T16:15:50","slug":"tracking","status":"publish","type":"page","link":"https:\/\/parcel.one\/es\/tracking","title":{"rendered":"Tracking"},"content":{"rendered":"<h1>Tracking<\/h1>\n<div>\n<h2 style=\"text-align: center;\">Nunca pierda de vista su env\u00edo internacional.<\/h2>\n<\/div>\n<h3><strong>Tracking<span class=\"Apple-converted-space\">\u00a0&#8211; \u00a1Mantenga un ojo en su env\u00edo internacional!<\/span><\/strong><\/h3>\n<div>\n<p>Con el seguimiento de PARCEL.ONE, puede controlar sus env\u00edos internacionales en todo momento y comprobar su estado actual en cualquier momento. Simplemente introduzca el n\u00famero de env\u00edo y el c\u00f3digo postal del destinatario en los siguientes campos.<\/p>\n<div class=\" et_pb_row et_pb_row_3\">\u00a0<\/div>\n<\/div>\n<h1>Por favor, introduzca el n\u00famero de env\u00edo y el c\u00f3digo postal del destinatario.<\/h1>\n<div>\n<html>\n    <head>\n\t\t<meta name=\"viewport\" content=\"width=device-width,initial-scale=1.0\" \/>\n\t\t<meta http-equiv=\"Content-Type\" content=\"text\/html; charset=UTF-8\">\n    <link href=\"trackprogress.css\" type=\"text\/css\" rel=\"stylesheet\">\n    <link href=\"..\/bootstrap\/fontawesome\/css\/all.min.css\" type=\"text\/css\" rel=\"stylesheet\">\n\n\t\t<title>Tracking<\/title>\n    <\/head>\n\n    <body>\n                <form method = \"POST\" name=\"trackingform\">\n\t\t\t<div id=\"AwiweTracking\">\n\t\t\t\t<div id=\"AwiweTrackingEnter\">\n\t\t\t\t\t<table class='AwiweTableEnter'>\n\t\t\t\t\t\t<tr>\n\t\t\t\t\t\t\t<td>Please enter the Tracking Number:  <\/td>\n\t\t\t\t\t\t\t<td><input type=\"text\" name=\"trackno\" value=\"\" \/><\/td>\n\t\t\t\t\t\t<\/tr>\n\t\t\t\t\t\t<tr>\n\t\t\t\t\t\t\t<td>Please enter the Receiver ZIP Code:  <\/td>\n\t\t\t\t\t\t\t<td><input type=\"text\" name=\"zip\" value=\"\" \/><\/td>\n\t\t\t\t\t\t<\/tr>\n\t\t\t\t\t\t<tr>\n\t\t\t\t\t\t\t<td>&nbsp;<\/td>\n\t\t\t\t\t\t\t<td><input type=\"submit\" class=\"AwiweTrackingSearchButton\" name = \"searchData\" value=\"Search\" \/><\/td>\n\t\t\t\t\t\t<\/tr>\n\t\t\t\t\t<\/table>\n\t\t\t\t<\/div>\n\n\t\t\t<\/div>\n    <\/details><br\/>\n\t\t<\/form>\n\t<\/body>\n<\/html>\n\n<\/div>\n<div>\n<p><strong>PARCEL.ONE<\/strong> sigue procesando sus env\u00edos en el mismo d\u00eda y los transfiere diariamente a los respectivos socios de entrega.<\/p>\n<\/div>\n<div>\n<p><strong>\u00bfLleva tiempo esperando su programa?<\/strong><\/p>\n<p>Eche un vistazo a nuestras \u00faltimas noticias. Aqu\u00ed sabr\u00e1 si<br \/>actualmente hay retrasos con la empresa de reparto en un pa\u00eds.<\/p>\n<\/div>\n<p>\n    <a href=\"https:\/\/parcel.one\/es\/aktuelle-informationen\">NEWS<\/a>\n<\/p>\n<p><!--more--><br \/>\n<!-- {\"name\":\"ES-Tracking\",\"type\":\"layout\",\"children\":[{\"name\":\"Hero\",\"type\":\"section\",\"props\":{\"animation\":\"slide-bottom\",\"animation_delay\":false,\"header_transparent\":\"dark\",\"image\":\"wp-content\\\/uploads\\\/PARCEL-ONE-Go-International.jpg\",\"image_position\":\"center-center\",\"image_size\":\"cover\",\"media_blend_mode\":\"overlay\",\"media_overlay\":\"rgba(72, 99, 177, 0)\",\"overlap\":false,\"preserve_color\":true,\"style\":\"secondary\",\"text_color\":\"dark\",\"title\":\"Tracking\",\"title_breakpoint\":\"m\",\"title_position\":\"top-left\",\"title_rotation\":\"left\",\"vertical_align\":\"middle\",\"width\":\"default\"},\"children\":[{\"type\":\"row\",\"children\":[{\"type\":\"column\",\"props\":{\"image_position\":\"center-center\",\"position_sticky_breakpoint\":\"m\",\"width_medium\":\"1-1\"},\"children\":[{\"type\":\"headline\",\"props\":{\"content\":\"Tracking\",\"text_align\":\"center\",\"title_element\":\"h1\",\"title_style\":\"heading-medium\",\"visibility\":\"l\"}},{\"type\":\"text\",\"props\":{\"column_breakpoint\":\"m\",\"content\":\"\n\n<h2 style=\\\"text-align: center;\\\">Nunca pierda de vista su env\\u00edo internacional.<\\\/h2>\",\"margin\":\"default\"}}]}]}]},{\"name\":\"PARCEL.ONE \\u2013 Tracking \\u00dcberschrift\",\"type\":\"section\",\"props\":{\"image_position\":\"center-center\",\"padding_remove_bottom\":true,\"style\":\"default\",\"title_breakpoint\":\"xl\",\"title_position\":\"top-left\",\"title_rotation\":\"left\",\"vertical_align\":\"middle\",\"width\":\"default\"},\"children\":[{\"type\":\"row\",\"children\":[{\"type\":\"column\",\"props\":{\"image_position\":\"center-center\",\"position_sticky_breakpoint\":\"m\",\"width_medium\":\"1-1\"},\"children\":[{\"name\":\"Home Headline\",\"type\":\"headline\",\"props\":{\"content\":\"<strong>Tracking<span class=\\\"Apple-converted-space\\\">\\u00a0- \\u00a1Mantenga un ojo en su env\\u00edo internacional!<\\\/span><\\\/strong>\",\"text_align\":\"left\",\"text_align_breakpoint\":\"m\",\"text_align_fallback\":\"center\",\"title_color\":\"danger\",\"title_decoration\":\"line\",\"title_element\":\"h3\",\"title_style\":\"h3\"}},{\"type\":\"text\",\"props\":{\"column_breakpoint\":\"m\",\"content\":\"\n\n<p>Con el seguimiento de PARCEL.ONE, puede controlar sus env\\u00edos internacionales en todo momento y comprobar su estado actual en cualquier momento. Simplemente introduzca el n\\u00famero de env\\u00edo y el c\\u00f3digo postal del destinatario en los siguientes campos.<\\\/p>\\n\n\n<div class=\\\" et_pb_row et_pb_row_3\\\">\\u00a0<\\\/div>\",\"margin\":\"small\",\"margin_remove_bottom\":true,\"text_align\":\"left\",\"text_align_breakpoint\":\"m\",\"text_align_fallback\":\"center\",\"visibility\":\"l\"}},{\"type\":\"headline\",\"props\":{\"content\":\"Por favor, introduzca el n\\u00famero de env\\u00edo y el c\\u00f3digo postal del destinatario.\",\"margin_remove_bottom\":true,\"margin_remove_top\":true,\"text_align\":\"left\",\"text_align_breakpoint\":\"m\",\"text_align_fallback\":\"center\",\"title_element\":\"h1\",\"title_style\":\"h3\"}}]}]}]},{\"name\":\"Tracking\",\"type\":\"section\",\"props\":{\"image_position\":\"center-center\",\"padding_remove_top\":true,\"style\":\"default\",\"title_breakpoint\":\"xl\",\"title_position\":\"top-left\",\"title_rotation\":\"left\",\"vertical_align\":\"middle\",\"width\":\"default\"},\"children\":[{\"type\":\"row\",\"children\":[{\"type\":\"column\",\"props\":{\"image_position\":\"center-center\",\"position_sticky_breakpoint\":\"m\",\"width_medium\":\"1-1\"},\"children\":[{\"type\":\"text\",\"props\":{\"column_breakpoint\":\"m\",\"content\":\"\n\n<p>[sendstatus]<\\\/p>\",\"margin\":\"default\",\"margin_remove_bottom\":true,\"margin_remove_top\":true}}]}],\"props\":{\"css\":\".el-section {background-color:#efefef;}\"}}]},{\"type\":\"section\",\"props\":{\"image_position\":\"center-center\",\"padding_remove_bottom\":true,\"padding_remove_top\":true,\"style\":\"default\",\"title_breakpoint\":\"xl\",\"title_position\":\"top-left\",\"title_rotation\":\"left\",\"vertical_align\":\"middle\",\"width\":\"default\"},\"children\":[{\"type\":\"row\",\"children\":[{\"type\":\"column\",\"props\":{\"image_position\":\"center-center\",\"position_sticky_breakpoint\":\"m\"},\"children\":[{\"type\":\"text\",\"props\":{\"column_breakpoint\":\"m\",\"content\":\"\n\n<p><strong>PARCEL.ONE<\\\/strong> sigue procesando sus env\\u00edos en el mismo d\\u00eda y los transfiere diariamente a los respectivos socios de entrega.<\\\/p>\",\"margin\":\"default\"}}]}],\"props\":{\"margin_remove_bottom\":true,\"margin_remove_top\":true}}]},{\"type\":\"section\",\"props\":{\"image_position\":\"center-center\",\"style\":\"default\",\"title_breakpoint\":\"xl\",\"title_position\":\"top-left\",\"title_rotation\":\"left\",\"vertical_align\":\"middle\",\"width\":\"default\"},\"children\":[{\"type\":\"row\",\"props\":{\"css\":\".el-section {background-color:#efefef;}\",\"layout\":\"2-3,1-3\"},\"children\":[{\"type\":\"column\",\"props\":{\"image_position\":\"center-center\",\"position_sticky_breakpoint\":\"m\",\"width_medium\":\"2-3\"},\"children\":[{\"type\":\"text\",\"props\":{\"column_breakpoint\":\"m\",\"content\":\"\n\n<p><strong>\\u00bfLleva tiempo esperando su programa?<\\\/strong><\\\/p>\\n\n\n<p>Eche un vistazo a nuestras \\u00faltimas noticias. Aqu\\u00ed sabr\\u00e1 si<br \\\/>actualmente hay retrasos con la empresa de reparto en un pa\\u00eds.<\\\/p>\",\"margin\":\"default\"}}]},{\"type\":\"column\",\"props\":{\"image_position\":\"center-center\",\"position_sticky_breakpoint\":\"m\",\"width_medium\":\"1-3\"},\"children\":[{\"type\":\"button\",\"props\":{\"fullwidth\":true,\"grid_column_gap\":\"small\",\"grid_row_gap\":\"small\",\"margin\":\"default\",\"position\":\"relative\",\"position_bottom\":\"-40\",\"position_left\":\"-20\"},\"children\":[{\"type\":\"button_item\",\"props\":{\"button_style\":\"danger\",\"content\":\"NEWS\",\"icon\":\"warning\",\"icon_align\":\"left\",\"link\":\"https:\\\/\\\/parcel.one\\\/es\\\/aktuelle-informationen\"}}]}]}]}]}],\"version\":\"4.0.10\"} --><\/p>\n","protected":false},"excerpt":{"rendered":"<p>Tracking Nunca pierda de vista su env\u00edo internacional. Tracking\u00a0&#8211; \u00a1Mantenga un ojo en su env\u00edo internacional! Con el seguimiento de PARCEL.ONE, puede controlar sus env\u00edos internacionales en todo momento y comprobar su estado actual en cualquier momento. Simplemente introduzca el n\u00famero de env\u00edo y el c\u00f3digo postal del destinatario en los siguientes campos. \u00a0 Por [&hellip;]<\/p>\n","protected":false},"author":1,"featured_media":0,"parent":0,"menu_order":0,"comment_status":"closed","ping_status":"closed","template":"","meta":{"footnotes":""},"class_list":["post-4942","page","type-page","status-publish","hentry"],"_links":{"self":[{"href":"https:\/\/parcel.one\/es\/wp-json\/wp\/v2\/pages\/4942","targetHints":{"allow":["GET"]}}],"collection":[{"href":"https:\/\/parcel.one\/es\/wp-json\/wp\/v2\/pages"}],"about":[{"href":"https:\/\/parcel.one\/es\/wp-json\/wp\/v2\/types\/page"}],"author":[{"embeddable":true,"href":"https:\/\/parcel.one\/es\/wp-json\/wp\/v2\/users\/1"}],"replies":[{"embeddable":true,"href":"https:\/\/parcel.one\/es\/wp-json\/wp\/v2\/comments?post=4942"}],"version-history":[{"count":5,"href":"https:\/\/parcel.one\/es\/wp-json\/wp\/v2\/pages\/4942\/revisions"}],"predecessor-version":[{"id":19178,"href":"https:\/\/parcel.one\/es\/wp-json\/wp\/v2\/pages\/4942\/revisions\/19178"}],"wp:attachment":[{"href":"https:\/\/parcel.one\/es\/wp-json\/wp\/v2\/media?parent=4942"}],"curies":[{"name":"wp","href":"https:\/\/api.w.org\/{rel}","templated":true}]}}