{"id":3993,"date":"2019-03-02T15:45:33","date_gmt":"2019-03-02T15:45:33","guid":{"rendered":"https:\/\/parcel.one\/?page_id=3993"},"modified":"2020-01-16T08:50:57","modified_gmt":"2020-01-16T08:50:57","slug":"kartonplus","status":"publish","type":"page","link":"https:\/\/parcel.one\/es\/kartonplus","title":{"rendered":"Kartonplus"},"content":{"rendered":"<p><img decoding=\"async\" src=\"wp-content\/uploads\/2019\/11\/logo_rgb_rgb.png\" alt=\"Logo kartonplus\"><\/p>\n<h1>Der Spezialist f\u00fcr Versandmaterial<\/h1>\n<div>PARCEL.ONE Partner<\/div>\n<div>\n<h4><strong>Kartonplus GmbH <\/strong><\/h4>\n<p>Gollierstra\u00dfe 23 | Rgb<br \/>80339 M\u00fcnchen<\/p>\n<\/div>\n<ul>\n<li><a href=\"https:\/\/www.linkedin.com\/in\/bastianmell\/\">linkedin<\/a><\/li>\n<li><a href=\"https:\/\/www.facebook.com\/Kartonplus\/\">facebook<\/a><\/li>\n<li><a href=\"https:\/\/www.kartonplus.de\/\">social<\/a><\/li>\n<\/ul>\n<div>\n<p>Kartonplus ist der <strong>Spezialist f\u00fcr Versandmateria<\/strong>l im E-Commerce.<\/p>\n<p>Auf <a href=\"http:\/\/www.kartonplus.de\">www.kartonplus.de<\/a> bieten wir Versandkartons, Luftpolstertaschen und viele weitere Verpackungen f\u00fcr Ihre Sendungen zu Top-Preisen und in Top-Qualit\u00e4t.<\/p>\n<p>Durch Abnahme von gro\u00dfen Mengen bei Herstellern und einem begrenzten und optimierten Sortiment k\u00f6nnen wir Online-H\u00e4ndlern die bestm\u00f6glichen Preise f\u00fcr ihren Verpackungsbedarf erm\u00f6glichen. Unsere qualitativ hochwertigen Verpackungen werden ausschlie\u00dflich in Deutschland produziert.<\/p>\n<p>Die einfache und effiziente Bestellm\u00f6glichkeit sowie das einzigartige Nachbestellsystem von Kartonplus hilft Online-H\u00e4ndlern, Kosten, Zeit und Aufwand bei der Beschaffung ihrer Verpackungsmittel zu sparen.<\/p>\n<p>Neben unseren Standardverpackungsmitteln, bieten wir Ihnen auch individuelle L\u00f6sungen, wie beispielsweise individuelle Kartongr\u00f6\u00dfen oder bedruckte Kartons an.<\/p>\n<\/div>\n<blockquote>\n<p><img loading=\"lazy\" decoding=\"async\" class=\" wp-image-6670 alignleft\" src=\"https:\/\/parcel.one\/wp-content\/uploads\/2020\/01\/60599945_10156585957812261_303348368975855616_n-300x300.jpg\" alt=\"\" width=\"183\" height=\"183\" srcset=\"https:\/\/parcel.one\/wp-content\/uploads\/2020\/01\/60599945_10156585957812261_303348368975855616_n-300x300.jpg 300w, https:\/\/parcel.one\/wp-content\/uploads\/2020\/01\/60599945_10156585957812261_303348368975855616_n-150x150.jpg 150w, https:\/\/parcel.one\/wp-content\/uploads\/2020\/01\/60599945_10156585957812261_303348368975855616_n.jpg 640w\" sizes=\"(max-width: 183px) 100vw, 183px\" \/><\/p>\n<p>\u201e<span style=\"font-weight: 400;\">PARCEL.ONE erm\u00f6glicht es Online-H\u00e4ndlern, ihre Kosten f\u00fcr Sendungen ins Ausland deutlich zu senken und den Organisationsaufwand auf ein Minimum zu beshr\u00e4nken.<\/span> Den gleichen Anspruch hat PARCEL.ONE auch an die eigenen Verpackungsmaterialien und legt Wert auf eine gleichbleibend, hohe Qualit\u00e4t denn Kartonagen sind f\u00fcr Onlineh\u00e4ndler ein unverzichtbares, allt\u00e4gliches Arbeitsmittel. Deshalb arbeiten wir schon jahrelang, erfolgreich zusammen.\u201c<\/p>\n<footer>\n<p>        Bastian Mell<br \/>\n                <cite><a href=\"https:\/\/www.kartonplus.de\/\">Gr\u00fcnder &#038; Gesch\u00e4ftsf\u00fchrer Kartonplus<\/a><\/cite><\/p>\n<\/footer>\n<\/blockquote>\n<div>\n<p><strong>Wie optimiert Kartonplus die Beschaffung und die Preise von Verpackungsmaterial?<\/strong><\/p>\n<\/div>\n<p><a href=\"https:\/\/www.kartonplus.de\/\"><img decoding=\"async\" src=\"wp-content\/uploads\/2019\/11\/Kartonplus-banner.jpg\" alt=\"\"><\/a><\/p>\n<ul>\n<li>\n<h3>1. Optimierung der Produktion<\/h3>\n<div>\n<p>Kartonplus bietet ein gro\u00dfes, aber kein umfassendes Sortiment an verschiedenen Verpackungsgr\u00f6\u00dfen speziell f\u00fcr den E-Commerce an.<br \/>Die Einschr\u00e4nkung auf ausgew\u00e4hlte Artikel erm\u00f6glicht uns Gr\u00f6\u00dfenvorteile bei der Produktion zu nutzen, die wir an unsere Kunden weitergeben k\u00f6nnen.<\/p>\n<\/div>\n<\/li>\n<li>\n<h3>2. Optimierung der Logistik<\/h3>\n<div>\n<p>Kartonplus optimiert die Logistik und so die einhergehenden Kosten, indem Lagerpl\u00e4tze durch das eingeschr\u00e4nkte Sortiment und durch einen hohen Umschlag an Ware gespart werden.<\/p>\n<p>Durch in der Regel zwei festgelegte Verpackungseinheiten (Abnahme eines Pakets oder einer Palette mit einer festen St\u00fcckzahl) werden zudem Kommissionierungskosten reduziert.<\/p>\n<\/div>\n<\/li>\n<li>\n<h3>3. Spezialisierung<\/h3>\n<div>\n<p>Kartonplus hat sich auf den E-Commerce Versandhandel spezialisiert und bietet entsprechend Verpackungsmaterial an, das speziell f\u00fcr E-Commerce-Versandh\u00e4ndler optimiert ist \u2212 sowohl hinsichtlich der Gr\u00f6\u00dfen (beispielsweise optimiert auf Portokosten) als auch hinsichtlich der Qualit\u00e4t (f\u00fcr den sicheren Warenversand), der Logistik und vor allem auch hinsichtlich der Kosten.<\/p>\n<p>Da f\u00fcr Versandh\u00e4ndler das Verpackungsmaterial ein st\u00e4ndiger Verbrauchsposten ist, kalkuliert unser System den laufenden Bedarf unserer Kunden und optimiert so wiederum die Produktion an unterschiedlichen Standorten, so dass wir eine st\u00e4ndige Verf\u00fcgbarkeit zu geringen Kosten sicherstellen k\u00f6nnen.<\/p>\n<\/div>\n<\/li>\n<li>\n<h3>4. Optimierte Plattform zur Versorgung von Verpackungsmitteln<\/h3>\n<div>\n<p>Das Kartonplus-System ist kein normaler Online-Shop f\u00fcr Verpackungsmaterial, sondern unsere Plattform ist speziell f\u00fcr die Beschaffung und Nachbeschaffung von Verpackungsmaterial ausgerichtet.<\/p>\n<p>So haben Sie die M\u00f6glichkeit, den Aufwand f\u00fcr Ihre Nachbeschaffung zu minimieren.<\/p>\n<p>\u00dcber unsere Schnittstellen k\u00f6nnen wir zudem Ihre Systeme zur automatischen Nachbeschaffung an unsere Plattform anbinden. F\u00fcr Sie hat das den Vorteil, dass keine gro\u00dfen Mengen an Verpackungsmaterial in ihren Lagern vorgehalten werden m\u00fcssen, da eine kurzfristige Lieferung jederzeit m\u00f6glich ist \u2212 auch bei individuellen Produkten.<\/p>\n<\/div>\n<\/li>\n<\/ul>\n<p><!-- {\"name\":\"Layout PartnerSeite\",\"type\":\"layout\",\"children\":[{\"name\":\"Hero\",\"type\":\"section\",\"props\":{\"style\":\"default\",\"width\":\"default\",\"image_size\":\"cover\",\"image\":\"wp-content\\\/uploads\\\/2019\\\/11\\\/kartonplus-bg.jpg\",\"text_color\":\"light\",\"height\":\"expand\",\"header_transparent\":\"dark\",\"media_background\":\"rgba(0, 0, 0, 0.24)\",\"media_blend_mode\":\"\",\"media_overlay\":\"rgba(255, 255, 255, 0.47)\",\"padding\":\"xsmall\",\"image_position\":\"top-left\",\"vertical_align\":\"middle\",\"title_position\":\"top-left\",\"title_rotation\":\"left\",\"title_breakpoint\":\"xl\",\"image_effect\":\"\",\"width_expand\":\"\",\"animation\":\"\",\"overlap\":false,\"image_parallax_breakpoint\":\"\",\"image_visibility\":\"\",\"video_width\":\"\",\"video_height\":\"\"},\"children\":[{\"name\":\"\",\"type\":\"row\",\"props\":{\"fixed_width\":\"large\",\"breakpoint\":\"m\",\"layout\":\"1-1\"},\"children\":[{\"name\":\"\",\"type\":\"column\",\"props\":{\"image_position\":\"center-center\",\"media_overlay_gradient\":\"\"},\"children\":[{\"name\":\"\",\"type\":\"image\",\"props\":{\"margin\":\"default\",\"image\":\"wp-content\\\/uploads\\\/2019\\\/11\\\/logo_rgb_rgb.png\",\"image_alt\":\"Logo kartonplus\",\"link\":\"\",\"text_align\":\"center\",\"image_svg_color\":\"emphasis\",\"link_target\":\"\",\"image_border\":\"\",\"image_box_shadow\":\"\",\"image_hover_box_shadow\":\"\",\"image_box_decoration\":\"\",\"position\":\"\",\"position_z_index\":\"\",\"maxwidth\":\"\",\"maxwidth_breakpoint\":\"\",\"block_align\":\"\",\"block_align_breakpoint\":\"\",\"block_align_fallback\":\"\",\"text_align_breakpoint\":\"\",\"text_align_fallback\":\"\",\"animation\":\"\",\"visibility\":\"\",\"image_width\":\"650\"}},{\"name\":\"\",\"type\":\"headline\",\"props\":{\"title_element\":\"h1\",\"content\":\"Der Spezialist f\\u00fcr Versandmaterial\",\"text_align\":\"center\",\"title_style\":\"heading-small\",\"title_color\":\"success\",\"title_decoration\":\"\",\"title_font_family\":\"\",\"position\":\"\",\"position_z_index\":\"\",\"margin\":\"\",\"maxwidth\":\"\",\"maxwidth_breakpoint\":\"\",\"block_align\":\"\",\"block_align_breakpoint\":\"\",\"block_align_fallback\":\"\",\"text_align_breakpoint\":\"\",\"text_align_fallback\":\"\",\"animation\":\"\",\"visibility\":\"\"}}]}]}]},{\"name\":\"CV\",\"type\":\"section\",\"props\":{\"style\":\"default\",\"width\":\"default\",\"image_size\":\"cover\",\"padding\":\"large\",\"animation\":\"fade\",\"animation_delay\":false,\"image_position\":\"center-center\",\"vertical_align\":\"middle\",\"title_position\":\"top-left\",\"title_rotation\":\"left\",\"title_breakpoint\":\"xl\",\"padding_remove_bottom\":true,\"image_effect\":\"\"},\"children\":[{\"name\":\"\",\"type\":\"row\",\"props\":{\"fixed_width\":\"large\",\"breakpoint\":\"m\",\"layout\":\"1-4,3-4\",\"column_gap\":\"large\",\"row_gap\":\"large\"},\"children\":[{\"name\":\"\",\"type\":\"column\",\"props\":{\"image_position\":\"center-center\",\"media_overlay_gradient\":\"\"},\"children\":[{\"name\":\"\",\"type\":\"text\",\"props\":{\"column_breakpoint\":\"m\",\"margin\":\"small\",\"content\":\"PARCEL.ONE Partner\",\"text_style\":\"\",\"text_size\":\"small\"}},{\"name\":\"\",\"type\":\"text\",\"props\":{\"column_breakpoint\":\"m\",\"margin\":\"medium\",\"content\":\"\n\n<h4><strong>Kartonplus GmbH <\\\/strong><\\\/h4>\\n\n\n<p>Gollierstra\\u00dfe 23 | Rgb<br \\\/>80339 M\\u00fcnchen<\\\/p>\",\"text_style\":\"\",\"margin_remove_top\":true,\"text_size\":\"small\",\"text_color\":\"\",\"column\":\"\",\"position\":\"\",\"position_z_index\":\"\",\"maxwidth\":\"\",\"maxwidth_breakpoint\":\"\",\"block_align\":\"\",\"block_align_breakpoint\":\"\",\"block_align_fallback\":\"\",\"text_align\":\"\",\"text_align_breakpoint\":\"\",\"text_align_fallback\":\"\",\"animation\":\"\",\"visibility\":\"\"}},{\"name\":\"\",\"type\":\"social\",\"props\":{\"link_style\":\"link\",\"margin\":\"default\",\"links\":[\"https:\\\/\\\/www.linkedin.com\\\/in\\\/bastianmell\\\/\",\"https:\\\/\\\/www.facebook.com\\\/Kartonplus\\\/\",\"https:\\\/\\\/www.kartonplus.de\\\/\"],\"icon_ratio\":\"1\",\"link_target\":true,\"gap\":\"medium\",\"position\":\"\",\"position_z_index\":\"\",\"maxwidth\":\"\",\"maxwidth_breakpoint\":\"\",\"block_align\":\"\",\"block_align_breakpoint\":\"\",\"block_align_fallback\":\"\",\"text_align\":\"\",\"text_align_breakpoint\":\"\",\"text_align_fallback\":\"\",\"animation\":\"\",\"visibility\":\"\"}}]},{\"name\":\"\",\"type\":\"column\",\"props\":{\"image_position\":\"center-center\",\"media_overlay_gradient\":\"\"},\"children\":[{\"name\":\"\",\"type\":\"text\",\"props\":{\"column_breakpoint\":\"m\",\"margin\":\"default\",\"content\":\"\n\n<p>Kartonplus ist der <strong>Spezialist f\\u00fcr Versandmateria<\\\/strong>l im E-Commerce.<\\\/p>\\n\n\n<p>Auf <a href=\\\"http:\\\/\\\/www.kartonplus.de\\\">www.kartonplus.de<\\\/a> bieten wir Versandkartons, Luftpolstertaschen und viele weitere Verpackungen f\\u00fcr Ihre Sendungen zu Top-Preisen und in Top-Qualit\\u00e4t.<\\\/p>\\n\n\n<p>Durch Abnahme von gro\\u00dfen Mengen bei Herstellern und einem begrenzten und optimierten Sortiment k\\u00f6nnen wir Online-H\\u00e4ndlern die bestm\\u00f6glichen Preise f\\u00fcr ihren Verpackungsbedarf erm\\u00f6glichen. Unsere qualitativ hochwertigen Verpackungen werden ausschlie\\u00dflich in Deutschland produziert.<\\\/p>\\n\n\n<p>Die einfache und effiziente Bestellm\\u00f6glichkeit sowie das einzigartige Nachbestellsystem von Kartonplus hilft Online-H\\u00e4ndlern, Kosten, Zeit und Aufwand bei der Beschaffung ihrer Verpackungsmittel zu sparen.<\\\/p>\\n\n\n<p>Neben unseren Standardverpackungsmitteln, bieten wir Ihnen auch individuelle L\\u00f6sungen, wie beispielsweise individuelle Kartongr\\u00f6\\u00dfen oder bedruckte Kartons an.<\\\/p>\",\"text_size\":\"large\",\"text_style\":\"\",\"text_color\":\"\",\"column\":\"\",\"position\":\"\",\"position_z_index\":\"\",\"maxwidth\":\"\",\"maxwidth_breakpoint\":\"\",\"block_align\":\"\",\"block_align_breakpoint\":\"\",\"block_align_fallback\":\"\",\"text_align\":\"\",\"text_align_breakpoint\":\"\",\"text_align_fallback\":\"\",\"animation\":\"\",\"visibility\":\"\"}}]}]}]},{\"name\":\"Jetzt Newsletter\",\"type\":\"section\",\"props\":{\"style\":\"default\",\"width\":\"default\",\"image_size\":\"cover\",\"padding\":\"small\",\"text_color\":\"light\",\"image\":\"\",\"preserve_color\":false,\"image_position\":\"center-center\",\"css\":\".el-section {background-color:#efefef;}\",\"padding_remove_top\":false,\"vertical_align\":\"middle\",\"title_position\":\"top-left\",\"title_rotation\":\"left\",\"title_breakpoint\":\"xl\",\"image_effect\":\"\"},\"children\":[{\"name\":\"\",\"type\":\"row\",\"props\":{\"fixed_width\":\"large\",\"breakpoint\":\"m\",\"layout\":\"1-1\",\"width\":\"expand\",\"margin\":\"medium\",\"vertical_align\":true,\"column_gap\":\"\",\"row_gap\":\"\",\"width_expand\":\"\",\"height\":\"\"},\"children\":[{\"name\":\"\",\"type\":\"column\",\"props\":{\"image_position\":\"center-center\",\"vertical_align\":\"middle\",\"media_overlay_gradient\":\"\"},\"children\":[{\"name\":\"\",\"type\":\"quotation\",\"props\":{\"content\":\"\n\n<p><img class=\\\" wp-image-6670 alignleft\\\" src=\\\"https:\\\/\\\/parcel.one\\\/wp-content\\\/uploads\\\/2020\\\/01\\\/60599945_10156585957812261_303348368975855616_n-300x300.jpg\\\" alt=\\\"\\\" width=\\\"183\\\" height=\\\"183\\\" \\\/><\\\/p>\\n\n\n<p>\\u201e<span style=\\\"font-weight: 400;\\\">PARCEL.ONE erm\\u00f6glicht es Online-H\\u00e4ndlern, ihre Kosten f\\u00fcr Sendungen ins Ausland deutlich zu senken und den Organisationsaufwand auf ein Minimum zu beshr\\u00e4nken.<\\\/span> Den gleichen Anspruch hat PARCEL.ONE auch an die eigenen Verpackungsmaterialien und legt Wert auf eine gleichbleibend, hohe Qualit\\u00e4t denn Kartonagen sind f\\u00fcr Onlineh\\u00e4ndler ein unverzichtbares, allt\\u00e4gliches Arbeitsmittel. Deshalb arbeiten wir schon jahrelang, erfolgreich zusammen.\\u201c<\\\/p>\",\"author\":\"Gr\\u00fcnder & Gesch\\u00e4ftsf\\u00fchrer Kartonplus\",\"footer\":\"Bastian Mell\",\"link\":\"https:\\\/\\\/www.kartonplus.de\\\/\",\"link_target\":true,\"link_style\":\"text\",\"position\":\"\",\"position_z_index\":\"\",\"margin\":\"\",\"maxwidth\":\"\",\"maxwidth_breakpoint\":\"\",\"block_align\":\"\",\"block_align_breakpoint\":\"\",\"block_align_fallback\":\"\",\"text_align\":\"\",\"text_align_breakpoint\":\"\",\"text_align_fallback\":\"\",\"animation\":\"\",\"visibility\":\"\"}}]}]}]},{\"name\":\"Plattformen\",\"type\":\"section\",\"props\":{\"style\":\"default\",\"width\":\"default\",\"vertical_align\":\"middle\",\"title_position\":\"top-left\",\"title_rotation\":\"left\",\"title_breakpoint\":\"xl\",\"image_position\":\"center-center\",\"padding\":\"small\",\"image_effect\":\"\"},\"children\":[{\"name\":\"\",\"type\":\"row\",\"props\":{\"fixed_width\":\"large\",\"breakpoint\":\"m\",\"layout\":\"1-4,3-4\"},\"children\":[{\"name\":\"\",\"type\":\"column\",\"props\":{\"image_position\":\"center-center\",\"media_overlay_gradient\":\"\"},\"children\":[{\"name\":\"\",\"type\":\"text\",\"props\":{\"column_breakpoint\":\"m\",\"margin\":\"medium\",\"content\":\"\n\n<p><strong>Wie optimiert Kartonplus die Beschaffung und die Preise von Verpackungsmaterial?<\\\/strong><\\\/p>\",\"text_style\":\"\",\"margin_remove_top\":false,\"text_size\":\"large\",\"text_color\":\"danger\",\"dropcap\":false,\"column\":\"\",\"position\":\"\",\"position_z_index\":\"\",\"maxwidth\":\"\",\"maxwidth_breakpoint\":\"\",\"block_align\":\"\",\"block_align_breakpoint\":\"\",\"block_align_fallback\":\"\",\"text_align\":\"\",\"text_align_breakpoint\":\"\",\"text_align_fallback\":\"\",\"animation\":\"\",\"visibility\":\"\"}}]},{\"name\":\"\",\"type\":\"column\",\"props\":{\"image_position\":\"center-center\",\"media_overlay_gradient\":\"\"},\"children\":[{\"type\":\"image\",\"props\":{\"margin\":\"default\",\"image_svg_color\":\"emphasis\",\"link_target\":\"blank\",\"image_border\":\"\",\"image_box_shadow\":\"\",\"image_hover_box_shadow\":\"\",\"image_box_decoration\":\"\",\"position\":\"\",\"position_z_index\":\"\",\"maxwidth\":\"\",\"maxwidth_breakpoint\":\"\",\"block_align\":\"\",\"block_align_breakpoint\":\"\",\"block_align_fallback\":\"\",\"text_align\":\"\",\"text_align_breakpoint\":\"\",\"text_align_fallback\":\"\",\"animation\":\"\",\"visibility\":\"\",\"image\":\"wp-content\\\/uploads\\\/2019\\\/11\\\/Kartonplus-banner.jpg\",\"link\":\"https:\\\/\\\/www.kartonplus.de\\\/\"}},{\"type\":\"accordion\",\"props\":{\"show_image\":true,\"show_link\":true,\"collapsible\":false,\"image_svg_color\":\"emphasis\",\"image_align\":\"top\",\"image_grid_width\":\"1-2\",\"image_grid_breakpoint\":\"m\",\"link_text\":\"Read more\",\"link_style\":\"default\",\"content_style\":\"\",\"content_margin\":\"\",\"image_border\":\"\",\"image_grid_column_gap\":\"\",\"image_grid_row_gap\":\"\",\"image_margin\":\"\",\"link_size\":\"\",\"link_margin\":\"\",\"position\":\"\",\"position_z_index\":\"\",\"margin\":\"\",\"maxwidth\":\"\",\"maxwidth_breakpoint\":\"\",\"block_align\":\"\",\"block_align_breakpoint\":\"\",\"block_align_fallback\":\"\",\"text_align\":\"\",\"text_align_breakpoint\":\"\",\"text_align_fallback\":\"\",\"animation\":\"\",\"visibility\":\"\",\"multiple\":true,\"image_svg_inline\":true,\"css\":\".el-item {border: 1px solid #efefef; padding:10px}\"},\"children\":[{\"type\":\"accordion_item\",\"props\":{\"title\":\"1. Optimierung der Produktion\",\"content\":\"\n\n<p>Kartonplus bietet ein gro\\u00dfes, aber kein umfassendes Sortiment an verschiedenen Verpackungsgr\\u00f6\\u00dfen speziell f\\u00fcr den E-Commerce an.<br \\\/>Die Einschr\\u00e4nkung auf ausgew\\u00e4hlte Artikel erm\\u00f6glicht uns Gr\\u00f6\\u00dfenvorteile bei der Produktion zu nutzen, die wir an unsere Kunden weitergeben k\\u00f6nnen.<\\\/p>\"}},{\"type\":\"accordion_item\",\"props\":{\"title\":\"2. Optimierung der Logistik\",\"content\":\"\n\n<p>Kartonplus optimiert die Logistik und so die einhergehenden Kosten, indem Lagerpl\\u00e4tze durch das eingeschr\\u00e4nkte Sortiment und durch einen hohen Umschlag an Ware gespart werden.<br \\\/><br \\\/>Durch in der Regel zwei festgelegte Verpackungseinheiten (Abnahme eines Pakets oder einer Palette mit einer festen St\\u00fcckzahl) werden zudem Kommissionierungskosten reduziert.<\\\/p>\"}},{\"type\":\"accordion_item\",\"props\":{\"title\":\"3. Spezialisierung\",\"content\":\"\n\n<p>Kartonplus hat sich auf den E-Commerce Versandhandel spezialisiert und bietet entsprechend Verpackungsmaterial an, das speziell f\\u00fcr E-Commerce-Versandh\\u00e4ndler optimiert ist \\u2212 sowohl hinsichtlich der Gr\\u00f6\\u00dfen (beispielsweise optimiert auf Portokosten) als auch hinsichtlich der Qualit\\u00e4t (f\\u00fcr den sicheren Warenversand), der Logistik und vor allem auch hinsichtlich der Kosten.<br \\\/><br \\\/>Da f\\u00fcr Versandh\\u00e4ndler das Verpackungsmaterial ein st\\u00e4ndiger Verbrauchsposten ist, kalkuliert unser System den laufenden Bedarf unserer Kunden und optimiert so wiederum die Produktion an unterschiedlichen Standorten, so dass wir eine st\\u00e4ndige Verf\\u00fcgbarkeit zu geringen Kosten sicherstellen k\\u00f6nnen.<\\\/p>\"}},{\"type\":\"accordion_item\",\"props\":{\"title\":\"4. Optimierte Plattform zur Versorgung von Verpackungsmitteln\",\"content\":\"\n\n<p>Das Kartonplus-System ist kein normaler Online-Shop f\\u00fcr Verpackungsmaterial, sondern unsere Plattform ist speziell f\\u00fcr die Beschaffung und Nachbeschaffung von Verpackungsmaterial ausgerichtet.<br \\\/><br \\\/>So haben Sie die M\\u00f6glichkeit, den Aufwand f\\u00fcr Ihre Nachbeschaffung zu minimieren.<br \\\/><br \\\/>\\u00dcber unsere Schnittstellen k\\u00f6nnen wir zudem Ihre Systeme zur automatischen Nachbeschaffung an unsere Plattform anbinden. F\\u00fcr Sie hat das den Vorteil, dass keine gro\\u00dfen Mengen an Verpackungsmaterial in ihren Lagern vorgehalten werden m\\u00fcssen, da eine kurzfristige Lieferung jederzeit m\\u00f6glich ist \\u2212 auch bei individuellen Produkten.<\\\/p>\"}}]}]}]}]},{\"name\":\"Jetzt Newsletter\",\"type\":\"section\",\"props\":{\"style\":\"default\",\"width\":\"default\",\"image_size\":\"cover\",\"padding\":\"small\",\"text_color\":\"light\",\"image\":\"\",\"preserve_color\":false,\"image_position\":\"center-center\",\"css\":\".el-section {background-color:#efefef;}\",\"padding_remove_top\":false,\"vertical_align\":\"middle\",\"title_position\":\"top-left\",\"title_rotation\":\"left\",\"title_breakpoint\":\"xl\",\"image_effect\":\"\"},\"children\":[{\"name\":\"\",\"type\":\"row\",\"props\":{\"fixed_width\":\"large\",\"breakpoint\":\"m\",\"layout\":\"3-4,1-4\",\"width\":\"expand\",\"margin\":\"medium\",\"vertical_align\":true},\"children\":[{\"name\":\"\",\"type\":\"column\",\"props\":{\"image_position\":\"center-center\",\"vertical_align\":\"middle\",\"media_overlay_gradient\":\"\"}},{\"name\":\"\",\"type\":\"column\",\"props\":{\"image_position\":\"center-center\",\"vertical_align\":\"middle\",\"media_overlay_gradient\":\"\"}}]}]}],\"version\":\"1.22.6\",\"props\":[]} --><\/p>\n","protected":false},"excerpt":{"rendered":"<p>Der Spezialist f\u00fcr Versandmaterial PARCEL.ONE Partner Kartonplus GmbH Gollierstra\u00dfe 23 | Rgb80339 M\u00fcnchen linkedin facebook social Kartonplus ist der Spezialist f\u00fcr Versandmaterial im E-Commerce. Auf www.kartonplus.de bieten wir Versandkartons, Luftpolstertaschen und viele weitere Verpackungen f\u00fcr Ihre Sendungen zu Top-Preisen und in Top-Qualit\u00e4t. Durch Abnahme von gro\u00dfen Mengen bei Herstellern und einem begrenzten und optimierten Sortiment [&hellip;]<\/p>\n","protected":false},"author":1,"featured_media":0,"parent":0,"menu_order":0,"comment_status":"closed","ping_status":"closed","template":"","meta":{"footnotes":""},"class_list":["post-3993","page","type-page","status-publish","hentry"],"_links":{"self":[{"href":"https:\/\/parcel.one\/es\/wp-json\/wp\/v2\/pages\/3993","targetHints":{"allow":["GET"]}}],"collection":[{"href":"https:\/\/parcel.one\/es\/wp-json\/wp\/v2\/pages"}],"about":[{"href":"https:\/\/parcel.one\/es\/wp-json\/wp\/v2\/types\/page"}],"author":[{"embeddable":true,"href":"https:\/\/parcel.one\/es\/wp-json\/wp\/v2\/users\/1"}],"replies":[{"embeddable":true,"href":"https:\/\/parcel.one\/es\/wp-json\/wp\/v2\/comments?post=3993"}],"version-history":[{"count":0,"href":"https:\/\/parcel.one\/es\/wp-json\/wp\/v2\/pages\/3993\/revisions"}],"wp:attachment":[{"href":"https:\/\/parcel.one\/es\/wp-json\/wp\/v2\/media?parent=3993"}],"curies":[{"name":"wp","href":"https:\/\/api.w.org\/{rel}","templated":true}]}}