{"id":17961,"date":"2023-03-27T09:22:37","date_gmt":"2023-03-27T09:22:37","guid":{"rendered":"https:\/\/parcel.one\/?page_id=17961"},"modified":"2023-03-30T13:22:15","modified_gmt":"2023-03-30T13:22:15","slug":"barcodeshipping","status":"publish","type":"page","link":"https:\/\/parcel.one\/es\/barcodeshipping","title":{"rendered":"Barcodeshipping"},"content":{"rendered":"<h1>\n<p><\/h1>\n<div>\n<p style=\"text-align: center; color: #ffffff;\"><span>Versandl\u00f6sung I Onlineshop I Warenwirtschaft I Logistik I Versanddienstleister<\/span><\/p>\n<\/div>\n<h1>\n<h1 style=\"text-align: center; color: #ffffff;\"><span>BarcodeShipping und PARCEL.ONE<\/span><\/h1>\n<\/h1>\n<div>\n<p style=\"text-align: center; color: #ffffff;\">Die Kombination BarcodeShipping und PARCEL.ONE kann Euch helfen Versandkosten zu sparen und Versandfehler zu vermeiden, ohne ein Verm\u00f6gen f\u00fcr neue Software auszugeben .<\/p>\n<\/div>\n<p><img decoding=\"async\" src=\"\/wp-content\/uploads\/2023\/01\/barcodeshipping_Zeichenflaeche-1.png\" alt=\"\"><\/p>\n<div>\n<p class=\"elementor-heading-title elementor-size-default\"><strong>Yotta Byte Manager GmbH<\/strong><\/p>\n<p><span>Obere M\u00fcnsterstr. 4<\/span><br \/><span>44575 Castrop-Rauxel<\/span><\/p>\n<p><strong>T:<\/strong><span>\u00a0(02305) 76004444<\/span><br \/><strong>E:<\/strong><span>\u00a0info@ybm-deutschland.de<\/span><\/p>\n<\/div>\n<ul>\n<li><a href=\"https:\/\/www.youtube.com\/user\/YBMDeutschland\">youtube<\/a>\n<\/li>\n<li><a href=\"https:\/\/twitter.com\/YBMDeutschland\/\">twitter<\/a>\n<\/li>\n<li><a href=\"https:\/\/www.facebook.com\/YBMDeutschland\/\">facebook<\/a>\n<\/li>\n<li><a href=\"https:\/\/www.instagram.com\/ybm_deutschland\/\">instagram<\/a>\n<\/li>\n<\/ul>\n<div>\n<p><span><strong>Die Herausforderung:<\/strong> <br \/>Onlineshops laufen oft \u00fcber ein bestehendes System aus Shop\/Marketplace + Wawi\/Auftragssystem + Versanddienstleister. <\/span><\/p>\n<p><span>Vielleicht wurde die letzte Versanddienstleister-Schnittstelle vor 6 Jahren eingerichtet. Ein neuer Versanddienstleister bringt m\u00f6glicherweise viele Vorteile, aber das Programm umzuschreiben (z. B. f\u00fcr einen neuen Prozess oder eine neue Schnittstelle) w\u00fcrde 11.000 \u2013 20.000 EUR kosten.<\/span><\/p>\n<p><span>Dar\u00fcber hinaus verunsichert manch einen Onlineh\u00e4ndler wie andere Software-Anbieter mit den Kundendaten umgehen. Aus diesen Gr\u00fcnden scheuen viele eine Erweiterung von Cloud-Schnittstellen zu Versanddienstleistern von Drittanbietern.<\/span><\/p>\n<p><strong>Die L\u00f6sung:<\/strong> <br \/>Mit BarcodeShipping sparen Sie sich die Kosten.<\/p>\n<p>Ihre Software binden wir kurzfristig an PARCEL.ONE an, selbst wenn Sie Eigenwicklungen, Excel-Dateien oder z.B. SQL-Datenbanken nutzen.<\/p>\n<p>Ihre Software k\u00f6nnen wir an DHL, GLS, DPD, Post CH, UPS, FEDEX und viele andere Dienstleister anbinden. Und die Kundendaten bleiben bei Ihnen (DSGVO-konform).<\/p>\n<p><span>Sie k\u00f6nnen abh\u00e4ngig von den Bestellparametern die Versandparameter individuell definieren und so Kosten sparen. <\/span><\/p>\n<p><span>Schaffen Sie ihre eigenen Logiken wie zum Beispiel Auslandversand unter 1 kg = Methode X, Inlandsversand unter 1kg = Methode Y u.s.w.<\/span><\/p>\n<p><span>Wenn Ihre Artikel auch Barcodes haben, k\u00f6nnen wir BarcodeShipping so einstellen, dass beim Versand diese mit gescannt werden. Dadurch vermeiden Sie den Versand von falschen Artikeln oder falsche Mengen.<\/span><\/p>\n<\/div>\n<div>\n<p><span>Die Bedienung ist \u00fcbrigens kinderleicht. Wortw\u00f6rtlich. <\/span><\/p>\n<p><span>Meine 4-j\u00e4hrige Tochter zeigt es Ihnen hier in einer Minute.<\/span><\/p>\n<\/div>\n<p>[arrow-right]<br \/>\n<iframe src=\"https:\/\/www.youtube.com\/watch?v=3wBAbugDFHM\"><\/iframe><\/p>\n<div>\n<p style=\"color: #384c9c; text-align: left;\">Onlineh\u00e4ndler vertrauen uns bereits seit 20 Jahren. Sie k\u00f6nnten bald dazu geh\u00f6ren.<br \/>Bitte gehen Sie daf\u00fcr die folgenden f\u00fcnf Schritte:<\/p>\n<p style=\"color: #384c9c; text-align: left;\"><span>1. Melden Sie sich GRATIS an: <a href=\"https:\/\/portal.barcodeshipping.de\/register\">REGISTER<\/a><\/span><\/p>\n<p style=\"color: #384c9c; text-align: left;\"><span>2. Wir erfassen Ihre Bed\u00fcrfnisse in einem Erstgespr\u00e4ch. <\/span><\/p>\n<p style=\"color: #384c9c; text-align: left;\"><span>3. Wir beraten Sie. <\/span><\/p>\n<p style=\"color: #384c9c; text-align: left;\"><span>4. Onboarding. <\/span><\/p>\n<p style=\"color: #384c9c; text-align: left;\"><span>5. Erstellen Sie ihre ersten Label.<\/span><\/p>\n<\/div>\n<p><img decoding=\"async\" src=\"\/wp-content\/uploads\/2023\/02\/Grafik_Barcode_Zeichenflaeche-1.png\" alt=\"\"><\/p>\n<div>\n<p style=\"text-align: center; color: #384c9c;\"><strong>Anwendung<\/strong><\/p>\n<\/div>\n<div>\n<p style=\" color: #384c9c;\">Sie betreiben einen Onlineshop und versenden Ihre Pakete \u00fcber einen oder mehrere Versanddienstleister? Die Pakete werden noch m\u00fchselig per Hand frankiert, der Versand nach jeder Bestellung neu best\u00e4tigt und durch Eingabe der jeweiligen Trackingnummer registriert? Hierbei k\u00f6nnen sich schnell Tippfehler einschleichen und Ihr Kunde seine Sendung nicht verfolgen. Um dies zu vermeiden, sollten Sie BarcodeShipping nutzen. Die Versandl\u00f6sung, die speziell f\u00fcr Onlineshops entwickelt wurde, um den Paketversand zu automatisieren und wesentlich zu vereinfachen.<\/p>\n<\/div>\n<p><img decoding=\"async\" src=\"\/wp-content\/uploads\/2023\/02\/Grafik_Versandloesung_Zeichenflaeche-1.png\" alt=\"\"><\/p>\n<div>\n<p style=\"text-align: center; color: #384c9c;\"><strong>Praktische Versandl\u00f6sung<\/strong><\/p>\n<\/div>\n<div>\n<p style=\" color: #384c9c;\">Mit BarcodeShipping sparen Sie Zeit und Geld, denn wir bieten Ihnen eine einzige L\u00f6sung f\u00fcr viele Probleme der Logistik: Adressdaten aus Bestellungen werden automatisch \u00fcbernommen, Sendungsnummern werden automatisch in Ihr Shopsystem \u00fcbertragen, somit werden l\u00e4stige Tippfehler vermieden. Durch die BarcodeShipping Picklist wird auch das Packen der Sendungen vereinfacht. Der Versand s\u00e4mtlicher Pakete wird nun ohne das \u00d6ffnen jeder einzelnen Bestellung best\u00e4tigt.<\/p>\n<\/div>\n<p><img decoding=\"async\" src=\"\/wp-content\/uploads\/2023\/02\/Grafik_Risiko_Zeichenflaeche-1.png\" alt=\"\"><\/p>\n<div>\n<p style=\"text-align: center; color: #384c9c;\"><strong>Ohne Risiko<\/strong><\/p>\n<\/div>\n<div>\n<p style=\"color: #384c9c;\">Mit der neuesten Version von BarcodeShipping Versandl\u00f6sung gehen Sie kein Risiko mehr ein. Sie registrieren sich kostenlos auf unserer Homepage, laden die BarcodeShipping Anwendung herunter, installieren diese auf Ihren Versandrechner und stellen eine Verbindung zu Ihrem Shopsystem \u00fcber eine Schnittstelle her.<\/p>\n<p style=\"color: #384c9c;\">Das bedeutet:<br \/><strong>ES IST KEINE INSTALLATION IN IHREM SHOPSYSTEM NOTWENDIG.<\/strong><br \/>Anschlie\u00dfend k\u00f6nnen Sie\u00a0<strong>KOSTENLOS<\/strong> Ihr Startkontingent an Sendungen verbrauchen.<span><\/span><\/p>\n<\/div>\n<p><!--more--><br \/>\n<!-- {\"type\":\"layout\",\"children\":[{\"type\":\"section\",\"props\":{\"style\":\"default\",\"width\":\"default\",\"vertical_align\":\"middle\",\"title_position\":\"top-left\",\"title_rotation\":\"left\",\"title_breakpoint\":\"xl\",\"image_position\":\"center-center\",\"image\":\"wp-content\\\/uploads\\\/2023\\\/03\\\/banner_ybm.svg\",\"image_size\":\"cover\"},\"children\":[{\"type\":\"row\",\"children\":[{\"type\":\"column\",\"props\":{\"image_position\":\"center-center\",\"media_overlay_gradient\":\"\",\"width_medium\":\"\"},\"children\":[{\"type\":\"headline\",\"props\":{\"title_element\":\"h1\",\"content\":\"<br \\\/><br \\\/><br \\\/><br \\\/><br \\\/>\"}}]}]}]},{\"type\":\"section\",\"props\":{\"style\":\"default\",\"width\":\"default\",\"vertical_align\":\"middle\",\"title_position\":\"top-left\",\"title_rotation\":\"left\",\"title_breakpoint\":\"xl\",\"image_position\":\"center-center\",\"css\":\".el-section {background-color:#389ccc}\",\"height\":\"section\"},\"children\":[{\"type\":\"row\",\"children\":[{\"type\":\"column\",\"props\":{\"image_position\":\"center-center\",\"media_overlay_gradient\":\"\"},\"children\":[{\"type\":\"text\",\"props\":{\"margin\":\"default\",\"column_breakpoint\":\"m\",\"content\":\"\n\n<p style=\\\"text-align: center; color: #ffffff;\\\"><span>Versandl\\u00f6sung I Onlineshop I Warenwirtschaft I Logistik I Versanddienstleister<\\\/span><\\\/p>\"}},{\"type\":\"headline\",\"props\":{\"title_element\":\"h1\",\"content\":\"\n\n<h1 style=\\\"text-align: center; color: #ffffff;\\\"><span>BarcodeShipping und PARCEL.ONE<\\\/span><\\\/h1>\"}},{\"type\":\"text\",\"props\":{\"margin\":\"default\",\"column_breakpoint\":\"m\",\"content\":\"\n\n<p style=\\\"text-align: center; color: #ffffff;\\\">Die Kombination BarcodeShipping und PARCEL.ONE kann Euch helfen Versandkosten zu sparen und Versandfehler zu vermeiden, ohne ein Verm\\u00f6gen f\\u00fcr neue Software auszugeben .<\\\/p>\"}}]}]}]},{\"type\":\"section\",\"props\":{\"style\":\"default\",\"width\":\"default\",\"vertical_align\":\"middle\",\"title_position\":\"top-left\",\"title_rotation\":\"left\",\"title_breakpoint\":\"xl\",\"image_position\":\"center-center\"},\"children\":[{\"type\":\"row\",\"props\":{\"layout\":\"1-3,2-3\"},\"children\":[{\"type\":\"column\",\"props\":{\"image_position\":\"center-center\",\"media_overlay_gradient\":\"\",\"width_medium\":\"1-3\"},\"children\":[{\"type\":\"image\",\"props\":{\"margin\":\"default\",\"image_svg_color\":\"emphasis\",\"image\":\"wp-content\\\/uploads\\\/2023\\\/01\\\/barcodeshipping_Zeichenflaeche-1.png\",\"text_align\":\"center\"}},{\"type\":\"text\",\"props\":{\"margin\":\"default\",\"column_breakpoint\":\"m\",\"content\":\"\n\n<p class=\\\"elementor-heading-title elementor-size-default\\\"><strong>Yotta Byte Manager GmbH<\\\/strong><\\\/p>\\n\n\n<p><span>Obere M\\u00fcnsterstr. 4<\\\/span><br \\\/><span>44575 Castrop-Rauxel<\\\/span><\\\/p>\\n\n\n<p><strong>T:<\\\/strong><span>\\u00a0(02305) 76004444<\\\/span><br \\\/><strong>E:<\\\/strong><span>\\u00a0info@ybm-deutschland.de<\\\/span><\\\/p>\"}},{\"type\":\"social\",\"props\":{\"link_style\":\"button\",\"grid\":\"horizontal\",\"grid_gap\":\"small\",\"margin\":\"default\"},\"children\":[{\"type\":\"social_item\",\"props\":{\"link\":\"https:\\\/\\\/www.youtube.com\\\/user\\\/YBMDeutschland\"}},{\"type\":\"social_item\",\"props\":{\"link\":\"https:\\\/\\\/twitter.com\\\/YBMDeutschland\\\/\"}},{\"type\":\"social_item\",\"props\":{\"link\":\"https:\\\/\\\/www.facebook.com\\\/YBMDeutschland\\\/\"}},{\"type\":\"social_item\",\"props\":{\"link\":\"https:\\\/\\\/www.instagram.com\\\/ybm_deutschland\\\/\"}}]}]},{\"type\":\"column\",\"props\":{\"image_position\":\"center-center\",\"media_overlay_gradient\":\"\",\"width_medium\":\"2-3\"},\"children\":[{\"type\":\"text\",\"props\":{\"margin\":\"default\",\"column_breakpoint\":\"m\",\"content\":\"\n\n<p><span><strong>Die Herausforderung:<\\\/strong> <br \\\/>Onlineshops laufen oft \\u00fcber ein bestehendes System aus Shop\\\/Marketplace + Wawi\\\/Auftragssystem + Versanddienstleister. <\\\/span><\\\/p>\\n\n\n<p><span>Vielleicht wurde die letzte Versanddienstleister-Schnittstelle vor 6 Jahren eingerichtet. Ein neuer Versanddienstleister bringt m\\u00f6glicherweise viele Vorteile, aber das Programm umzuschreiben (z. B. f\\u00fcr einen neuen Prozess oder eine neue Schnittstelle) w\\u00fcrde 11.000 \\u2013 20.000 EUR kosten.<\\\/span><\\\/p>\\n\n\n<p><span>Dar\\u00fcber hinaus verunsichert manch einen Onlineh\\u00e4ndler wie andere Software-Anbieter mit den Kundendaten umgehen. Aus diesen Gr\\u00fcnden scheuen viele eine Erweiterung von Cloud-Schnittstellen zu Versanddienstleistern von Drittanbietern.<\\\/span><\\\/p>\\n\n\n<p><strong>Die L\\u00f6sung:<\\\/strong> <br \\\/>Mit BarcodeShipping sparen Sie sich die Kosten.<\\\/p>\\n\n\n<p>Ihre Software binden wir kurzfristig an PARCEL.ONE an, selbst wenn Sie Eigenwicklungen, Excel-Dateien oder z.B. SQL-Datenbanken nutzen.<\\\/p>\\n\n\n<p>Ihre Software k\\u00f6nnen wir an DHL, GLS, DPD, Post CH, UPS, FEDEX und viele andere Dienstleister anbinden. Und die Kundendaten bleiben bei Ihnen (DSGVO-konform).<\\\/p>\\n\n\n<p><span>Sie k\\u00f6nnen abh\\u00e4ngig von den Bestellparametern die Versandparameter individuell definieren und so Kosten sparen. <\\\/span><\\\/p>\\n\n\n<p><span>Schaffen Sie ihre eigenen Logiken wie zum Beispiel Auslandversand unter 1 kg = Methode X, Inlandsversand unter 1kg = Methode Y u.s.w.<\\\/span><\\\/p>\\n\n\n<p><span>Wenn Ihre Artikel auch Barcodes haben, k\\u00f6nnen wir BarcodeShipping so einstellen, dass beim Versand diese mit gescannt werden. Dadurch vermeiden Sie den Versand von falschen Artikeln oder falsche Mengen.<\\\/span><\\\/p>\"}}]}]}]},{\"type\":\"section\",\"props\":{\"style\":\"default\",\"width\":\"default\",\"vertical_align\":\"middle\",\"title_position\":\"top-left\",\"title_rotation\":\"left\",\"title_breakpoint\":\"xl\",\"image_position\":\"center-center\"},\"children\":[{\"type\":\"row\",\"props\":{\"layout\":\"1-3,2-3\"},\"children\":[{\"type\":\"column\",\"props\":{\"image_position\":\"center-center\",\"media_overlay_gradient\":\"\",\"width_medium\":\"1-3\"},\"children\":[{\"type\":\"text\",\"props\":{\"margin\":\"default\",\"column_breakpoint\":\"m\",\"content\":\"\n\n<p><span>Die Bedienung ist \\u00fcbrigens kinderleicht. Wortw\\u00f6rtlich. <\\\/span><\\\/p>\\n\n\n<p><span>Meine 4-j\\u00e4hrige Tochter zeigt es Ihnen hier in einer Minute.<\\\/span><\\\/p>\"}},{\"type\":\"icon\",\"props\":{\"icon_width\":60,\"margin\":\"default\",\"icon\":\"arrow-right\"}}]},{\"type\":\"column\",\"props\":{\"image_position\":\"center-center\",\"media_overlay_gradient\":\"\",\"width_medium\":\"2-3\"},\"children\":[{\"type\":\"video\",\"props\":{\"video_controls\":true,\"margin\":\"default\",\"video\":\"https:\\\/\\\/www.youtube.com\\\/watch?v=3wBAbugDFHM\",\"text_align\":\"center\",\"video_width\":\"500\"}}]}]}]},{\"type\":\"section\",\"props\":{\"style\":\"default\",\"width\":\"default\",\"vertical_align\":\"middle\",\"title_position\":\"top-left\",\"title_rotation\":\"left\",\"title_breakpoint\":\"xl\",\"image_position\":\"center-center\",\"css\":\".el-section {background-color:#68ccfc}\"},\"children\":[{\"type\":\"row\",\"children\":[{\"type\":\"column\",\"props\":{\"image_position\":\"center-center\",\"media_overlay_gradient\":\"\"},\"children\":[{\"type\":\"text\",\"props\":{\"margin\":\"default\",\"column_breakpoint\":\"m\",\"content\":\"\n\n<p style=\\\"color: #384c9c; text-align: left;\\\">Onlineh\\u00e4ndler vertrauen uns bereits seit 20 Jahren. Sie k\\u00f6nnten bald dazu geh\\u00f6ren.<br \\\/>Bitte gehen Sie daf\\u00fcr die folgenden f\\u00fcnf Schritte:<\\\/p>\\n\n\n<p style=\\\"color: #384c9c; text-align: left;\\\"><span>1. Melden Sie sich GRATIS an: <a href=\\\"https:\\\/\\\/portal.barcodeshipping.de\\\/register\\\">REGISTER<\\\/a><\\\/span><\\\/p>\\n\n\n<p style=\\\"color: #384c9c; text-align: left;\\\"><span>2. Wir erfassen Ihre Bed\\u00fcrfnisse in einem Erstgespr\\u00e4ch. <\\\/span><\\\/p>\\n\n\n<p style=\\\"color: #384c9c; text-align: left;\\\"><span>3. Wir beraten Sie. <\\\/span><\\\/p>\\n\n\n<p style=\\\"color: #384c9c; text-align: left;\\\"><span>4. Onboarding. <\\\/span><\\\/p>\\n\n\n<p style=\\\"color: #384c9c; text-align: left;\\\"><span>5. Erstellen Sie ihre ersten Label.<\\\/span><\\\/p>\"}}]}]}]},{\"type\":\"section\",\"props\":{\"style\":\"default\",\"width\":\"default\",\"vertical_align\":\"middle\",\"title_position\":\"top-left\",\"title_rotation\":\"left\",\"title_breakpoint\":\"xl\",\"image_position\":\"center-center\",\"css\":\".el-section {background-color:#389ccc}\"},\"children\":[{\"type\":\"row\",\"props\":{\"layout\":\"1-3,1-3,1-3\"},\"children\":[{\"type\":\"column\",\"props\":{\"image_position\":\"center-center\",\"media_overlay_gradient\":\"\",\"width_medium\":\"1-3\"},\"children\":[{\"type\":\"image\",\"props\":{\"margin\":\"default\",\"image_svg_color\":\"emphasis\",\"image\":\"wp-content\\\/uploads\\\/2023\\\/02\\\/Grafik_Barcode_Zeichenflaeche-1.png\",\"image_width\":\"200\",\"text_align\":\"center\"}},{\"type\":\"text\",\"props\":{\"margin\":\"default\",\"column_breakpoint\":\"m\",\"content\":\"\n\n<p style=\\\"text-align: center; color: #384c9c;\\\"><strong>Anwendung<\\\/strong><\\\/p>\"}},{\"type\":\"text\",\"props\":{\"margin\":\"default\",\"column_breakpoint\":\"m\",\"content\":\"\n\n<p style=\\\" color: #384c9c;\\\">Sie betreiben einen Onlineshop und versenden Ihre Pakete \\u00fcber einen oder mehrere Versanddienstleister? Die Pakete werden noch m\\u00fchselig per Hand frankiert, der Versand nach jeder Bestellung neu best\\u00e4tigt und durch Eingabe der jeweiligen Trackingnummer registriert? Hierbei k\\u00f6nnen sich schnell Tippfehler einschleichen und Ihr Kunde seine Sendung nicht verfolgen. Um dies zu vermeiden, sollten Sie BarcodeShipping nutzen. Die Versandl\\u00f6sung, die speziell f\\u00fcr Onlineshops entwickelt wurde, um den Paketversand zu automatisieren und wesentlich zu vereinfachen.<\\\/p>\"}}]},{\"type\":\"column\",\"props\":{\"image_position\":\"center-center\",\"media_overlay_gradient\":\"\",\"width_medium\":\"1-3\"},\"children\":[{\"type\":\"image\",\"props\":{\"margin\":\"default\",\"image_svg_color\":\"emphasis\",\"image\":\"wp-content\\\/uploads\\\/2023\\\/02\\\/Grafik_Versandloesung_Zeichenflaeche-1.png\",\"image_width\":\"200\",\"text_align\":\"center\"}},{\"type\":\"text\",\"props\":{\"margin\":\"default\",\"column_breakpoint\":\"m\",\"content\":\"\n\n<p style=\\\"text-align: center; color: #384c9c;\\\"><strong>Praktische Versandl\\u00f6sung<\\\/strong><\\\/p>\"}},{\"type\":\"text\",\"props\":{\"margin\":\"default\",\"column_breakpoint\":\"m\",\"content\":\"\n\n<p style=\\\" color: #384c9c;\\\">Mit BarcodeShipping sparen Sie Zeit und Geld, denn wir bieten Ihnen eine einzige L\\u00f6sung f\\u00fcr viele Probleme der Logistik: Adressdaten aus Bestellungen werden automatisch \\u00fcbernommen, Sendungsnummern werden automatisch in Ihr Shopsystem \\u00fcbertragen, somit werden l\\u00e4stige Tippfehler vermieden. Durch die BarcodeShipping Picklist wird auch das Packen der Sendungen vereinfacht. Der Versand s\\u00e4mtlicher Pakete wird nun ohne das \\u00d6ffnen jeder einzelnen Bestellung best\\u00e4tigt.<\\\/p>\"}}]},{\"type\":\"column\",\"props\":{\"image_position\":\"center-center\",\"media_overlay_gradient\":\"\",\"width_medium\":\"1-3\"},\"children\":[{\"type\":\"image\",\"props\":{\"margin\":\"default\",\"image_svg_color\":\"emphasis\",\"image\":\"wp-content\\\/uploads\\\/2023\\\/02\\\/Grafik_Risiko_Zeichenflaeche-1.png\",\"image_width\":\"200\",\"text_align\":\"center\"}},{\"type\":\"text\",\"props\":{\"margin\":\"default\",\"column_breakpoint\":\"m\",\"content\":\"\n\n<p style=\\\"text-align: center; color: #384c9c;\\\"><strong>Ohne Risiko<\\\/strong><\\\/p>\"}},{\"type\":\"text\",\"props\":{\"margin\":\"default\",\"column_breakpoint\":\"m\",\"content\":\"\n\n<p style=\\\"color: #384c9c;\\\">Mit der neuesten Version von BarcodeShipping Versandl\\u00f6sung gehen Sie kein Risiko mehr ein. Sie registrieren sich kostenlos auf unserer Homepage, laden die BarcodeShipping Anwendung herunter, installieren diese auf Ihren Versandrechner und stellen eine Verbindung zu Ihrem Shopsystem \\u00fcber eine Schnittstelle her.<\\\/p>\\n\n\n<p style=\\\"color: #384c9c;\\\">Das bedeutet:<br \\\/><strong>ES IST KEINE INSTALLATION IN IHREM SHOPSYSTEM NOTWENDIG.<\\\/strong><br \\\/>Anschlie\\u00dfend k\\u00f6nnen Sie\\u00a0<strong>KOSTENLOS<\\\/strong> Ihr Startkontingent an Sendungen verbrauchen.<span><\\\/span><\\\/p>\"}}]}]}]}],\"version\":\"2.5.4\"} --><\/p>\n","protected":false},"excerpt":{"rendered":"<p>Versandl\u00f6sung I Onlineshop I Warenwirtschaft I Logistik I Versanddienstleister BarcodeShipping und PARCEL.ONE Die Kombination BarcodeShipping und PARCEL.ONE kann Euch helfen Versandkosten zu sparen und Versandfehler zu vermeiden, ohne ein Verm\u00f6gen f\u00fcr neue Software auszugeben . Yotta Byte Manager GmbH Obere M\u00fcnsterstr. 444575 Castrop-Rauxel T:\u00a0(02305) 76004444E:\u00a0info@ybm-deutschland.de youtube twitter facebook instagram Die Herausforderung: Onlineshops laufen oft \u00fcber [&hellip;]<\/p>\n","protected":false},"author":6,"featured_media":0,"parent":0,"menu_order":0,"comment_status":"closed","ping_status":"closed","template":"","meta":{"footnotes":""},"class_list":["post-17961","page","type-page","status-publish","hentry"],"_links":{"self":[{"href":"https:\/\/parcel.one\/es\/wp-json\/wp\/v2\/pages\/17961","targetHints":{"allow":["GET"]}}],"collection":[{"href":"https:\/\/parcel.one\/es\/wp-json\/wp\/v2\/pages"}],"about":[{"href":"https:\/\/parcel.one\/es\/wp-json\/wp\/v2\/types\/page"}],"author":[{"embeddable":true,"href":"https:\/\/parcel.one\/es\/wp-json\/wp\/v2\/users\/6"}],"replies":[{"embeddable":true,"href":"https:\/\/parcel.one\/es\/wp-json\/wp\/v2\/comments?post=17961"}],"version-history":[{"count":1,"href":"https:\/\/parcel.one\/es\/wp-json\/wp\/v2\/pages\/17961\/revisions"}],"predecessor-version":[{"id":21597,"href":"https:\/\/parcel.one\/es\/wp-json\/wp\/v2\/pages\/17961\/revisions\/21597"}],"wp:attachment":[{"href":"https:\/\/parcel.one\/es\/wp-json\/wp\/v2\/media?parent=17961"}],"curies":[{"name":"wp","href":"https:\/\/api.w.org\/{rel}","templated":true}]}}