{"id":17940,"date":"2023-02-02T13:11:00","date_gmt":"2023-02-02T13:11:00","guid":{"rendered":"https:\/\/parcel.one\/codept"},"modified":"2023-02-03T13:01:21","modified_gmt":"2023-02-03T13:01:21","slug":"codept","status":"publish","type":"page","link":"https:\/\/parcel.one\/es\/codept","title":{"rendered":"Codept"},"content":{"rendered":"<h1>\n<h2><span style=\"color: #ffffff;\">All-star<br \/>logistics<br \/>integrators<\/span><\/h2>\n<\/h1>\n<div>\n<p><span style=\"color: #ffffff;\">Una plataforma de integraci\u00f3n<br \/>escalable para conectar a minoristas electr\u00f3nicos y 3PL.<\/span><\/p>\n<\/div>\n<p><img decoding=\"async\" src=\"\/wp-content\/uploads\/2023\/02\/639881838447c857c7e18721_ff-solution-header_image@2x.webp\" alt=\"\"><\/p>\n<div>\n<p>PARCEL.ONE Partner<\/p>\n<\/div>\n<p><img decoding=\"async\" src=\"\/wp-content\/uploads\/2023\/02\/codept_Logo4c_200x200-transparent_Zeichenflaeche-1.png\" alt=\"\"><\/p>\n<div>\n<p><span><strong>Codept GmbH<\/strong><br \/><\/span><span><\/span>Dircksenstra\u00dfe 3<br \/><span>D &#8211; 10179<\/span><span> Berlin<\/span><\/p>\n<p><a href=\"mailto:hello@codept.de\">hello@codept.de<\/a><\/p>\n<\/div>\n<ul>\n<li><a href=\"https:\/\/www.linkedin.com\/company\/codept-gmbh\/\">linkedin<\/a>\n<\/li>\n<li><a href=\"https:\/\/codept.de\">social<\/a>\n<\/li>\n<\/ul>\n<div>\n<h3 dir=\"ltr\" class=\"reader-article-header__title t-40 t-black t-normal pt6\">CODEPT meets PARCEL.ONE: JUNTOS POR UNA LOG\u00cdSTICA FLEXIBLE<\/h3>\n<\/div>\n<div>\n<p>Una log\u00edstica resistente es vital para la supervivencia de los minoristas en l\u00ednea. Permite mantener constantemente una buena experiencia del cliente. Pero hoy en d\u00eda la log\u00edstica debe cumplir numerosos requisitos. Por ello, PARCEL.ONE y Codept trabajan juntos como expertos en log\u00edstica.<\/p>\n<\/div>\n<hr>\n<div>\n<p>Log\u00edstica flexible a trav\u00e9s de una sola plataforma. Codept conecta los sistemas inform\u00e1ticos del comercio minorista y la log\u00edstica para lograr una mayor eficiencia en la log\u00edstica del comercio electr\u00f3nico: gesti\u00f3n de licitaciones, cumplimiento, \u00faltima milla, algoritmo e IA.<\/p>\n<\/div>\n<div>\n<h2 class=\"heading-style-h4\" style=\"text-align: center;\"><span style=\"color: #ffffff;\">Simple <br \/>Processes<\/span><\/h2>\n<\/div>\n<p><img decoding=\"async\" src=\"\/wp-content\/uploads\/2023\/02\/Einfache-Prozesse_Zeichenflaeche-1.png\" alt=\"\"><\/p>\n<div>\n<p class=\"heading-style-h4\" style=\"text-align: center;\"><span style=\"color: #ffffff;\">Optimice cada paso y<br \/>\nhacer m\u00e1s eficientes el comercio electr\u00f3nico y la distribuci\u00f3n.<\/span><\/p>\n<\/div>\n<div>\n<h2 class=\"heading-style-h4\" style=\"text-align: center;\"><span style=\"color: #ffffff;\">Deep<br \/> Experience<\/span><\/h2>\n<\/div>\n<p><img decoding=\"async\" src=\"\/wp-content\/uploads\/2023\/02\/Expertise_Zeichenflaeche-1.png\" alt=\"\"><\/p>\n<div>\n<p class=\"heading-style-h4\" style=\"text-align: center;\"><span style=\"color: #ffffff;\">Expertos en comercio electr\u00f3nico y<br \/>\nexpertos en log\u00edstica resuelven<br \/>\nproblemas t\u00e9cnicos y log\u00edsticos complejos.<\/span><\/p>\n<\/div>\n<div>\n<h2 class=\"heading-style-h4\" style=\"text-align: center;\"><span style=\"color: #ffffff;\">Robust <br \/> Technology<\/span><\/h2>\n<\/div>\n<p><img decoding=\"async\" src=\"\/wp-content\/uploads\/2023\/02\/Technologie_Zeichenflaeche-1.png\" alt=\"\"><\/p>\n<div>\n<p class=\"heading-style-h4\" style=\"text-align: center;\"><span style=\"color: #ffffff;\">Su experiencia en el desarrollo de<br \/>\nsoftware fiable y escalable significa que est\u00e1 en buenas manos.<\/span><\/p>\n<\/div>\n<h1>\n<h2 style=\"text-align: center;\"><strong><span style=\"color: #f074fc;\">80%<\/strong><\/span><\/h2>\n<\/h1>\n<div>\n<p style=\"text-align: center;\"><span>Reducci\u00f3n del tiempo por conexi\u00f3n a trav\u00e9s de una plataforma \u00fanica.<\/span><\/p>\n<\/div>\n<h1>\n<h2 style=\"text-align: center;\"><strong><span style=\"color: #f074fc;\">\u20ac50K<\/strong><\/span><\/h2>\n<\/h1>\n<div>\n<p style=\"text-align: center;\"><span>Ahorro en costes de proyecto: \u00a1integrar una vez, integrar bien!<\/span><\/p>\n<\/div>\n<h1>\n<h2 style=\"text-align: center;\"><strong><span style=\"color: #f074fc;\">250+<\/strong><\/span><\/h2>\n<\/h1>\n<div>\n<p style=\"text-align: center;\"><span>Los proveedores de servicios log\u00edsticos est\u00e1n disponibles de inmediato y en toda Europa.<\/span><\/p>\n<\/div>\n<h1>\n<h2 style=\"text-align: center;\"><strong><span style=\"color: #f074fc;\">7K+<\/strong><\/span><\/h2>\n<\/h1>\n<div>\n<p style=\"text-align: center;\"><span>Transacciones por segundo: optimice la experiencia del cliente.<\/span><\/p>\n<\/div>\n<div>\n<h3><strong>Solicitar una demostraci\u00f3n<\/strong><\/h3>\n<\/div>\n<p>\n    <a href=\"https:\/\/www.codept.de\/book-a-demo\">Demo<\/a>\n<\/p>\n<p><img decoding=\"async\" src=\"\/wp-content\/uploads\/2023\/02\/codept_start_Zeichenflaeche-1.png\" alt=\"\"><\/p>\n<p><!--more--><br \/>\n<!-- {\"type\":\"layout\",\"children\":[{\"type\":\"section\",\"props\":{\"style\":\"default\",\"width\":\"default\",\"vertical_align\":\"middle\",\"title_position\":\"top-left\",\"title_rotation\":\"left\",\"title_breakpoint\":\"xl\",\"image_position\":\"center-center\",\"image\":\"\",\"css\":\".el-section {background-image: linear-gradient( 90deg, #080404 10%, #583c9c 100%);}\"},\"children\":[{\"type\":\"row\",\"props\":{\"layout\":\"1-3,2-3\"},\"children\":[{\"type\":\"column\",\"props\":{\"image_position\":\"center-center\",\"media_overlay_gradient\":\"\",\"width_medium\":\"1-3\"},\"children\":[{\"type\":\"headline\",\"props\":{\"title_element\":\"h1\",\"content\":\"\n\n<h2><span style=\\\"color: #ffffff;\\\">All-star<br \\\/>logistics<br \\\/>integrators<\\\/span><\\\/h2>\"}},{\"type\":\"text\",\"props\":{\"margin\":\"default\",\"column_breakpoint\":\"m\",\"content\":\"\n\n<p><span style=\\\"color: #ffffff;\\\">Una plataforma de integraci\\u00f3n<br \/>escalable para conectar a minoristas electr\\u00f3nicos y 3PL.<\\\/span><\\\/p>\"}}]},{\"type\":\"column\",\"props\":{\"image_position\":\"center-center\",\"media_overlay_gradient\":\"\",\"width_medium\":\"2-3\"},\"children\":[{\"type\":\"image\",\"props\":{\"margin\":\"default\",\"image_svg_color\":\"emphasis\",\"image\":\"wp-content\\\/uploads\\\/2023\\\/02\\\/639881838447c857c7e18721_ff-solution-header_image@2x.webp\",\"image_width\":\"500\",\"text_align\":\"center\"}}]}]}]},{\"type\":\"section\",\"props\":{\"style\":\"default\",\"width\":\"default\",\"vertical_align\":\"middle\",\"title_position\":\"top-left\",\"title_rotation\":\"left\",\"title_breakpoint\":\"xl\",\"image_position\":\"center-center\"},\"children\":[{\"type\":\"row\",\"props\":{\"layout\":\"1-4,3-4\"},\"children\":[{\"type\":\"column\",\"props\":{\"image_position\":\"center-center\",\"media_overlay_gradient\":\"\",\"width_medium\":\"1-4\"},\"children\":[{\"type\":\"text\",\"props\":{\"margin\":\"default\",\"column_breakpoint\":\"m\",\"content\":\"\n\n<p>PARCEL.ONE Partner<\\\/p>\"}},{\"type\":\"image\",\"props\":{\"margin\":\"default\",\"image_svg_color\":\"emphasis\",\"image\":\"wp-content\\\/uploads\\\/2023\\\/02\\\/codept_Logo4c_200x200-transparent_Zeichenflaeche-1.png\",\"image_width\":\"250\"}},{\"type\":\"text\",\"props\":{\"margin\":\"default\",\"column_breakpoint\":\"m\",\"content\":\"\n\n<p><span><strong>Codept GmbH<\\\/strong><br \\\/><\\\/span><span><\\\/span>Dircksenstra\\u00dfe 3<br \\\/><span>D - 10179<\\\/span><span> Berlin<\\\/span><\\\/p>\\n\n\n<p><a href=\\\"mailto:hello@codept.de\\\">hello@codept.de<\\\/a><\\\/p>\"}},{\"type\":\"social\",\"props\":{\"link_style\":\"button\",\"grid\":\"horizontal\",\"grid_gap\":\"small\",\"margin\":\"default\"},\"children\":[{\"type\":\"social_item\",\"props\":{\"link\":\"https:\\\/\\\/www.linkedin.com\\\/company\\\/codept-gmbh\\\/\"}},{\"type\":\"social_item\",\"props\":{\"link\":\"https:\\\/\\\/codept.de\"}}]}]},{\"type\":\"column\",\"props\":{\"image_position\":\"center-center\",\"media_overlay_gradient\":\"\",\"width_medium\":\"3-4\"},\"children\":[{\"type\":\"text\",\"props\":{\"margin\":\"default\",\"column_breakpoint\":\"m\",\"content\":\"\n\n<h3 dir=\\\"ltr\\\" class=\\\"reader-article-header__title t-40 t-black t-normal pt6\\\">CODEPT meets PARCEL.ONE: JUNTOS POR UNA LOG\\u00cdSTICA FLEXIBLE<\\\/h3>\"}},{\"type\":\"text\",\"props\":{\"margin\":\"default\",\"column_breakpoint\":\"m\",\"content\":\"\n\n<p>Una log\\u00edstica resistente es vital para la supervivencia de los minoristas en l\\u00ednea. Permite mantener constantemente una buena experiencia del cliente. Pero hoy en d\\u00eda la log\\u00edstica debe cumplir numerosos requisitos. Por ello, PARCEL.ONE y Codept trabajan juntos como expertos en log\\u00edstica.<\\\/p>\"}},{\"type\":\"divider\",\"props\":{\"divider_element\":\"hr\"}},{\"type\":\"text\",\"props\":{\"margin\":\"default\",\"column_breakpoint\":\"m\",\"content\":\"\n\n<p>Log\\u00edstica flexible a trav\\u00e9s de una sola plataforma. Codept conecta los sistemas inform\\u00e1ticos del comercio minorista y la log\\u00edstica para lograr una mayor eficiencia en la log\\u00edstica del comercio electr\\u00f3nico: gesti\\u00f3n de licitaciones, cumplimiento, \\u00faltima milla, algoritmo e IA.<\\\/p>\"}}]}]}]},{\"type\":\"section\",\"props\":{\"style\":\"default\",\"width\":\"default\",\"vertical_align\":\"middle\",\"title_position\":\"top-left\",\"title_rotation\":\"left\",\"title_breakpoint\":\"xl\",\"image_position\":\"center-center\",\"css\":\".el-section {background-color:#28144c;}\"},\"children\":[{\"type\":\"row\",\"props\":{\"layout\":\"1-3,1-3,1-3\"},\"children\":[{\"type\":\"column\",\"props\":{\"image_position\":\"center-center\",\"media_overlay_gradient\":\"\",\"width_medium\":\"1-3\"},\"children\":[{\"type\":\"text\",\"props\":{\"margin\":\"default\",\"column_breakpoint\":\"m\",\"content\":\"\n\n<h2 class=\\\"heading-style-h4\\\" style=\\\"text-align: center;\\\"><span style=\\\"color: #ffffff;\\\">Simple <br \\\/>Processes<\\\/span><\\\/h2>\"}},{\"type\":\"image\",\"props\":{\"margin\":\"default\",\"image_svg_color\":\"emphasis\",\"image\":\"wp-content\\\/uploads\\\/2023\\\/02\\\/Einfache-Prozesse_Zeichenflaeche-1.png\",\"image_width\":\"300\",\"text_align\":\"center\"}},{\"type\":\"text\",\"props\":{\"margin\":\"default\",\"column_breakpoint\":\"m\",\"content\":\"\n\n<p class=\\\"heading-style-h4\\\" style=\\\"text-align: center;\\\"><span style=\\\"color: #ffffff;\\\">Optimice cada paso y\\nhacer m\\u00e1s eficientes el comercio electr\\u00f3nico y la distribuci\\u00f3n.<\\\/span><\\\/p>\"}}]},{\"type\":\"column\",\"props\":{\"image_position\":\"center-center\",\"media_overlay_gradient\":\"\",\"width_medium\":\"1-3\"},\"children\":[{\"type\":\"text\",\"props\":{\"margin\":\"default\",\"column_breakpoint\":\"m\",\"content\":\"\n\n<h2 class=\\\"heading-style-h4\\\" style=\\\"text-align: center;\\\"><span style=\\\"color: #ffffff;\\\">Deep<br \/> Experience<\\\/span><\\\/h2>\"}},{\"type\":\"image\",\"props\":{\"margin\":\"default\",\"image_svg_color\":\"emphasis\",\"image\":\"wp-content\\\/uploads\\\/2023\\\/02\\\/Expertise_Zeichenflaeche-1.png\",\"image_width\":\"300\",\"text_align\":\"center\"}},{\"type\":\"text\",\"props\":{\"margin\":\"default\",\"column_breakpoint\":\"m\",\"content\":\"\n\n<p class=\\\"heading-style-h4\\\" style=\\\"text-align: center;\\\"><span style=\\\"color: #ffffff;\\\">Expertos en comercio electr\\u00f3nico y\\nexpertos en log\\u00edstica resuelven\\nproblemas t\\u00e9cnicos y log\\u00edsticos complejos.<\\\/span><\\\/p>\"}}]},{\"type\":\"column\",\"props\":{\"image_position\":\"center-center\",\"media_overlay_gradient\":\"\",\"width_medium\":\"1-3\"},\"children\":[{\"type\":\"text\",\"props\":{\"margin\":\"default\",\"column_breakpoint\":\"m\",\"content\":\"\n\n<h2 class=\\\"heading-style-h4\\\" style=\\\"text-align: center;\\\"><span style=\\\"color: #ffffff;\\\">Robust <br \/> Technology<\\\/span><\\\/h2>\"}},{\"type\":\"image\",\"props\":{\"margin\":\"default\",\"image_svg_color\":\"emphasis\",\"image\":\"wp-content\\\/uploads\\\/2023\\\/02\\\/Technologie_Zeichenflaeche-1.png\",\"image_width\":\"300\",\"text_align\":\"center\"}},{\"type\":\"text\",\"props\":{\"margin\":\"default\",\"column_breakpoint\":\"m\",\"content\":\"\n\n<p class=\\\"heading-style-h4\\\" style=\\\"text-align: center;\\\"><span style=\\\"color: #ffffff;\\\">Su experiencia en el desarrollo de\\nsoftware fiable y escalable significa que est\\u00e1 en buenas manos.<\\\/span><\\\/p>\"}}]}]}]},{\"type\":\"section\",\"props\":{\"style\":\"default\",\"width\":\"default\",\"vertical_align\":\"middle\",\"title_position\":\"top-left\",\"title_rotation\":\"left\",\"title_breakpoint\":\"xl\",\"image_position\":\"center-center\",\"css\":\".el-section {background-color:#fffcfc;}\"},\"children\":[{\"type\":\"row\",\"props\":{\"layout\":\"1-4,1-4,1-4,1-4|1-2,1-2,1-2,1-2\"},\"children\":[{\"type\":\"column\",\"props\":{\"image_position\":\"center-center\",\"media_overlay_gradient\":\"\",\"width_medium\":\"1-4\",\"width_small\":\"1-2\"},\"children\":[{\"type\":\"headline\",\"props\":{\"title_element\":\"h1\",\"content\":\"\n\n<h2 style=\\\"text-align: center;\\\"><strong><span style=\\\"color: #f074fc;\\\">80%<\\\/strong><\\\/span><\\\/h2>\"}},{\"type\":\"text\",\"props\":{\"margin\":\"default\",\"column_breakpoint\":\"m\",\"content\":\"\n\n<p style=\\\"text-align: center;\\\"><span>Reducci\\u00f3n del tiempo por conexi\\u00f3n a trav\\u00e9s de una plataforma \\u00fanica.<\\\/span><\\\/p>\"}}]},{\"type\":\"column\",\"props\":{\"image_position\":\"center-center\",\"media_overlay_gradient\":\"\",\"width_medium\":\"1-4\",\"width_small\":\"1-2\"},\"children\":[{\"type\":\"headline\",\"props\":{\"title_element\":\"h1\",\"content\":\"\n\n<h2 style=\\\"text-align: center;\\\"><strong><span style=\\\"color: #f074fc;\\\">\\u20ac50K<\\\/strong><\\\/span><\\\/h2>\"}},{\"type\":\"text\",\"props\":{\"margin\":\"default\",\"column_breakpoint\":\"m\",\"content\":\"\n\n<p style=\\\"text-align: center;\\\"><span>Ahorro en costes de proyecto: \\u00a1integrar una vez, integrar bien!<\\\/span><\\\/p>\"}}]},{\"type\":\"column\",\"props\":{\"image_position\":\"center-center\",\"media_overlay_gradient\":\"\",\"width_medium\":\"1-4\",\"width_small\":\"1-2\"},\"children\":[{\"type\":\"headline\",\"props\":{\"title_element\":\"h1\",\"content\":\"\n\n<h2 style=\\\"text-align: center;\\\"><strong><span style=\\\"color: #f074fc;\\\">250+<\\\/strong><\\\/span><\\\/h2>\"}},{\"type\":\"text\",\"props\":{\"margin\":\"default\",\"column_breakpoint\":\"m\",\"content\":\"\n\n<p style=\\\"text-align: center;\\\"><span>Los proveedores de servicios log\\u00edsticos est\\u00e1n disponibles de inmediato y en toda Europa.<\\\/span><\\\/p>\"}}]},{\"type\":\"column\",\"props\":{\"image_position\":\"center-center\",\"media_overlay_gradient\":\"\",\"width_medium\":\"1-4\",\"width_small\":\"1-2\"},\"children\":[{\"type\":\"headline\",\"props\":{\"title_element\":\"h1\",\"content\":\"\n\n<h2 style=\\\"text-align: center;\\\"><strong><span style=\\\"color: #f074fc;\\\">7K+<\\\/strong><\\\/span><\\\/h2>\"}},{\"type\":\"text\",\"props\":{\"margin\":\"default\",\"column_breakpoint\":\"m\",\"content\":\"\n\n<p style=\\\"text-align: center;\\\"><span>Transacciones por segundo: optimice la experiencia del cliente.<\\\/span><\\\/p>\"}}]}]}]},{\"type\":\"section\",\"props\":{\"style\":\"default\",\"width\":\"default\",\"vertical_align\":\"middle\",\"title_position\":\"top-left\",\"title_rotation\":\"left\",\"title_breakpoint\":\"xl\",\"image_position\":\"center-center\",\"css\":\".el-section {background-image: linear-gradient( 90deg, #9c58e8 10%, #ffa02f 100%);}\"},\"children\":[{\"type\":\"row\",\"props\":{\"layout\":\"2-5,3-5\"},\"children\":[{\"type\":\"column\",\"props\":{\"image_position\":\"center-center\",\"media_overlay_gradient\":\"\",\"width_medium\":\"2-5\"},\"children\":[{\"type\":\"text\",\"props\":{\"margin\":\"default\",\"column_breakpoint\":\"m\",\"content\":\"\n\n<h3><strong>Solicitar una demostraci\\u00f3n<\\\/strong><\\\/h3>\"}},{\"type\":\"button\",\"props\":{\"grid_column_gap\":\"small\",\"grid_row_gap\":\"small\",\"margin\":\"default\",\"button_size\":\"large\",\"animation\":\"fade\"},\"children\":[{\"type\":\"button_item\",\"props\":{\"button_style\":\"default\",\"icon_align\":\"left\",\"content\":\"Demo\",\"link\":\"https:\\\/\\\/www.codept.de\\\/book-a-demo\",\"icon\":\"\",\"lightbox_width\":\"\",\"link_target\":\"blank\"}}]}]},{\"type\":\"column\",\"props\":{\"image_position\":\"center-center\",\"media_overlay_gradient\":\"\",\"width_medium\":\"3-5\"},\"children\":[{\"type\":\"image\",\"props\":{\"margin\":\"default\",\"image_svg_color\":\"emphasis\",\"image\":\"wp-content\\\/uploads\\\/2023\\\/02\\\/codept_start_Zeichenflaeche-1.png\"}}]}]}]}],\"version\":\"2.5.4\"} --><\/p>\n","protected":false},"excerpt":{"rendered":"<p>All-starlogisticsintegrators Una plataforma de integraci\u00f3nescalable para conectar a minoristas electr\u00f3nicos y 3PL. PARCEL.ONE Partner Codept GmbHDircksenstra\u00dfe 3D &#8211; 10179 Berlin hello@codept.de linkedin social CODEPT meets PARCEL.ONE: JUNTOS POR UNA LOG\u00cdSTICA FLEXIBLE Una log\u00edstica resistente es vital para la supervivencia de los minoristas en l\u00ednea. Permite mantener constantemente una buena experiencia del cliente. Pero hoy en [&hellip;]<\/p>\n","protected":false},"author":6,"featured_media":0,"parent":0,"menu_order":0,"comment_status":"closed","ping_status":"closed","template":"","meta":{"footnotes":""},"class_list":["post-17940","page","type-page","status-publish","hentry"],"_links":{"self":[{"href":"https:\/\/parcel.one\/es\/wp-json\/wp\/v2\/pages\/17940","targetHints":{"allow":["GET"]}}],"collection":[{"href":"https:\/\/parcel.one\/es\/wp-json\/wp\/v2\/pages"}],"about":[{"href":"https:\/\/parcel.one\/es\/wp-json\/wp\/v2\/types\/page"}],"author":[{"embeddable":true,"href":"https:\/\/parcel.one\/es\/wp-json\/wp\/v2\/users\/6"}],"replies":[{"embeddable":true,"href":"https:\/\/parcel.one\/es\/wp-json\/wp\/v2\/comments?post=17940"}],"version-history":[{"count":0,"href":"https:\/\/parcel.one\/es\/wp-json\/wp\/v2\/pages\/17940\/revisions"}],"wp:attachment":[{"href":"https:\/\/parcel.one\/es\/wp-json\/wp\/v2\/media?parent=17940"}],"curies":[{"name":"wp","href":"https:\/\/api.w.org\/{rel}","templated":true}]}}