{"id":17632,"date":"2023-01-24T14:38:29","date_gmt":"2023-01-24T14:38:29","guid":{"rendered":"https:\/\/parcel.one\/?page_id=17632"},"modified":"2024-06-27T15:05:17","modified_gmt":"2024-06-27T15:05:17","slug":"rijk-zwaan","status":"publish","type":"page","link":"https:\/\/parcel.one\/es\/rijk-zwaan","title":{"rendered":"Rijk Zwaan"},"content":{"rendered":"<h1><strong>Der Partner f\u00fcr Gem\u00fcsesaatgut<\/strong><\/h1>\n<div>\n<p>Kunde:<br \/><strong>www.rijkzwaancareers.com<\/strong><\/p>\n<\/div>\n<div>\n<p>Bereich:<br \/><strong>Lebensmittelherstellung \/ Obst- und Gem\u00fcsezucht<\/strong><\/p>\n<\/div>\n<div>\n<p>Zusammenarbeit mit PARCEL.ONE:<br \/><strong>Seit 2021<\/strong><\/p>\n<\/div>\n<div>\n<p>PARCEL.ONE <br \/>Customer<\/p>\n<\/div>\n<p><img decoding=\"async\" src=\"\/wp-content\/uploads\/2023\/01\/RZ-logo-3col-100.png\" alt=\"\"><\/p>\n<div>\n<p><strong>Rijk Zwaan Welver GmbH<\/strong><br \/><span>Gem\u00fcsez\u00fcchtung &amp; Saatguthandel<\/span><br \/><span>Werler Str. 1<\/span><br \/><span>59514 Welver<\/span><\/p>\n<\/div>\n<ul>\n<li><a href=\"https:\/\/www.facebook.com\/RijkZwaanWelver\">facebook<\/a>\n<\/li>\n<li><a href=\"https:\/\/twitter.com\/rijkzwaanwelver\">twitter<\/a>\n<\/li>\n<li><a href=\"https:\/\/www.youtube.com\/channel\/UCnbLSV-8sTowEX1vL6BGxqQ\">youtube<\/a>\n<\/li>\n<li><a href=\"https:\/\/www.linkedin.com\/company\/rijk-zwaan\/\">linkedin<\/a>\n<\/li>\n<li><a href=\"https:\/\/www.instagram.com\/rijkzwaanwelver\/\">instagram<\/a>\n<\/li>\n<\/ul>\n<div>\n<p style=\"margin: 0cm;\"><span style=\"font-family: 'Segoe UI',sans-serif;\"><strong>Rijk Zwaan<\/strong> ist ein niederl\u00e4ndisches Gem\u00fcsez\u00fcchtungsunternehmen in Familienbesitz. <\/span><\/p>\n<p style=\"margin: 0cm;\"><span style=\"font-family: 'Segoe UI',sans-serif;\">Das Unternehmen ist die Nummer 4 auf dem weltweiten Gem\u00fcsesaatgutmarkt.<\/p>\n<p>Rijk Zwaan kombiniert die enorme genetische Vielfalt, die die Natur zu bieten hat, mit kontinuierlichen Investitionen in Forschung und Entwicklung. Das Ergebnis sind Gem\u00fcsesorten mit immer besseren Kombinationen der gew\u00fcnschten Merkmale.<\/p>\n<p>Rijk Zwaan hat ein Sortiment von mehr als 1.500 Sorten in mehr als 25 unterschiedlichen Gem\u00fcsekulturen. Rijk Zwaan-Saatgut wird in mehr als 100 L\u00e4ndern \u00fcber 30 regionale Vertriebsgesellschaften und zahlreiche Distributoren verkauft. <o:p><\/o:p><\/span><\/p>\n<\/div>\n<hr>\n<div>\n<h3>ENGLISH<\/h3>\n<div>\n<p><strong>Rijk Zwaan<\/strong> is a family-owned Dutch vegetable breeding company.<\/p>\n<p>The company is number 4 in the global vegetable seed market.<\/p>\n<p>Rijk Zwaan combines the enormous genetic diversity that nature has to offer with continuous investment in research and development. The result is vegetable varieties with ever better combinations of desired traits.<\/p>\n<p>Rijk Zwaan has a range of more than 1,500 varieties in more than 25 different vegetable crops. Rijk Zwaan seeds are sold in more than 100 countries through 30 regional sales companies and numerous distributors.<\/p>\n<\/div>\n<\/div>\n<p><!--more--><br \/>\n<!-- {\"type\":\"layout\",\"children\":[{\"type\":\"section\",\"props\":{\"height\":\"viewport\",\"height_offset_top\":true,\"height_viewport\":80,\"image\":\"wp-content\\\/uploads\\\/2023\\\/01\\\/RZDE210909-Titel-Pfalz-Fieldday.jpg\",\"image_position\":\"center-center\",\"image_size\":\"cover\",\"media_background\":\"#A2A1A1\",\"media_blend_mode\":\"overlay\",\"media_overlay\":\"rgba(0, 0, 0, 0.2)\",\"style\":\"default\",\"title_breakpoint\":\"xl\",\"title_position\":\"top-left\",\"title_rotation\":\"left\",\"vertical_align\":\"middle\",\"width\":\"default\"},\"children\":[{\"type\":\"row\",\"children\":[{\"type\":\"column\",\"props\":{\"image_position\":\"center-center\",\"position_sticky_breakpoint\":\"m\"},\"children\":[{\"type\":\"headline\",\"props\":{\"content\":\"<strong>Der Partner f\\u00fcr Gem\\u00fcsesaatgut<\\\/strong>\",\"position\":\"absolute\",\"position_left\":\"180\",\"position_top\":\"-240\",\"text_align\":\"right\",\"title_color\":\"primary\",\"title_element\":\"h1\"}}]}]}]},{\"type\":\"section\",\"props\":{\"css\":\".el-section {background-color:#354B6A;}\",\"image_position\":\"center-center\",\"style\":\"default\",\"title_breakpoint\":\"xl\",\"title_position\":\"top-left\",\"title_rotation\":\"left\",\"vertical_align\":\"middle\",\"width\":\"default\"},\"children\":[{\"type\":\"row\",\"props\":{\"layout\":\"1-3,1-3,1-3\"},\"children\":[{\"type\":\"column\",\"props\":{\"image_position\":\"center-center\",\"position_sticky_breakpoint\":\"m\",\"text_color\":\"light\",\"width_medium\":\"1-3\"},\"children\":[{\"type\":\"text\",\"props\":{\"column_breakpoint\":\"m\",\"content\":\"\n\n<p>Kunde:<br \\\/><strong>www.rijkzwaancareers.com<\\\/strong><\\\/p>\",\"margin\":\"default\"}}]},{\"type\":\"column\",\"props\":{\"image_position\":\"center-center\",\"position_sticky_breakpoint\":\"m\",\"text_color\":\"light\",\"width_medium\":\"1-3\"},\"children\":[{\"type\":\"text\",\"props\":{\"column_breakpoint\":\"m\",\"content\":\"\n\n<p>Bereich:<br \\\/><strong>Lebensmittelherstellung \\\/ Obst- und Gem\\u00fcsezucht<\\\/strong><\\\/p>\",\"margin\":\"default\"}}]},{\"type\":\"column\",\"props\":{\"image_position\":\"center-center\",\"position_sticky_breakpoint\":\"m\",\"text_color\":\"light\",\"width_medium\":\"1-3\"},\"children\":[{\"type\":\"text\",\"props\":{\"column_breakpoint\":\"m\",\"content\":\"\n\n<p>Zusammenarbeit mit PARCEL.ONE:<br \\\/><strong>Seit 2021<\\\/strong><\\\/p>\",\"margin\":\"default\"}}]}]}]},{\"type\":\"section\",\"props\":{\"image_position\":\"center-center\",\"style\":\"default\",\"title_breakpoint\":\"xl\",\"title_position\":\"top-left\",\"title_rotation\":\"left\",\"vertical_align\":\"\",\"width\":\"default\"},\"children\":[{\"type\":\"row\",\"props\":{\"layout\":\"1-3,2-3\"},\"children\":[{\"type\":\"column\",\"props\":{\"image_position\":\"center-center\",\"position_sticky_breakpoint\":\"m\",\"width_medium\":\"1-3\"},\"children\":[{\"type\":\"text\",\"props\":{\"column_breakpoint\":\"m\",\"content\":\"\n\n<p>PARCEL.ONE <br \\\/>Customer<\\\/p>\",\"margin\":\"default\"}},{\"type\":\"image\",\"props\":{\"image\":\"wp-content\\\/uploads\\\/2023\\\/01\\\/RZ-logo-3col-100.png\",\"image_svg_color\":\"emphasis\",\"image_width\":\"200\",\"margin\":\"default\"}},{\"type\":\"text\",\"props\":{\"column_breakpoint\":\"m\",\"content\":\"\n\n<p><strong>Rijk Zwaan Welver GmbH<\\\/strong><br \\\/><span>Gem\\u00fcsez\\u00fcchtung &amp; Saatguthandel<\\\/span><br \\\/><span>Werler Str. 1<\\\/span><br \\\/><span>59514 Welver<\\\/span><\\\/p>\",\"margin\":\"default\"}},{\"type\":\"social\",\"props\":{\"grid\":\"horizontal\",\"grid_column_gap\":\"small\",\"grid_gap\":\"small\",\"grid_row_gap\":\"small\",\"image_svg_inline\":true,\"link_style\":\"button\",\"margin\":\"default\"},\"children\":[{\"type\":\"social_item\",\"props\":{\"link\":\"https:\\\/\\\/www.facebook.com\\\/RijkZwaanWelver\"}},{\"type\":\"social_item\",\"props\":{\"link\":\"https:\\\/\\\/twitter.com\\\/rijkzwaanwelver\"}},{\"type\":\"social_item\",\"props\":{\"link\":\"https:\\\/\\\/www.youtube.com\\\/channel\\\/UCnbLSV-8sTowEX1vL6BGxqQ\"}},{\"type\":\"social_item\",\"props\":{\"link\":\"https:\\\/\\\/www.linkedin.com\\\/company\\\/rijk-zwaan\\\/\"}},{\"type\":\"social_item\",\"props\":{\"link\":\"https:\\\/\\\/www.instagram.com\\\/rijkzwaanwelver\\\/\"}}]}]},{\"type\":\"column\",\"props\":{\"image_position\":\"center-center\",\"position_sticky_breakpoint\":\"m\",\"width_medium\":\"2-3\"},\"children\":[{\"type\":\"text\",\"props\":{\"column_breakpoint\":\"m\",\"content\":\"\n\n<p style=\\\"margin: 0cm;\\\"><span style=\\\"font-family: 'Segoe UI',sans-serif;\\\"><strong>Rijk Zwaan<\\\/strong> ist ein niederl\\u00e4ndisches Gem\\u00fcsez\\u00fcchtungsunternehmen in Familienbesitz. <\\\/span><\\\/p>\\n\n\n<p style=\\\"margin: 0cm;\\\"><span style=\\\"font-family: 'Segoe UI',sans-serif;\\\">Das Unternehmen ist die Nummer 4 auf dem weltweiten Gem\\u00fcsesaatgutmarkt.<br \\\/><br \\\/>Rijk Zwaan kombiniert die enorme genetische Vielfalt, die die Natur zu bieten hat, mit kontinuierlichen Investitionen in Forschung und Entwicklung. Das Ergebnis sind Gem\\u00fcsesorten mit immer besseren Kombinationen der gew\\u00fcnschten Merkmale.<br \\\/><br \\\/>Rijk Zwaan hat ein Sortiment von mehr als 1.500 Sorten in mehr als 25 unterschiedlichen Gem\\u00fcsekulturen. Rijk Zwaan-Saatgut wird in mehr als 100 L\\u00e4ndern \\u00fcber 30 regionale Vertriebsgesellschaften und zahlreiche Distributoren verkauft. <o:p><\\\/o:p><\\\/span><\\\/p>\",\"margin\":\"default\"}},{\"type\":\"divider\",\"props\":{\"divider_element\":\"hr\"}},{\"type\":\"accordion\",\"props\":{\"collapsible\":true,\"content_column_breakpoint\":\"m\",\"image_align\":\"top\",\"image_grid_breakpoint\":\"m\",\"image_grid_width\":\"1-2\",\"image_svg_color\":\"emphasis\",\"link_style\":\"default\",\"link_text\":\"Read more\",\"show_image\":true,\"show_link\":true},\"children\":[{\"type\":\"accordion_item\",\"props\":{\"content\":\"\n\n<p><strong>Rijk Zwaan<\\\/strong> is a family-owned Dutch vegetable breeding company.<\\\/p>\\n\n\n<p>The company is number 4 in the global vegetable seed market.<\\\/p>\\n\n\n<p>Rijk Zwaan combines the enormous genetic diversity that nature has to offer with continuous investment in research and development. The result is vegetable varieties with ever better combinations of desired traits.<\\\/p>\\n\n\n<p>Rijk Zwaan has a range of more than 1,500 varieties in more than 25 different vegetable crops. Rijk Zwaan seeds are sold in more than 100 countries through 30 regional sales companies and numerous distributors.<\\\/p>\",\"title\":\"ENGLISH\"}}]}]}]}]}],\"version\":\"4.4.4\"} --><\/p>\n","protected":false},"excerpt":{"rendered":"<p>Der Partner f\u00fcr Gem\u00fcsesaatgut Kunde:www.rijkzwaancareers.com Bereich:Lebensmittelherstellung \/ Obst- und Gem\u00fcsezucht Zusammenarbeit mit PARCEL.ONE:Seit 2021 PARCEL.ONE Customer Rijk Zwaan Welver GmbHGem\u00fcsez\u00fcchtung &amp; SaatguthandelWerler Str. 159514 Welver facebook twitter youtube linkedin instagram Rijk Zwaan ist ein niederl\u00e4ndisches Gem\u00fcsez\u00fcchtungsunternehmen in Familienbesitz. Das Unternehmen ist die Nummer 4 auf dem weltweiten Gem\u00fcsesaatgutmarkt. Rijk Zwaan kombiniert die enorme genetische Vielfalt, [&hellip;]<\/p>\n","protected":false},"author":6,"featured_media":0,"parent":0,"menu_order":0,"comment_status":"closed","ping_status":"closed","template":"","meta":{"footnotes":""},"class_list":["post-17632","page","type-page","status-publish","hentry"],"_links":{"self":[{"href":"https:\/\/parcel.one\/es\/wp-json\/wp\/v2\/pages\/17632","targetHints":{"allow":["GET"]}}],"collection":[{"href":"https:\/\/parcel.one\/es\/wp-json\/wp\/v2\/pages"}],"about":[{"href":"https:\/\/parcel.one\/es\/wp-json\/wp\/v2\/types\/page"}],"author":[{"embeddable":true,"href":"https:\/\/parcel.one\/es\/wp-json\/wp\/v2\/users\/6"}],"replies":[{"embeddable":true,"href":"https:\/\/parcel.one\/es\/wp-json\/wp\/v2\/comments?post=17632"}],"version-history":[{"count":8,"href":"https:\/\/parcel.one\/es\/wp-json\/wp\/v2\/pages\/17632\/revisions"}],"predecessor-version":[{"id":21951,"href":"https:\/\/parcel.one\/es\/wp-json\/wp\/v2\/pages\/17632\/revisions\/21951"}],"wp:attachment":[{"href":"https:\/\/parcel.one\/es\/wp-json\/wp\/v2\/media?parent=17632"}],"curies":[{"name":"wp","href":"https:\/\/api.w.org\/{rel}","templated":true}]}}