{"id":13009,"date":"2021-08-20T07:45:13","date_gmt":"2021-08-20T07:45:13","guid":{"rendered":"https:\/\/parcel.one\/?page_id=13009"},"modified":"2022-05-12T07:54:56","modified_gmt":"2022-05-12T07:54:56","slug":"simplesell","status":"publish","type":"page","link":"https:\/\/parcel.one\/es\/simplesell","title":{"rendered":"SimpleSell"},"content":{"rendered":"<p><img decoding=\"async\" src=\"\/wp-content\/uploads\/2021\/08\/SimpleSell_w1000.png\" alt=\"Simple Sell Logo\"><\/p>\n<h1>\n<p style=\"color: white; text-align: center;\">Die Versandl\u00f6sung f\u00fcr Ihren Onlineshop<\/p>\n<\/h1>\n<div>\n<p>PARCEL.ONE Partner<\/p>\n<\/div>\n<div>\n<p><strong>SimpleSell GmbH<\/strong><\/p>\n<p><span>Im Moos 5<\/span><br \/><span>93462 Lam<\/span><\/p>\n<\/div>\n<ul>\n<li><a href=\"https:\/\/www.facebook.com\/simplesellapp\">facebook<\/a>\n<\/li>\n<li><a href=\"\/info@simplesell.de\">social<\/a>\n<\/li>\n<li><a href=\"tel:+4999439599776\">receiver<\/a>\n<\/li>\n<\/ul>\n<div>\n<p class=\"pb-4\"><strong>SimpleSell<\/strong><span>\u00a0<\/span>ist der Ort, an dem Ihre<span>\u00a0<\/span><strong>Marktpl\u00e4tze, Shops und Versanddienstleister<\/strong><span>\u00a0<\/span>miteinander verbunden werden, um Ihren<span>\u00a0<\/span><strong>Versandprozess zu optimieren<\/strong>.<\/p>\n<p class=\"pb-20\">Erzeugen Sie mit nur einem Klick<span>\u00a0<\/span><strong>Versandlabels und Lieferscheine<\/strong>. So bleibt<span>\u00a0<\/span><strong>mehr Zeit f\u00fcr Ihr Kerngesch\u00e4ft<\/strong>.<\/p>\n<\/div>\n<div>\n<h3><strong>VERSAND-<br \/><\/strong><strong>DIENSTLEISTER<\/strong><\/h3>\n<\/div>\n<ul>\n<li>\n<p>        <img decoding=\"async\" src=\"\/wp-content\/uploads\/2021\/05\/P1-Wuerfel-mitwww.png\" alt=\"\"><\/p>\n<\/li>\n<li>\n<p>        <img decoding=\"async\" src=\"\/wp-content\/uploads\/2021\/08\/DHL-01.png\" alt=\"\"><\/p>\n<\/li>\n<li>\n<p>        <img decoding=\"async\" src=\"\/wp-content\/uploads\/2021\/08\/deutsche-post-01.png\" alt=\"\"><\/p>\n<\/li>\n<li>\n<p>        <img decoding=\"async\" src=\"\/wp-content\/uploads\/2021\/08\/DPD-01.png\" alt=\"\"><\/p>\n<\/li>\n<li>\n<p>        <img decoding=\"async\" src=\"\/wp-content\/uploads\/2021\/08\/gls-01.png\" alt=\"\"><\/p>\n<\/li>\n<li>\n<p>        <img decoding=\"async\" src=\"\/wp-content\/uploads\/2021\/08\/hermes-01.png\" alt=\"\"><\/p>\n<\/li>\n<\/ul>\n<div>\n<h3><strong>MARKTPL\u00c4TZE<\/strong><\/h3>\n<\/div>\n<ul>\n<li>\n<p>        <img decoding=\"async\" src=\"\/wp-content\/uploads\/2022\/05\/amazon_4c_200x200_Zeichenflaeche-1.png\" alt=\"\"><\/p>\n<\/li>\n<li>\n<p>        <img decoding=\"async\" src=\"\/wp-content\/uploads\/2022\/05\/ebay_4c_200x200_Zeichenflaeche-1.png\" alt=\"\"><\/p>\n<\/li>\n<li>\n<p>        <img decoding=\"async\" src=\"\/wp-content\/uploads\/2021\/08\/etsy-01.png\" alt=\"\"><\/p>\n<\/li>\n<li>\n<p>        <img decoding=\"async\" src=\"\/wp-content\/uploads\/2021\/08\/kaufland-01.png\" alt=\"\"><\/p>\n<\/li>\n<li>\n<p>        <img decoding=\"async\" src=\"\/wp-content\/uploads\/2021\/08\/shopify-01.png\" alt=\"\"><\/p>\n<\/li>\n<\/ul>\n<h1>Optimieren Sie Ihren Versandprozess mit SimpleSell<\/h1>\n<div>\n<h3 style=\"text-align: center;\">Bestellungen importieren &#8211; Versandlabels drucken &#8211; Sendungen packen<\/h3>\n<\/div>\n<ul>\n<li>\n<p>        <img decoding=\"async\" src=\"\/wp-content\/uploads\/2021\/08\/Rocket_200x200_transparent-01.png\" alt=\"\"><\/p>\n<h3>Einrichtung \/ Bedienung<\/h3>\n<div>\n<h3 class=\"text-grey-darkest font-semibold text-lg mb-2\">Einfache Einrichtung und Bedienung<\/h3>\n<p class=\"text-grey-darker\">Starten Sie sofort, ohne technische Konfiguration oder langer Einarbeitungszeit.<\/p>\n<\/div>\n<\/li>\n<li>\n<p>        <img decoding=\"async\" src=\"\/wp-content\/uploads\/2021\/08\/LKW_check_200x200_transparent-01-01.png\" alt=\"\"><\/p>\n<h3>Versanddienstleister<\/h3>\n<div>\n<h3 class=\"text-grey-darkest font-semibold text-lg mb-2\">Integration Ihrer Versanddienstleister<\/h3>\n<p class=\"text-grey-darker\">Nutzen Sie weiterhin Ihre individuellen Vertr\u00e4ge und Versandkonditionen.<\/p>\n<\/div>\n<\/li>\n<li>\n<p>        <img decoding=\"async\" src=\"\/wp-content\/uploads\/2021\/08\/Auswahl_200x200_transparent-01.png\" alt=\"\"><\/p>\n<h3>Versandauswahl<\/h3>\n<div>\n<h3 class=\"text-grey-darkest font-semibold text-lg mb-2\">Automatische Versandauswahl<\/h3>\n<p class=\"text-grey-darker\">Das selbstlernende System schl\u00e4gt automatisch die passende Versandart vor.<\/p>\n<\/div>\n<\/li>\n<li>\n<p>        <img decoding=\"async\" src=\"\/wp-content\/uploads\/2021\/08\/printer_200x200_transparent-01.png\" alt=\"\"><\/p>\n<h3>Druckoptionen<\/h3>\n<div>\n<h3 class=\"text-grey-darkest font-semibold text-lg mb-2\">Vielseitige Druckoptionen<\/h3>\n<p class=\"text-grey-darker\">Ob Label- oder Laserdrucker &#8211; Sie m\u00fcssen nur noch das Format w\u00e4hlen.<\/p>\n<\/div>\n<\/li>\n<li>\n<p>        <img decoding=\"async\" src=\"\/wp-content\/uploads\/2021\/08\/packen_200x200_transparent-01-01.png\" alt=\"\"><\/p>\n<h3>Packen<\/h3>\n<div>\n<h3 class=\"text-grey-darkest font-semibold text-lg mb-2\">Organisiertes Packen<\/h3>\n<p class=\"text-grey-darker\">Bearbeitungsnummern helfen bei der Zuordnung von Label und Lieferschein.<\/p>\n<\/div>\n<\/li>\n<li>\n<p>        <img decoding=\"async\" src=\"\/wp-content\/uploads\/2021\/08\/contact_200x200_transparent-01.png\" alt=\"\"><\/p>\n<h3>Beratung<\/h3>\n<div>\n<h3 class=\"text-grey-darkest font-semibold text-lg mb-2\">Pers\u00f6nliche Beratung<\/h3>\n<p class=\"text-grey-darker\">Z\u00f6gern Sie nicht, uns zu kontaktieren &#8211; wir beantworten Ihre Fragen gerne.<\/p>\n<\/div>\n<\/li>\n<\/ul>\n<div>\n<h2 class=\"text-3xl text-white font-semibold tracking-wider pb-4\">\u00dcberzeugen Sie sich selbst!<\/h2>\n<p class=\"text-white font-semibold text-lg tracking-wider\">Testen Sie SimpleSell 14 Tage lang kostenlos.<\/p>\n<\/div>\n<p>\n    <a href=\"https:\/\/app.simplesell.de\/register\">Kostenlose Testphase Starten<\/a>\n<\/p>\n<p><!--more--><br \/>\n<!-- {\"type\":\"layout\",\"children\":[{\"type\":\"section\",\"props\":{\"style\":\"default\",\"width\":\"default\",\"vertical_align\":\"middle\",\"title_position\":\"top-left\",\"title_rotation\":\"left\",\"title_breakpoint\":\"xl\",\"image_position\":\"center-center\",\"image\":\"wp-content\\\/uploads\\\/2021\\\/08\\\/Simple-Sell-Banner.jpg\",\"image_size\":\"cover\"},\"children\":[{\"type\":\"row\",\"children\":[{\"type\":\"column\",\"props\":{\"image_position\":\"center-center\",\"media_overlay_gradient\":\"\"},\"children\":[{\"type\":\"image\",\"props\":{\"margin\":\"default\",\"image_svg_color\":\"emphasis\",\"image\":\"wp-content\\\/uploads\\\/2021\\\/08\\\/SimpleSell_w1000.png\",\"image_width\":\"650\",\"image_alt\":\"Simple Sell Logo\",\"text_align\":\"center\"}},{\"type\":\"headline\",\"props\":{\"title_element\":\"h1\",\"content\":\"\n\n<p style=\\\"color: white; text-align: center;\\\">Die Versandl\\u00f6sung f\\u00fcr Ihren Onlineshop<\\\/p>\"}}]}]}]},{\"type\":\"section\",\"props\":{\"style\":\"default\",\"width\":\"default\",\"vertical_align\":\"middle\",\"title_position\":\"top-left\",\"title_rotation\":\"left\",\"title_breakpoint\":\"xl\",\"image_position\":\"center-center\"},\"children\":[{\"type\":\"row\",\"props\":{\"layout\":\"1-4,3-4\"},\"children\":[{\"type\":\"column\",\"props\":{\"image_position\":\"center-center\",\"media_overlay_gradient\":\"\",\"width_medium\":\"1-4\"},\"children\":[{\"type\":\"text\",\"props\":{\"margin\":\"default\",\"column_breakpoint\":\"m\",\"content\":\"\n\n<p>PARCEL.ONE Partner<\\\/p>\"}},{\"type\":\"text\",\"props\":{\"margin\":\"default\",\"column_breakpoint\":\"m\",\"content\":\"\n\n<p><strong>SimpleSell GmbH<\\\/strong><\\\/p>\\n\n\n<p><span>Im Moos 5<\\\/span><br \\\/><span>93462 Lam<\\\/span><\\\/p>\"}},{\"type\":\"social\",\"props\":{\"link_style\":\"button\",\"grid\":\"horizontal\",\"grid_gap\":\"small\",\"margin\":\"default\"},\"children\":[{\"type\":\"social_item\",\"props\":{\"link\":\"https:\\\/\\\/www.facebook.com\\\/simplesellapp\"}},{\"type\":\"social_item\",\"props\":{\"link\":\"info@simplesell.de\",\"icon\":\"mail\"}},{\"type\":\"social_item\",\"props\":{\"link\":\"tel:+4999439599776\"}}]}]},{\"type\":\"column\",\"props\":{\"image_position\":\"center-center\",\"media_overlay_gradient\":\"\",\"width_medium\":\"3-4\"},\"children\":[{\"type\":\"text\",\"props\":{\"margin\":\"default\",\"column_breakpoint\":\"m\",\"content\":\"\n\n<p class=\\\"pb-4\\\"><strong>SimpleSell<\\\/strong><span>\\u00a0<\\\/span>ist der Ort, an dem Ihre<span>\\u00a0<\\\/span><strong>Marktpl\\u00e4tze, Shops und Versanddienstleister<\\\/strong><span>\\u00a0<\\\/span>miteinander verbunden werden, um Ihren<span>\\u00a0<\\\/span><strong>Versandprozess zu optimieren<\\\/strong>.<\\\/p>\\n\n\n<p class=\\\"pb-20\\\">Erzeugen Sie mit nur einem Klick<span>\\u00a0<\\\/span><strong>Versandlabels und Lieferscheine<\\\/strong>. So bleibt<span>\\u00a0<\\\/span><strong>mehr Zeit f\\u00fcr Ihr Kerngesch\\u00e4ft<\\\/strong>.<\\\/p>\"}}]}]}]},{\"type\":\"section\",\"props\":{\"style\":\"default\",\"width\":\"default\",\"vertical_align\":\"middle\",\"title_position\":\"top-left\",\"title_rotation\":\"left\",\"title_breakpoint\":\"xl\",\"image_position\":\"center-center\",\"css\":\".el-section {background-color:#efefef;}\"},\"children\":[{\"type\":\"row\",\"children\":[{\"type\":\"column\",\"props\":{\"image_position\":\"center-center\",\"media_overlay_gradient\":\"\",\"width_medium\":\"1-3\"},\"children\":[{\"type\":\"text\",\"props\":{\"margin\":\"default\",\"column_breakpoint\":\"m\",\"content\":\"\n\n<h3><strong>VERSAND-<br \\\/><\\\/strong><strong>DIENSTLEISTER<\\\/strong><\\\/h3>\"}}]},{\"type\":\"column\",\"props\":{\"image_position\":\"center-center\",\"media_overlay_gradient\":\"\",\"width_medium\":\"2-3\"},\"children\":[{\"type\":\"grid\",\"props\":{\"show_title\":true,\"show_meta\":true,\"show_content\":true,\"show_image\":true,\"show_link\":true,\"grid_default\":\"1\",\"grid_medium\":\"3\",\"filter_style\":\"tab\",\"filter_all\":true,\"filter_position\":\"top\",\"filter_align\":\"left\",\"filter_grid_width\":\"auto\",\"filter_grid_breakpoint\":\"m\",\"title_hover_style\":\"reset\",\"title_element\":\"h3\",\"title_align\":\"top\",\"title_grid_width\":\"1-2\",\"title_grid_breakpoint\":\"m\",\"meta_style\":\"meta\",\"meta_align\":\"below-title\",\"meta_element\":\"div\",\"content_column_breakpoint\":\"m\",\"icon_width\":80,\"image_align\":\"top\",\"image_grid_width\":\"1-2\",\"image_grid_breakpoint\":\"m\",\"image_svg_color\":\"emphasis\",\"link_text\":\"Read more\",\"link_style\":\"default\",\"margin\":\"default\",\"item_animation\":true,\"grid_large\":\"3\"},\"children\":[{\"type\":\"grid_item\",\"props\":{\"image\":\"wp-content\\\/uploads\\\/2021\\\/05\\\/P1-Wuerfel-mitwww.png\"}},{\"type\":\"grid_item\",\"props\":{\"image\":\"wp-content\\\/uploads\\\/2021\\\/08\\\/DHL-01.png\"}},{\"type\":\"grid_item\",\"props\":{\"image\":\"wp-content\\\/uploads\\\/2021\\\/08\\\/deutsche-post-01.png\"}},{\"type\":\"grid_item\",\"props\":{\"image\":\"wp-content\\\/uploads\\\/2021\\\/08\\\/DPD-01.png\"}},{\"type\":\"grid_item\",\"props\":{\"image\":\"wp-content\\\/uploads\\\/2021\\\/08\\\/gls-01.png\"}},{\"type\":\"grid_item\",\"props\":{\"image\":\"wp-content\\\/uploads\\\/2021\\\/08\\\/hermes-01.png\"}}]}]}],\"props\":{\"layout\":\"1-3,2-3\"}}]},{\"type\":\"section\",\"props\":{\"style\":\"default\",\"width\":\"default\",\"vertical_align\":\"middle\",\"title_position\":\"top-left\",\"title_rotation\":\"left\",\"title_breakpoint\":\"xl\",\"image_position\":\"center-center\"},\"children\":[{\"type\":\"row\",\"children\":[{\"type\":\"column\",\"props\":{\"image_position\":\"center-center\",\"media_overlay_gradient\":\"\"},\"children\":[]}]}]},{\"type\":\"section\",\"props\":{\"style\":\"default\",\"width\":\"default\",\"vertical_align\":\"middle\",\"title_position\":\"top-left\",\"title_rotation\":\"left\",\"title_breakpoint\":\"xl\",\"image_position\":\"center-center\",\"css\":\".el-section {background-color:#efefef;}\"},\"children\":[{\"type\":\"row\",\"children\":[{\"type\":\"column\",\"props\":{\"image_position\":\"center-center\",\"media_overlay_gradient\":\"\",\"width_medium\":\"1-3\"},\"children\":[{\"type\":\"text\",\"props\":{\"margin\":\"default\",\"column_breakpoint\":\"m\",\"content\":\"\n\n<h3><strong>MARKTPL\\u00c4TZE<\\\/strong><\\\/h3>\"}}]},{\"type\":\"column\",\"props\":{\"image_position\":\"center-center\",\"media_overlay_gradient\":\"\",\"width_medium\":\"2-3\"},\"children\":[{\"type\":\"grid\",\"props\":{\"show_title\":true,\"show_meta\":true,\"show_content\":true,\"show_image\":true,\"show_link\":true,\"grid_default\":\"1\",\"grid_medium\":\"3\",\"filter_style\":\"tab\",\"filter_all\":true,\"filter_position\":\"top\",\"filter_align\":\"left\",\"filter_grid_width\":\"auto\",\"filter_grid_breakpoint\":\"m\",\"title_hover_style\":\"reset\",\"title_element\":\"h3\",\"title_align\":\"top\",\"title_grid_width\":\"1-2\",\"title_grid_breakpoint\":\"m\",\"meta_style\":\"meta\",\"meta_align\":\"below-title\",\"meta_element\":\"div\",\"content_column_breakpoint\":\"m\",\"icon_width\":80,\"image_align\":\"top\",\"image_grid_width\":\"1-2\",\"image_grid_breakpoint\":\"m\",\"image_svg_color\":\"emphasis\",\"link_text\":\"Read more\",\"link_style\":\"default\",\"margin\":\"default\",\"item_animation\":true,\"grid_large\":\"3\"},\"children\":[{\"type\":\"grid_item\",\"props\":{\"image\":\"wp-content\\\/uploads\\\/2022\\\/05\\\/amazon_4c_200x200_Zeichenflaeche-1.png\",\"title\":\"\"}},{\"type\":\"grid_item\",\"props\":{\"image\":\"wp-content\\\/uploads\\\/2022\\\/05\\\/ebay_4c_200x200_Zeichenflaeche-1.png\",\"title\":\"\"}},{\"type\":\"grid_item\",\"props\":{\"image\":\"wp-content\\\/uploads\\\/2021\\\/08\\\/etsy-01.png\"}},{\"type\":\"grid_item\",\"props\":{\"image\":\"wp-content\\\/uploads\\\/2021\\\/08\\\/kaufland-01.png\"}},{\"type\":\"grid_item\",\"props\":{\"image\":\"wp-content\\\/uploads\\\/2021\\\/08\\\/shopify-01.png\"}}]}]}],\"props\":{\"layout\":\"1-3,2-3\"}}]},{\"type\":\"section\",\"props\":{\"style\":\"default\",\"width\":\"default\",\"vertical_align\":\"middle\",\"title_position\":\"top-left\",\"title_rotation\":\"left\",\"title_breakpoint\":\"xl\",\"image_position\":\"center-center\"},\"children\":[{\"type\":\"row\",\"children\":[{\"type\":\"column\",\"props\":{\"image_position\":\"center-center\",\"media_overlay_gradient\":\"\"},\"children\":[{\"type\":\"headline\",\"props\":{\"title_element\":\"h1\",\"content\":\"Optimieren Sie Ihren Versandprozess mit SimpleSell\"}},{\"type\":\"text\",\"props\":{\"margin\":\"default\",\"column_breakpoint\":\"m\",\"content\":\"\n\n<h3 style=\\\"text-align: center;\\\">Bestellungen importieren - Versandlabels drucken - Sendungen packen<\\\/h3>\"}},{\"type\":\"grid\",\"props\":{\"show_title\":true,\"show_meta\":true,\"show_content\":true,\"show_image\":true,\"show_link\":true,\"grid_default\":\"1\",\"grid_medium\":\"3\",\"filter_style\":\"tab\",\"filter_all\":true,\"filter_position\":\"top\",\"filter_align\":\"left\",\"filter_grid_width\":\"auto\",\"filter_grid_breakpoint\":\"m\",\"title_hover_style\":\"reset\",\"title_element\":\"h3\",\"title_align\":\"top\",\"title_grid_width\":\"1-2\",\"title_grid_breakpoint\":\"m\",\"meta_style\":\"meta\",\"meta_align\":\"below-title\",\"meta_element\":\"div\",\"content_column_breakpoint\":\"m\",\"icon_width\":80,\"image_align\":\"top\",\"image_grid_width\":\"1-2\",\"image_grid_breakpoint\":\"m\",\"image_svg_color\":\"emphasis\",\"link_text\":\"Read more\",\"link_style\":\"default\",\"margin\":\"default\",\"item_animation\":true},\"children\":[{\"type\":\"grid_item\",\"props\":{\"content\":\"\n\n<h3 class=\\\"text-grey-darkest font-semibold text-lg mb-2\\\">Einfache Einrichtung und Bedienung<\\\/h3>\\n\n\n<p class=\\\"text-grey-darker\\\">Starten Sie sofort, ohne technische Konfiguration oder langer Einarbeitungszeit.<\\\/p>\",\"image\":\"wp-content\\\/uploads\\\/2021\\\/08\\\/Rocket_200x200_transparent-01.png\",\"panel_style\":\"card-default\",\"title\":\"Einrichtung \\\/ Bedienung\"}},{\"type\":\"grid_item\",\"props\":{\"content\":\"\n\n<h3 class=\\\"text-grey-darkest font-semibold text-lg mb-2\\\">Integration Ihrer Versanddienstleister<\\\/h3>\\n\n\n<p class=\\\"text-grey-darker\\\">Nutzen Sie weiterhin Ihre individuellen Vertr\\u00e4ge und Versandkonditionen.<\\\/p>\",\"image\":\"wp-content\\\/uploads\\\/2021\\\/08\\\/LKW_check_200x200_transparent-01-01.png\",\"panel_style\":\"card-default\",\"title\":\"Versanddienstleister\"}},{\"type\":\"grid_item\",\"props\":{\"content\":\"\n\n<h3 class=\\\"text-grey-darkest font-semibold text-lg mb-2\\\">Automatische Versandauswahl<\\\/h3>\\n\n\n<p class=\\\"text-grey-darker\\\">Das selbstlernende System schl\\u00e4gt automatisch die passende Versandart vor.<\\\/p>\",\"image\":\"wp-content\\\/uploads\\\/2021\\\/08\\\/Auswahl_200x200_transparent-01.png\",\"panel_style\":\"card-default\",\"title\":\"Versandauswahl\"}},{\"type\":\"grid_item\",\"props\":{\"content\":\"\n\n<h3 class=\\\"text-grey-darkest font-semibold text-lg mb-2\\\">Vielseitige Druckoptionen<\\\/h3>\\n\n\n<p class=\\\"text-grey-darker\\\">Ob Label- oder Laserdrucker - Sie m\\u00fcssen nur noch das Format w\\u00e4hlen.<\\\/p>\",\"image\":\"wp-content\\\/uploads\\\/2021\\\/08\\\/printer_200x200_transparent-01.png\",\"panel_style\":\"card-default\",\"title\":\"Druckoptionen\"}},{\"type\":\"grid_item\",\"props\":{\"content\":\"\n\n<h3 class=\\\"text-grey-darkest font-semibold text-lg mb-2\\\">Organisiertes Packen<\\\/h3>\\n\n\n<p class=\\\"text-grey-darker\\\">Bearbeitungsnummern helfen bei der Zuordnung von Label und Lieferschein.<\\\/p>\",\"panel_style\":\"card-default\",\"title\":\"Packen\",\"image\":\"wp-content\\\/uploads\\\/2021\\\/08\\\/packen_200x200_transparent-01-01.png\"}},{\"type\":\"grid_item\",\"props\":{\"content\":\"\n\n<h3 class=\\\"text-grey-darkest font-semibold text-lg mb-2\\\">Pers\\u00f6nliche Beratung<\\\/h3>\\n\n\n<p class=\\\"text-grey-darker\\\">Z\\u00f6gern Sie nicht, uns zu kontaktieren - wir beantworten Ihre Fragen gerne.<\\\/p>\",\"panel_style\":\"card-default\",\"title\":\"Beratung\",\"image\":\"wp-content\\\/uploads\\\/2021\\\/08\\\/contact_200x200_transparent-01.png\"}}]}]}]}]},{\"type\":\"section\",\"props\":{\"style\":\"default\",\"width\":\"default\",\"vertical_align\":\"middle\",\"title_position\":\"top-left\",\"title_rotation\":\"left\",\"title_breakpoint\":\"xl\",\"image_position\":\"center-center\",\"css\":\".el-section {background-color:#efefef;}\"},\"children\":[{\"type\":\"row\",\"props\":{\"layout\":\"1-2,1-2\"},\"children\":[{\"type\":\"column\",\"props\":{\"image_position\":\"center-center\",\"media_overlay_gradient\":\"\",\"width_medium\":\"1-2\"},\"children\":[{\"type\":\"text\",\"props\":{\"margin\":\"default\",\"column_breakpoint\":\"m\",\"content\":\"\n\n<h2 class=\\\"text-3xl text-white font-semibold tracking-wider pb-4\\\">\\u00dcberzeugen Sie sich selbst!<\\\/h2>\\n\n\n<p class=\\\"text-white font-semibold text-lg tracking-wider\\\">Testen Sie SimpleSell 14 Tage lang kostenlos.<\\\/p>\"}}]},{\"type\":\"column\",\"props\":{\"image_position\":\"center-center\",\"media_overlay_gradient\":\"\",\"width_medium\":\"1-2\"},\"children\":[{\"type\":\"button\",\"props\":{\"grid_column_gap\":\"small\",\"grid_row_gap\":\"small\",\"margin\":\"default\"},\"children\":[{\"type\":\"button_item\",\"props\":{\"button_style\":\"danger\",\"icon_align\":\"left\",\"link\":\"https:\\\/\\\/app.simplesell.de\\\/register\",\"content\":\"Kostenlose Testphase Starten\",\"link_title\":\"Testphase\",\"icon\":\"play-circle\"}}]}]}]}]}],\"version\":\"2.5.4\"} --><\/p>\n","protected":false},"excerpt":{"rendered":"<p>Die Versandl\u00f6sung f\u00fcr Ihren Onlineshop PARCEL.ONE Partner SimpleSell GmbH Im Moos 593462 Lam facebook social receiver SimpleSell\u00a0ist der Ort, an dem Ihre\u00a0Marktpl\u00e4tze, Shops und Versanddienstleister\u00a0miteinander verbunden werden, um Ihren\u00a0Versandprozess zu optimieren. Erzeugen Sie mit nur einem Klick\u00a0Versandlabels und Lieferscheine. So bleibt\u00a0mehr Zeit f\u00fcr Ihr Kerngesch\u00e4ft. VERSAND-DIENSTLEISTER MARKTPL\u00c4TZE Optimieren Sie Ihren Versandprozess mit SimpleSell Bestellungen importieren [&hellip;]<\/p>\n","protected":false},"author":6,"featured_media":0,"parent":0,"menu_order":0,"comment_status":"closed","ping_status":"closed","template":"","meta":{"footnotes":""},"class_list":["post-13009","page","type-page","status-publish","hentry"],"_links":{"self":[{"href":"https:\/\/parcel.one\/es\/wp-json\/wp\/v2\/pages\/13009","targetHints":{"allow":["GET"]}}],"collection":[{"href":"https:\/\/parcel.one\/es\/wp-json\/wp\/v2\/pages"}],"about":[{"href":"https:\/\/parcel.one\/es\/wp-json\/wp\/v2\/types\/page"}],"author":[{"embeddable":true,"href":"https:\/\/parcel.one\/es\/wp-json\/wp\/v2\/users\/6"}],"replies":[{"embeddable":true,"href":"https:\/\/parcel.one\/es\/wp-json\/wp\/v2\/comments?post=13009"}],"version-history":[{"count":0,"href":"https:\/\/parcel.one\/es\/wp-json\/wp\/v2\/pages\/13009\/revisions"}],"wp:attachment":[{"href":"https:\/\/parcel.one\/es\/wp-json\/wp\/v2\/media?parent=13009"}],"curies":[{"name":"wp","href":"https:\/\/api.w.org\/{rel}","templated":true}]}}