{"id":12736,"date":"2022-02-25T11:57:02","date_gmt":"2022-02-25T11:57:02","guid":{"rendered":"https:\/\/parcel.one\/?page_id=12736"},"modified":"2022-02-25T11:57:02","modified_gmt":"2022-02-25T11:57:02","slug":"tricoma","status":"publish","type":"page","link":"https:\/\/parcel.one\/es\/tricoma","title":{"rendered":"tricoma"},"content":{"rendered":"<p><a href=\"https:\/\/www.tricoma-store.de\/Shop\/App-marketplace\/Versanddienstleister\/App-ParcelOne-Connector\/\"><img decoding=\"async\" src=\"\/wp-content\/uploads\/2021\/07\/tricoma_Zeichenflaeche-1.png\" alt=\"\"><\/a><\/p>\n<h1>\n<h1 class=\"top\" style=\"text-align: center;\"><span style=\"color: white;\"><strong>tricoma &#8211; Das ERP System<\/strong> <br \/>CMS, Warenwirtschaft und CRM in einem<\/span><\/h1>\n<\/h1>\n<div>\n<p>PARCEL.ONE Partner<\/p>\n<\/div>\n<div>\n<div class=\"h2\"><strong>tricoma AG<\/strong><\/div>\n<p><span>Am M\u00fchlbach 1<br \/>97475 Zeil am Main<br \/>Tel: 09521 703131-0<\/span><\/p>\n<\/div>\n<ul>\n<li><a href=\"https:\/\/www.linkedin.com\/company\/tricoma\/?originalSubdomain=de\">linkedin<\/a>\n<\/li>\n<li><a href=\"https:\/\/www.facebook.com\/tricoma.online.warenwirtschaft\/\">facebook<\/a>\n<\/li>\n<li><a href=\"https:\/\/www.instagram.com\/tricoma_ag\/\">instagram<\/a>\n<\/li>\n<li><a href=\"https:\/\/www.youtube.com\/c\/TricomaDe-online-warenwirtschaft\">youtube<\/a>\n<\/li>\n<\/ul>\n<div>\n<div class=\"tplus_bildtext_vorueberschrift\">Einfach und \u00fcberall, dank Cloud Software<\/div>\n<div class=\"tplus_bildtext_ueberschrift\">\n<h2>Onlinehandel, wo immer Sie wollen<\/h2>\n<\/div>\n<div class=\"tplus_bildtext_textcontent\">Durch den modernen Onlinehandel k\u00f6nnen Sie es Ihren Kunden erm\u00f6glichen, zu jeder Tages- und Nachtzeit in Ihrem Shop einzukaufen. Genau diese Flexibilit\u00e4t w\u00fcnschen Sie sich auch von Ihrer Warenwirtschaft. Egal ob Sie klassisch in Ihrem B\u00fcro arbeiten, von unterwegs mit Ihren Kunden und Mitarbeitern korrespondieren oder generell Unternehmensprozesse mobil steuern wollen, mit tricoma haben Sie die passende L\u00f6sung. Da heute die meisten \u00f6ffentlichen Pl\u00e4tze mit WLAN ausgestattet sind, k\u00f6nnen Sie mit der Arbeit gleich beginnen.<\/div>\n<\/div>\n<p>\n    <a href=\"https:\/\/www.tricoma.de\/Die-Software\/\">Software<\/a>\n<\/p>\n<div>\n<h2 style=\"text-align: center;\">15<\/h2>\n<\/div>\n<div>\n<p style=\"text-align: center;\">Jahre am Markt<\/p>\n<\/div>\n<div>\n<h2 style=\"text-align: center;\">200+<\/h2>\n<\/div>\n<div>\n<p style=\"text-align: center;\">Apps und Module<\/p>\n<\/div>\n<div>\n<h2 style=\"text-align: center;\"><span style=\"color:#4dd400\">100%<\/span><\/h2>\n<\/div>\n<div>\n<p style=\"text-align: center;\">Eigenkapitalfinanziert<\/p>\n<\/div>\n<div>\n<h2 style=\"text-align: center;\">400+<\/h2>\n<\/div>\n<div>\n<p style=\"text-align: center;\">Zufriedene Kunden<\/p>\n<\/div>\n<div>\n<h2 style=\"text-align: center;\">40+<\/h2>\n<\/div>\n<div>\n<p style=\"text-align: center;\">Kreative Mitarbeiter<\/p>\n<\/div>\n<div>\n<div class=\"tplus_bildtext_vorueberschrift\">Fester Ansprechpartner bis zum Go-Live<\/div>\n<div class=\"tplus_bildtext_ueberschrift\">\n<h2>Ihr pers\u00f6nlicher Einrichter<\/h2>\n<\/div>\n<div class=\"tplus_bildtext_textcontent\">Der Ablauf unterscheidet sich von Unternehmen zu Unternehmen &#8211; Was jedoch gleich bleibt, ist Ihr Einrichter als fester Ansprechpartner, der in s\u00e4mtlichen Themen rund um tricoma bis zur Einf\u00fchrung in Ihrem Betrieb an Ihrer Seite steht. Zusammen mit den Einrichtungsassistenten von tricoma erarbeiten Sie gemeinsam einen Fahrplan zur Liveschaltung. Nat\u00fcrlich ber\u00e4t Sie Ihr pers\u00f6nlicher Einrichter nicht nur per Ticket sondern auf Wunsch auch per Telefon und Teamviewer. Eine gute Kommunikation mit Ihnen ist f\u00fcr uns das Ma\u00df einer guten Gesch\u00e4ftsbeziehung.<\/div>\n<\/div>\n<p>\n    <a href=\"https:\/\/www.tricoma.de\/Demoanfrage\/\">Demo<\/a>\n<\/p>\n<p><img decoding=\"async\" src=\"\/wp-content\/uploads\/2021\/07\/systemeinrichtung_hilfe_tricoma.jpg\" alt=\"\"><\/p>\n<h1>\n<h1 class=\"top\" style=\"text-align: center;\"><span style=\"color: white;\"><strong>PARCEL.ONE Schnittstelle<\/strong> <br \/>direkt in die tricoma Warenwirtschaft<\/span><\/h1>\n<\/h1>\n<p><img decoding=\"async\" src=\"\/wp-content\/uploads\/2021\/08\/modul.jpg\" alt=\"\"><\/p>\n<div>\n<p>Automatische nachtr\u00e4gliche Anpassung der Lieferart in Abh\u00e4ngigkeit vom jeweiligen Versanddienstleister.<\/p>\n<p>Abruf aller f\u00fcr Ihren Account verf\u00fcgbaren Carrier, Produkte und Services auf Knopfdruck.<\/p>\n<p>Erstellung von Paketlabeln f\u00fcr die Umverpackung (erfordert ggf. eine weitere Versand-App).<\/p>\n<\/div>\n<div>\n<h2 itemprop=\"name\">PARCEL.ONE Schnittstelle<\/h2>\n<p itemprop=\"description\">Mit dieser App k\u00f6nnen Sie Adressdaten an PARCEL.ONE \u00fcbermitteln und so auf direktem Weg Paketlabel erzeugen. Anschlie\u00dfend k\u00f6nnen einzelne Lieferungen zusammengefasst und eine Umverpackung an PARCEL.ONE gesendet werden.<\/p>\n<\/div>\n<p><img decoding=\"async\" src=\"\/wp-content\/uploads\/2021\/08\/modul-1.jpg\" alt=\"\"><\/p>\n<p>\n    <a href=\"https:\/\/www.tricoma.de\/Versanddienstleister\/ParcelOne-Connector\/#AppFeatures\">PARCEL.ONE Schnittstelle<\/a>\n<\/p>\n<p><!--more--><br \/>\n<!-- {\"type\":\"layout\",\"children\":[{\"type\":\"section\",\"props\":{\"style\":\"default\",\"width\":\"expand\",\"vertical_align\":\"\",\"title_position\":\"top-left\",\"title_rotation\":\"left\",\"title_breakpoint\":\"xl\",\"image_position\":\"center-center\",\"image\":\"\",\"text_color\":\"light\",\"header_transparent\":\"light\",\"image_size\":\"cover\",\"video\":\"https:\\\/\\\/www.tricoma.de\\\/cmssystem\\\/tricoma\\\/bilder\\\/keyfeature_261.mp4\"},\"children\":[{\"type\":\"row\",\"children\":[{\"type\":\"column\",\"props\":{\"image_position\":\"center-center\",\"media_overlay_gradient\":\"\"},\"children\":[{\"type\":\"image\",\"props\":{\"margin\":\"default\",\"image_svg_color\":\"emphasis\",\"image\":\"wp-content\\\/uploads\\\/2021\\\/07\\\/tricoma_Zeichenflaeche-1.png\",\"text_align\":\"center\",\"link\":\"https:\\\/\\\/www.tricoma-store.de\\\/Shop\\\/App-marketplace\\\/Versanddienstleister\\\/App-ParcelOne-Connector\\\/\"}}]}]}]},{\"type\":\"section\",\"props\":{\"style\":\"default\",\"width\":\"default\",\"vertical_align\":\"middle\",\"title_position\":\"top-left\",\"title_rotation\":\"left\",\"title_breakpoint\":\"xl\",\"image_position\":\"center-center\",\"css\":\".el-section {background-image: linear-gradient( 90deg, #001850 10%, \\t#4dd400 100%);}\"},\"children\":[{\"type\":\"row\",\"children\":[{\"type\":\"column\",\"props\":{\"image_position\":\"center-center\",\"media_overlay_gradient\":\"\"},\"children\":[{\"type\":\"headline\",\"props\":{\"title_element\":\"h1\",\"content\":\"\n\n<h1 class=\\\"top\\\" style=\\\"text-align: center;\\\"><span style=\\\"color: white;\\\"><strong>tricoma - Das ERP System<\\\/strong> <br \\\/>CMS, Warenwirtschaft und CRM in einem<\\\/span><\\\/h1>\",\"text_align\":\"center\"}}]}]}]},{\"type\":\"section\",\"props\":{\"style\":\"default\",\"width\":\"default\",\"vertical_align\":\"middle\",\"title_position\":\"top-left\",\"title_rotation\":\"left\",\"title_breakpoint\":\"xl\",\"image_position\":\"center-center\"},\"children\":[{\"type\":\"row\",\"props\":{\"layout\":\"1-3,2-3\"},\"children\":[{\"type\":\"column\",\"props\":{\"image_position\":\"center-center\",\"media_overlay_gradient\":\"\",\"width_medium\":\"1-3\"},\"children\":[{\"type\":\"text\",\"props\":{\"margin\":\"default\",\"column_breakpoint\":\"m\",\"content\":\"\n\n<p>PARCEL.ONE Partner<\\\/p>\"}},{\"type\":\"text\",\"props\":{\"margin\":\"default\",\"column_breakpoint\":\"m\",\"content\":\"\n\n<div class=\\\"h2\\\"><strong>tricoma AG<\\\/strong><\\\/div>\\n\n\n<p><span>Am M\\u00fchlbach 1<br \\\/>97475 Zeil am Main<br \\\/>Tel: 09521 703131-0<\\\/span><\\\/p>\"}},{\"type\":\"social\",\"props\":{\"link_style\":\"button\",\"grid\":\"horizontal\",\"grid_gap\":\"small\",\"margin\":\"default\"},\"children\":[{\"type\":\"social_item\",\"props\":{\"link\":\"https:\\\/\\\/www.linkedin.com\\\/company\\\/tricoma\\\/?originalSubdomain=de\"}},{\"type\":\"social_item\",\"props\":{\"link\":\"https:\\\/\\\/www.facebook.com\\\/tricoma.online.warenwirtschaft\\\/\"}},{\"type\":\"social_item\",\"props\":{\"link\":\"https:\\\/\\\/www.instagram.com\\\/tricoma_ag\\\/\"}},{\"type\":\"social_item\",\"props\":{\"link\":\"https:\\\/\\\/www.youtube.com\\\/c\\\/TricomaDe-online-warenwirtschaft\"}}]}]},{\"type\":\"column\",\"props\":{\"image_position\":\"center-center\",\"media_overlay_gradient\":\"\",\"width_medium\":\"2-3\"},\"children\":[{\"type\":\"text\",\"props\":{\"margin\":\"default\",\"column_breakpoint\":\"m\",\"content\":\"\n\n<div class=\\\"tplus_bildtext_vorueberschrift\\\">Einfach und \\u00fcberall, dank Cloud Software<\\\/div>\\n\n\n<div class=\\\"tplus_bildtext_ueberschrift\\\">\\n\n\n<h2>Onlinehandel, wo immer Sie wollen<\\\/h2>\\n<\\\/div>\\n\n\n<div class=\\\"tplus_bildtext_textcontent\\\">Durch den modernen Onlinehandel k\\u00f6nnen Sie es Ihren Kunden erm\\u00f6glichen, zu jeder Tages- und Nachtzeit in Ihrem Shop einzukaufen. Genau diese Flexibilit\\u00e4t w\\u00fcnschen Sie sich auch von Ihrer Warenwirtschaft. Egal ob Sie klassisch in Ihrem B\\u00fcro arbeiten, von unterwegs mit Ihren Kunden und Mitarbeitern korrespondieren oder generell Unternehmensprozesse mobil steuern wollen, mit tricoma haben Sie die passende L\\u00f6sung. Da heute die meisten \\u00f6ffentlichen Pl\\u00e4tze mit WLAN ausgestattet sind, k\\u00f6nnen Sie mit der Arbeit gleich beginnen.<\\\/div>\"}},{\"type\":\"button\",\"props\":{\"grid_column_gap\":\"small\",\"grid_row_gap\":\"small\",\"margin\":\"default\"},\"children\":[{\"type\":\"button_item\",\"props\":{\"button_style\":\"danger\",\"icon_align\":\"left\",\"content\":\"Software\",\"link\":\"https:\\\/\\\/www.tricoma.de\\\/Die-Software\\\/\"}}]}]}]}]},{\"type\":\"section\",\"props\":{\"style\":\"default\",\"width\":\"default\",\"vertical_align\":\"middle\",\"title_position\":\"top-left\",\"title_rotation\":\"left\",\"title_breakpoint\":\"xl\",\"image_position\":\"center-center\",\"css\":\".el-section {background-image: linear-gradient( 90deg, #D5D8DC 10%, \\t#EBEDEF 100%);}\"},\"children\":[{\"type\":\"row\",\"props\":{\"layout\":\"1-5,1-5,1-5,1-5,1-5|1-2,1-2,1-3,1-3,1-3\"},\"children\":[{\"type\":\"column\",\"props\":{\"image_position\":\"center-center\",\"media_overlay_gradient\":\"\",\"width_medium\":\"1-5\",\"width_small\":\"1-2\"},\"children\":[{\"type\":\"text\",\"props\":{\"margin\":\"default\",\"column_breakpoint\":\"m\",\"content\":\"\n\n<h2 style=\\\"text-align: center;\\\">15<\\\/h2>\"}},{\"type\":\"text\",\"props\":{\"margin\":\"default\",\"column_breakpoint\":\"m\",\"content\":\"\n\n<p style=\\\"text-align: center;\\\">Jahre am Markt<\\\/p>\"}}]},{\"type\":\"column\",\"props\":{\"image_position\":\"center-center\",\"media_overlay_gradient\":\"\",\"width_medium\":\"1-5\",\"width_small\":\"1-2\"},\"children\":[{\"type\":\"text\",\"props\":{\"margin\":\"default\",\"column_breakpoint\":\"m\",\"content\":\"\n\n<h2 style=\\\"text-align: center;\\\">200+<\\\/h2>\"}},{\"type\":\"text\",\"props\":{\"margin\":\"default\",\"column_breakpoint\":\"m\",\"content\":\"\n\n<p style=\\\"text-align: center;\\\">Apps und Module<\\\/p>\"}}]},{\"type\":\"column\",\"props\":{\"image_position\":\"center-center\",\"media_overlay_gradient\":\"\",\"width_medium\":\"1-5\",\"width_small\":\"1-3\"},\"children\":[{\"type\":\"text\",\"props\":{\"margin\":\"default\",\"column_breakpoint\":\"m\",\"content\":\"\n\n<h2 style=\\\"text-align: center;\\\"><span style=\\\"color:#4dd400\\\">100%<\\\/span><\\\/h2>\"}},{\"type\":\"text\",\"props\":{\"margin\":\"default\",\"column_breakpoint\":\"m\",\"content\":\"\n\n<p style=\\\"text-align: center;\\\">Eigenkapitalfinanziert<\\\/p>\"}}]},{\"type\":\"column\",\"props\":{\"image_position\":\"center-center\",\"media_overlay_gradient\":\"\",\"width_medium\":\"1-5\",\"width_small\":\"1-3\"},\"children\":[{\"type\":\"text\",\"props\":{\"margin\":\"default\",\"column_breakpoint\":\"m\",\"content\":\"\n\n<h2 style=\\\"text-align: center;\\\">400+<\\\/h2>\"}},{\"type\":\"text\",\"props\":{\"margin\":\"default\",\"column_breakpoint\":\"m\",\"content\":\"\n\n<p style=\\\"text-align: center;\\\">Zufriedene Kunden<\\\/p>\"}}]},{\"type\":\"column\",\"props\":{\"image_position\":\"center-center\",\"media_overlay_gradient\":\"\",\"width_medium\":\"1-5\",\"width_small\":\"1-3\"},\"children\":[{\"type\":\"text\",\"props\":{\"margin\":\"default\",\"column_breakpoint\":\"m\",\"content\":\"\n\n<h2 style=\\\"text-align: center;\\\">40+<\\\/h2>\"}},{\"type\":\"text\",\"props\":{\"margin\":\"default\",\"column_breakpoint\":\"m\",\"content\":\"\n\n<p style=\\\"text-align: center;\\\">Kreative Mitarbeiter<\\\/p>\"}}]}]}]},{\"type\":\"section\",\"props\":{\"style\":\"default\",\"width\":\"default\",\"vertical_align\":\"middle\",\"title_position\":\"top-left\",\"title_rotation\":\"left\",\"title_breakpoint\":\"xl\",\"image_position\":\"center-center\"},\"children\":[{\"type\":\"row\",\"props\":{\"layout\":\"3-5,2-5\"},\"children\":[{\"type\":\"column\",\"props\":{\"image_position\":\"center-center\",\"media_overlay_gradient\":\"\",\"width_medium\":\"3-5\"},\"children\":[{\"type\":\"text\",\"props\":{\"margin\":\"default\",\"column_breakpoint\":\"m\",\"content\":\"\n\n<div class=\\\"tplus_bildtext_vorueberschrift\\\">Fester Ansprechpartner bis zum Go-Live<\\\/div>\\n\n\n<div class=\\\"tplus_bildtext_ueberschrift\\\">\\n\n\n<h2>Ihr pers\\u00f6nlicher Einrichter<\\\/h2>\\n<\\\/div>\\n\n\n<div class=\\\"tplus_bildtext_textcontent\\\">Der Ablauf unterscheidet sich von Unternehmen zu Unternehmen - Was jedoch gleich bleibt, ist Ihr Einrichter als fester Ansprechpartner, der in s\\u00e4mtlichen Themen rund um tricoma bis zur Einf\\u00fchrung in Ihrem Betrieb an Ihrer Seite steht. Zusammen mit den Einrichtungsassistenten von tricoma erarbeiten Sie gemeinsam einen Fahrplan zur Liveschaltung. Nat\\u00fcrlich ber\\u00e4t Sie Ihr pers\\u00f6nlicher Einrichter nicht nur per Ticket sondern auf Wunsch auch per Telefon und Teamviewer. Eine gute Kommunikation mit Ihnen ist f\\u00fcr uns das Ma\\u00df einer guten Gesch\\u00e4ftsbeziehung.<\\\/div>\"}},{\"type\":\"button\",\"props\":{\"grid_column_gap\":\"small\",\"grid_row_gap\":\"small\",\"margin\":\"default\"},\"children\":[{\"type\":\"button_item\",\"props\":{\"button_style\":\"danger\",\"icon_align\":\"left\",\"content\":\"Demo\",\"link\":\"https:\\\/\\\/www.tricoma.de\\\/Demoanfrage\\\/\"}}]}]},{\"type\":\"column\",\"props\":{\"image_position\":\"center-center\",\"media_overlay_gradient\":\"\",\"width_medium\":\"2-5\"},\"children\":[{\"type\":\"image\",\"props\":{\"margin\":\"default\",\"image_svg_color\":\"emphasis\",\"image\":\"wp-content\\\/uploads\\\/2021\\\/07\\\/systemeinrichtung_hilfe_tricoma.jpg\"}}]}]}]},{\"type\":\"section\",\"props\":{\"style\":\"default\",\"width\":\"default\",\"vertical_align\":\"middle\",\"title_position\":\"top-left\",\"title_rotation\":\"left\",\"title_breakpoint\":\"xl\",\"image_position\":\"center-center\",\"css\":\".el-section {background-image: linear-gradient( 90deg, #001850 10%, \\t#4dd400 100%);}\"},\"children\":[{\"type\":\"row\",\"props\":{\"match\":true},\"children\":[{\"type\":\"column\",\"props\":{\"image_position\":\"center-center\",\"media_overlay_gradient\":\"\"},\"children\":[{\"type\":\"headline\",\"props\":{\"title_element\":\"h1\",\"content\":\"\n\n<h1 class=\\\"top\\\" style=\\\"text-align: center;\\\"><span style=\\\"color: white;\\\"><strong>PARCEL.ONE Schnittstelle<\\\/strong> <br \\\/>direkt in die tricoma Warenwirtschaft<\\\/span><\\\/h1>\"}}]}]}]},{\"type\":\"section\",\"props\":{\"style\":\"default\",\"width\":\"default\",\"vertical_align\":\"middle\",\"title_position\":\"top-left\",\"title_rotation\":\"left\",\"title_breakpoint\":\"xl\",\"image_position\":\"center-center\"},\"children\":[{\"type\":\"row\",\"props\":{\"layout\":\"1-3,2-3\"},\"children\":[{\"type\":\"column\",\"props\":{\"image_position\":\"center-center\",\"media_overlay_gradient\":\"\",\"width_medium\":\"1-3\"},\"children\":[{\"type\":\"image\",\"props\":{\"margin\":\"default\",\"image_svg_color\":\"emphasis\",\"image\":\"wp-content\\\/uploads\\\/2021\\\/08\\\/modul.jpg\"}},{\"type\":\"text\",\"props\":{\"margin\":\"default\",\"column_breakpoint\":\"m\",\"content\":\"\n\n<p>Automatische nachtr\\u00e4gliche Anpassung der Lieferart in Abh\\u00e4ngigkeit vom jeweiligen Versanddienstleister.<\\\/p>\\n\n\n<p>Abruf aller f\\u00fcr Ihren Account verf\\u00fcgbaren Carrier, Produkte und Services auf Knopfdruck.<\\\/p>\\n\n\n<p>Erstellung von Paketlabeln f\\u00fcr die Umverpackung (erfordert ggf. eine weitere Versand-App).<\\\/p>\"}}]},{\"type\":\"column\",\"props\":{\"image_position\":\"center-center\",\"media_overlay_gradient\":\"\",\"width_medium\":\"2-3\"},\"children\":[{\"type\":\"text\",\"props\":{\"margin\":\"default\",\"column_breakpoint\":\"m\",\"content\":\"\n\n<h2 itemprop=\\\"name\\\">PARCEL.ONE Schnittstelle<\\\/h2>\\n\n\n<p itemprop=\\\"description\\\">Mit dieser App k\\u00f6nnen Sie Adressdaten an PARCEL.ONE \\u00fcbermitteln und so auf direktem Weg Paketlabel erzeugen. Anschlie\\u00dfend k\\u00f6nnen einzelne Lieferungen zusammengefasst und eine Umverpackung an PARCEL.ONE gesendet werden.<\\\/p>\"}},{\"type\":\"image\",\"props\":{\"margin\":\"default\",\"image_svg_color\":\"emphasis\",\"image\":\"wp-content\\\/uploads\\\/2021\\\/08\\\/modul-1.jpg\"}},{\"type\":\"button\",\"props\":{\"grid_column_gap\":\"small\",\"grid_row_gap\":\"small\",\"margin\":\"default\"},\"children\":[{\"type\":\"button_item\",\"props\":{\"button_style\":\"danger\",\"icon_align\":\"left\",\"content\":\"PARCEL.ONE Schnittstelle\",\"link\":\"https:\\\/\\\/www.tricoma.de\\\/Versanddienstleister\\\/ParcelOne-Connector\\\/#AppFeatures\"}}]}]}]}]}],\"version\":\"2.5.4\"} --><\/p>\n","protected":false},"excerpt":{"rendered":"<p>tricoma &#8211; Das ERP System CMS, Warenwirtschaft und CRM in einem PARCEL.ONE Partner tricoma AG Am M\u00fchlbach 197475 Zeil am MainTel: 09521 703131-0 linkedin facebook instagram youtube Einfach und \u00fcberall, dank Cloud Software Onlinehandel, wo immer Sie wollen Durch den modernen Onlinehandel k\u00f6nnen Sie es Ihren Kunden erm\u00f6glichen, zu jeder Tages- und Nachtzeit in Ihrem [&hellip;]<\/p>\n","protected":false},"author":6,"featured_media":0,"parent":0,"menu_order":0,"comment_status":"closed","ping_status":"closed","template":"","meta":{"footnotes":""},"class_list":["post-12736","page","type-page","status-publish","hentry"],"_links":{"self":[{"href":"https:\/\/parcel.one\/es\/wp-json\/wp\/v2\/pages\/12736","targetHints":{"allow":["GET"]}}],"collection":[{"href":"https:\/\/parcel.one\/es\/wp-json\/wp\/v2\/pages"}],"about":[{"href":"https:\/\/parcel.one\/es\/wp-json\/wp\/v2\/types\/page"}],"author":[{"embeddable":true,"href":"https:\/\/parcel.one\/es\/wp-json\/wp\/v2\/users\/6"}],"replies":[{"embeddable":true,"href":"https:\/\/parcel.one\/es\/wp-json\/wp\/v2\/comments?post=12736"}],"version-history":[{"count":0,"href":"https:\/\/parcel.one\/es\/wp-json\/wp\/v2\/pages\/12736\/revisions"}],"wp:attachment":[{"href":"https:\/\/parcel.one\/es\/wp-json\/wp\/v2\/media?parent=12736"}],"curies":[{"name":"wp","href":"https:\/\/api.w.org\/{rel}","templated":true}]}}