{"id":12425,"date":"2018-05-17T09:25:43","date_gmt":"2018-05-17T09:25:43","guid":{"rendered":"https:\/\/parcel.one\/haendlerbund"},"modified":"2021-07-16T11:19:56","modified_gmt":"2021-07-16T11:19:56","slug":"haendlerbund","status":"publish","type":"page","link":"https:\/\/parcel.one\/es\/haendlerbund","title":{"rendered":"H\u00e4ndlerbund"},"content":{"rendered":"<p><a href=\"http:\/\/www.haendlerbund.de\/\"><img decoding=\"async\" src=\"\/wp-content\/uploads\/2019\/11\/haendlerbund-logo-blau.png\" alt=\"Logo H\u00e4ndlerbund\"><\/a><\/p>\n<h1>\n<p>360\u00b0 Red de comercio electr\u00f3nico<\/p>\n<\/h1>\n<div>PARCEL.ONE Partner<\/div>\n<div>\n<h4>H\u00e4ndlerbund Management AG<\/h4>\n<p>Torgauer Stra\u00dfe 233 <br \/>04347 Leipzig <\/p>\n<\/div>\n<ul>\n<li><a href=\"https:\/\/twitter.com\/haendlerbund\">twitter<\/a>\n<\/li>\n<li><a href=\"https:\/\/www.facebook.com\/haendlerbund\">facebook<\/a>\n<\/li>\n<li><a href=\"https:\/\/www.xing.com\/net\/haendlerbund\">xing<\/a>\n<\/li>\n<li><a href=\"https:\/\/www.youtube.com\/haendlerbund\">youtube<\/a>\n<\/li>\n<\/ul>\n<div>\n<p>El H\u00e4ndlerbund es sin\u00f3nimo de comercio electr\u00f3nico a 360\u00b0: una red de servicios diferentes que crece y se desarrolla constantemente. Mientras tanto, la H\u00e4ndlerbund protege 80.000 presencias en l\u00ednea en toda Europa y promueve su profesionalizaci\u00f3n, para que su comercio en l\u00ednea tenga \u00e9xito. Ya desde 8,90\u20ac mensuales (m\u00e1s IVA).<\/p>\n<p>Dependiendo del paquete de afiliaci\u00f3n, los miembros de la H\u00e4ndlerbund se benefician, entre otras cosas, de<\/p>\n<\/div>\n<ul>\n<li>\n<div>\n<p>Textos legales, incluidas las actualizaciones (pie de imprenta, condiciones generales, declaraci\u00f3n de protecci\u00f3n de datos, pol\u00edtica de cancelaci\u00f3n), tambi\u00e9n en 7 idiomas extranjeros<\/p>\n<\/div>\n<\/li>\n<li>\n<div>\n<p>Asistencia en caso de advertencia, gratuita hasta todas las instancias judiciales, incluso a posteriori o en caso de autoinculpaci\u00f3n por parte del comerciante<\/p>\n<\/div>\n<\/li>\n<li>\n<div>\n<p>Asesoramiento jur\u00eddico completo sobre todos los aspectos de su tienda en l\u00ednea, por tel\u00e9fono o por correo electr\u00f3nico<\/p>\n<\/div>\n<\/li>\n<li>\n<div>\n<p>una auditor\u00eda en profundidad de la tienda con un contacto jur\u00eddico personal, para reconocer y eliminar las trampas de advertencia incluso m\u00e1s all\u00e1 de los textos legales<\/p>\n<\/div>\n<\/li>\n<li>\n<div>\n<p>la recopilaci\u00f3n de opiniones de clientes con Shopauskunft &#8211; para un n\u00famero ilimitado de tiendas online<\/p>\n<\/div>\n<\/li>\n<li>\n<div>\n<p>Ayuda con el bloqueo de la cuenta de Amazon &#8211; para una r\u00e1pida reactivaci\u00f3n de su cuenta de Amazon<\/p>\n<\/div>\n<\/li>\n<li>\n<div>\n<p>la soluci\u00f3n gratuita de banners de cookies: una herramienta \u00fatil para la aplicaci\u00f3n de los requisitos legales conforme a la DSGVO.<\/p>\n<\/div>\n<\/li>\n<li>\n<div>\n<p>el sello del comprador, un sello de calidad que refuerza la confianza de los clientes potenciales en su tienda online<\/p>\n<\/div>\n<\/li>\n<li>\n<div>\n<p>una gran red: varias decenas de miles de presencias en l\u00ednea depositan su confianza en el H\u00e4ndlerbund. Numerosos eventos de networking ofrecen la oportunidad de intercambiar ideas con otros miembros<\/p>\n<\/div>\n<\/li>\n<li>\n<div>\n<p>el Campus HB: en los seminarios web, talleres y seminarios recibir\u00e1 consejos, trucos y conocimientos para su negocio diario<\/p>\n<\/div>\n<\/li>\n<li>\n<div>\n<p>Representaci\u00f3n de intereses: la H\u00e4ndlerbund defiende sus derechos como comerciante en l\u00ednea en diversos organismos de toda Europa.<\/p>\n<\/div>\n<\/li>\n<\/ul>\n<blockquote>\n<p><img loading=\"lazy\" decoding=\"async\" class=\"wp-image-7049  alignleft\" src=\"https:\/\/parcel.one\/wp-content\/uploads\/2020\/03\/Portrait_Tim-Arlt-1-300x200.jpg\" alt=\"\" width=\"288\" height=\"192\" \/><\/p>\n<p style=\"font-style: italic;\">&#8220;En la H\u00e4ndlerbund apoyamos a los minoristas online en su profesionalizaci\u00f3n. Precisamente por eso recomendamos socios como PARCEL.ONE, que conocen con precisi\u00f3n los mercados objetivo individuales y permiten una entrega r\u00e1pida y rentable. El apoyo de proveedores de servicios experimentados es enormemente importante para que los comerciantes en l\u00ednea puedan mantener el ritmo y tener \u00e9xito en el comercio electr\u00f3nico a largo plazo&#8221;<\/p>\n<footer>\n<p>        Tim Arlt,<br \/>\n                <cite><a href=\"http:\/\/www.haendlerbund.de\/\">COO H\u00e4ndlerbund<\/a><\/cite><\/p>\n<\/footer>\n<\/blockquote>\n<div>\n<p>Como cliente de PARCEL.ONE, recibir\u00e1 condiciones especiales exclusivas con el H\u00e4ndlerbund. Ahorre tres meses en la cuota anual del primer a\u00f1o con el c\u00f3digo P1042#2017.<\/p>\n<p>Para saber m\u00e1s, haga clic aqu\u00ed: <a href=\"https:\/\/www.haendlerbund.de\">www.haendlerbund.de<\/a><\/p>\n<\/div>\n<div>\n<div>\n<p>Haga clic aqu\u00ed para ver los detalles de las afiliaciones a la H\u00e4ndlerbund\u00a0<\/p>\n<\/p>\n<\/div>\n<p><a href=\"https:\/\/www.haendlerbund.de\/de\/parcelone\">M\u00e1s informaci\u00f3n<\/a><\/p>\n<\/div>\n<p><!--more--><br \/>\n<!-- {\"name\":\"\",\"type\":\"layout\",\"children\":[{\"name\":\"Hero\",\"type\":\"section\",\"props\":{\"style\":\"default\",\"width\":\"default\",\"image_size\":\"cover\",\"image\":\"wp-content\\\/uploads\\\/parcelone-treppe.jpg\",\"text_color\":\"light\",\"height\":\"expand\",\"header_transparent\":\"dark\",\"media_background\":null,\"media_overlay\":\"rgba(255, 255, 255, 0.47)\",\"padding\":\"xsmall\",\"image_position\":\"top-left\",\"vertical_align\":\"middle\",\"title_position\":\"top-left\",\"title_rotation\":\"left\",\"title_breakpoint\":\"xl\"},\"children\":[{\"name\":\"\",\"type\":\"row\",\"children\":[{\"name\":\"\",\"type\":\"column\",\"props\":{\"image_position\":\"center-center\",\"media_overlay_gradient\":\"\",\"width_medium\":\"1-1\"},\"children\":[{\"name\":\"\",\"type\":\"image\",\"props\":{\"margin\":\"default\",\"image\":\"wp-content\\\/uploads\\\/2019\\\/11\\\/haendlerbund-logo-blau.png\",\"image_alt\":\"Logo H\\u00e4ndlerbund\",\"link\":\"http:\\\/\\\/www.haendlerbund.de\\\/\",\"text_align\":\"center\",\"image_width\":\"400\",\"image_svg_color\":\"emphasis\"}},{\"name\":\"\",\"type\":\"headline\",\"props\":{\"title_element\":\"h1\",\"content\":\"\n\n<p>360\\u00b0 Red de comercio electr\\u00f3nico<\\\/p>\",\"text_align\":\"center\",\"title_color\":\"success\"}}]}]}]},{\"name\":\"CV\",\"type\":\"section\",\"props\":{\"style\":\"default\",\"width\":\"default\",\"image_size\":\"cover\",\"padding\":\"small\",\"animation\":\"fade\",\"animation_delay\":false,\"image_position\":\"center-center\",\"vertical_align\":\"middle\",\"title_position\":\"top-left\",\"title_rotation\":\"left\",\"title_breakpoint\":\"xl\",\"padding_remove_bottom\":false},\"children\":[{\"name\":\"\",\"type\":\"row\",\"props\":{\"layout\":\"1-4,3-4\",\"column_gap\":\"large\",\"row_gap\":\"large\"},\"children\":[{\"name\":\"\",\"type\":\"column\",\"props\":{\"image_position\":\"center-center\",\"media_overlay_gradient\":\"\",\"width_medium\":\"1-4\"},\"children\":[{\"name\":\"\",\"type\":\"text\",\"props\":{\"column_breakpoint\":\"m\",\"margin\":\"small\",\"content\":\"PARCEL.ONE Partner\",\"text_size\":\"small\"}},{\"name\":\"\",\"type\":\"text\",\"props\":{\"column_breakpoint\":\"m\",\"margin\":\"medium\",\"content\":\"\n\n<h4>H\\u00e4ndlerbund Management AG<\\\/h4>\\n\n\n<p>Torgauer Stra\\u00dfe 233 <br \\\/>04347 Leipzig <br \\\/><br \\\/>\",\"margin_remove_top\":true,\"text_size\":\"small\"}},{\"name\":\"\",\"type\":\"social\",\"props\":{\"link_style\":\"link\",\"margin\":\"default\",\"link_target\":true,\"icon_width\":20,\"grid_gap\":\"medium\",\"grid\":\"horizontal\"},\"children\":[{\"type\":\"social_item\",\"props\":{\"link\":\"https:\\\/\\\/twitter.com\\\/haendlerbund\"}},{\"type\":\"social_item\",\"props\":{\"link\":\"https:\\\/\\\/www.facebook.com\\\/haendlerbund\"}},{\"type\":\"social_item\",\"props\":{\"link\":\"https:\\\/\\\/www.xing.com\\\/net\\\/haendlerbund\"}},{\"type\":\"social_item\",\"props\":{\"link\":\"https:\\\/\\\/www.youtube.com\\\/haendlerbund\"}}]}]},{\"name\":\"\",\"type\":\"column\",\"props\":{\"image_position\":\"center-center\",\"media_overlay_gradient\":\"\",\"width_medium\":\"3-4\"},\"children\":[{\"name\":\"\",\"type\":\"text\",\"props\":{\"column_breakpoint\":\"m\",\"margin\":\"default\",\"content\":\"\n\n<p>El H\\u00e4ndlerbund es sin\\u00f3nimo de comercio electr\\u00f3nico a 360\\u00b0: una red de servicios diferentes que crece y se desarrolla constantemente. Mientras tanto, la H\\u00e4ndlerbund protege 80.000 presencias en l\\u00ednea en toda Europa y promueve su profesionalizaci\\u00f3n, para que su comercio en l\\u00ednea tenga \\u00e9xito. Ya desde 8,90\\u20ac mensuales (m\\u00e1s IVA).<\\\/p>\\n\n\n<p>Dependiendo del paquete de afiliaci\\u00f3n, los miembros de la H\\u00e4ndlerbund se benefician, entre otras cosas, de<\\\/p>\",\"text_size\":\"large\"}},{\"name\":\"\",\"type\":\"list\",\"props\":{\"show_image\":true,\"show_link\":true,\"image_align\":\"left\",\"content_style\":\"muted\",\"text_align\":\"left\",\"text_align_breakpoint\":\"m\",\"text_align_fallback\":\"center\",\"animation\":\"slide-right\",\"image_svg_color\":\"emphasis\",\"image_vertical_align\":true,\"list_size\":\"\",\"icon_width\":40,\"list_element\":\"ul\",\"column_breakpoint\":\"m\"},\"children\":[{\"name\":\"\",\"type\":\"list_item\",\"props\":{\"content\":\"\n\n<p>Textos legales, incluidas las actualizaciones (pie de imprenta, condiciones generales, declaraci\\u00f3n de protecci\\u00f3n de datos, pol\\u00edtica de cancelaci\\u00f3n), tambi\\u00e9n en 7 idiomas extranjeros<\\\/p>\",\"icon\":\"check\",\"icon_color\":\"danger\"}},{\"name\":\"\",\"type\":\"list_item\",\"props\":{\"content\":\"\n\n<p>Asistencia en caso de advertencia, gratuita hasta todas las instancias judiciales, incluso a posteriori o en caso de autoinculpaci\\u00f3n por parte del comerciante<\\\/p>\",\"icon\":\"check\",\"icon_color\":\"danger\"}},{\"name\":\"\",\"type\":\"list_item\",\"props\":{\"content\":\"\n\n<p>Asesoramiento jur\\u00eddico completo sobre todos los aspectos de su tienda en l\\u00ednea, por tel\\u00e9fono o por correo electr\\u00f3nico<\\\/p>\",\"icon\":\"check\",\"icon_color\":\"danger\"}},{\"name\":\"\",\"type\":\"list_item\",\"props\":{\"content\":\"\n\n<p>una auditor\\u00eda en profundidad de la tienda con un contacto jur\\u00eddico personal, para reconocer y eliminar las trampas de advertencia incluso m\\u00e1s all\\u00e1 de los textos legales<\\\/p>\",\"icon\":\"check\",\"icon_color\":\"danger\"}},{\"name\":\"\",\"type\":\"list_item\",\"props\":{\"content\":\"\n\n<p>la recopilaci\\u00f3n de opiniones de clientes con Shopauskunft - para un n\\u00famero ilimitado de tiendas online<\\\/p>\",\"icon\":\"check\",\"icon_color\":\"danger\"}},{\"name\":\"\",\"type\":\"list_item\",\"props\":{\"content\":\"\n\n<p>Ayuda con el bloqueo de la cuenta de Amazon - para una r\\u00e1pida reactivaci\\u00f3n de su cuenta de Amazon<\\\/p>\",\"icon\":\"check\",\"icon_color\":\"danger\"}},{\"name\":\"\",\"type\":\"list_item\",\"props\":{\"content\":\"\n\n<p>la soluci\\u00f3n gratuita de banners de cookies: una herramienta \\u00fatil para la aplicaci\\u00f3n de los requisitos legales conforme a la DSGVO.<\\\/p>\",\"icon\":\"check\",\"icon_color\":\"danger\"}},{\"type\":\"list_item\",\"props\":{\"icon_color\":\"danger\",\"content\":\"\n\n<p>el sello del comprador, un sello de calidad que refuerza la confianza de los clientes potenciales en su tienda online<\\\/p>\",\"icon\":\"check\"}},{\"type\":\"list_item\",\"props\":{\"icon_color\":\"danger\",\"content\":\"\n\n<p>una gran red: varias decenas de miles de presencias en l\\u00ednea depositan su confianza en el H\\u00e4ndlerbund. Numerosos eventos de networking ofrecen la oportunidad de intercambiar ideas con otros miembros<\\\/p>\",\"icon\":\"check\"}},{\"type\":\"list_item\",\"props\":{\"icon_color\":\"danger\",\"content\":\"\n\n<p>el Campus HB: en los seminarios web, talleres y seminarios recibir\\u00e1 consejos, trucos y conocimientos para su negocio diario<\\\/p>\",\"icon\":\"check\"}},{\"type\":\"list_item\",\"props\":{\"icon_color\":\"danger\",\"content\":\"\n\n<p>Representaci\\u00f3n de intereses: la H\\u00e4ndlerbund defiende sus derechos como comerciante en l\\u00ednea en diversos organismos de toda Europa.<\\\/p>\",\"icon\":\"check\"}}]}]}]}]},{\"name\":\"Jetzt Newsletter\",\"type\":\"section\",\"props\":{\"style\":\"default\",\"width\":\"default\",\"image_size\":\"cover\",\"padding\":\"small\",\"text_color\":\"light\",\"image\":\"\",\"preserve_color\":false,\"image_position\":\"center-center\",\"css\":\".el-section {background-color:#efefef;}\",\"padding_remove_top\":false,\"vertical_align\":\"middle\",\"title_position\":\"top-left\",\"title_rotation\":\"left\",\"title_breakpoint\":\"xl\"},\"children\":[{\"name\":\"\",\"type\":\"row\",\"props\":{\"width\":\"expand\",\"margin\":\"medium\",\"vertical_align\":true},\"children\":[{\"name\":\"\",\"type\":\"column\",\"props\":{\"image_position\":\"center-center\",\"vertical_align\":\"middle\",\"media_overlay_gradient\":\"\",\"width_medium\":\"1-1\"},\"children\":[{\"name\":\"\",\"type\":\"quotation\",\"props\":{\"content\":\"\n\n<p><img class=\\\"wp-image-7049  alignleft\\\" src=\\\"https:\\\/\\\/parcel.one\\\/wp-content\\\/uploads\\\/2020\\\/03\\\/Portrait_Tim-Arlt-1-300x200.jpg\\\" alt=\\\"\\\" width=\\\"288\\\" height=\\\"192\\\" \\\/><\\\/p>\\n\n\n<p style=\\\"font-style: italic;\\\">\\\"En la H\\u00e4ndlerbund apoyamos a los minoristas online en su profesionalizaci\\u00f3n. Precisamente por eso recomendamos socios como PARCEL.ONE, que conocen con precisi\\u00f3n los mercados objetivo individuales y permiten una entrega r\\u00e1pida y rentable. El apoyo de proveedores de servicios experimentados es enormemente importante para que los comerciantes en l\\u00ednea puedan mantener el ritmo y tener \\u00e9xito en el comercio electr\\u00f3nico a largo plazo\\\"<\\\/p>\",\"author\":\"COO H\\u00e4ndlerbund\",\"footer\":\"Tim Arlt,\",\"link\":\"http:\\\/\\\/www.haendlerbund.de\\\/\",\"link_target\":true,\"link_style\":\"text\"}}]}]}]},{\"type\":\"section\",\"props\":{\"style\":\"default\",\"width\":\"default\",\"vertical_align\":\"middle\",\"title_position\":\"top-left\",\"title_rotation\":\"left\",\"title_breakpoint\":\"xl\",\"image_position\":\"center-center\",\"padding\":\"small\",\"padding_remove_bottom\":false,\"padding_remove_top\":false},\"children\":[{\"type\":\"row\",\"props\":{\"layout\":\"1-4,3-4\"},\"children\":[{\"type\":\"column\",\"props\":{\"image_position\":\"center-center\",\"media_overlay_gradient\":\"\",\"width_medium\":\"1-4\"},\"children\":[]},{\"type\":\"column\",\"props\":{\"image_position\":\"center-center\",\"media_overlay_gradient\":\"\",\"width_medium\":\"3-4\"},\"children\":[{\"name\":\"\",\"type\":\"text\",\"props\":{\"column_breakpoint\":\"m\",\"margin\":\"default\",\"content\":\"\n\n<p>Como cliente de PARCEL.ONE, recibir\\u00e1 condiciones especiales exclusivas con el H\\u00e4ndlerbund. Ahorre tres meses en la cuota anual del primer a\\u00f1o con el c\\u00f3digo P1042#2017.<\\\/p>\\n\n\n<p>Para saber m\\u00e1s, haga clic aqu\\u00ed: <a href=\\\"https:\\\/\\\/www.haendlerbund.de\\\">www.haendlerbund.de<\\\/a><\\\/p>\",\"text_size\":\"large\"}},{\"name\":\"\",\"type\":\"grid\",\"props\":{\"show_title\":true,\"show_meta\":true,\"show_content\":true,\"show_image\":true,\"show_link\":true,\"grid_default\":\"1\",\"grid_medium\":\"1\",\"title_element\":\"h3\",\"meta_style\":\"\",\"meta_align\":\"below-title\",\"image_align\":\"left\",\"image_grid_width\":\"small\",\"link_text\":\"M\\u00e1s informaci\\u00f3n\",\"link_style\":\"danger\",\"margin\":\"default\",\"panel_style\":\"card-default\",\"content_style\":\"lead\",\"title_color\":\"danger\",\"grid_small\":\"1\",\"grid_large\":\"1\",\"grid_xlarge\":\"1\",\"meta_color\":\"muted\",\"filter_style\":\"tab\",\"filter_all\":true,\"filter_position\":\"top\",\"filter_align\":\"left\",\"filter_grid_width\":\"auto\",\"image_svg_color\":\"emphasis\",\"item_animation\":true,\"grid_column_gap\":\"collapse\",\"grid_row_gap\":\"collapse\",\"filter_grid_breakpoint\":\"m\",\"image_grid_breakpoint\":\"m\",\"title_hover_style\":\"reset\",\"title_align\":\"top\",\"title_grid_width\":\"1-2\",\"title_grid_breakpoint\":\"m\",\"icon_width\":80,\"meta_element\":\"div\",\"content_column_breakpoint\":\"m\"},\"children\":[{\"name\":\"\",\"type\":\"grid_item\",\"props\":{\"content\":\"\n\n<p>Haga clic aqu\\u00ed para ver los detalles de las afiliaciones a la H\\u00e4ndlerbund\\u00a0<\\\/p>\\n\n\n<p><\\\/p>\",\"icon\":\"cart\",\"image\":\"\",\"link\":\"https:\\\/\\\/www.haendlerbund.de\\\/de\\\/parcelone\"}}]}]}]}]},{\"name\":\"Jetzt Newsletter\",\"type\":\"section\",\"props\":{\"style\":\"default\",\"width\":\"default\",\"image_size\":\"cover\",\"padding\":\"small\",\"text_color\":\"light\",\"image\":\"\",\"preserve_color\":false,\"image_position\":\"center-center\",\"css\":\".el-section {background-color:#efefef;}\",\"padding_remove_top\":false,\"vertical_align\":\"middle\",\"title_position\":\"top-left\",\"title_rotation\":\"left\",\"title_breakpoint\":\"xl\"},\"children\":[{\"name\":\"\",\"type\":\"row\",\"props\":{\"layout\":\"3-4,1-4\",\"width\":\"expand\",\"margin\":\"medium\",\"vertical_align\":true},\"children\":[{\"name\":\"\",\"type\":\"column\",\"props\":{\"image_position\":\"center-center\",\"vertical_align\":\"middle\",\"media_overlay_gradient\":\"\",\"width_medium\":\"3-4\"}},{\"name\":\"\",\"type\":\"column\",\"props\":{\"image_position\":\"center-center\",\"vertical_align\":\"middle\",\"media_overlay_gradient\":\"\",\"width_medium\":\"1-4\"}}]}]}],\"version\":\"2.5.4\"} --><\/p>\n","protected":false},"excerpt":{"rendered":"<p>360\u00b0 Red de comercio electr\u00f3nico PARCEL.ONE Partner H\u00e4ndlerbund Management AG Torgauer Stra\u00dfe 233 04347 Leipzig twitter facebook xing youtube El H\u00e4ndlerbund es sin\u00f3nimo de comercio electr\u00f3nico a 360\u00b0: una red de servicios diferentes que crece y se desarrolla constantemente. Mientras tanto, la H\u00e4ndlerbund protege 80.000 presencias en l\u00ednea en toda Europa y promueve su profesionalizaci\u00f3n, [&hellip;]<\/p>\n","protected":false},"author":1,"featured_media":0,"parent":0,"menu_order":0,"comment_status":"closed","ping_status":"closed","template":"","meta":{"footnotes":""},"class_list":["post-12425","page","type-page","status-publish","hentry"],"_links":{"self":[{"href":"https:\/\/parcel.one\/es\/wp-json\/wp\/v2\/pages\/12425","targetHints":{"allow":["GET"]}}],"collection":[{"href":"https:\/\/parcel.one\/es\/wp-json\/wp\/v2\/pages"}],"about":[{"href":"https:\/\/parcel.one\/es\/wp-json\/wp\/v2\/types\/page"}],"author":[{"embeddable":true,"href":"https:\/\/parcel.one\/es\/wp-json\/wp\/v2\/users\/1"}],"replies":[{"embeddable":true,"href":"https:\/\/parcel.one\/es\/wp-json\/wp\/v2\/comments?post=12425"}],"version-history":[{"count":0,"href":"https:\/\/parcel.one\/es\/wp-json\/wp\/v2\/pages\/12425\/revisions"}],"wp:attachment":[{"href":"https:\/\/parcel.one\/es\/wp-json\/wp\/v2\/media?parent=12425"}],"curies":[{"name":"wp","href":"https:\/\/api.w.org\/{rel}","templated":true}]}}