{"id":12417,"date":"2017-09-28T12:17:31","date_gmt":"2017-09-28T12:17:31","guid":{"rendered":"https:\/\/parcel.one\/pixi"},"modified":"2021-07-16T09:54:57","modified_gmt":"2021-07-16T09:54:57","slug":"pixi","status":"publish","type":"page","link":"https:\/\/parcel.one\/es\/pixi","title":{"rendered":"Pixi"},"content":{"rendered":"<p><a href=\"https:\/\/www.shipcloud.io\/?utm_source=parcel.one&#038;utm_campaign=partnerseite\"><img decoding=\"async\" src=\"\/wp-content\/uploads\/2020\/01\/Descartes-pixi-Logo.png\" alt=\"Logo shipcloud\"><\/a><\/p>\n<h1>La gesti\u00f3n de mercanc\u00edas del comercio electr\u00f3nico<\/h1>\n<div>PARCEL.ONE Partner<\/div>\n<div>\n<h4>DESCARTES SYSTEMS (GERMANY) GMBH<\/h4>\n<p>Martin-Luther-Ring 13<br \/>D-04109 Leipzig<\/p>\n<\/div>\n<ul>\n<li><a href=\"https:\/\/twitter.com\/pixi_software\">twitter<\/a>\n<\/li>\n<li><a href=\"https:\/\/www.facebook.com\/pixi.versandhandelssoftware\">facebook<\/a>\n<\/li>\n<li><a href=\"https:\/\/vimeo.com\/user3625852\">vimeo<\/a>\n<\/li>\n<li><a href=\"https:\/\/www.pixi.eu\/\">social<\/a>\n<\/li>\n<\/ul>\n<div>\n<p>Como miembro del <a href=\"https:\/\/www.descartes.com\/\"> Descartes Systems Group<\/a>,<\/p>\n<p>Descartes Systems (Alemania) GmbH es uno de los principales fabricantes de software de gesti\u00f3n de mercanc\u00edas y soluciones de log\u00edstica de almac\u00e9n en el comercio electr\u00f3nico.<\/p>\n<p>Con las soluciones pixi WMS y pixi ERP, Descartes cubre todos los procesos de backend de comercio electr\u00f3nico y omnicanal de una empresa de comercio electr\u00f3nico, desde los pedidos de los clientes hasta los procesos de recogida y embalaje con c\u00f3digo de barras en el almac\u00e9n, el env\u00edo y el seguimiento de los env\u00edos hasta la facturaci\u00f3n. Adem\u00e1s, pixi Fulfillment permite la transparencia y la flexibilidad de la subcontrataci\u00f3n profesional. Gracias a una arquitectura modular, a los servicios web y a las interfaces est\u00e1ndar, pixi puede integrarse sin problemas en los sistemas ERP existentes y conectarse a los mercados, las tiendas y las soluciones industriales.<\/p>\n<p>M\u00e1s de 300 empresas -entre las que se encuentran los principales actores en l\u00ednea, fabricantes, minoristas, mayoristas y empresas de cumplimiento- como Arktis.de, Design3000.de, Calida.com y Seidensticker.com utilizan con \u00e9xito las soluciones de pixi.<\/p>\n<p>El uso de pixi se ha amortizado de media entre 8 y 15 meses para todos los clientes.<\/p>\n<p>La cartera pixi:<\/p>\n<\/div>\n<ul>\n<li>\n<div>\n<p>Procesos inteligentes de almacenamiento y log\u00edstica<\/p>\n<\/div>\n<\/li>\n<li>\n<div>\n<p>Automatizaci\u00f3n de la importaci\u00f3n de pedidos, procesamiento de pagos, preparaci\u00f3n de pedidos y env\u00edo<\/p>\n<\/div>\n<\/li>\n<li>\n<div>\n<p>Volver a Gesti\u00f3n por Excelencia<\/p>\n<\/div>\n<\/li>\n<li>\n<div>\n<p>Interfaces de tienda est\u00e1ndar para Shopware, OXID, Magento y muchos m\u00e1s<\/p>\n<\/div>\n<\/li>\n<li>\n<div>\n<p>Ampliaci\u00f3n flexible del sistema seg\u00fan las necesidades<\/p>\n<\/div>\n<\/li>\n<\/ul>\n<div>\n<p>Mehr unter <a href=\"http:\/\/www.pixi.eu\/\" target=\"blank\">www.pixi.eu<\/a><\/p>\n<\/div>\n<hr>\n<blockquote>\n<p><img loading=\"lazy\" decoding=\"async\" class=\" wp-image-6710 alignleft\" src=\"https:\/\/parcel.one\/wp-content\/uploads\/2020\/01\/dh_Pixi_Mitarbeiter_M\u00fcnchen_philpham_PPP_9678-200x300.jpg\" alt=\"\" width=\"114\" height=\"171\" srcset=\"https:\/\/parcel.one\/wp-content\/uploads\/2020\/01\/dh_Pixi_Mitarbeiter_M\u00fcnchen_philpham_PPP_9678-200x300.jpg 200w, https:\/\/parcel.one\/wp-content\/uploads\/2020\/01\/dh_Pixi_Mitarbeiter_M\u00fcnchen_philpham_PPP_9678-684x1024.jpg 684w, https:\/\/parcel.one\/wp-content\/uploads\/2020\/01\/dh_Pixi_Mitarbeiter_M\u00fcnchen_philpham_PPP_9678-768x1151.jpg 768w, https:\/\/parcel.one\/wp-content\/uploads\/2020\/01\/dh_Pixi_Mitarbeiter_M\u00fcnchen_philpham_PPP_9678-1025x1536.jpg 1025w, https:\/\/parcel.one\/wp-content\/uploads\/2020\/01\/dh_Pixi_Mitarbeiter_M\u00fcnchen_philpham_PPP_9678-1367x2048.jpg 1367w, https:\/\/parcel.one\/wp-content\/uploads\/2020\/01\/dh_Pixi_Mitarbeiter_M\u00fcnchen_philpham_PPP_9678-scaled.jpg 1709w\" sizes=\"(max-width: 114px) 100vw, 114px\" \/><\/p>\n<p style=\"font-style: italic;\">&#8220;Como expertos en el campo de la cadena de suministro del comercio electr\u00f3nico, en pixi siempre buscamos complementar nuestra soluci\u00f3n con soluciones de socios adecuados y profesionales. Por lo tanto, nos basamos en una interacci\u00f3n inteligente entre pixi y Parcel.One. Con su soluci\u00f3n transfronteriza, Parcel.one complementa la soluci\u00f3n de gesti\u00f3n de mercanc\u00edas de pixi con un bloque de construcci\u00f3n adecuado para el \u00e9xito internacional de nuestros clientes.&#8221;<\/p>\n<footer>\n<p>        Dirk Haschke<br \/>\n                <cite><a href=\"https:\/\/www.pixi.eu\/\">&#8211; Vice President &#038; General Manager Descartes pixi<\/a><\/cite><\/p>\n<\/footer>\n<\/blockquote>\n<hr>\n<h3>Reduzca los costes del proceso desde el primer d\u00eda<\/h3>\n<ul>\n<li>\n<h2>42%<\/h2>\n<div>\n<p>Hasta un 42% de aumento en la velocidad de entrega<\/p>\n<\/div>\n<\/li>\n<li>\n<h2>0%<\/h2>\n<div>\n<p>Tasa de error de casi el 0% en el procesamiento de pedidos<\/p>\n<\/div>\n<\/li>\n<li>\n<h2>323%<\/h2>\n<div>\n<p>M\u00e1s paquetes enviados por empleado<\/p>\n<\/div>\n<\/li>\n<li>\n<h2>49%<\/h2>\n<div>\n<p>Procesamiento de devoluciones hasta un 49% m\u00e1s r\u00e1pido<\/p>\n<\/div>\n<\/li>\n<\/ul>\n<p>\n    <a href=\"https:\/\/www.pixi.eu\/was-ist-pixi\/?utm_source=startpage&#038;utm_medium=button&#038;utm_campaign=kpis\">M\u00e1s informaci\u00f3n<\/a>\n<\/p>\n<div>\n<h2 class=\"p1\" data-fontsize=\"32\" data-lineheight=\"48\"><span>\u00c1mbito de funciones <\/span>Descartes pixi<\/h2>\n<\/div>\n<div>\n<div class=\"fusion-text\">\n<p>\u00a1Crezca m\u00e1s all\u00e1 de los l\u00edmites! Porque pixi ofrece la soluci\u00f3n adecuada para cada uno de sus retos actuales y futuros.<br \/>Elija qu\u00e9 \u00e1reas del procesamiento de pedidos de comercio electr\u00f3nico desea dise\u00f1ar de forma centralizada y eficiente. Las estad\u00edsticas y los an\u00e1lisis claros le proporcionan informaci\u00f3n sobre los pedidos, los art\u00edculos ABC y los KPI.<\/p>\n<p>Con las soluciones pixi de Descartes, el crecimiento ilimitado ya est\u00e1 disponible desde el principio.<\/p>\n<\/div>\n<\/div>\n<p><img decoding=\"async\" src=\"\/wp-content\/uploads\/2020\/01\/Infografik-Descartes-pixi-Funktionsumfang.png\" alt=\"\"><\/p>\n<p><!--more--><br \/>\n<!-- {\"name\":\"\",\"type\":\"layout\",\"children\":[{\"name\":\"Hero\",\"type\":\"section\",\"props\":{\"style\":\"default\",\"width\":\"default\",\"image_size\":\"cover\",\"image\":\"wp-content\\\/uploads\\\/2020\\\/01\\\/Webinar-Descartes-pixi-Ziele-Kosten-und-Gr\\u00fcnde-f\\u00fcr-Ihre-E-Commerce-Wachstumsstrategie.jpg\",\"text_color\":\"light\",\"height\":\"expand\",\"header_transparent\":\"dark\",\"media_background\":null,\"media_overlay\":\"rgba(255, 255, 255, 0.47)\",\"padding\":\"small\",\"image_position\":\"top-left\",\"vertical_align\":\"middle\",\"title_position\":\"top-left\",\"title_rotation\":\"left\",\"title_breakpoint\":\"xl\"},\"children\":[{\"name\":\"\",\"type\":\"row\",\"children\":[{\"name\":\"\",\"type\":\"column\",\"props\":{\"image_position\":\"center-center\",\"media_overlay_gradient\":\"\",\"width_medium\":\"1-1\"},\"children\":[{\"name\":\"\",\"type\":\"image\",\"props\":{\"margin\":\"default\",\"image\":\"wp-content\\\/uploads\\\/2020\\\/01\\\/Descartes-pixi-Logo.png\",\"image_alt\":\"Logo shipcloud\",\"link\":\"https:\\\/\\\/www.shipcloud.io\\\/?utm_source=parcel.one&utm_campaign=partnerseite\",\"text_align\":\"center\",\"image_svg_color\":\"emphasis\"}},{\"name\":\"\",\"type\":\"headline\",\"props\":{\"title_element\":\"h1\",\"content\":\"La gesti\\u00f3n de mercanc\\u00edas del comercio electr\\u00f3nico\",\"text_align\":\"center\",\"title_style\":\"heading-small\",\"title_color\":\"success\"}}]}]}]},{\"name\":\"CV\",\"type\":\"section\",\"props\":{\"style\":\"default\",\"width\":\"default\",\"image_size\":\"cover\",\"padding\":\"large\",\"animation\":\"fade\",\"animation_delay\":false,\"image_position\":\"center-center\",\"vertical_align\":\"middle\",\"title_position\":\"top-left\",\"title_rotation\":\"left\",\"title_breakpoint\":\"xl\",\"padding_remove_bottom\":true},\"children\":[{\"name\":\"\",\"type\":\"row\",\"props\":{\"layout\":\"1-4,3-4\",\"column_gap\":\"large\",\"row_gap\":\"large\"},\"children\":[{\"name\":\"\",\"type\":\"column\",\"props\":{\"image_position\":\"center-center\",\"media_overlay_gradient\":\"\",\"width_medium\":\"1-4\"},\"children\":[{\"name\":\"\",\"type\":\"text\",\"props\":{\"column_breakpoint\":\"m\",\"margin\":\"small\",\"content\":\"PARCEL.ONE Partner\",\"text_size\":\"small\"}},{\"name\":\"\",\"type\":\"text\",\"props\":{\"column_breakpoint\":\"m\",\"margin\":\"medium\",\"content\":\"\n\n<h4>DESCARTES SYSTEMS (GERMANY) GMBH<\\\/h4>\\n\n\n<p>Martin-Luther-Ring 13<br \\\/>D-04109 Leipzig<\\\/p>\",\"margin_remove_top\":true,\"text_size\":\"small\"}},{\"name\":\"\",\"type\":\"social\",\"props\":{\"link_style\":\"link\",\"margin\":\"default\",\"link_target\":true,\"icon_width\":20,\"grid_gap\":\"medium\",\"grid\":\"horizontal\"},\"children\":[{\"type\":\"social_item\",\"props\":{\"link\":\"https:\\\/\\\/twitter.com\\\/pixi_software\"}},{\"type\":\"social_item\",\"props\":{\"link\":\"https:\\\/\\\/www.facebook.com\\\/pixi.versandhandelssoftware\"}},{\"type\":\"social_item\",\"props\":{\"link\":\"https:\\\/\\\/vimeo.com\\\/user3625852\"}},{\"type\":\"social_item\",\"props\":{\"link\":\"https:\\\/\\\/www.pixi.eu\\\/\"}}]}]},{\"name\":\"\",\"type\":\"column\",\"props\":{\"image_position\":\"center-center\",\"media_overlay_gradient\":\"\",\"width_medium\":\"3-4\"},\"children\":[{\"name\":\"\",\"type\":\"text\",\"props\":{\"column_breakpoint\":\"m\",\"margin\":\"default\",\"content\":\"\n\n<p>Como miembro del <a href=\\\"https:\\\/\\\/www.descartes.com\\\/\\\"> Descartes Systems Group<\\\/a>,<\\\/p>\\n\n\n<p>Descartes Systems (Alemania) GmbH es uno de los principales fabricantes de software de gesti\\u00f3n de mercanc\\u00edas y soluciones de log\\u00edstica de almac\\u00e9n en el comercio electr\\u00f3nico.<\\\/p>\\n\n\n<p>Con las soluciones pixi WMS y pixi ERP, Descartes cubre todos los procesos de backend de comercio electr\\u00f3nico y omnicanal de una empresa de comercio electr\\u00f3nico, desde los pedidos de los clientes hasta los procesos de recogida y embalaje con c\\u00f3digo de barras en el almac\\u00e9n, el env\\u00edo y el seguimiento de los env\\u00edos hasta la facturaci\\u00f3n. Adem\\u00e1s, pixi Fulfillment permite la transparencia y la flexibilidad de la subcontrataci\\u00f3n profesional. Gracias a una arquitectura modular, a los servicios web y a las interfaces est\\u00e1ndar, pixi puede integrarse sin problemas en los sistemas ERP existentes y conectarse a los mercados, las tiendas y las soluciones industriales.<\\\/p>\\n\n\n<p>M\\u00e1s de 300 empresas -entre las que se encuentran los principales actores en l\\u00ednea, fabricantes, minoristas, mayoristas y empresas de cumplimiento- como Arktis.de, Design3000.de, Calida.com y Seidensticker.com utilizan con \\u00e9xito las soluciones de pixi.<\\\/p>\\n\n\n<p>El uso de pixi se ha amortizado de media entre 8 y 15 meses para todos los clientes.<\\\/p>\\n\n\n<p>La cartera pixi:<\\\/p>\",\"text_size\":\"large\"}},{\"name\":\"\",\"type\":\"list\",\"props\":{\"show_image\":true,\"show_link\":true,\"image_align\":\"left\",\"content_style\":null,\"image_svg_color\":\"emphasis\",\"image_vertical_align\":true,\"icon_color\":\"success\",\"list_size\":\"\",\"list_element\":\"ul\",\"column_breakpoint\":\"m\"},\"children\":[{\"name\":\"\",\"type\":\"list_item\",\"props\":{\"content\":\"\n\n<p>Procesos inteligentes de almacenamiento y log\\u00edstica<\\\/p>\",\"icon\":\"star\"}},{\"name\":\"\",\"type\":\"list_item\",\"props\":{\"content\":\"\n\n<p>Automatizaci\\u00f3n de la importaci\\u00f3n de pedidos, procesamiento de pagos, preparaci\\u00f3n de pedidos y env\\u00edo<\\\/p>\",\"icon\":\"star\"}},{\"name\":\"\",\"type\":\"list_item\",\"props\":{\"content\":\"\n\n<p>Volver a Gesti\\u00f3n por Excelencia<\\\/p>\",\"icon\":\"star\"}},{\"name\":\"\",\"type\":\"list_item\",\"props\":{\"content\":\"\n\n<p>Interfaces de tienda est\\u00e1ndar para Shopware, OXID, Magento y muchos m\\u00e1s<\\\/p>\",\"icon\":\"star\"}},{\"name\":\"\",\"type\":\"list_item\",\"props\":{\"content\":\"\n\n<p>Ampliaci\\u00f3n flexible del sistema seg\\u00fan las necesidades<\\\/p>\",\"icon\":\"star\"}}]},{\"name\":\"\",\"type\":\"text\",\"props\":{\"column_breakpoint\":\"m\",\"margin\":\"default\",\"content\":\"\n\n<p>Mehr unter <a href=\\\"http:\\\/\\\/www.pixi.eu\\\/\\\" target=\\\"blank\\\">www.pixi.eu<\\\/a><\\\/p>\\n\\n\",\"text_size\":\"large\"}}]}]}]},{\"type\":\"section\",\"props\":{\"style\":\"default\",\"width\":\"default\",\"vertical_align\":\"middle\",\"title_position\":\"top-left\",\"title_rotation\":\"left\",\"title_breakpoint\":\"xl\",\"image_position\":\"center-center\",\"padding_remove_top\":true},\"children\":[{\"type\":\"row\",\"children\":[{\"type\":\"column\",\"props\":{\"image_position\":\"center-center\",\"media_overlay_gradient\":\"\",\"width_medium\":\"1-1\"},\"children\":[{\"name\":\"\",\"type\":\"divider\",\"props\":{\"divider_element\":\"hr\",\"margin\":\"large\"}},{\"name\":\"\",\"type\":\"quotation\",\"props\":{\"content\":\"\n\n<p><img class=\\\" wp-image-6710 alignleft\\\" src=\\\"https:\\\/\\\/parcel.one\\\/wp-content\\\/uploads\\\/2020\\\/01\\\/dh_Pixi_Mitarbeiter_M\\u00fcnchen_philpham_PPP_9678-200x300.jpg\\\" alt=\\\"\\\" width=\\\"114\\\" height=\\\"171\\\" \\\/><\\\/p>\\n\n\n<p style=\\\"font-style: italic;\\\">\\\"Como expertos en el campo de la cadena de suministro del comercio electr\\u00f3nico, en pixi siempre buscamos complementar nuestra soluci\\u00f3n con soluciones de socios adecuados y profesionales. Por lo tanto, nos basamos en una interacci\\u00f3n inteligente entre pixi y Parcel.One. Con su soluci\\u00f3n transfronteriza, Parcel.one complementa la soluci\\u00f3n de gesti\\u00f3n de mercanc\\u00edas de pixi con un bloque de construcci\\u00f3n adecuado para el \\u00e9xito internacional de nuestros clientes.\\\"<\\\/p>\",\"author\":\"- Vice President & General Manager Descartes pixi\",\"footer\":\"Dirk Haschke\",\"link\":\"https:\\\/\\\/www.pixi.eu\\\/\",\"link_target\":true,\"link_style\":\"text\"}},{\"name\":\"\",\"type\":\"divider\",\"props\":{\"divider_element\":\"hr\"}}]}]}]},{\"name\":\"\",\"type\":\"section\",\"props\":{\"style\":\"primary\",\"width\":\"default\",\"vertical_align\":\"middle\",\"title_position\":\"top-left\",\"title_rotation\":\"left\",\"title_breakpoint\":\"xl\",\"image_position\":\"center-center\"},\"children\":[{\"name\":\"\",\"type\":\"row\",\"props\":{\"layout\":\"1-4,3-4\"},\"children\":[{\"name\":\"\",\"type\":\"column\",\"props\":{\"image_position\":\"center-center\",\"media_overlay_gradient\":\"\",\"width_medium\":\"1-4\"},\"children\":[{\"name\":\"\",\"type\":\"headline\",\"props\":{\"title_element\":\"h3\",\"content\":\"Reduzca los costes del proceso desde el primer d\\u00eda\",\"title_style\":\"h3\",\"title_color\":\"warning\"}}]},{\"name\":\"\",\"type\":\"column\",\"props\":{\"image_position\":\"center-center\",\"media_overlay_gradient\":\"\",\"width_medium\":\"3-4\"},\"children\":[{\"name\":\"\",\"type\":\"grid\",\"props\":{\"show_title\":true,\"show_meta\":true,\"show_content\":true,\"show_image\":true,\"show_link\":true,\"grid_default\":\"2\",\"grid_medium\":\"4\",\"title_element\":\"h2\",\"meta_style\":\"\",\"meta_align\":\"below-title\",\"image_align\":\"top\",\"image_grid_width\":\"1-2\",\"link_text\":\"Read more\",\"link_style\":\"default\",\"margin\":\"default\",\"title_style\":\"heading-small\",\"title_color\":\"success\",\"css\":\".el-content {color:#333}\",\"filter_style\":\"tab\",\"filter_all\":true,\"filter_position\":\"top\",\"filter_align\":\"left\",\"filter_grid_width\":\"auto\",\"image_svg_color\":\"emphasis\",\"item_animation\":true,\"filter_grid_breakpoint\":\"m\",\"image_grid_breakpoint\":\"m\",\"title_hover_style\":\"reset\",\"title_align\":\"top\",\"title_grid_width\":\"1-2\",\"title_grid_breakpoint\":\"m\",\"title_font_family\":\"tertiary\",\"icon_width\":80,\"meta_element\":\"div\",\"content_column_breakpoint\":\"m\"},\"children\":[{\"name\":\"\",\"type\":\"grid_item\",\"props\":{\"title\":\"42%\",\"content\":\"\n\n<p>Hasta un 42% de aumento en la velocidad de entrega<\\\/p>\"}},{\"name\":\"\",\"type\":\"grid_item\",\"props\":{\"title\":\"0%\",\"content\":\"\n\n<p>Tasa de error de casi el 0% en el procesamiento de pedidos<\\\/p>\"}},{\"name\":\"\",\"type\":\"grid_item\",\"props\":{\"title\":\"323%\",\"content\":\"\n\n<p>M\\u00e1s paquetes enviados por empleado<\\\/p>\"}},{\"name\":\"\",\"type\":\"grid_item\",\"props\":{\"title\":\"49%\",\"content\":\"\n\n<p>Procesamiento de devoluciones hasta un 49% m\\u00e1s r\\u00e1pido<\\\/p>\"}}]},{\"name\":\"\",\"type\":\"button\",\"props\":{\"margin\":\"default\",\"grid_column_gap\":\"small\",\"grid_row_gap\":\"small\"},\"children\":[{\"name\":\"\",\"type\":\"button_item\",\"props\":{\"button_style\":\"danger\",\"icon_align\":\"left\",\"link\":\"https:\\\/\\\/www.pixi.eu\\\/was-ist-pixi\\\/?utm_source=startpage&utm_medium=button&utm_campaign=kpis\",\"content\":\"M\\u00e1s informaci\\u00f3n\",\"link_target\":\"blank\"}}]}]}]}]},{\"type\":\"section\",\"props\":{\"style\":\"default\",\"width\":\"default\",\"vertical_align\":\"middle\",\"title_position\":\"top-left\",\"title_rotation\":\"left\",\"title_breakpoint\":\"xl\",\"image_position\":\"center-center\"},\"children\":[{\"type\":\"row\",\"props\":{\"layout\":\"expand,large\"},\"children\":[{\"type\":\"column\",\"props\":{\"image_position\":\"center-center\",\"media_overlay_gradient\":\"\",\"width_medium\":\"expand\"},\"children\":[{\"name\":\"\",\"type\":\"text\",\"props\":{\"column_breakpoint\":\"m\",\"margin\":\"default\",\"content\":\"\n\n<h2 class=\\\"p1\\\" data-fontsize=\\\"32\\\" data-lineheight=\\\"48\\\"><span>\\u00c1mbito de funciones <\\\/span>Descartes pixi<\\\/h2>\",\"text_size\":\"large\"}},{\"type\":\"text\",\"props\":{\"margin\":\"default\",\"column_breakpoint\":\"m\",\"content\":\"\n\n<div class=\\\"fusion-text\\\">\\n\n\n<p>\\u00a1Crezca m\\u00e1s all\\u00e1 de los l\\u00edmites! Porque pixi ofrece la soluci\\u00f3n adecuada para cada uno de sus retos actuales y futuros.<br \\\/>Elija qu\\u00e9 \\u00e1reas del procesamiento de pedidos de comercio electr\\u00f3nico desea dise\\u00f1ar de forma centralizada y eficiente. Las estad\\u00edsticas y los an\\u00e1lisis claros le proporcionan informaci\\u00f3n sobre los pedidos, los art\\u00edculos ABC y los KPI.<\\\/p>\\n\n\n<p>Con las soluciones pixi de Descartes, el crecimiento ilimitado ya est\\u00e1 disponible desde el principio.<\\\/p>\\n<\\\/div>\"}}]},{\"type\":\"column\",\"props\":{\"image_position\":\"center-center\",\"media_overlay_gradient\":\"\",\"width_medium\":\"large\"},\"children\":[{\"type\":\"image\",\"props\":{\"margin\":\"default\",\"image_svg_color\":\"emphasis\",\"image\":\"wp-content\\\/uploads\\\/2020\\\/01\\\/Infografik-Descartes-pixi-Funktionsumfang.png\"}}]}]}]},{\"name\":\"Jetzt Newsletter\",\"type\":\"section\",\"props\":{\"style\":\"default\",\"width\":\"default\",\"image_size\":\"cover\",\"padding\":\"small\",\"text_color\":\"light\",\"image\":\"\",\"preserve_color\":false,\"image_position\":\"center-center\",\"css\":\".el-section {background-color:#efefef;}\",\"padding_remove_top\":false,\"vertical_align\":\"middle\",\"title_position\":\"top-left\",\"title_rotation\":\"left\",\"title_breakpoint\":\"xl\"},\"children\":[{\"name\":\"\",\"type\":\"row\",\"props\":{\"layout\":\"3-4,1-4\",\"width\":\"expand\",\"margin\":\"medium\",\"vertical_align\":true},\"children\":[{\"name\":\"\",\"type\":\"column\",\"props\":{\"image_position\":\"center-center\",\"vertical_align\":\"middle\",\"media_overlay_gradient\":\"\",\"width_medium\":\"3-4\"}},{\"name\":\"\",\"type\":\"column\",\"props\":{\"image_position\":\"center-center\",\"vertical_align\":\"middle\",\"media_overlay_gradient\":\"\",\"width_medium\":\"1-4\"}}]}]}],\"version\":\"2.5.4\"} --><\/p>\n","protected":false},"excerpt":{"rendered":"<p>La gesti\u00f3n de mercanc\u00edas del comercio electr\u00f3nico PARCEL.ONE Partner DESCARTES SYSTEMS (GERMANY) GMBH Martin-Luther-Ring 13D-04109 Leipzig twitter facebook vimeo social Como miembro del Descartes Systems Group, Descartes Systems (Alemania) GmbH es uno de los principales fabricantes de software de gesti\u00f3n de mercanc\u00edas y soluciones de log\u00edstica de almac\u00e9n en el comercio electr\u00f3nico. Con las soluciones [&hellip;]<\/p>\n","protected":false},"author":1,"featured_media":0,"parent":0,"menu_order":0,"comment_status":"closed","ping_status":"closed","template":"","meta":{"footnotes":""},"class_list":["post-12417","page","type-page","status-publish","hentry"],"_links":{"self":[{"href":"https:\/\/parcel.one\/es\/wp-json\/wp\/v2\/pages\/12417","targetHints":{"allow":["GET"]}}],"collection":[{"href":"https:\/\/parcel.one\/es\/wp-json\/wp\/v2\/pages"}],"about":[{"href":"https:\/\/parcel.one\/es\/wp-json\/wp\/v2\/types\/page"}],"author":[{"embeddable":true,"href":"https:\/\/parcel.one\/es\/wp-json\/wp\/v2\/users\/1"}],"replies":[{"embeddable":true,"href":"https:\/\/parcel.one\/es\/wp-json\/wp\/v2\/comments?post=12417"}],"version-history":[{"count":0,"href":"https:\/\/parcel.one\/es\/wp-json\/wp\/v2\/pages\/12417\/revisions"}],"wp:attachment":[{"href":"https:\/\/parcel.one\/es\/wp-json\/wp\/v2\/media?parent=12417"}],"curies":[{"name":"wp","href":"https:\/\/api.w.org\/{rel}","templated":true}]}}