{"id":12355,"date":"2020-01-15T09:16:57","date_gmt":"2020-01-15T09:16:57","guid":{"rendered":"https:\/\/parcel.one\/dreamrobot"},"modified":"2021-07-15T13:32:53","modified_gmt":"2021-07-15T13:32:53","slug":"dreamrobot","status":"publish","type":"page","link":"https:\/\/parcel.one\/es\/dreamrobot","title":{"rendered":"Dreamrobot"},"content":{"rendered":"<p><img decoding=\"async\" src=\"\/wp-content\/uploads\/2020\/01\/dr-ecommerce-wawi.svg\" alt=\"Logo kartonplus\"><\/p>\n<h1>Una soluci\u00f3n para todos los aspectos del comercio en l\u00ednea.<\/h1>\n<div>PARCEL.ONE Partner<\/div>\n<div>\n<h4><strong>DreamRobot GmbH<\/strong><\/h4>\n<p>Eckendorfer Str. 2-4<br \/>33609 Bielefeld<\/p>\n<\/div>\n<ul>\n<li><a href=\"https:\/\/www.linkedin.com\/company\/dreamrobot-gmbh\">linkedin<\/a>\n<\/li>\n<li><a href=\"https:\/\/www.facebook.com\/dreamrobotde\/\">facebook<\/a>\n<\/li>\n<li><a href=\"https:\/\/www.youtube.com\/user\/DreamRobotDE\/featured\">youtube<\/a>\n<\/li>\n<li><a href=\"https:\/\/twitter.com\/dreamrobot_de\">twitter<\/a>\n<\/li>\n<li><a href=\"https:\/\/www.instagram.com\/dreamrobotgmbh\/\">instagram<\/a>\n<\/li>\n<\/ul>\n<div>\n<p>DreamRobot lleva triunfando en el comercio electr\u00f3nico desde 2003, y el sistema de gesti\u00f3n de mercanc\u00edas basado en la nube del mismo nombre es muy conocido y popular entre los minoristas online. Aqu\u00ed, la empresa de Bielefeld se presenta e informa de sus interesantes novedades.<\/p>\n<p>DreamRobot conecta todos los procesos de su comercio online de forma centralizada y en la nube en un solo software. Empezando por las ventas en canales de venta como Amazon, eBay, real.de y en su tienda online, pasando por la tramitaci\u00f3n completa del pedido hasta el env\u00edo, incluyendo la informaci\u00f3n digital del cliente, \u00a1y todo en tiempo real!\u00a0Con la aplicaci\u00f3n Pick &amp; Pack, tambi\u00e9n se ahorra tiempo y se hace un seguimiento de todo.<\/p>\n<p>Por supuesto, tambi\u00e9n hemos pensado en su compra de mercanc\u00edas y en sus existencias. Gestione sus pedidos repetidos y sus proveedores directamente en DreamRobot. El historial del almac\u00e9n registra todos los movimientos de las mercanc\u00edas.<\/p>\n<p>Adem\u00e1s, obtendr\u00e1 una visi\u00f3n financiera perfecta para su empresa y preparar\u00e1 su contabilidad gracias a los planes contables integrados. Adem\u00e1s, tiene a su disposici\u00f3n exportaciones predefinidas e interfaces directas.<\/p>\n<\/div>\n<hr>\n<div>\n<h3 class=\"element-header \">Estas cifras anuales hablan <br \/>por s\u00ed solas<\/h3>\n<\/div>\n<p>[database]<\/p>\n<div>\n<p class=\"h5 text-center\">m\u00e1s de<\/p>\n<h2 class=\"h5 text-center\">1.000 mill.<\/h2>\n<p class=\"h5 text-center\">\u20ac <br \/>de volumen de <br \/>transacciones<\/p>\n<\/div>\n<p>[cart]<\/p>\n<div>\n<p class=\"h5 text-center\">m\u00e1s de<\/p>\n<h2 class=\"h5 text-center\">25 mill.<\/h2>\n<p class=\"h5 text-center\">Establecido<br \/>Pedidos<\/p>\n<\/div>\n<p>[album]<\/p>\n<div>\n<p class=\"h5 text-center\">m\u00e1s de<\/p>\n<h2 class=\"h5 text-center\">10 mill.<\/h2>\n<p class=\"h5 text-center\">gestionado\u00a0<br \/>Art\u00edculos de stock<\/p>\n<\/div>\n<div>\n<h3 class=\"element-header \">As\u00ed de f\u00e1cil es <br \/>con DreamRobot<\/h3>\n<\/div>\n<hr>\n<p><img decoding=\"async\" src=\"\/wp-content\/uploads\/2020\/01\/dr-kreislauf-flat.png\" alt=\"\"><\/p>\n<hr>\n<div>\n<h3>no dieran gato por liebre! No vinculante, abierto y gratuito.<\/h3>\n<\/div>\n<ul>\n<li>\n<div>\n<p>Gesti\u00f3n de mercanc\u00edas de e.Commerce basada en la nube para el comercio minorista en l\u00ednea.<\/p>\n<\/div>\n<\/li>\n<li>\n<div>\n<p>Accesible desde cualquier lugar y en cualquier momento gracias al acceso basado en la nube. Todo lo que se necesita es acceso a Internet y un navegador.<\/p>\n<\/div>\n<\/li>\n<li>\n<div>\n<p>En el mercado desde 2003.<\/p>\n<\/div>\n<\/li>\n<li>\n<div>\n<p>Amplias conexiones con todos los \u00e1mbitos del comercio electr\u00f3nico.<\/p>\n<\/div>\n<\/li>\n<li>\n<div>\n<p>Marketplaces\/plataformas y m\u00e1s: Amazon, eBay, real, Rakuten, METRO Marktplatz y otros<\/p>\n<\/div>\n<\/li>\n<li>\n<div>\n<p>Proveedores de servicios de pago: PayPal, Klarna y otros<\/p>\n<\/div>\n<\/li>\n<li>\n<div>\n<p>Muchas tareas rutinarias, a menudo mon\u00f3tonas, est\u00e1n totalmente automatizadas. Esto ahorra tiempo al usuario.<\/p>\n<\/div>\n<\/li>\n<li>\n<div>\n<p>DreamRobot tambi\u00e9n admite la contabilidad, por ejemplo, a trav\u00e9s de interfaces directas con DATEV y lexware.<\/p>\n<\/div>\n<\/li>\n<li>\n<div>\n<p>Una amplia gama de opciones para importar y exportar datos. Por ejemplo, cambiar a DreamRobot es f\u00e1cil, ya que los datos existentes se pueden importar muy f\u00e1cilmente.<\/p>\n<\/div>\n<\/li>\n<li>\n<div>\n<p>Una vez configurado, el comerciante gestiona su actividad diaria en cinco sencillos pasos: Recuperar los pedidos, conciliar los pagos, comprobar los pedidos, imprimir los documentos de env\u00edo, entregar la mercanc\u00eda a los transportistas.<\/p>\n<\/div>\n<\/li>\n<li>\n<div>\n<p>Periodo de prueba gratuito de 14 d\u00edas sin compromiso, incluida una llamada telef\u00f3nica de introducci\u00f3n gratuita.\u00a0<\/p>\n<\/div>\n<\/li>\n<li>\n<div>\n<p>a partir de la tarifa Flex (0 EUR de cuota b\u00e1sica\/mes).<\/p>\n<\/div>\n<\/li>\n<\/ul>\n<p>\n    <a href=\"https:\/\/www.dreamrobot.de\/info\/testen\/\">prueba gratuita<\/a>\n<\/p>\n<p><!--more--><br \/>\n<!-- {\"name\":\"LP Karton+ Vorlage\",\"type\":\"layout\",\"children\":[{\"name\":\"Hero\",\"type\":\"section\",\"props\":{\"style\":\"default\",\"width\":\"default\",\"image_size\":\"cover\",\"image\":\"wp-content\\\/uploads\\\/2020\\\/01\\\/dreamrobot-hintergrund.png\",\"text_color\":\"light\",\"height\":\"expand\",\"header_transparent\":\"dark\",\"media_background\":\"rgba(0, 0, 0, 0.57)\",\"media_overlay\":\"rgba(255, 255, 255, 0.8)\",\"padding\":\"xsmall\",\"image_position\":\"top-left\",\"vertical_align\":\"middle\",\"title_position\":\"top-left\",\"title_rotation\":\"left\",\"title_breakpoint\":\"xl\",\"overlap\":false},\"children\":[{\"name\":\"\",\"type\":\"row\",\"children\":[{\"name\":\"\",\"type\":\"column\",\"props\":{\"image_position\":\"center-center\",\"media_overlay_gradient\":\"\",\"width_medium\":\"1-1\"},\"children\":[{\"name\":\"\",\"type\":\"image\",\"props\":{\"margin\":\"default\",\"image\":\"wp-content\\\/uploads\\\/2020\\\/01\\\/dr-ecommerce-wawi.svg\",\"image_alt\":\"Logo kartonplus\",\"link\":\"\",\"text_align\":\"center\",\"image_svg_color\":\"emphasis\",\"image_width\":\"650\"}},{\"name\":\"\",\"type\":\"headline\",\"props\":{\"title_element\":\"h1\",\"content\":\"Una soluci\\u00f3n para todos los aspectos del comercio en l\\u00ednea.\",\"text_align\":\"center\",\"title_style\":\"h2\",\"title_color\":\"success\",\"animation\":\"fade\",\"position_right\":\"-10\"}}]}]}]},{\"name\":\"CV\",\"type\":\"section\",\"props\":{\"style\":\"default\",\"width\":\"default\",\"image_size\":\"cover\",\"padding\":\"large\",\"animation\":\"fade\",\"animation_delay\":false,\"image_position\":\"center-center\",\"vertical_align\":\"middle\",\"title_position\":\"top-left\",\"title_rotation\":\"left\",\"title_breakpoint\":\"xl\",\"padding_remove_bottom\":true},\"children\":[{\"name\":\"\",\"type\":\"row\",\"props\":{\"layout\":\"1-4,3-4\",\"column_gap\":\"large\",\"row_gap\":\"large\"},\"children\":[{\"name\":\"\",\"type\":\"column\",\"props\":{\"image_position\":\"center-center\",\"media_overlay_gradient\":\"\",\"width_medium\":\"1-4\"},\"children\":[{\"name\":\"\",\"type\":\"text\",\"props\":{\"column_breakpoint\":\"m\",\"margin\":\"small\",\"content\":\"PARCEL.ONE Partner\",\"text_size\":\"small\"}},{\"name\":\"\",\"type\":\"text\",\"props\":{\"column_breakpoint\":\"m\",\"margin\":\"medium\",\"content\":\"\n\n<h4><strong>DreamRobot GmbH<\\\/strong><\\\/h4>\\n\n\n<p>Eckendorfer Str. 2-4<br \\\/>33609 Bielefeld<\\\/p>\",\"margin_remove_top\":true,\"text_size\":\"small\"}},{\"name\":\"\",\"type\":\"social\",\"props\":{\"link_style\":\"link\",\"margin\":\"default\",\"link_target\":true,\"icon_width\":20,\"grid_gap\":\"medium\",\"grid\":\"horizontal\"},\"children\":[{\"type\":\"social_item\",\"props\":{\"link\":\"https:\\\/\\\/www.linkedin.com\\\/company\\\/dreamrobot-gmbh\"}},{\"type\":\"social_item\",\"props\":{\"link\":\"https:\\\/\\\/www.facebook.com\\\/dreamrobotde\\\/\"}},{\"type\":\"social_item\",\"props\":{\"link\":\"https:\\\/\\\/www.youtube.com\\\/user\\\/DreamRobotDE\\\/featured\"}},{\"type\":\"social_item\",\"props\":{\"link\":\"https:\\\/\\\/twitter.com\\\/dreamrobot_de\"}},{\"type\":\"social_item\",\"props\":{\"link\":\"https:\\\/\\\/www.instagram.com\\\/dreamrobotgmbh\\\/\"}}]}]},{\"name\":\"\",\"type\":\"column\",\"props\":{\"image_position\":\"center-center\",\"media_overlay_gradient\":\"\",\"width_medium\":\"3-4\"},\"children\":[{\"name\":\"\",\"type\":\"text\",\"props\":{\"column_breakpoint\":\"m\",\"margin\":\"default\",\"content\":\"\n\n<p>DreamRobot lleva triunfando en el comercio electr\\u00f3nico desde 2003, y el sistema de gesti\\u00f3n de mercanc\\u00edas basado en la nube del mismo nombre es muy conocido y popular entre los minoristas online. Aqu\\u00ed, la empresa de Bielefeld se presenta e informa de sus interesantes novedades.<\\\/p>\\n\n\n<p>DreamRobot conecta todos los procesos de su comercio online de forma centralizada y en la nube en un solo software. Empezando por las ventas en canales de venta como Amazon, eBay, real.de y en su tienda online, pasando por la tramitaci\\u00f3n completa del pedido hasta el env\\u00edo, incluyendo la informaci\\u00f3n digital del cliente, \\u00a1y todo en tiempo real!\\u00a0Con la aplicaci\\u00f3n Pick &amp; Pack, tambi\\u00e9n se ahorra tiempo y se hace un seguimiento de todo.<\\\/p>\\n\n\n<p>Por supuesto, tambi\\u00e9n hemos pensado en su compra de mercanc\\u00edas y en sus existencias. Gestione sus pedidos repetidos y sus proveedores directamente en DreamRobot. El historial del almac\\u00e9n registra todos los movimientos de las mercanc\\u00edas.<\\\/p>\\n\n\n<p>Adem\\u00e1s, obtendr\\u00e1 una visi\\u00f3n financiera perfecta para su empresa y preparar\\u00e1 su contabilidad gracias a los planes contables integrados. Adem\\u00e1s, tiene a su disposici\\u00f3n exportaciones predefinidas e interfaces directas.<\\\/p>\",\"text_size\":\"large\"}},{\"name\":\"\",\"type\":\"divider\",\"props\":{\"divider_element\":\"hr\"}}]}]}]},{\"name\":\"Plattformen\",\"type\":\"section\",\"props\":{\"style\":\"default\",\"width\":\"default\",\"vertical_align\":\"middle\",\"title_position\":\"top-left\",\"title_rotation\":\"left\",\"title_breakpoint\":\"xl\",\"image_position\":\"center-center\",\"padding\":\"small\"},\"children\":[{\"name\":\"\",\"type\":\"row\",\"props\":{\"layout\":\"1-4,1-4,1-4,1-4|1-2,1-2,1-2,1-2\"},\"children\":[{\"name\":\"\",\"type\":\"column\",\"props\":{\"image_position\":\"center-center\",\"media_overlay_gradient\":\"\",\"width_medium\":\"1-4\",\"width_small\":\"1-2\"},\"children\":[{\"name\":\"\",\"type\":\"text\",\"props\":{\"column_breakpoint\":\"m\",\"margin\":\"medium\",\"content\":\"\n\n<h3 class=\\\"element-header \\\">Estas cifras anuales hablan <br \\\/>por s\\u00ed solas<\\\/h3>\",\"margin_remove_top\":false,\"text_size\":\"large\",\"text_color\":\"danger\",\"dropcap\":false}}]},{\"name\":\"\",\"type\":\"column\",\"props\":{\"image_position\":\"center-center\",\"media_overlay_gradient\":\"\",\"width_medium\":\"1-4\",\"width_small\":\"1-2\"},\"children\":[{\"type\":\"icon\",\"props\":{\"icon\":\"database\",\"margin\":\"default\",\"icon_color\":\"danger\",\"text_align\":\"center\",\"css\":\".uk-text-danger {color: #96c11f!important;}\",\"icon_width\":80}},{\"type\":\"text\",\"props\":{\"margin\":\"default\",\"column_breakpoint\":\"m\",\"text_align\":\"center\",\"content\":\"\n\n<p class=\\\"h5 text-center\\\">m\\u00e1s de<\\\/p>\\n\n\n<h2 class=\\\"h5 text-center\\\">1.000 mill.<\\\/h2>\\n\n\n<p class=\\\"h5 text-center\\\">\\u20ac <br \\\/>de volumen de <br \\\/>transacciones<\\\/p>\"}}]},{\"type\":\"column\",\"props\":{\"image_position\":\"center-center\",\"media_overlay_gradient\":\"\",\"width_medium\":\"1-4\",\"width_small\":\"1-2\"},\"children\":[{\"type\":\"icon\",\"props\":{\"icon\":\"cart\",\"margin\":\"default\",\"icon_color\":\"danger\",\"text_align\":\"center\",\"css\":\".uk-text-danger {color: #96c11f!important;}\",\"icon_width\":80}},{\"type\":\"text\",\"props\":{\"margin\":\"default\",\"column_breakpoint\":\"m\",\"text_align\":\"center\",\"content\":\"\n\n<p class=\\\"h5 text-center\\\">m\\u00e1s de<\\\/p>\\n\n\n<h2 class=\\\"h5 text-center\\\">25 mill.<\\\/h2>\\n\n\n<p class=\\\"h5 text-center\\\">Establecido<br \\\/>Pedidos<\\\/p>\"}}]},{\"type\":\"column\",\"props\":{\"image_position\":\"center-center\",\"media_overlay_gradient\":\"\",\"width_medium\":\"1-4\",\"width_small\":\"1-2\"},\"children\":[{\"type\":\"icon\",\"props\":{\"icon\":\"album\",\"margin\":\"default\",\"icon_color\":\"danger\",\"text_align\":\"center\",\"css\":\".uk-text-danger {color: #96c11f!important;}\",\"icon_width\":80}},{\"type\":\"text\",\"props\":{\"margin\":\"default\",\"column_breakpoint\":\"m\",\"text_align\":\"center\",\"content\":\"\n\n<p class=\\\"h5 text-center\\\">m\\u00e1s de<\\\/p>\\n\n\n<h2 class=\\\"h5 text-center\\\">10 mill.<\\\/h2>\\n\n\n<p class=\\\"h5 text-center\\\">gestionado\\u00a0<br \\\/>Art\\u00edculos de stock<\\\/p>\"}}]}]},{\"name\":\"\",\"type\":\"row\",\"props\":{\"layout\":\"1-4,3-4\",\"column_gap\":\"large\",\"row_gap\":\"large\"},\"children\":[{\"name\":\"\",\"type\":\"column\",\"props\":{\"image_position\":\"center-center\",\"media_overlay_gradient\":\"\",\"width_medium\":\"1-4\"},\"children\":[{\"name\":\"\",\"type\":\"text\",\"props\":{\"column_breakpoint\":\"m\",\"margin\":\"medium\",\"content\":\"\n\n<h3 class=\\\"element-header \\\">As\\u00ed de f\\u00e1cil es <br \\\/>con DreamRobot<\\\/h3>\",\"margin_remove_top\":false,\"text_size\":\"large\",\"text_color\":\"danger\",\"dropcap\":false}}]},{\"name\":\"\",\"type\":\"column\",\"props\":{\"image_position\":\"center-center\",\"media_overlay_gradient\":\"\",\"width_medium\":\"3-4\"},\"children\":[{\"name\":\"\",\"type\":\"divider\",\"props\":{\"divider_element\":\"hr\"}},{\"type\":\"image\",\"props\":{\"margin\":\"default\",\"image_svg_color\":\"emphasis\",\"image\":\"wp-content\\\/uploads\\\/2020\\\/01\\\/dr-kreislauf-flat.png\"}},{\"name\":\"\",\"type\":\"divider\",\"props\":{\"divider_element\":\"hr\"}},{\"name\":\"\",\"type\":\"text\",\"props\":{\"column_breakpoint\":\"m\",\"margin\":\"default\",\"content\":\"\n\n<h3>no dieran gato por liebre! No vinculante, abierto y gratuito.<\\\/h3>\",\"text_size\":\"large\"}},{\"type\":\"list\",\"props\":{\"show_image\":false,\"show_link\":false,\"image_svg_color\":\"emphasis\",\"image_align\":\"left\",\"image_vertical_align\":true,\"icon\":\"check\",\"list_size\":\"\",\"list_element\":\"ul\",\"column_breakpoint\":\"m\"},\"children\":[{\"type\":\"list_item\",\"props\":{\"content\":\"\n\n<p>Gesti\\u00f3n de mercanc\\u00edas de e.Commerce basada en la nube para el comercio minorista en l\\u00ednea.<\\\/p>\"}},{\"type\":\"list_item\",\"props\":{\"content\":\"\n\n<p>Accesible desde cualquier lugar y en cualquier momento gracias al acceso basado en la nube. Todo lo que se necesita es acceso a Internet y un navegador.<\\\/p>\"}},{\"type\":\"list_item\",\"props\":{\"content\":\"\n\n<p>En el mercado desde 2003.<\\\/p>\"}},{\"type\":\"list_item\",\"props\":{\"content\":\"\n\n<p>Amplias conexiones con todos los \\u00e1mbitos del comercio electr\\u00f3nico.<\\\/p>\"}},{\"type\":\"list_item\",\"props\":{\"content\":\"\n\n<p>Marketplaces\\\/plataformas y m\\u00e1s: Amazon, eBay, real, Rakuten, METRO Marktplatz y otros<\\\/p>\"}},{\"type\":\"list_item\",\"props\":{\"content\":\"\n\n<p>Proveedores de servicios de pago: PayPal, Klarna y otros<\\\/p>\"}},{\"type\":\"list_item\",\"props\":{\"content\":\"\n\n<p>Muchas tareas rutinarias, a menudo mon\\u00f3tonas, est\\u00e1n totalmente automatizadas. Esto ahorra tiempo al usuario.<\\\/p>\"}},{\"type\":\"list_item\",\"props\":{\"content\":\"\n\n<p>DreamRobot tambi\\u00e9n admite la contabilidad, por ejemplo, a trav\\u00e9s de interfaces directas con DATEV y lexware.<\\\/p>\"}},{\"type\":\"list_item\",\"props\":{\"content\":\"\n\n<p>Una amplia gama de opciones para importar y exportar datos. Por ejemplo, cambiar a DreamRobot es f\\u00e1cil, ya que los datos existentes se pueden importar muy f\\u00e1cilmente.<\\\/p>\"}},{\"type\":\"list_item\",\"props\":{\"content\":\"\n\n<p>Una vez configurado, el comerciante gestiona su actividad diaria en cinco sencillos pasos: Recuperar los pedidos, conciliar los pagos, comprobar los pedidos, imprimir los documentos de env\\u00edo, entregar la mercanc\\u00eda a los transportistas.<\\\/p>\"}},{\"type\":\"list_item\",\"props\":{\"content\":\"\n\n<p>Periodo de prueba gratuito de 14 d\\u00edas sin compromiso, incluida una llamada telef\\u00f3nica de introducci\\u00f3n gratuita.\\u00a0<\\\/p>\"}},{\"type\":\"list_item\",\"props\":{\"content\":\"\n\n<p>a partir de la tarifa Flex (0 EUR de cuota b\\u00e1sica\\\/mes).<\\\/p>\"}}]},{\"type\":\"button\",\"props\":{\"grid_column_gap\":\"small\",\"grid_row_gap\":\"small\",\"margin\":\"default\",\"css\":\".el-content {background-color:#96c11f!Important}\"},\"children\":[{\"type\":\"button_item\",\"props\":{\"button_style\":\"danger\",\"icon_align\":\"left\",\"link_target\":\"blank\",\"content\":\"prueba gratuita\",\"link\":\"https:\\\/\\\/www.dreamrobot.de\\\/info\\\/testen\\\/\",\"link_title\":\"prueba gratuita\",\"icon\":\"mail\"}}]}]}]}]},{\"name\":\"Jetzt Newsletter\",\"type\":\"section\",\"props\":{\"style\":\"default\",\"width\":\"default\",\"image_size\":\"cover\",\"padding\":\"small\",\"text_color\":\"light\",\"image\":\"\",\"preserve_color\":false,\"image_position\":\"center-center\",\"css\":\".el-section {background-color:#efefef;}\",\"padding_remove_top\":false,\"vertical_align\":\"middle\",\"title_position\":\"top-left\",\"title_rotation\":\"left\",\"title_breakpoint\":\"xl\"},\"children\":[{\"name\":\"\",\"type\":\"row\",\"props\":{\"layout\":\"3-4,1-4\",\"width\":\"expand\",\"margin\":\"medium\",\"vertical_align\":true},\"children\":[{\"name\":\"\",\"type\":\"column\",\"props\":{\"image_position\":\"center-center\",\"vertical_align\":\"middle\",\"media_overlay_gradient\":\"\",\"width_medium\":\"3-4\"}},{\"name\":\"\",\"type\":\"column\",\"props\":{\"image_position\":\"center-center\",\"vertical_align\":\"middle\",\"media_overlay_gradient\":\"\",\"width_medium\":\"1-4\"}}]}]}],\"version\":\"2.5.4\"} --><\/p>\n","protected":false},"excerpt":{"rendered":"<p>Una soluci\u00f3n para todos los aspectos del comercio en l\u00ednea. PARCEL.ONE Partner DreamRobot GmbH Eckendorfer Str. 2-433609 Bielefeld linkedin facebook youtube twitter instagram DreamRobot lleva triunfando en el comercio electr\u00f3nico desde 2003, y el sistema de gesti\u00f3n de mercanc\u00edas basado en la nube del mismo nombre es muy conocido y popular entre los minoristas online. [&hellip;]<\/p>\n","protected":false},"author":1,"featured_media":0,"parent":0,"menu_order":0,"comment_status":"closed","ping_status":"closed","template":"","meta":{"footnotes":""},"class_list":["post-12355","page","type-page","status-publish","hentry"],"_links":{"self":[{"href":"https:\/\/parcel.one\/es\/wp-json\/wp\/v2\/pages\/12355","targetHints":{"allow":["GET"]}}],"collection":[{"href":"https:\/\/parcel.one\/es\/wp-json\/wp\/v2\/pages"}],"about":[{"href":"https:\/\/parcel.one\/es\/wp-json\/wp\/v2\/types\/page"}],"author":[{"embeddable":true,"href":"https:\/\/parcel.one\/es\/wp-json\/wp\/v2\/users\/1"}],"replies":[{"embeddable":true,"href":"https:\/\/parcel.one\/es\/wp-json\/wp\/v2\/comments?post=12355"}],"version-history":[{"count":0,"href":"https:\/\/parcel.one\/es\/wp-json\/wp\/v2\/pages\/12355\/revisions"}],"wp:attachment":[{"href":"https:\/\/parcel.one\/es\/wp-json\/wp\/v2\/media?parent=12355"}],"curies":[{"name":"wp","href":"https:\/\/api.w.org\/{rel}","templated":true}]}}