{"id":12351,"date":"2020-10-08T12:09:43","date_gmt":"2020-10-08T12:09:43","guid":{"rendered":"https:\/\/parcel.one\/xentral"},"modified":"2021-07-15T12:19:35","modified_gmt":"2021-07-15T12:19:35","slug":"xentral","status":"publish","type":"page","link":"https:\/\/parcel.one\/es\/xentral","title":{"rendered":"Xentral"},"content":{"rendered":"<p><a href=\"https:\/\/xentral.com\/\"><img decoding=\"async\" src=\"\/wp-content\/uploads\/2020\/10\/Xentral_Logo_RGB.png\" alt=\"\"><\/a><\/p>\n<h1>\n<h2 style=\"text-align: center;\"><strong><span style=\"color: #5858fa;\">Let your business grow brainy.<\/span><\/strong><\/h2>\n<\/h1>\n<p><img decoding=\"async\" src=\"\/wp-content\/uploads\/2020\/10\/xentral-ERP.png\" alt=\"\"><\/p>\n<div>PARCEL.ONE Partner<\/div>\n<div>\n<h3>Xentral ERP Software GmbH<\/h3>\n<p>Fuggerstra\u00dfe 11<br \/>86150 Augsburg<br \/>Germany<\/p>\n<\/div>\n<ul>\n<li><a href=\"https:\/\/www.linkedin.com\/company\/xentralsoftware\/\">linkedin<\/a>\n<\/li>\n<li><a href=\"https:\/\/www.facebook.com\/xentralsoftware\/\">facebook<\/a>\n<\/li>\n<li><a href=\"https:\/\/twitter.com\/xentral\">twitter<\/a>\n<\/li>\n<li><a href=\"https:\/\/www.xing.com\/companies\/xentralerpsoftwaregmbh\">xing<\/a>\n<\/li>\n<li><a href=\"https:\/\/xentral.com\/\">social<\/a>\n<\/li>\n<\/ul>\n<div>\n<p><strong>xentral<\/strong><\/p>\n<p>est\u00e1 escrito para una nueva generaci\u00f3n de equipos que quieren compartir sus productos y servicios con el mundo con m\u00e1s \u00e9xito.<\/p>\n<p>Empresas que quieren resultados r\u00e1pidos, ven el negocio como un estilo de vida y no creen en los largos tiempos de implementaci\u00f3n. xentral piensa en el ERP de una manera nueva, ligera y libre. Libre en el sentido de las m\u00faltiples incorporaciones, libre en el sentido de la escalabilidad ilimitada, y libre en el sentido de que nuestros m\u00e1s de 1.000 equipos pueden elegir xentral cada mes.<\/p>\n<\/div>\n<div>\n<h2 class=\"title-heading-center fusion-responsive-typography-calculated\" data-fontsize=\"30\" data-lineheight=\"45px\">El software empresarial m\u00e1s inteligente para las nuevas empresas y las empresas establecidas de todos los sectores<\/h2>\n<\/div>\n<p><img decoding=\"async\" src=\"\/wp-content\/uploads\/2020\/10\/streamline-icon-weather-cloud-rainbow@96x96.png\" alt=\"\"><\/p>\n<div>\n<h3 class=\"title-heading-center fusion-responsive-typography-calculated\" data-fontsize=\"26\" data-lineheight=\"41.6px\">Secure ERP<br \/>Software in the Cloud<\/h3>\n<p>Acceda a todos los KPI empresariales importantes en cualquier momento y lugar.<\/p>\n<\/div>\n<p><img decoding=\"async\" src=\"\/wp-content\/uploads\/2020\/10\/streamline-icon-real-estate-app-house-laptop-1@96x96.png\" alt=\"\"><\/p>\n<div>\n<h3 class=\"title-heading-center fusion-responsive-typography-calculated\" data-fontsize=\"26\" data-lineheight=\"41.6px\">1.000 Funciones<br \/>All-In-Home<\/h3>\n<p>Aumente su eficiencia, evite errores y celebre ventas adicionales.<\/p>\n<\/div>\n<p><img decoding=\"async\" src=\"\/wp-content\/uploads\/2020\/10\/streamline-icon-startup-launch-1@96x96.png\" alt=\"\"><\/p>\n<div>\n<h3 class=\"title-heading-center fusion-responsive-typography-calculated\" data-fontsize=\"26\" data-lineheight=\"41.6px\">Start simple, scale without limits<\/h3>\n<p>Conecte sus sistemas y a\u00f1ada<br \/>nuevos usuarios seg\u00fan sea necesario.\u00a0<\/p>\n<\/div>\n<div>\n<h2 class=\"p1\" data-fontsize=\"32\" data-lineheight=\"48\"><span style=\"color: #2e2efe;\">&#8220;As\u00ed es como tiene que ser el software hoy en d\u00eda&#8221;<\/span><\/h2>\n<\/div>\n<div>\n<div class=\"fusion-text\">\n<p><span style=\"color: #000000;\">Las empresas pueden elegir entre varias versiones b\u00e1sicas y ampliar la gama de funciones con m\u00e1s de 100 m\u00f3dulos disponibles. Para ello, ofrecemos interfaces con todos los sistemas de tiendas online, marketplaces y proveedores de pago habituales.<\/span><\/p>\n<p><span style=\"color: #000000;\">Dado que el sistema se basa en tecnolog\u00edas de c\u00f3digo abierto, tambi\u00e9n puede desarrollarse individualmente. Dos veces al a\u00f1o, Xentral lanza una versi\u00f3n gratuita de c\u00f3digo abierto para las empresas emergentes.<\/span><\/p>\n<p><span style=\"color: #000000;\">Un hogar que lo conecta todo.<\/span><\/p>\n<\/div>\n<\/div>\n<p><img decoding=\"async\" src=\"\/wp-content\/uploads\/2020\/10\/xentral-investor-frank-thelen-video-play.png\" alt=\"\"><\/p>\n<div>\n<h2>Con xentral puede llevar su comercio electr\u00f3nico<br \/>a un nuevo nivel<\/h2>\n<\/div>\n<div>\n<p>\u00bfQuiere crecer y profesionalizar (a\u00fan m\u00e1s) su comercio electr\u00f3nico? Con xentral puede escalar indefinidamente y automatizar todas las tareas administrativas, para que tenga m\u00e1s tiempo para las cosas estrat\u00e9gicas. Simplifique el procesamiento de sus pedidos, env\u00ede directamente a trav\u00e9s de Fulfiller y automatice su contabilidad. Con el sistema ERP, los cuellos de botella en las entregas son cosa del pasado &#8211; xentral hace un seguimiento de todo por usted y crece de forma flexible con su negocio.<\/p>\n<\/div>\n<p>\n    <a href=\"https:\/\/xentral.com\/en\/\">Xentral ERP <\/a>\n<\/p>\n<p>\n    <a href=\"https:\/\/xentral.com\/en\/customers\/\">referencias<\/a>\n<\/p>\n<p>\n    <a href=\"https:\/\/xentral.com\/en\/pricing\/\">precios<\/a>\n<\/p>\n<p><!--more--><br \/>\n<!-- {\"name\":\"LP-Plenty-102020\",\"type\":\"layout\",\"children\":[{\"name\":\"Hero\",\"type\":\"section\",\"props\":{\"style\":\"default\",\"width\":\"default\",\"image_size\":\"cover\",\"image\":\"https:\\\/\\\/xentral.com\\\/wp-content\\\/uploads\\\/bg-gradient.jpg\",\"text_color\":\"dark\",\"height\":\"expand\",\"header_transparent\":\"dark\",\"padding\":\"none\",\"image_position\":\"center-center\",\"overlap\":false,\"animation\":\"slide-bottom\",\"vertical_align\":\"middle\",\"title_position\":\"top-left\",\"title_rotation\":\"left\",\"title_breakpoint\":\"xl\",\"video\":\"\",\"padding_remove_bottom\":true},\"children\":[{\"name\":\"\",\"type\":\"row\",\"props\":{\"layout\":\"1-2,1-2\",\"column_gap\":\"small\",\"match\":true},\"children\":[{\"name\":\"\",\"type\":\"column\",\"props\":{\"image_position\":\"center-center\",\"media_overlay_gradient\":\"\",\"vertical_align\":\"middle\",\"width_medium\":\"1-2\"},\"children\":[{\"name\":\"\",\"type\":\"image\",\"props\":{\"margin\":\"small\",\"image\":\"wp-content\\\/uploads\\\/2020\\\/10\\\/Xentral_Logo_RGB.png\",\"image_width\":\"400\",\"text_align\":\"center\",\"image_svg_color\":\"emphasis\",\"link_target\":\"blank\",\"position_z_index\":\"0\",\"link\":\"https:\\\/\\\/xentral.com\\\/\",\"position_top\":\"170\"}},{\"name\":\"\",\"type\":\"headline\",\"props\":{\"title_element\":\"h1\",\"content\":\"\n\n<h2 style=\\\"text-align: center;\\\"><strong><span style=\\\"color: #5858fa;\\\">Let your business grow brainy.<\\\/span><\\\/strong><\\\/h2>\",\"text_align\":\"center\",\"title_style\":\"h2\",\"title_color\":\"background\",\"position_top\":\"150\"}}]},{\"type\":\"column\",\"props\":{\"image_position\":\"center-center\",\"media_overlay_gradient\":\"\",\"vertical_align\":\"bottom\",\"width_medium\":\"1-2\"},\"children\":[{\"type\":\"image\",\"props\":{\"margin\":\"\",\"image_svg_color\":\"emphasis\",\"block_align\":\"center\",\"text_align\":\"center\",\"visibility\":\"m\",\"image\":\"wp-content\\\/uploads\\\/2020\\\/10\\\/xentral-ERP.png\",\"margin_remove_top\":true,\"margin_remove_bottom\":true,\"position_top\":\"-80\"}}]}]}]},{\"name\":\"CV\",\"type\":\"section\",\"props\":{\"style\":\"default\",\"width\":\"default\",\"image_size\":\"cover\",\"padding\":\"large\",\"animation\":\"fade\",\"animation_delay\":false,\"image_position\":\"center-center\",\"vertical_align\":\"middle\",\"title_position\":\"top-left\",\"title_rotation\":\"left\",\"title_breakpoint\":\"xl\",\"padding_remove_bottom\":false},\"children\":[{\"name\":\"\",\"type\":\"row\",\"props\":{\"layout\":\"1-4,3-4\",\"column_gap\":\"large\",\"row_gap\":\"large\"},\"children\":[{\"name\":\"\",\"type\":\"column\",\"props\":{\"image_position\":\"center-center\",\"media_overlay_gradient\":\"\",\"width_medium\":\"1-4\"},\"children\":[{\"name\":\"\",\"type\":\"text\",\"props\":{\"column_breakpoint\":\"m\",\"margin\":\"small\",\"content\":\"PARCEL.ONE Partner\",\"text_size\":\"small\"}},{\"name\":\"\",\"type\":\"text\",\"props\":{\"column_breakpoint\":\"m\",\"margin\":\"medium\",\"content\":\"\n\n<h3>Xentral ERP Software GmbH<\\\/h3>\\n\n\n<p>Fuggerstra\\u00dfe 11<br \\\/>86150 Augsburg<br \\\/>Germany<\\\/p>\",\"margin_remove_top\":true,\"text_size\":\"small\"}},{\"name\":\"\",\"type\":\"social\",\"props\":{\"link_style\":\"link\",\"margin\":\"default\",\"link_target\":true,\"icon_width\":20,\"grid_gap\":\"medium\",\"grid\":\"horizontal\"},\"children\":[{\"type\":\"social_item\",\"props\":{\"link\":\"https:\\\/\\\/www.linkedin.com\\\/company\\\/xentralsoftware\\\/\"}},{\"type\":\"social_item\",\"props\":{\"link\":\"https:\\\/\\\/www.facebook.com\\\/xentralsoftware\\\/\"}},{\"type\":\"social_item\",\"props\":{\"link\":\"https:\\\/\\\/twitter.com\\\/xentral\"}},{\"type\":\"social_item\",\"props\":{\"link\":\"https:\\\/\\\/www.xing.com\\\/companies\\\/xentralerpsoftwaregmbh\"}},{\"type\":\"social_item\",\"props\":{\"link\":\"https:\\\/\\\/xentral.com\\\/\"}}]}]},{\"name\":\"\",\"type\":\"column\",\"props\":{\"image_position\":\"center-center\",\"media_overlay_gradient\":\"\",\"width_medium\":\"3-4\"},\"children\":[{\"name\":\"\",\"type\":\"text\",\"props\":{\"column_breakpoint\":\"m\",\"margin\":\"default\",\"content\":\"\n\n<p><strong>xentral<\\\/strong><\\\/p>\\n\n\n<p>est\\u00e1 escrito para una nueva generaci\\u00f3n de equipos que quieren compartir sus productos y servicios con el mundo con m\\u00e1s \\u00e9xito.<\\\/p>\\n\n\n<p>Empresas que quieren resultados r\\u00e1pidos, ven el negocio como un estilo de vida y no creen en los largos tiempos de implementaci\\u00f3n. xentral piensa en el ERP de una manera nueva, ligera y libre. Libre en el sentido de las m\\u00faltiples incorporaciones, libre en el sentido de la escalabilidad ilimitada, y libre en el sentido de que nuestros m\\u00e1s de 1.000 equipos pueden elegir xentral cada mes.<\\\/p>\",\"text_size\":\"large\"}}]}]}]},{\"name\":\"\",\"type\":\"section\",\"props\":{\"style\":\"default\",\"width\":\"default\",\"vertical_align\":\"middle\",\"title_position\":\"top-left\",\"title_rotation\":\"left\",\"title_breakpoint\":\"xl\",\"image_position\":\"center-center\",\"image_effect\":\"parallax\",\"height\":\"expand\",\"padding\":\"small\",\"image\":\"\",\"image_size\":\"cover\",\"image_parallax_bgx_start\":\"0\",\"image_parallax_bgy_start\":\"460\",\"padding_remove_top\":true},\"children\":[{\"name\":\"\",\"type\":\"row\",\"children\":[{\"name\":\"\",\"type\":\"column\",\"props\":{\"image_position\":\"center-center\",\"media_overlay_gradient\":\"\",\"width_medium\":\"1-1\"},\"children\":[{\"name\":\"\",\"type\":\"text\",\"props\":{\"column_breakpoint\":\"m\",\"margin\":\"default\",\"content\":\"\n\n<h2 class=\\\"title-heading-center fusion-responsive-typography-calculated\\\" data-fontsize=\\\"30\\\" data-lineheight=\\\"45px\\\">El software empresarial m\\u00e1s inteligente para las nuevas empresas y las empresas establecidas de todos los sectores<\\\/h2>\",\"text_align\":\"center\"}}]}]}]},{\"name\":\"CV\",\"type\":\"section\",\"props\":{\"style\":\"default\",\"width\":\"default\",\"image_size\":\"cover\",\"padding\":\"xsmall\",\"animation\":\"fade\",\"animation_delay\":false,\"image_position\":\"center-center\",\"vertical_align\":\"middle\",\"title_position\":\"top-left\",\"title_rotation\":\"left\",\"title_breakpoint\":\"xl\",\"padding_remove_bottom\":false,\"padding_remove_top\":false,\"image\":\"\"},\"children\":[{\"name\":\"\",\"type\":\"row\",\"props\":{\"layout\":\"1-3,1-3,1-3\",\"column_gap\":\"large\",\"row_gap\":\"large\"},\"children\":[{\"name\":\"\",\"type\":\"column\",\"props\":{\"image_position\":\"center-center\",\"media_overlay_gradient\":\"\",\"width_medium\":\"1-3\"},\"children\":[{\"type\":\"image\",\"props\":{\"margin\":\"default\",\"image_svg_color\":\"emphasis\",\"text_align\":\"center\",\"image\":\"wp-content\\\/uploads\\\/2020\\\/10\\\/streamline-icon-weather-cloud-rainbow@96x96.png\"}},{\"name\":\"\",\"type\":\"text\",\"props\":{\"column_breakpoint\":\"m\",\"margin\":\"default\",\"content\":\"\n\n<h3 class=\\\"title-heading-center fusion-responsive-typography-calculated\\\" data-fontsize=\\\"26\\\" data-lineheight=\\\"41.6px\\\">Secure ERP<br \\\/>Software in the Cloud<\\\/h3>\\n\n\n<p>Acceda a todos los KPI empresariales importantes en cualquier momento y lugar.<\\\/p>\",\"text_size\":\"small\",\"text_align\":\"center\"}}]},{\"name\":\"\",\"type\":\"column\",\"props\":{\"image_position\":\"center-center\",\"media_overlay_gradient\":\"\",\"width_medium\":\"1-3\"},\"children\":[{\"type\":\"image\",\"props\":{\"margin\":\"default\",\"image_svg_color\":\"emphasis\",\"text_align\":\"center\",\"image\":\"wp-content\\\/uploads\\\/2020\\\/10\\\/streamline-icon-real-estate-app-house-laptop-1@96x96.png\"}},{\"name\":\"\",\"type\":\"text\",\"props\":{\"column_breakpoint\":\"m\",\"margin\":\"default\",\"content\":\"\n\n<h3 class=\\\"title-heading-center fusion-responsive-typography-calculated\\\" data-fontsize=\\\"26\\\" data-lineheight=\\\"41.6px\\\">1.000 Funciones<br \\\/>All-In-Home<\\\/h3>\\n\n\n<p>Aumente su eficiencia, evite errores y celebre ventas adicionales.<\\\/p>\",\"text_size\":\"small\",\"text_align\":\"center\"}}]},{\"type\":\"column\",\"props\":{\"image_position\":\"center-center\",\"media_overlay_gradient\":\"\",\"width_medium\":\"1-3\"},\"children\":[{\"type\":\"image\",\"props\":{\"margin\":\"default\",\"image_svg_color\":\"emphasis\",\"text_align\":\"center\",\"image\":\"wp-content\\\/uploads\\\/2020\\\/10\\\/streamline-icon-startup-launch-1@96x96.png\"}},{\"name\":\"\",\"type\":\"text\",\"props\":{\"column_breakpoint\":\"m\",\"margin\":\"default\",\"content\":\"\n\n<h3 class=\\\"title-heading-center fusion-responsive-typography-calculated\\\" data-fontsize=\\\"26\\\" data-lineheight=\\\"41.6px\\\">Start simple, scale without limits<\\\/h3>\\n\n\n<p>Conecte sus sistemas y a\\u00f1ada<br \\\/>nuevos usuarios seg\\u00fan sea necesario.\\u00a0<\\\/p>\",\"text_size\":\"small\",\"text_align\":\"center\"}}]}]}]},{\"name\":\"CV\",\"type\":\"section\",\"props\":{\"style\":\"default\",\"width\":\"default\",\"image_size\":\"cover\",\"padding\":\"xsmall\",\"animation\":\"fade\",\"animation_delay\":false,\"image_position\":\"center-center\",\"vertical_align\":\"middle\",\"title_position\":\"top-left\",\"title_rotation\":\"left\",\"title_breakpoint\":\"xl\",\"padding_remove_bottom\":false,\"padding_remove_top\":true,\"image\":\"\"},\"children\":[{\"name\":\"\",\"type\":\"row\",\"props\":{\"layout\":\"1-3,1-3,1-3\",\"column_gap\":\"large\",\"row_gap\":\"large\"},\"children\":[{\"name\":\"\",\"type\":\"column\",\"props\":{\"image_position\":\"center-center\",\"media_overlay_gradient\":\"\",\"width_medium\":\"1-3\"},\"children\":[]},{\"name\":\"\",\"type\":\"column\",\"props\":{\"image_position\":\"center-center\",\"media_overlay_gradient\":\"\",\"width_medium\":\"1-3\"},\"children\":[]},{\"type\":\"column\",\"props\":{\"image_position\":\"center-center\",\"media_overlay_gradient\":\"\",\"width_medium\":\"1-3\"},\"children\":[]}]}]},{\"name\":\"\",\"type\":\"section\",\"props\":{\"style\":\"primary\",\"width\":\"default\",\"vertical_align\":\"middle\",\"title_position\":\"top-left\",\"title_rotation\":\"left\",\"title_breakpoint\":\"xl\",\"image_position\":\"center-center\"},\"children\":[{\"name\":\"\",\"type\":\"row\",\"children\":[{\"name\":\"\",\"type\":\"column\",\"props\":{\"image_position\":\"center-center\",\"media_overlay_gradient\":\"\",\"width_medium\":\"1-1\"},\"children\":[]}]}]},{\"name\":\"\",\"type\":\"section\",\"props\":{\"style\":\"primary\",\"width\":\"default\",\"vertical_align\":\"middle\",\"title_position\":\"top-left\",\"title_rotation\":\"left\",\"title_breakpoint\":\"xl\",\"image_position\":\"center-center\",\"image_effect\":\"parallax\",\"height\":\"expand\",\"padding\":\"small\",\"image\":\"https:\\\/\\\/xentral.com\\\/wp-content\\\/uploads\\\/bg-gradient.jpg\",\"image_size\":\"cover\",\"image_parallax_bgx_start\":\"0\",\"image_parallax_bgy_start\":\"460\",\"padding_remove_top\":false,\"padding_remove_bottom\":true},\"children\":[{\"name\":\"\",\"type\":\"row\",\"props\":{\"layout\":\"1-2,1-2\"},\"children\":[{\"name\":\"\",\"type\":\"column\",\"props\":{\"image_position\":\"center-center\",\"media_overlay_gradient\":\"\",\"vertical_align\":\"middle\",\"width_medium\":\"1-2\"},\"children\":[{\"name\":\"\",\"type\":\"text\",\"props\":{\"column_breakpoint\":\"m\",\"margin\":\"default\",\"content\":\"\n\n<h2 class=\\\"p1\\\" data-fontsize=\\\"32\\\" data-lineheight=\\\"48\\\"><span style=\\\"color: #2e2efe;\\\">\\\"As\\u00ed es como tiene que ser el software hoy en d\\u00eda\\\"<\\\/span><\\\/h2>\",\"text_size\":\"large\"}},{\"type\":\"text\",\"props\":{\"margin\":\"default\",\"column_breakpoint\":\"m\",\"content\":\"\n\n<div class=\\\"fusion-text\\\">\\n\n\n<p><span style=\\\"color: #000000;\\\">Las empresas pueden elegir entre varias versiones b\\u00e1sicas y ampliar la gama de funciones con m\\u00e1s de 100 m\\u00f3dulos disponibles. Para ello, ofrecemos interfaces con todos los sistemas de tiendas online, marketplaces y proveedores de pago habituales.<\\\/span><\\\/p>\\n\n\n<p><span style=\\\"color: #000000;\\\">Dado que el sistema se basa en tecnolog\\u00edas de c\\u00f3digo abierto, tambi\\u00e9n puede desarrollarse individualmente. Dos veces al a\\u00f1o, Xentral lanza una versi\\u00f3n gratuita de c\\u00f3digo abierto para las empresas emergentes.<\\\/span><\\\/p>\\n\n\n<p><span style=\\\"color: #000000;\\\">Un hogar que lo conecta todo.<\\\/span><\\\/p>\\n<\\\/div>\"}}]},{\"type\":\"column\",\"props\":{\"image_position\":\"center-center\",\"media_overlay_gradient\":\"\",\"width_medium\":\"1-2\"},\"children\":[{\"type\":\"image\",\"props\":{\"margin\":\"default\",\"image_svg_color\":\"emphasis\",\"image\":\"wp-content\\\/uploads\\\/2020\\\/10\\\/xentral-investor-frank-thelen-video-play.png\"}}]}]}]},{\"name\":\"\",\"type\":\"section\",\"props\":{\"style\":\"default\",\"width\":\"default\",\"vertical_align\":\"middle\",\"title_position\":\"top-left\",\"title_rotation\":\"left\",\"title_breakpoint\":\"xl\",\"image_position\":\"center-center\",\"image_effect\":\"parallax\",\"height\":\"expand\",\"padding\":\"small\",\"image\":\"\",\"image_size\":\"cover\",\"image_parallax_bgx_start\":\"0\",\"image_parallax_bgy_start\":\"460\",\"padding_remove_top\":false,\"padding_remove_bottom\":true},\"children\":[{\"name\":\"\",\"type\":\"row\",\"children\":[{\"name\":\"\",\"type\":\"column\",\"props\":{\"image_position\":\"center-center\",\"media_overlay_gradient\":\"\",\"width_medium\":\"1-1\"},\"children\":[{\"name\":\"\",\"type\":\"text\",\"props\":{\"column_breakpoint\":\"m\",\"margin\":\"default\",\"content\":\"\n\n<h2>Con xentral puede llevar su comercio electr\\u00f3nico<br \\\/>a un nuevo nivel<\\\/h2>\",\"text_align\":\"center\"}}]}]}]},{\"type\":\"section\",\"props\":{\"style\":\"default\",\"width\":\"default\",\"vertical_align\":\"middle\",\"title_position\":\"top-left\",\"title_rotation\":\"left\",\"title_breakpoint\":\"xl\",\"image_position\":\"center-center\",\"padding_remove_bottom\":true},\"children\":[{\"type\":\"row\",\"children\":[{\"type\":\"column\",\"props\":{\"image_position\":\"center-center\",\"media_overlay_gradient\":\"\",\"width_medium\":\"1-1\"},\"children\":[{\"type\":\"text\",\"props\":{\"margin\":\"default\",\"column_breakpoint\":\"m\",\"content\":\"\n\n<p>\\u00bfQuiere crecer y profesionalizar (a\\u00fan m\\u00e1s) su comercio electr\\u00f3nico? Con xentral puede escalar indefinidamente y automatizar todas las tareas administrativas, para que tenga m\\u00e1s tiempo para las cosas estrat\\u00e9gicas. Simplifique el procesamiento de sus pedidos, env\\u00ede directamente a trav\\u00e9s de Fulfiller y automatice su contabilidad. Con el sistema ERP, los cuellos de botella en las entregas son cosa del pasado - xentral hace un seguimiento de todo por usted y crece de forma flexible con su negocio.<\\\/p>\"}},{\"type\":\"button\",\"props\":{\"grid_column_gap\":\"small\",\"grid_row_gap\":\"small\",\"margin\":\"default\",\"button_size\":\"large\",\"position\":\"absolute\",\"maxwidth\":\"large\",\"position_left\":\"-20\"},\"children\":[{\"type\":\"button_item\",\"props\":{\"button_style\":\"danger\",\"icon_align\":\"left\",\"link_target\":\"blank\",\"content\":\"Xentral ERP \",\"link\":\"https:\\\/\\\/xentral.com\\\/en\\\/\",\"link_title\":\"Xentral ERP\",\"icon\":\"\"}}]},{\"type\":\"button\",\"props\":{\"grid_column_gap\":\"small\",\"grid_row_gap\":\"small\",\"margin\":\"default\",\"button_size\":\"large\",\"position\":\"absolute\",\"maxwidth\":\"large\",\"position_left\":\"200\"},\"children\":[{\"type\":\"button_item\",\"props\":{\"button_style\":\"danger\",\"icon_align\":\"left\",\"link_target\":\"blank\",\"content\":\"referencias\",\"link\":\"https:\\\/\\\/xentral.com\\\/en\\\/customers\\\/\",\"link_title\":\"Xentral referencias\",\"icon\":\"\"}}]},{\"type\":\"button\",\"props\":{\"grid_column_gap\":\"small\",\"grid_row_gap\":\"small\",\"margin\":\"default\",\"button_size\":\"large\",\"position\":\"absolute\",\"maxwidth\":\"xlarge\",\"position_left\":\"415\"},\"children\":[{\"type\":\"button_item\",\"props\":{\"button_style\":\"danger\",\"icon_align\":\"left\",\"link_target\":\"blank\",\"content\":\"precios\",\"link\":\"https:\\\/\\\/xentral.com\\\/en\\\/pricing\\\/\",\"link_title\":\"Xentral precios\",\"icon\":\"\"}}]}]}]}]},{\"name\":\"Jetzt Newsletter\",\"type\":\"section\",\"props\":{\"style\":\"default\",\"width\":\"default\",\"image_size\":\"cover\",\"padding\":\"small\",\"text_color\":\"light\",\"image\":\"\",\"preserve_color\":false,\"image_position\":\"center-center\",\"css\":\".el-section {background-color:#efefef;}\",\"padding_remove_top\":false,\"vertical_align\":\"middle\",\"title_position\":\"top-left\",\"title_rotation\":\"left\",\"title_breakpoint\":\"xl\"},\"children\":[{\"name\":\"\",\"type\":\"row\",\"props\":{\"layout\":\"3-4,1-4\",\"width\":\"expand\",\"margin\":\"medium\",\"vertical_align\":true},\"children\":[{\"name\":\"\",\"type\":\"column\",\"props\":{\"image_position\":\"center-center\",\"vertical_align\":\"middle\",\"media_overlay_gradient\":\"\",\"width_medium\":\"3-4\"}},{\"name\":\"\",\"type\":\"column\",\"props\":{\"image_position\":\"center-center\",\"vertical_align\":\"middle\",\"media_overlay_gradient\":\"\",\"width_medium\":\"1-4\"}}]}]}],\"version\":\"2.5.4\"} --><\/p>\n","protected":false},"excerpt":{"rendered":"<p>Let your business grow brainy. PARCEL.ONE Partner Xentral ERP Software GmbH Fuggerstra\u00dfe 1186150 AugsburgGermany linkedin facebook twitter xing social xentral est\u00e1 escrito para una nueva generaci\u00f3n de equipos que quieren compartir sus productos y servicios con el mundo con m\u00e1s \u00e9xito. Empresas que quieren resultados r\u00e1pidos, ven el negocio como un estilo de vida y [&hellip;]<\/p>\n","protected":false},"author":1,"featured_media":0,"parent":0,"menu_order":0,"comment_status":"closed","ping_status":"closed","template":"","meta":{"footnotes":""},"class_list":["post-12351","page","type-page","status-publish","hentry"],"_links":{"self":[{"href":"https:\/\/parcel.one\/es\/wp-json\/wp\/v2\/pages\/12351","targetHints":{"allow":["GET"]}}],"collection":[{"href":"https:\/\/parcel.one\/es\/wp-json\/wp\/v2\/pages"}],"about":[{"href":"https:\/\/parcel.one\/es\/wp-json\/wp\/v2\/types\/page"}],"author":[{"embeddable":true,"href":"https:\/\/parcel.one\/es\/wp-json\/wp\/v2\/users\/1"}],"replies":[{"embeddable":true,"href":"https:\/\/parcel.one\/es\/wp-json\/wp\/v2\/comments?post=12351"}],"version-history":[{"count":0,"href":"https:\/\/parcel.one\/es\/wp-json\/wp\/v2\/pages\/12351\/revisions"}],"wp:attachment":[{"href":"https:\/\/parcel.one\/es\/wp-json\/wp\/v2\/media?parent=12351"}],"curies":[{"name":"wp","href":"https:\/\/api.w.org\/{rel}","templated":true}]}}