{"id":12277,"date":"2020-10-08T12:09:11","date_gmt":"2020-10-08T12:09:11","guid":{"rendered":"https:\/\/parcel.one\/mhp-solution-group"},"modified":"2023-02-02T12:07:46","modified_gmt":"2023-02-02T12:07:46","slug":"ecovium","status":"publish","type":"page","link":"https:\/\/parcel.one\/es\/ecovium","title":{"rendered":"ecovium"},"content":{"rendered":"<p><img decoding=\"async\" src=\"\/wp-content\/uploads\/2022\/01\/ecovium_Logo__r__blue.png\" alt=\"\"><\/p>\n<h1>\n<h2><font color=\"ffffff\">End-to-end Logistikl\u00f6sungen aus einer Hand<\/font><\/h2>\n<\/h1>\n<div>PARCEL.ONE Partner<\/div>\n<p><img decoding=\"async\" src=\"\/wp-content\/uploads\/2022\/01\/233f0679_c48f_4efa_97b4_3ce3f9f1b804.jpg\" alt=\"\"><\/p>\n<div>\n<p>Justus-von-Liebig-Str. 3<br \/>31535 Neustadt<br \/>Germany<\/p>\n<\/div>\n<ul>\n<li><a href=\"https:\/\/www.linkedin.com\/company\/ecovium\/\">linkedin<\/a>\n<\/li>\n<li><a href=\"https:\/\/www.youtube.com\/channel\/UCjKlAFfXXl8h5M5WCGVy6sQ\">youtube<\/a>\n<\/li>\n<li><a href=\"https:\/\/twitter.com\/ecovium\">twitter<\/a>\n<\/li>\n<li><a href=\"https:\/\/ecovium.com\/de\/\">social<\/a>\n<\/li>\n<\/ul>\n<div>\n<header>\n<h2 class=\"h1-like pt-4 mt-5 text-left\">unite &amp; create<\/h2>\n<\/header>\n<p>Es ist an der Zeit f\u00fcr neue Unternehmen. F\u00fcr Unternehmen, die den eigenen Gesch\u00e4ftserfolg ebenso im Blick haben wie die Gesellschaft. Unternehmen, die Bew\u00e4hrtes hinterfragen, ohne zu verurteilen \u2013 Neues riskieren, ohne \u00fcberm\u00fctig zu sein. Die<span>\u00a0<\/span><strong>Unternehmensgruppe ecovium<\/strong><span>\u00a0<\/span>vereint wirtschaftliche Interessen und den \u00f6kologischen Anspruch auf einem gemeinsamen Weg hin zu nachhaltigen Logistikl\u00f6sungen mit Mehrwert f\u00fcr Industrie und Gesellschaft.<\/p>\n<\/div>\n<div>\n<h2 class=\" text-left\">Hand in Hand<span>\u00a0<\/span><span class=\"subheadline\">&#8211; f\u00fcr integrierte Logistikl\u00f6sungen<\/span><\/h2>\n<\/div>\n<div>\n<p><span>Bei ecovium arbeiten Experten aus allen Bereichen der Logistik-IT gemeinsam an intelligenten L\u00f6sungen f\u00fcr die gesamte Wertsch\u00f6pfungskette. Vernetztes Denken und agile Arbeitsabl\u00e4ufe erm\u00f6glichen die Entwicklung optimaler Gesch\u00e4ftsprozesse in\u00a0<\/span><strong><a href=\"https:\/\/ecovium.com\/de\/loesungen\/zollabwicklung\">Zoll<\/a><\/strong><span>,\u00a0<\/span><strong><a href=\"https:\/\/ecovium.com\/de\/loesungen\/warehouse-management\">Lager<\/a><\/strong><span>,\u00a0<\/span><a href=\"https:\/\/ecovium.com\/de\/loesungen\/versandlogistik\"><strong>Versand<\/strong><\/a><span>\u00a0und\u00a0<\/span><a href=\"https:\/\/ecovium.com\/de\/loesungen\/transport-management\"><strong>Transport<\/strong><\/a><span>sowie ein darauf passend abgestimmtes\u00a0<\/span><strong><a href=\"https:\/\/ecovium.com\/de\/hardware\">Hardware-Angebot<\/a><\/strong><span>.<\/span><\/p>\n<\/div>\n<div>\n<p>        <img decoding=\"async\" src=\"\/wp-content\/uploads\/2022\/01\/customs_Zeichenflaeche-1.png\" alt=\"\"><\/p>\n<h3>CUSTOMS<\/h3>\n<p>Grenz\u00ad\u00fcbergreifende, reibungslose Zollabwicklung<\/p>\n<div>\n<p><span>Mit unseren L\u00f6sungen optimieren Sie Ihre Prozesse rund um Zoll und Au\u00dfenhandel, Compliance und Risikomanagement sowie Warenursprung und Pr\u00e4ferenzen.<\/span><\/p>\n<\/div>\n<p><a href=\"https:\/\/ecovium.com\/de\/loesungen\/zollabwicklung\">Read more<\/a><\/p>\n<\/div>\n<div>\n<p>        <img decoding=\"async\" src=\"\/wp-content\/uploads\/2022\/01\/warehouse_Zeichenflaeche-1.png\" alt=\"\"><\/p>\n<h3>WAREHOUSE<\/h3>\n<p>Intelligentes Lager- und Bestands\u00admanagement<\/p>\n<div>\n<p><span>Unsere L\u00f6sungen f\u00fcr Lagerverwaltung und Bestandsmanagement automatisieren Ihre Prozesse f\u00fcr mehr Effizienz in Ihrer Lagerhaltung.\u00a0<\/span><\/p>\n<\/div>\n<p><a href=\"https:\/\/ecovium.com\/de\/loesungen\/warehouse-management\">Read more<\/a><\/p>\n<\/div>\n<div>\n<p>        <img decoding=\"async\" src=\"\/wp-content\/uploads\/2022\/01\/shipping2_Zeichenflaeche-1.png\" alt=\"\"><\/p>\n<h3>SHIPPING<\/h3>\n<p>M\u00fchelose Versandlogistik mit komfortablem Tracking<\/p>\n<div>\n<p><span>Unsere L\u00f6sungen erleichtern Ihnen die Versandlogistik, erm\u00f6glichen bequemes Track &amp; Trace und vereinfachen Ihr Retourenmanagement.<\/span><\/p>\n<\/div>\n<p><a href=\"https:\/\/ecovium.com\/de\/loesungen\/versandlogistik\">Read more<\/a><\/p>\n<\/div>\n<div>\n<p>        <img decoding=\"async\" src=\"\/wp-content\/uploads\/2022\/01\/shipping_Zeichenflaeche-1.png\" alt=\"\"><\/p>\n<h3>TRANSPORT<\/h3>\n<p>Effiziente Steuerung von Fahrzeugen und Transporten<\/p>\n<div>\n<p><span>Optimieren Sie mit unseren L\u00f6sungen f\u00fcr das Transport Management die Verwaltung Ihres Fuhrparks und Ihrer transportierten G\u00fcter.<\/span><\/p>\n<\/div>\n<p><a href=\"https:\/\/ecovium.com\/de\/loesungen\/transport-management\">Read more<\/a><\/p>\n<\/div>\n<div>\n<p>        <img decoding=\"async\" src=\"\/wp-content\/uploads\/2022\/01\/hardware_Zeichenflaeche-1.png\" alt=\"\"><\/p>\n<h3>HARDWARE<\/h3>\n<p>Passende Hardware, Infrastruktur und Services<\/p>\n<div>\n<p><span>Mit unseren Hardware- und Infrastrukturl\u00f6sungen sowie unseren Servicekonzepten gestalten wir Ihre Gesch\u00e4ftsprozesse effizienter.<\/span><\/p>\n<\/div>\n<p><a href=\"https:\/\/ecovium.com\/de\/hardware\">Read more<\/a><\/p>\n<\/div>\n<h2>\n<h3 class=\"big-headline\">Logistics and beyond<\/h3>\n<h3 class=\"h1-like\">Machen Sie mit uns den n\u00e4chsten Schritt in die Zukunft der Logistik.<\/h3>\n<\/h2>\n<div>\n<p class=\"h1-like\"><span><font color=\"000000\"> F\u00fcr Fragen und Anregungen kontaktieren Sie uns bitte \u00fcber das nachstehende Formular. Wir k\u00fcmmern uns um Ihr Anliegen und nehmen schnellstm\u00f6glich Kontakt auf.<\/font><\/span><\/p>\n<\/div>\n<p>\n    <a href=\"https:\/\/ecovium.com\/de\/ueber-uns\/kontakt#Kontakt\">KONTAKT<\/a>\n<\/p>\n<p><!--more--><br \/>\n<!-- {\"name\":\"LP Xentral 102020\",\"type\":\"layout\",\"children\":[{\"name\":\"Hero\",\"type\":\"section\",\"props\":{\"style\":\"default\",\"width\":\"default\",\"image\":\"wp-content\\\/uploads\\\/2022\\\/01\\\/csm_Home_Header_0a2e364bbe.jpg.webp\",\"text_color\":\"dark\",\"header_transparent\":\"light\",\"padding\":\"xlarge\",\"image_position\":\"center-center\",\"overlap\":false,\"animation\":\"slide-bottom\",\"vertical_align\":\"middle\",\"title_position\":\"top-left\",\"title_rotation\":\"left\",\"title_breakpoint\":\"xl\",\"video\":\"\",\"padding_remove_bottom\":false,\"css\":\"background-color:#ff6600\",\"media_background\":\"#13023E\",\"padding_remove_horizontal\":true,\"image_size\":\"cover\"},\"children\":[{\"name\":\"\",\"type\":\"row\",\"children\":[{\"name\":\"\",\"type\":\"column\",\"props\":{\"image_position\":\"center-center\",\"media_overlay_gradient\":\"\",\"width_medium\":\"1-1\"},\"children\":[{\"type\":\"image\",\"props\":{\"margin\":\"default\",\"image_svg_color\":\"emphasis\",\"text_align\":\"center\",\"image\":\"wp-content\\\/uploads\\\/2022\\\/01\\\/ecovium_Logo__r__blue.png\"}},{\"type\":\"headline\",\"props\":{\"title_element\":\"h1\",\"title_style\":\"h3\",\"title_color\":\"background\",\"text_align\":\"center\",\"content\":\"\n\n<h2><font color=\\\"ffffff\\\">End-to-end Logistikl\\u00f6sungen aus einer Hand<\\\/font><\\\/h2>\"}}]}]}]},{\"name\":\"CV\",\"type\":\"section\",\"props\":{\"style\":\"default\",\"width\":\"default\",\"image_size\":\"cover\",\"padding\":\"large\",\"animation\":\"fade\",\"animation_delay\":false,\"image_position\":\"center-center\",\"vertical_align\":\"middle\",\"title_position\":\"top-left\",\"title_rotation\":\"left\",\"title_breakpoint\":\"xl\",\"padding_remove_bottom\":true},\"children\":[{\"name\":\"\",\"type\":\"row\",\"props\":{\"layout\":\"1-4,3-4\",\"column_gap\":\"large\",\"row_gap\":\"large\"},\"children\":[{\"name\":\"\",\"type\":\"column\",\"props\":{\"image_position\":\"center-center\",\"media_overlay_gradient\":\"\",\"width_medium\":\"1-4\"},\"children\":[{\"name\":\"\",\"type\":\"text\",\"props\":{\"column_breakpoint\":\"m\",\"margin\":\"small\",\"content\":\"PARCEL.ONE Partner\",\"text_size\":\"small\"}},{\"type\":\"image\",\"props\":{\"margin\":\"default\",\"image_svg_color\":\"emphasis\",\"image\":\"wp-content\\\/uploads\\\/2022\\\/01\\\/233f0679_c48f_4efa_97b4_3ce3f9f1b804.jpg\",\"image_width\":\"250\"}},{\"name\":\"\",\"type\":\"text\",\"props\":{\"column_breakpoint\":\"m\",\"margin\":\"medium\",\"content\":\"\n\n<p>Justus-von-Liebig-Str. 3<br \\\/>31535 Neustadt<br \\\/>Germany<\\\/p>\",\"margin_remove_top\":true,\"text_size\":\"small\"}},{\"name\":\"\",\"type\":\"social\",\"props\":{\"link_style\":\"link\",\"margin\":\"default\",\"link_target\":true,\"icon_width\":20,\"grid_gap\":\"medium\",\"grid\":\"horizontal\"},\"children\":[{\"type\":\"social_item\",\"props\":{\"link\":\"https:\\\/\\\/www.linkedin.com\\\/company\\\/ecovium\\\/\"}},{\"type\":\"social_item\",\"props\":{\"link\":\"https:\\\/\\\/www.youtube.com\\\/channel\\\/UCjKlAFfXXl8h5M5WCGVy6sQ\"}},{\"type\":\"social_item\",\"props\":{\"link\":\"https:\\\/\\\/twitter.com\\\/ecovium\"}},{\"type\":\"social_item\",\"props\":{\"link\":\"https:\\\/\\\/ecovium.com\\\/de\\\/\"}}]}]},{\"name\":\"\",\"type\":\"column\",\"props\":{\"image_position\":\"center-center\",\"media_overlay_gradient\":\"\",\"width_medium\":\"3-4\"},\"children\":[{\"name\":\"\",\"type\":\"text\",\"props\":{\"column_breakpoint\":\"m\",\"margin\":\"default\",\"content\":\"\n\n<header>\\n\n\n<h2 class=\\\"h1-like pt-4 mt-5 text-left\\\">unite &amp; create<\\\/h2>\\n<\\\/header>\\n\n\n<p>Es ist an der Zeit f\\u00fcr neue Unternehmen. F\\u00fcr Unternehmen, die den eigenen Gesch\\u00e4ftserfolg ebenso im Blick haben wie die Gesellschaft. Unternehmen, die Bew\\u00e4hrtes hinterfragen, ohne zu verurteilen \\u2013 Neues riskieren, ohne \\u00fcberm\\u00fctig zu sein. Die<span>\\u00a0<\\\/span><strong>Unternehmensgruppe ecovium<\\\/strong><span>\\u00a0<\\\/span>vereint wirtschaftliche Interessen und den \\u00f6kologischen Anspruch auf einem gemeinsamen Weg hin zu nachhaltigen Logistikl\\u00f6sungen mit Mehrwert f\\u00fcr Industrie und Gesellschaft.<\\\/p>\",\"text_size\":\"large\"}},{\"name\":\"\",\"type\":\"text\",\"props\":{\"column_breakpoint\":\"m\",\"margin\":\"default\",\"content\":\"\n\n<h2 class=\\\" text-left\\\">Hand in Hand<span>\\u00a0<\\\/span><span class=\\\"subheadline\\\">- f\\u00fcr integrierte Logistikl\\u00f6sungen<\\\/span><\\\/h2>\",\"text_align\":\"left\"}},{\"name\":\"\",\"type\":\"text\",\"props\":{\"column_breakpoint\":\"m\",\"margin\":\"default\",\"content\":\"\n\n<p><span>Bei ecovium arbeiten Experten aus allen Bereichen der Logistik-IT gemeinsam an intelligenten L\\u00f6sungen f\\u00fcr die gesamte Wertsch\\u00f6pfungskette. Vernetztes Denken und agile Arbeitsabl\\u00e4ufe erm\\u00f6glichen die Entwicklung optimaler Gesch\\u00e4ftsprozesse in\\u00a0<\\\/span><strong><a href=\\\"https:\\\/\\\/ecovium.com\\\/de\\\/loesungen\\\/zollabwicklung\\\">Zoll<\\\/a><\\\/strong><span>,\\u00a0<\\\/span><strong><a href=\\\"https:\\\/\\\/ecovium.com\\\/de\\\/loesungen\\\/warehouse-management\\\">Lager<\\\/a><\\\/strong><span>,\\u00a0<\\\/span><a href=\\\"https:\\\/\\\/ecovium.com\\\/de\\\/loesungen\\\/versandlogistik\\\"><strong>Versand<\\\/strong><\\\/a><span>\\u00a0und\\u00a0<\\\/span><a href=\\\"https:\\\/\\\/ecovium.com\\\/de\\\/loesungen\\\/transport-management\\\"><strong>Transport<\\\/strong><\\\/a><span>sowie ein darauf passend abgestimmtes\\u00a0<\\\/span><strong><a href=\\\"https:\\\/\\\/ecovium.com\\\/de\\\/hardware\\\">Hardware-Angebot<\\\/a><\\\/strong><span>.<\\\/span><\\\/p>\",\"text_size\":\"large\"}}]}]}]},{\"name\":\"\",\"type\":\"section\",\"props\":{\"style\":\"default\",\"width\":\"default\",\"vertical_align\":\"middle\",\"title_position\":\"top-left\",\"title_rotation\":\"left\",\"title_breakpoint\":\"xl\",\"image_position\":\"center-center\",\"image_effect\":\"parallax\",\"height\":\"expand\",\"padding\":\"small\",\"image\":\"\",\"image_size\":\"cover\",\"image_parallax_bgx_start\":\"0\",\"image_parallax_bgy_start\":\"460\",\"padding_remove_top\":false},\"children\":[{\"name\":\"\",\"type\":\"row\",\"props\":{\"layout\":\"1-4,3-4\"},\"children\":[{\"name\":\"\",\"type\":\"column\",\"props\":{\"image_position\":\"center-center\",\"media_overlay_gradient\":\"\",\"width_medium\":\"1-4\"},\"children\":[]},{\"type\":\"column\",\"props\":{\"image_position\":\"center-center\",\"media_overlay_gradient\":\"\",\"width_medium\":\"3-4\"},\"children\":[]}]}]},{\"name\":\"CV\",\"type\":\"section\",\"props\":{\"style\":\"default\",\"width\":\"default\",\"image_size\":\"cover\",\"padding\":\"xsmall\",\"animation\":\"fade\",\"animation_delay\":false,\"image_position\":\"center-center\",\"vertical_align\":\"middle\",\"title_position\":\"top-left\",\"title_rotation\":\"left\",\"title_breakpoint\":\"xl\",\"padding_remove_bottom\":false,\"padding_remove_top\":true,\"image\":\"\"},\"children\":[{\"name\":\"\",\"type\":\"row\",\"props\":{\"layout\":\"1-3,1-3,1-3\",\"column_gap\":\"large\",\"row_gap\":\"large\"},\"children\":[{\"name\":\"\",\"type\":\"column\",\"props\":{\"image_position\":\"center-center\",\"media_overlay_gradient\":\"\",\"width_medium\":\"1-3\"},\"children\":[{\"type\":\"panel\",\"props\":{\"link_text\":\"Read more\",\"title_hover_style\":\"reset\",\"title_element\":\"h3\",\"title_align\":\"top\",\"title_grid_width\":\"1-2\",\"title_grid_breakpoint\":\"m\",\"meta_style\":\"meta\",\"meta_align\":\"below-title\",\"image_align\":\"top\",\"image_grid_width\":\"1-2\",\"image_grid_breakpoint\":\"m\",\"image_svg_color\":\"emphasis\",\"link_style\":\"danger\",\"margin\":\"default\",\"meta_color\":\"success\",\"text_align\":\"center\",\"image\":\"wp-content\\\/uploads\\\/2022\\\/01\\\/customs_Zeichenflaeche-1.png\",\"title\":\"CUSTOMS\",\"meta\":\"Grenz\\u00ad\\u00fcbergreifende, reibungslose Zollabwicklung\",\"content\":\"\n\n<p><span>Mit unseren L\\u00f6sungen optimieren Sie Ihre Prozesse rund um Zoll und Au\\u00dfenhandel, Compliance und Risikomanagement sowie Warenursprung und Pr\\u00e4ferenzen.<\\\/span><\\\/p>\",\"link\":\"https:\\\/\\\/ecovium.com\\\/de\\\/loesungen\\\/zollabwicklung\",\"link_target\":true,\"icon_width\":80,\"meta_element\":\"div\",\"content_column_breakpoint\":\"m\",\"image_width\":\"200\"}}]},{\"name\":\"\",\"type\":\"column\",\"props\":{\"image_position\":\"center-center\",\"media_overlay_gradient\":\"\",\"width_medium\":\"1-3\"},\"children\":[{\"type\":\"panel\",\"props\":{\"link_text\":\"Read more\",\"title_hover_style\":\"reset\",\"title_element\":\"h3\",\"title_align\":\"top\",\"title_grid_width\":\"1-2\",\"title_grid_breakpoint\":\"m\",\"meta_style\":\"meta\",\"meta_align\":\"below-title\",\"image_align\":\"top\",\"image_grid_width\":\"1-2\",\"image_grid_breakpoint\":\"m\",\"image_svg_color\":\"emphasis\",\"link_style\":\"danger\",\"margin\":\"default\",\"meta_color\":\"success\",\"text_align\":\"center\",\"image\":\"wp-content\\\/uploads\\\/2022\\\/01\\\/warehouse_Zeichenflaeche-1.png\",\"title\":\"WAREHOUSE\",\"meta\":\"Intelligentes Lager- und Bestands\\u00admanagement\",\"content\":\"\n\n<p><span>Unsere L\\u00f6sungen f\\u00fcr Lagerverwaltung und Bestandsmanagement automatisieren Ihre Prozesse f\\u00fcr mehr Effizienz in Ihrer Lagerhaltung.\\u00a0<\\\/span><\\\/p>\",\"link\":\"https:\\\/\\\/ecovium.com\\\/de\\\/loesungen\\\/warehouse-management\",\"link_target\":true,\"icon_width\":80,\"meta_element\":\"div\",\"content_column_breakpoint\":\"m\",\"image_width\":\"200\"}}]},{\"type\":\"column\",\"props\":{\"image_position\":\"center-center\",\"media_overlay_gradient\":\"\",\"width_medium\":\"1-3\"},\"children\":[{\"type\":\"panel\",\"props\":{\"link_text\":\"Read more\",\"title_hover_style\":\"reset\",\"title_element\":\"h3\",\"title_align\":\"top\",\"title_grid_width\":\"1-2\",\"title_grid_breakpoint\":\"m\",\"meta_style\":\"meta\",\"meta_align\":\"below-title\",\"image_align\":\"top\",\"image_grid_width\":\"1-2\",\"image_grid_breakpoint\":\"m\",\"image_svg_color\":\"emphasis\",\"link_style\":\"danger\",\"margin\":\"default\",\"meta_color\":\"success\",\"text_align\":\"center\",\"image\":\"wp-content\\\/uploads\\\/2022\\\/01\\\/shipping2_Zeichenflaeche-1.png\",\"title\":\"SHIPPING\",\"meta\":\"M\\u00fchelose Versandlogistik mit komfortablem Tracking\",\"content\":\"\n\n<p><span>Unsere L\\u00f6sungen erleichtern Ihnen die Versandlogistik, erm\\u00f6glichen bequemes Track &amp; Trace und vereinfachen Ihr Retourenmanagement.<\\\/span><\\\/p>\",\"link\":\"https:\\\/\\\/ecovium.com\\\/de\\\/loesungen\\\/versandlogistik\",\"link_target\":true,\"icon_width\":80,\"meta_element\":\"div\",\"content_column_breakpoint\":\"m\",\"image_width\":\"200\"}}]}]},{\"name\":\"\",\"type\":\"row\",\"props\":{\"layout\":\"1-2,1-2\",\"column_gap\":\"large\",\"row_gap\":\"large\"},\"children\":[{\"name\":\"\",\"type\":\"column\",\"props\":{\"image_position\":\"center-center\",\"media_overlay_gradient\":\"\",\"width_medium\":\"1-2\"},\"children\":[{\"type\":\"panel\",\"props\":{\"link_text\":\"Read more\",\"title_hover_style\":\"reset\",\"title_element\":\"h3\",\"title_align\":\"top\",\"title_grid_width\":\"1-2\",\"title_grid_breakpoint\":\"m\",\"meta_style\":\"meta\",\"meta_align\":\"below-title\",\"image_align\":\"top\",\"image_grid_width\":\"1-2\",\"image_grid_breakpoint\":\"m\",\"image_svg_color\":\"emphasis\",\"link_style\":\"danger\",\"margin\":\"default\",\"meta_color\":\"success\",\"text_align\":\"center\",\"image\":\"wp-content\\\/uploads\\\/2022\\\/01\\\/shipping_Zeichenflaeche-1.png\",\"title\":\"TRANSPORT\",\"meta\":\"Effiziente Steuerung von Fahrzeugen und Transporten\",\"content\":\"\n\n<p><span>Optimieren Sie mit unseren L\\u00f6sungen f\\u00fcr das Transport Management die Verwaltung Ihres Fuhrparks und Ihrer transportierten G\\u00fcter.<\\\/span><\\\/p>\",\"link\":\"https:\\\/\\\/ecovium.com\\\/de\\\/loesungen\\\/transport-management\",\"link_target\":true,\"icon_width\":80,\"meta_element\":\"div\",\"content_column_breakpoint\":\"m\",\"image_width\":\"200\"}}]},{\"name\":\"\",\"type\":\"column\",\"props\":{\"image_position\":\"center-center\",\"media_overlay_gradient\":\"\",\"width_medium\":\"1-2\"},\"children\":[{\"type\":\"panel\",\"props\":{\"link_text\":\"Read more\",\"title_hover_style\":\"reset\",\"title_element\":\"h3\",\"title_align\":\"top\",\"title_grid_width\":\"1-2\",\"title_grid_breakpoint\":\"m\",\"meta_style\":\"meta\",\"meta_align\":\"below-title\",\"image_align\":\"top\",\"image_grid_width\":\"1-2\",\"image_grid_breakpoint\":\"m\",\"image_svg_color\":\"emphasis\",\"link_style\":\"danger\",\"margin\":\"default\",\"meta_color\":\"success\",\"text_align\":\"center\",\"image\":\"wp-content\\\/uploads\\\/2022\\\/01\\\/hardware_Zeichenflaeche-1.png\",\"title\":\"HARDWARE\",\"meta\":\"Passende Hardware, Infrastruktur und Services\",\"content\":\"\n\n<p><span>Mit unseren Hardware- und Infrastrukturl\\u00f6sungen sowie unseren Servicekonzepten gestalten wir Ihre Gesch\\u00e4ftsprozesse effizienter.<\\\/span><\\\/p>\",\"link\":\"https:\\\/\\\/ecovium.com\\\/de\\\/hardware\",\"link_target\":true,\"icon_width\":80,\"meta_element\":\"div\",\"content_column_breakpoint\":\"m\",\"image_width\":\"200\"}}]}]}]},{\"name\":\"\",\"type\":\"section\",\"props\":{\"style\":\"primary\",\"width\":\"default\",\"vertical_align\":\"middle\",\"title_position\":\"top-left\",\"title_rotation\":\"left\",\"title_breakpoint\":\"xl\",\"image_position\":\"center-center\"},\"children\":[{\"name\":\"\",\"type\":\"row\",\"children\":[{\"name\":\"\",\"type\":\"column\",\"props\":{\"image_position\":\"center-center\",\"media_overlay_gradient\":\"\",\"width_medium\":\"1-1\"},\"children\":[]}]}]},{\"name\":\"\",\"type\":\"section\",\"props\":{\"style\":\"primary\",\"width\":\"default\",\"vertical_align\":\"middle\",\"title_position\":\"top-left\",\"title_rotation\":\"left\",\"title_breakpoint\":\"xl\",\"image_position\":\"center-center\",\"height\":\"expand\",\"padding\":\"small\",\"image\":\"wp-content\\\/uploads\\\/2022\\\/01\\\/csm_Header_Kontakt_dced24bcae.png.webp\",\"image_size\":\"cover\",\"media_blend_mode\":\"overlay\",\"image_parallax_bgx_start\":\"0\",\"image_parallax_bgy_start\":\"460\",\"padding_remove_top\":false,\"padding_remove_bottom\":false},\"children\":[{\"name\":\"\",\"type\":\"row\",\"props\":{\"layout\":\"1-2,1-2\"},\"children\":[{\"name\":\"\",\"type\":\"column\",\"props\":{\"image_position\":\"center-center\",\"media_overlay_gradient\":\"\",\"width_medium\":\"1-2\"},\"children\":[{\"type\":\"headline\",\"props\":{\"title_element\":\"h2\",\"title_style\":\"h2\",\"block_align\":\"center\",\"text_align\":\"left\",\"content\":\"\n\n<h3 class=\\\"big-headline\\\">Logistics and beyond<\\\/h3>\\n\n\n<h3 class=\\\"h1-like\\\">Machen Sie mit uns den n\\u00e4chsten Schritt in die Zukunft der Logistik.<\\\/h3>\"}}]},{\"type\":\"column\",\"props\":{\"image_position\":\"center-center\",\"media_overlay_gradient\":\"\",\"width_medium\":\"1-2\"},\"children\":[{\"type\":\"text\",\"props\":{\"margin\":\"default\",\"column_breakpoint\":\"m\",\"content\":\"\n\n<p class=\\\"h1-like\\\"><span><font color=\\\"000000\\\"> F\\u00fcr Fragen und Anregungen kontaktieren Sie uns bitte \\u00fcber das nachstehende Formular. Wir k\\u00fcmmern uns um Ihr Anliegen und nehmen schnellstm\\u00f6glich Kontakt auf.<\\\/font><\\\/span><\\\/p>\"}},{\"type\":\"button\",\"props\":{\"grid_column_gap\":\"small\",\"grid_row_gap\":\"small\",\"margin\":\"default\"},\"children\":[{\"type\":\"button_item\",\"props\":{\"button_style\":\"danger\",\"icon_align\":\"left\",\"content\":\"KONTAKT\",\"link\":\"https:\\\/\\\/ecovium.com\\\/de\\\/ueber-uns\\\/kontakt#Kontakt\"}}]}]}]}]},{\"name\":\"\",\"type\":\"section\",\"props\":{\"style\":\"primary\",\"width\":\"default\",\"vertical_align\":\"middle\",\"title_position\":\"top-left\",\"title_rotation\":\"left\",\"title_breakpoint\":\"xl\",\"image_position\":\"center-center\"},\"children\":[{\"name\":\"\",\"type\":\"row\",\"children\":[{\"name\":\"\",\"type\":\"column\",\"props\":{\"image_position\":\"center-center\",\"media_overlay_gradient\":\"\",\"width_medium\":\"1-1\"},\"children\":[]}]}]}],\"version\":\"2.5.4\"} --><\/p>\n","protected":false},"excerpt":{"rendered":"<p>End-to-end Logistikl\u00f6sungen aus einer Hand PARCEL.ONE Partner Justus-von-Liebig-Str. 331535 NeustadtGermany linkedin youtube twitter social unite &amp; create Es ist an der Zeit f\u00fcr neue Unternehmen. F\u00fcr Unternehmen, die den eigenen Gesch\u00e4ftserfolg ebenso im Blick haben wie die Gesellschaft. Unternehmen, die Bew\u00e4hrtes hinterfragen, ohne zu verurteilen \u2013 Neues riskieren, ohne \u00fcberm\u00fctig zu sein. Die\u00a0Unternehmensgruppe ecovium\u00a0vereint wirtschaftliche [&hellip;]<\/p>\n","protected":false},"author":1,"featured_media":0,"parent":0,"menu_order":0,"comment_status":"closed","ping_status":"closed","template":"","meta":{"footnotes":""},"class_list":["post-12277","page","type-page","status-publish","hentry"],"_links":{"self":[{"href":"https:\/\/parcel.one\/es\/wp-json\/wp\/v2\/pages\/12277","targetHints":{"allow":["GET"]}}],"collection":[{"href":"https:\/\/parcel.one\/es\/wp-json\/wp\/v2\/pages"}],"about":[{"href":"https:\/\/parcel.one\/es\/wp-json\/wp\/v2\/types\/page"}],"author":[{"embeddable":true,"href":"https:\/\/parcel.one\/es\/wp-json\/wp\/v2\/users\/1"}],"replies":[{"embeddable":true,"href":"https:\/\/parcel.one\/es\/wp-json\/wp\/v2\/comments?post=12277"}],"version-history":[{"count":0,"href":"https:\/\/parcel.one\/es\/wp-json\/wp\/v2\/pages\/12277\/revisions"}],"wp:attachment":[{"href":"https:\/\/parcel.one\/es\/wp-json\/wp\/v2\/media?parent=12277"}],"curies":[{"name":"wp","href":"https:\/\/api.w.org\/{rel}","templated":true}]}}