{"id":12261,"date":"2021-07-15T06:33:23","date_gmt":"2021-07-15T06:33:23","guid":{"rendered":"https:\/\/parcel.one\/?page_id=12261"},"modified":"2021-07-21T06:56:03","modified_gmt":"2021-07-21T06:56:03","slug":"jtl","status":"publish","type":"page","link":"https:\/\/parcel.one\/es\/jtl","title":{"rendered":"JTL"},"content":{"rendered":"<p><a href=\"https:\/\/www.jtl-software.de\/\"><img decoding=\"async\" src=\"\/wp-content\/uploads\/2020\/01\/jtl-dark-rgb.png\" alt=\"Logo JTL Software\"><\/a><\/p>\n<h1>Sistema ERP y soluciones de comercio electr\u00f3nico de un solo proveedor<\/h1>\n<div>PARCEL.ONE Partner<\/div>\n<div>\n<h4><strong>JTL-Software-GmbH<\/strong><\/h4>\n<p><span class=\"tel\"><span class=\"type\">Rheinstr. 7<br \/>41836 H\u00fcckelhoven<\/span><\/span><\/p>\n<\/div>\n<ul>\n<li><a href=\"https:\/\/www.facebook.com\/JTLSoftware\">facebook<\/a>\n<\/li>\n<li><a href=\"https:\/\/twitter.com\/jtlsoftware\">twitter<\/a>\n<\/li>\n<li><a href=\"https:\/\/www.youtube.com\/user\/JTLSoftwareGmbH\">youtube<\/a>\n<\/li>\n<li><a href=\"https:\/\/www.xing.com\/companies\/jtl-softwaregmbh\">xing<\/a>\n<\/li>\n<li><a href=\"https:\/\/www.jtl-software.de\/\">social<\/a>\n<\/li>\n<\/ul>\n<div>\n<p><span data-contrast=\"none\" xml:lang=\"ES-ES\" lang=\"ES-ES\" class=\"TextRun Highlight SCXW57411908 BCX0\"><span class=\"NormalTextRun SCXW57411908 BCX0\">JTL-Software-GmbH es un<span>\u00a0<\/span><\/span><span class=\"NormalTextRun SCXW57411908 BCX0\">innovador creador<\/span><span class=\"NormalTextRun SCXW57411908 BCX0\"><span>\u00a0<\/span>de software para el<span>\u00a0<\/span><\/span><span class=\"NormalTextRun SCXW57411908 BCX0\">E-commerce hoy por hoy<\/span><span class=\"NormalTextRun SCXW57411908 BCX0\">. Con m\u00e1s de 35.000 clientes y m\u00e1s de 200 socios en Alemania, Austria y Suiza, JTL-Software es uno de los principales fabricantes<\/span><span class=\"NormalTextRun SCXW57411908 BCX0\"><span>\u00a0<\/span>alemanes<\/span><span class=\"NormalTextRun SCXW57411908 BCX0\"><span>\u00a0<\/span>de software<span>\u00a0<\/span><\/span><span class=\"NormalTextRun SCXW57411908 BCX0\">para el<span>\u00a0<\/span><\/span><span class=\"NormalTextRun SCXW57411908 BCX0\">E-commerce.<\/span><\/span><span class=\"EOP SCXW57411908 BCX0\" data-ccp-props=\"{&quot;201341983&quot;:0,&quot;335559739&quot;:160,&quot;335559740&quot;:259}\">\u00a0<\/span><\/p>\n<p><span data-contrast=\"none\" xml:lang=\"ES-ES\" lang=\"ES-ES\" class=\"TextRun Highlight SCXW58455860 BCX0\"><span class=\"NormalTextRun SCXW58455860 BCX0\">El sistema de gesti\u00f3n de mercanc\u00edas JTL-<\/span><span class=\"NormalTextRun SpellingErrorV2 SCXW58455860 BCX0\">Wawi<\/span><span class=\"NormalTextRun SCXW58455860 BCX0\"><span>\u00a0<\/span><\/span><span class=\"NormalTextRun SCXW58455860 BCX0\">tiene una<\/span><span class=\"NormalTextRun SCXW58455860 BCX0\"><span>\u00a0<\/span>conexi\u00f3n perfecta<span>\u00a0<\/span><\/span><span class=\"NormalTextRun SCXW58455860 BCX0\">con<\/span><span class=\"NormalTextRun SCXW58455860 BCX0\"><span>\u00a0<\/span>eBay y Amazon JTL-<\/span><span class=\"NormalTextRun SpellingErrorV2 SCXW58455860 BCX0\">eazyAuction<\/span><span class=\"NormalTextRun SCXW58455860 BCX0\">.<span>\u00a0<\/span><\/span><span class=\"NormalTextRun SCXW58455860 BCX0\">Adem\u00e1s,<\/span><span class=\"NormalTextRun SCXW58455860 BCX0\"><span>\u00a0<\/span><\/span><span class=\"NormalTextRun SCXW58455860 BCX0\">dispone de un<\/span><span class=\"NormalTextRun SCXW58455860 BCX0\"><span>\u00a0<\/span>sistema de tienda<span>\u00a0<\/span><\/span><span class=\"NormalTextRun SCXW58455860 BCX0\">virtual que se conecta a trav\u00e9s de<span>\u00a0<\/span><\/span><span class=\"NormalTextRun SCXW58455860 BCX0\">JTL-Shop<\/span><span class=\"NormalTextRun SCXW58455860 BCX0\">.<\/span><span class=\"NormalTextRun SCXW58455860 BCX0\"><span>\u00a0<\/span><\/span><span class=\"NormalTextRun SCXW58455860 BCX0\">Con<\/span><span class=\"NormalTextRun SCXW58455860 BCX0\"><span>\u00a0<\/span>JTL-<\/span><span class=\"NormalTextRun SpellingErrorV2 SCXW58455860 BCX0\">Connectors<\/span><span class=\"NormalTextRun SCXW58455860 BCX0\"><span>\u00a0<\/span>p<\/span><span class=\"NormalTextRun SCXW58455860 BCX0\">odr\u00e1<\/span><span class=\"NormalTextRun SCXW58455860 BCX0\"><span>\u00a0<\/span>conectar sistemas de tienda<\/span><span class=\"NormalTextRun SCXW58455860 BCX0\">s<\/span><span class=\"NormalTextRun SCXW58455860 BCX0\"><span>\u00a0<\/span>externos, as\u00ed como<span>\u00a0<\/span><\/span><span class=\"NormalTextRun SCXW58455860 BCX0\">mediante el producto JTL-WMS tendr\u00e1 una potente herramienta de<span>\u00a0<\/span><\/span><span class=\"NormalTextRun SCXW58455860 BCX0\">gesti\u00f3n de almacenes para<span>\u00a0<\/span><\/span><span class=\"NormalTextRun SCXW58455860 BCX0\">su<\/span><span class=\"NormalTextRun SCXW58455860 BCX0\"><span>\u00a0<\/span>negocio de venta por<span>\u00a0<\/span><\/span><span class=\"NormalTextRun SCXW58455860 BCX0\">e-mail, lo que le<\/span><span class=\"NormalTextRun SCXW58455860 BCX0\"><span>\u00a0<\/span>ofrece<\/span><span class=\"NormalTextRun SCXW58455860 BCX0\">r\u00e1<\/span><span class=\"NormalTextRun SCXW58455860 BCX0\"><span>\u00a0<\/span>excelentes posibilidades<span>\u00a0<\/span><\/span><span class=\"NormalTextRun SCXW58455860 BCX0\">de<\/span><span class=\"NormalTextRun SCXW58455860 BCX0\"><span>\u00a0<\/span>\u00e9xito<\/span><span class=\"NormalTextRun SCXW58455860 BCX0\"><span>\u00a0<\/span>empresarial<\/span><span class=\"NormalTextRun SCXW58455860 BCX0\">.<\/span><\/span><span class=\"EOP SCXW58455860 BCX0\" data-ccp-props=\"{&quot;201341983&quot;:0,&quot;335559739&quot;:160,&quot;335559740&quot;:259}\">\u00a0<\/span><\/p>\n<p><span class=\"NormalTextRun SCXW248754249 BCX0\">La empresa fue fundada en 2008 por<span>\u00a0<\/span><\/span><span class=\"NormalTextRun SpellingErrorV2 SCXW248754249 BCX0\">Janusch<\/span><span class=\"NormalTextRun SCXW248754249 BCX0\"><span>\u00a0<\/span>Lisson y Thomas Lisson<\/span><span class=\"NormalTextRun SCXW248754249 BCX0\"><span>\u00a0<\/span>y<\/span><span class=\"NormalTextRun SCXW248754249 BCX0\"><span>\u00a0<\/span>cuenta con m\u00e1s de 160 empleados. La sede de la empresa se encuentra en<span>\u00a0<\/span><\/span><span class=\"NormalTextRun SpellingErrorV2 SCXW248754249 BCX0\">H\u00fcckelhoven<\/span><span class=\"NormalTextRun SCXW248754249 BCX0\">, distrito de Heinsberg (NRW).<span>\u00a0<\/span><\/span><span class=\"NormalTextRun SCXW248754249 BCX0\">Dispone de otras<\/span><span class=\"NormalTextRun SCXW248754249 BCX0\"><span>\u00a0<\/span>ubicaciones en<span>\u00a0<\/span><\/span><span class=\"NormalTextRun SpellingErrorV2 SCXW248754249 BCX0 DefaultHighlightTransition\">H\u00fcrth<\/span><span class=\"NormalTextRun SCXW248754249 BCX0\"><span>\u00a0<\/span>(cerca de Colonia) desde 2012 y en Halle (Saale) y Kassel desde 2016.<\/span><\/p>\n<\/div>\n<blockquote>\n<p><img loading=\"lazy\" decoding=\"async\" class=\"wp-image-4289  alignnone\" src=\"https:\/\/parcel.one\/wp-content\/uploads\/2020\/01\/Thomas-lisson-JTL.jpg\" alt=\"\" width=\"167\" style=\"border-radius: 100px!Important; float: left; margin: 0 20px;\" height=\"129\" \/><\/p>\n<p style=\"text-align: left;\">&#8220;Llevamos m\u00e1s de una d\u00e9cada desarrollando soluciones de software para el comercio electr\u00f3nico. Por ello, sabemos lo importantes que son los procesos de env\u00edo y log\u00edstica sin problemas para el \u00e9xito empresarial de nuestros clientes. La selecci\u00f3n de socios fiables en este \u00e1mbito es crucial para nosotros. PARCEL.ONE. cumple con nuestros altos est\u00e1ndares de calidad tambi\u00e9n en el \u00e1mbito internacional y nos alegramos del \u00e9xito de la cooperaci\u00f3n&#8221;.<\/p>\n<footer>\n<p>        Thomas Lisson<br \/>\n                <cite><a href=\"https:\/\/www.jtl-software.de\/unternehmen\">Director General JTL-Software-GmbH<\/a><\/cite><\/p>\n<\/footer>\n<\/blockquote>\n<div>\n<p><span data-contrast=\"none\">JTL Software: \u00a1el hogar de los\u00a0vendedores online!<\/span><span data-ccp-props=\"{&quot;134233117&quot;:true,&quot;134233118&quot;:true,&quot;201341983&quot;:0,&quot;335559739&quot;:300,&quot;335559740&quot;:240}\">\u00a0<\/span><\/p>\n<p><span data-contrast=\"none\">Seg\u00fan una encuesta realizada a 585 peque\u00f1os y medianos comerciantes online sobre el software de comercio electr\u00f3nico que utilizan, JTL-Wawi\u00a0ocupa el primer lugar entre las soluciones de gesti\u00f3n de mercanc\u00edas (t3n | agosto de 2016). El JTL-Wawi\u00a0gratuito es utilizado por muchos miles de peque\u00f1as y medianas empresas con entre 1 y 100 empleados y un volumen de env\u00edos de hasta 100.000 unidades al mes. JTL\u00a0re\u00fane\u00a0todas las soluciones software necesarias para\u00a0que su negocio online tenga\u00a0\u00e9xito.<\/span><\/p>\n<\/div>\n<p><a href=\"https:\/\/www.youtube.com\/watch?v=6shltrY0QxI\"><img decoding=\"async\" src=\"\/wp-content\/uploads\/2020\/01\/JTL-Einrichtung-P1.png\" alt=\"JTL Einrichtung f\u00fcr PARCEL.ONE\"><\/a><\/p>\n<p>\n    <a href=\"https:\/\/www.jtl-software.de\/starten-mit-jtl\">Empieza ahora con JTL<\/a>\n<\/p>\n<p><!--more--><br \/>\n<!-- {\"name\":\"JTLDE\",\"type\":\"layout\",\"children\":[{\"name\":\"Hero\",\"type\":\"section\",\"props\":{\"style\":\"default\",\"width\":\"default\",\"image_size\":\"cover\",\"image\":\"wp-content\\\/uploads\\\/2020\\\/01\\\/08-header-jtl-produktfamilie.jpg\",\"text_color\":\"light\",\"height\":\"expand\",\"header_transparent\":\"dark\",\"media_background\":\"rgba(0, 0, 0, 0.24)\",\"media_overlay\":\"rgba(255, 255, 255, 0.47)\",\"padding\":\"xsmall\",\"image_position\":\"top-left\",\"vertical_align\":\"middle\",\"title_position\":\"top-left\",\"title_rotation\":\"left\",\"title_breakpoint\":\"xl\",\"overlap\":false},\"children\":[{\"name\":\"\",\"type\":\"row\",\"children\":[{\"name\":\"\",\"type\":\"column\",\"props\":{\"image_position\":\"center-center\",\"media_overlay_gradient\":\"\",\"width_medium\":\"1-1\"},\"children\":[{\"name\":\"\",\"type\":\"image\",\"props\":{\"margin\":\"default\",\"image\":\"wp-content\\\/uploads\\\/2020\\\/01\\\/jtl-dark-rgb.png\",\"image_alt\":\"Logo JTL Software\",\"link\":\"https:\\\/\\\/www.jtl-software.de\\\/\",\"text_align\":\"center\",\"image_svg_color\":\"emphasis\",\"link_target\":\"blank\",\"image_width\":\"300\"}},{\"name\":\"\",\"type\":\"headline\",\"props\":{\"title_element\":\"h1\",\"content\":\"Sistema ERP y soluciones de comercio electr\\u00f3nico de un solo proveedor\",\"text_align\":\"center\",\"title_style\":\"h2\",\"title_color\":\"success\"}}]}]}]},{\"name\":\"CV\",\"type\":\"section\",\"props\":{\"style\":\"default\",\"width\":\"default\",\"image_size\":\"cover\",\"padding\":\"small\",\"animation\":\"fade\",\"animation_delay\":false,\"image_position\":\"center-center\",\"vertical_align\":\"middle\",\"title_position\":\"top-left\",\"title_rotation\":\"left\",\"title_breakpoint\":\"xl\",\"padding_remove_bottom\":true},\"children\":[{\"name\":\"\",\"type\":\"row\",\"props\":{\"layout\":\"1-4,3-4\",\"column_gap\":\"large\",\"row_gap\":\"large\"},\"children\":[{\"name\":\"\",\"type\":\"column\",\"props\":{\"image_position\":\"center-center\",\"media_overlay_gradient\":\"\",\"width_medium\":\"1-4\"},\"children\":[{\"name\":\"\",\"type\":\"text\",\"props\":{\"column_breakpoint\":\"m\",\"margin\":\"small\",\"content\":\"PARCEL.ONE Partner\",\"text_size\":\"small\"}},{\"name\":\"\",\"type\":\"text\",\"props\":{\"column_breakpoint\":\"m\",\"margin\":\"medium\",\"content\":\"\n\n<h4><strong>JTL-Software-GmbH<\\\/strong><\\\/h4>\\n\n\n<p><span class=\\\"tel\\\"><span class=\\\"type\\\">Rheinstr. 7<br \\\/>41836 H\\u00fcckelhoven<\\\/span><\\\/span><\\\/p>\",\"margin_remove_top\":true,\"text_size\":\"small\"}},{\"name\":\"\",\"type\":\"social\",\"props\":{\"link_style\":\"link\",\"margin\":\"default\",\"link_target\":true,\"icon_width\":20,\"grid_gap\":\"medium\",\"grid\":\"horizontal\"},\"children\":[{\"type\":\"social_item\",\"props\":{\"link\":\"https:\\\/\\\/www.facebook.com\\\/JTLSoftware\"}},{\"type\":\"social_item\",\"props\":{\"link\":\"https:\\\/\\\/twitter.com\\\/jtlsoftware\"}},{\"type\":\"social_item\",\"props\":{\"link\":\"https:\\\/\\\/www.youtube.com\\\/user\\\/JTLSoftwareGmbH\"}},{\"type\":\"social_item\",\"props\":{\"link\":\"https:\\\/\\\/www.xing.com\\\/companies\\\/jtl-softwaregmbh\"}},{\"type\":\"social_item\",\"props\":{\"link\":\"https:\\\/\\\/www.jtl-software.de\\\/\"}}]}]},{\"name\":\"\",\"type\":\"column\",\"props\":{\"image_position\":\"center-center\",\"media_overlay_gradient\":\"\",\"width_medium\":\"3-4\"},\"children\":[{\"name\":\"\",\"type\":\"text\",\"props\":{\"column_breakpoint\":\"m\",\"margin\":\"default\",\"content\":\"\n\n<p><span data-contrast=\\\"none\\\" xml:lang=\\\"ES-ES\\\" lang=\\\"ES-ES\\\" class=\\\"TextRun Highlight SCXW57411908 BCX0\\\"><span class=\\\"NormalTextRun SCXW57411908 BCX0\\\">JTL-Software-GmbH es un<span>\\u00a0<\\\/span><\\\/span><span class=\\\"NormalTextRun SCXW57411908 BCX0\\\">innovador creador<\\\/span><span class=\\\"NormalTextRun SCXW57411908 BCX0\\\"><span>\\u00a0<\\\/span>de software para el<span>\\u00a0<\\\/span><\\\/span><span class=\\\"NormalTextRun SCXW57411908 BCX0\\\">E-commerce hoy por hoy<\\\/span><span class=\\\"NormalTextRun SCXW57411908 BCX0\\\">. Con m\\u00e1s de 35.000 clientes y m\\u00e1s de 200 socios en Alemania, Austria y Suiza, JTL-Software es uno de los principales fabricantes<\\\/span><span class=\\\"NormalTextRun SCXW57411908 BCX0\\\"><span>\\u00a0<\\\/span>alemanes<\\\/span><span class=\\\"NormalTextRun SCXW57411908 BCX0\\\"><span>\\u00a0<\\\/span>de software<span>\\u00a0<\\\/span><\\\/span><span class=\\\"NormalTextRun SCXW57411908 BCX0\\\">para el<span>\\u00a0<\\\/span><\\\/span><span class=\\\"NormalTextRun SCXW57411908 BCX0\\\">E-commerce.<\\\/span><\\\/span><span class=\\\"EOP SCXW57411908 BCX0\\\" data-ccp-props=\\\"{&quot;201341983&quot;:0,&quot;335559739&quot;:160,&quot;335559740&quot;:259}\\\">\\u00a0<\\\/span><\\\/p>\\n\n\n<p><span data-contrast=\\\"none\\\" xml:lang=\\\"ES-ES\\\" lang=\\\"ES-ES\\\" class=\\\"TextRun Highlight SCXW58455860 BCX0\\\"><span class=\\\"NormalTextRun SCXW58455860 BCX0\\\">El sistema de gesti\\u00f3n de mercanc\\u00edas JTL-<\\\/span><span class=\\\"NormalTextRun SpellingErrorV2 SCXW58455860 BCX0\\\">Wawi<\\\/span><span class=\\\"NormalTextRun SCXW58455860 BCX0\\\"><span>\\u00a0<\\\/span><\\\/span><span class=\\\"NormalTextRun SCXW58455860 BCX0\\\">tiene una<\\\/span><span class=\\\"NormalTextRun SCXW58455860 BCX0\\\"><span>\\u00a0<\\\/span>conexi\\u00f3n perfecta<span>\\u00a0<\\\/span><\\\/span><span class=\\\"NormalTextRun SCXW58455860 BCX0\\\">con<\\\/span><span class=\\\"NormalTextRun SCXW58455860 BCX0\\\"><span>\\u00a0<\\\/span>eBay y Amazon JTL-<\\\/span><span class=\\\"NormalTextRun SpellingErrorV2 SCXW58455860 BCX0\\\">eazyAuction<\\\/span><span class=\\\"NormalTextRun SCXW58455860 BCX0\\\">.<span>\\u00a0<\\\/span><\\\/span><span class=\\\"NormalTextRun SCXW58455860 BCX0\\\">Adem\\u00e1s,<\\\/span><span class=\\\"NormalTextRun SCXW58455860 BCX0\\\"><span>\\u00a0<\\\/span><\\\/span><span class=\\\"NormalTextRun SCXW58455860 BCX0\\\">dispone de un<\\\/span><span class=\\\"NormalTextRun SCXW58455860 BCX0\\\"><span>\\u00a0<\\\/span>sistema de tienda<span>\\u00a0<\\\/span><\\\/span><span class=\\\"NormalTextRun SCXW58455860 BCX0\\\">virtual que se conecta a trav\\u00e9s de<span>\\u00a0<\\\/span><\\\/span><span class=\\\"NormalTextRun SCXW58455860 BCX0\\\">JTL-Shop<\\\/span><span class=\\\"NormalTextRun SCXW58455860 BCX0\\\">.<\\\/span><span class=\\\"NormalTextRun SCXW58455860 BCX0\\\"><span>\\u00a0<\\\/span><\\\/span><span class=\\\"NormalTextRun SCXW58455860 BCX0\\\">Con<\\\/span><span class=\\\"NormalTextRun SCXW58455860 BCX0\\\"><span>\\u00a0<\\\/span>JTL-<\\\/span><span class=\\\"NormalTextRun SpellingErrorV2 SCXW58455860 BCX0\\\">Connectors<\\\/span><span class=\\\"NormalTextRun SCXW58455860 BCX0\\\"><span>\\u00a0<\\\/span>p<\\\/span><span class=\\\"NormalTextRun SCXW58455860 BCX0\\\">odr\\u00e1<\\\/span><span class=\\\"NormalTextRun SCXW58455860 BCX0\\\"><span>\\u00a0<\\\/span>conectar sistemas de tienda<\\\/span><span class=\\\"NormalTextRun SCXW58455860 BCX0\\\">s<\\\/span><span class=\\\"NormalTextRun SCXW58455860 BCX0\\\"><span>\\u00a0<\\\/span>externos, as\\u00ed como<span>\\u00a0<\\\/span><\\\/span><span class=\\\"NormalTextRun SCXW58455860 BCX0\\\">mediante el producto JTL-WMS tendr\\u00e1 una potente herramienta de<span>\\u00a0<\\\/span><\\\/span><span class=\\\"NormalTextRun SCXW58455860 BCX0\\\">gesti\\u00f3n de almacenes para<span>\\u00a0<\\\/span><\\\/span><span class=\\\"NormalTextRun SCXW58455860 BCX0\\\">su<\\\/span><span class=\\\"NormalTextRun SCXW58455860 BCX0\\\"><span>\\u00a0<\\\/span>negocio de venta por<span>\\u00a0<\\\/span><\\\/span><span class=\\\"NormalTextRun SCXW58455860 BCX0\\\">e-mail, lo que le<\\\/span><span class=\\\"NormalTextRun SCXW58455860 BCX0\\\"><span>\\u00a0<\\\/span>ofrece<\\\/span><span class=\\\"NormalTextRun SCXW58455860 BCX0\\\">r\\u00e1<\\\/span><span class=\\\"NormalTextRun SCXW58455860 BCX0\\\"><span>\\u00a0<\\\/span>excelentes posibilidades<span>\\u00a0<\\\/span><\\\/span><span class=\\\"NormalTextRun SCXW58455860 BCX0\\\">de<\\\/span><span class=\\\"NormalTextRun SCXW58455860 BCX0\\\"><span>\\u00a0<\\\/span>\\u00e9xito<\\\/span><span class=\\\"NormalTextRun SCXW58455860 BCX0\\\"><span>\\u00a0<\\\/span>empresarial<\\\/span><span class=\\\"NormalTextRun SCXW58455860 BCX0\\\">.<\\\/span><\\\/span><span class=\\\"EOP SCXW58455860 BCX0\\\" data-ccp-props=\\\"{&quot;201341983&quot;:0,&quot;335559739&quot;:160,&quot;335559740&quot;:259}\\\">\\u00a0<\\\/span><\\\/p>\\n\n\n<p><span class=\\\"NormalTextRun SCXW248754249 BCX0\\\">La empresa fue fundada en 2008 por<span>\\u00a0<\\\/span><\\\/span><span class=\\\"NormalTextRun SpellingErrorV2 SCXW248754249 BCX0\\\">Janusch<\\\/span><span class=\\\"NormalTextRun SCXW248754249 BCX0\\\"><span>\\u00a0<\\\/span>Lisson y Thomas Lisson<\\\/span><span class=\\\"NormalTextRun SCXW248754249 BCX0\\\"><span>\\u00a0<\\\/span>y<\\\/span><span class=\\\"NormalTextRun SCXW248754249 BCX0\\\"><span>\\u00a0<\\\/span>cuenta con m\\u00e1s de 160 empleados. La sede de la empresa se encuentra en<span>\\u00a0<\\\/span><\\\/span><span class=\\\"NormalTextRun SpellingErrorV2 SCXW248754249 BCX0\\\">H\\u00fcckelhoven<\\\/span><span class=\\\"NormalTextRun SCXW248754249 BCX0\\\">, distrito de Heinsberg (NRW).<span>\\u00a0<\\\/span><\\\/span><span class=\\\"NormalTextRun SCXW248754249 BCX0\\\">Dispone de otras<\\\/span><span class=\\\"NormalTextRun SCXW248754249 BCX0\\\"><span>\\u00a0<\\\/span>ubicaciones en<span>\\u00a0<\\\/span><\\\/span><span class=\\\"NormalTextRun SpellingErrorV2 SCXW248754249 BCX0 DefaultHighlightTransition\\\">H\\u00fcrth<\\\/span><span class=\\\"NormalTextRun SCXW248754249 BCX0\\\"><span>\\u00a0<\\\/span>(cerca de Colonia) desde 2012 y en Halle (Saale) y Kassel desde 2016.<\\\/span><\\\/p>\",\"text_size\":\"large\"}}]}]}]},{\"name\":\"Jetzt Newsletter\",\"type\":\"section\",\"props\":{\"style\":\"default\",\"width\":\"default\",\"image_size\":\"cover\",\"padding\":\"small\",\"text_color\":\"light\",\"image\":\"\",\"preserve_color\":false,\"image_position\":\"center-center\",\"css\":\".el-section {background-color:#efefef;}\",\"padding_remove_top\":false,\"vertical_align\":\"middle\",\"title_position\":\"top-left\",\"title_rotation\":\"left\",\"title_breakpoint\":\"xl\"},\"children\":[{\"name\":\"\",\"type\":\"row\",\"props\":{\"width\":\"expand\",\"margin\":\"medium\",\"vertical_align\":true},\"children\":[{\"name\":\"\",\"type\":\"column\",\"props\":{\"image_position\":\"center-center\",\"vertical_align\":\"middle\",\"media_overlay_gradient\":\"\",\"width_medium\":\"1-1\"},\"children\":[{\"name\":\"\",\"type\":\"quotation\",\"props\":{\"content\":\"\n\n<p><img class=\\\"wp-image-4289  alignnone\\\" src=\\\"https:\\\/\\\/parcel.one\\\/wp-content\\\/uploads\\\/2020\\\/01\\\/Thomas-lisson-JTL.jpg\\\" alt=\\\"\\\" width=\\\"167\\\" style=\\\"border-radius: 100px!Important; float: left; margin: 0 20px;\\\" height=\\\"129\\\" \\\/><\\\/p>\\n\n\n<p style=\\\"text-align: left;\\\">\\\"Llevamos m\\u00e1s de una d\\u00e9cada desarrollando soluciones de software para el comercio electr\\u00f3nico. Por ello, sabemos lo importantes que son los procesos de env\\u00edo y log\\u00edstica sin problemas para el \\u00e9xito empresarial de nuestros clientes. La selecci\\u00f3n de socios fiables en este \\u00e1mbito es crucial para nosotros. PARCEL.ONE. cumple con nuestros altos est\\u00e1ndares de calidad tambi\\u00e9n en el \\u00e1mbito internacional y nos alegramos del \\u00e9xito de la cooperaci\\u00f3n\\\".<\\\/p>\",\"author\":\"Director General JTL-Software-GmbH\",\"footer\":\"Thomas Lisson\",\"link\":\"https:\\\/\\\/www.jtl-software.de\\\/unternehmen\",\"link_target\":true,\"link_style\":\"reset\"}}]}]}]},{\"name\":\"Plattformen\",\"type\":\"section\",\"props\":{\"style\":\"default\",\"width\":\"default\",\"vertical_align\":\"middle\",\"title_position\":\"top-left\",\"title_rotation\":\"left\",\"title_breakpoint\":\"xl\",\"image_position\":\"center-center\",\"padding\":\"small\"},\"children\":[{\"name\":\"\",\"type\":\"row\",\"props\":{\"layout\":\"1-4,3-4\"},\"children\":[{\"name\":\"\",\"type\":\"column\",\"props\":{\"image_position\":\"center-center\",\"media_overlay_gradient\":\"\",\"width_medium\":\"1-4\"},\"children\":[]},{\"name\":\"\",\"type\":\"column\",\"props\":{\"image_position\":\"center-center\",\"media_overlay_gradient\":\"\",\"width_medium\":\"3-4\"},\"children\":[{\"name\":\"\",\"type\":\"text\",\"props\":{\"column_breakpoint\":\"m\",\"margin\":\"default\",\"content\":\"\n\n<p><span data-contrast=\\\"none\\\">JTL Software: \\u00a1el hogar de los\\u00a0vendedores online!<\\\/span><span data-ccp-props=\\\"{&quot;134233117&quot;:true,&quot;134233118&quot;:true,&quot;201341983&quot;:0,&quot;335559739&quot;:300,&quot;335559740&quot;:240}\\\">\\u00a0<\\\/span><\\\/p>\\n\n\n<p><span data-contrast=\\\"none\\\">Seg\\u00fan una encuesta realizada a 585 peque\\u00f1os y medianos comerciantes online sobre el software de comercio electr\\u00f3nico que utilizan, JTL-Wawi\\u00a0ocupa el primer lugar entre las soluciones de gesti\\u00f3n de mercanc\\u00edas (t3n | agosto de 2016). El JTL-Wawi\\u00a0gratuito es utilizado por muchos miles de peque\\u00f1as y medianas empresas con entre 1 y 100 empleados y un volumen de env\\u00edos de hasta 100.000 unidades al mes. JTL\\u00a0re\\u00fane\\u00a0todas las soluciones software necesarias para\\u00a0que su negocio online tenga\\u00a0\\u00e9xito.<\\\/span><\\\/p>\",\"text_size\":\"large\"}},{\"type\":\"image\",\"props\":{\"margin\":\"default\",\"image_svg_color\":\"emphasis\",\"link_target\":\"blank\",\"image\":\"wp-content\\\/uploads\\\/2020\\\/01\\\/JTL-Einrichtung-P1.png\",\"link\":\"https:\\\/\\\/www.youtube.com\\\/watch?v=6shltrY0QxI\",\"image_alt\":\"JTL Einrichtung f\\u00fcr PARCEL.ONE\"}},{\"type\":\"button\",\"props\":{\"grid_column_gap\":\"small\",\"grid_row_gap\":\"small\",\"margin\":\"default\"},\"children\":[{\"type\":\"button_item\",\"props\":{\"button_style\":\"danger\",\"icon_align\":\"left\",\"link_target\":\"blank\",\"content\":\"Empieza ahora con JTL\",\"link\":\"https:\\\/\\\/www.jtl-software.de\\\/starten-mit-jtl\",\"icon\":\"star\"}}]}]}]}]},{\"name\":\"Jetzt Newsletter\",\"type\":\"section\",\"props\":{\"style\":\"default\",\"width\":\"default\",\"image_size\":\"cover\",\"padding\":\"small\",\"text_color\":\"light\",\"image\":\"\",\"preserve_color\":false,\"image_position\":\"center-center\",\"css\":\".el-section {background-color:#efefef;}\",\"padding_remove_top\":false,\"vertical_align\":\"middle\",\"title_position\":\"top-left\",\"title_rotation\":\"left\",\"title_breakpoint\":\"xl\"},\"children\":[{\"name\":\"\",\"type\":\"row\",\"props\":{\"layout\":\"3-4,1-4\",\"width\":\"expand\",\"margin\":\"medium\",\"vertical_align\":true},\"children\":[{\"name\":\"\",\"type\":\"column\",\"props\":{\"image_position\":\"center-center\",\"vertical_align\":\"middle\",\"media_overlay_gradient\":\"\",\"width_medium\":\"3-4\"}},{\"name\":\"\",\"type\":\"column\",\"props\":{\"image_position\":\"center-center\",\"vertical_align\":\"middle\",\"media_overlay_gradient\":\"\",\"width_medium\":\"1-4\"}}]}]}],\"version\":\"2.5.4\"} --><\/p>\n","protected":false},"excerpt":{"rendered":"<p>Sistema ERP y soluciones de comercio electr\u00f3nico de un solo proveedor PARCEL.ONE Partner JTL-Software-GmbH Rheinstr. 741836 H\u00fcckelhoven facebook twitter youtube xing social JTL-Software-GmbH es un\u00a0innovador creador\u00a0de software para el\u00a0E-commerce hoy por hoy. Con m\u00e1s de 35.000 clientes y m\u00e1s de 200 socios en Alemania, Austria y Suiza, JTL-Software es uno de los principales fabricantes\u00a0alemanes\u00a0de software\u00a0para [&hellip;]<\/p>\n","protected":false},"author":1,"featured_media":0,"parent":0,"menu_order":0,"comment_status":"closed","ping_status":"closed","template":"","meta":{"footnotes":""},"class_list":["post-12261","page","type-page","status-publish","hentry"],"_links":{"self":[{"href":"https:\/\/parcel.one\/es\/wp-json\/wp\/v2\/pages\/12261","targetHints":{"allow":["GET"]}}],"collection":[{"href":"https:\/\/parcel.one\/es\/wp-json\/wp\/v2\/pages"}],"about":[{"href":"https:\/\/parcel.one\/es\/wp-json\/wp\/v2\/types\/page"}],"author":[{"embeddable":true,"href":"https:\/\/parcel.one\/es\/wp-json\/wp\/v2\/users\/1"}],"replies":[{"embeddable":true,"href":"https:\/\/parcel.one\/es\/wp-json\/wp\/v2\/comments?post=12261"}],"version-history":[{"count":0,"href":"https:\/\/parcel.one\/es\/wp-json\/wp\/v2\/pages\/12261\/revisions"}],"wp:attachment":[{"href":"https:\/\/parcel.one\/es\/wp-json\/wp\/v2\/media?parent=12261"}],"curies":[{"name":"wp","href":"https:\/\/api.w.org\/{rel}","templated":true}]}}