{"id":1743,"date":"2020-11-16T13:37:26","date_gmt":"2020-11-16T13:37:26","guid":{"rendered":"https:\/\/parcel.one?page_id=1743"},"modified":"2020-11-16T15:06:40","modified_gmt":"2020-11-16T15:06:40","slug":"crm","status":"publish","type":"page","link":"https:\/\/parcel.one\/en\/crm","title":{"rendered":"CRM"},"content":{"rendered":"<h1>\n<p>Kontakt<br \/>Wir nehmen uns Zeit f\u00fcr dich<\/p>\n<\/h1>\n<div>\n<p>M\u00f6glicherweise <strong>hast du Fragen zu unseren Produkten<\/strong>, <strong>brauchst Hilfe<\/strong> oder <strong>w\u00fcnscht dir eine individuelle Beratung<\/strong>. Wir freuen uns auf deine Anfrage und nehmen uns gerne Zeit f\u00fcr dich. <strong>Schreib uns einfach eine E-Mail<\/strong> und wir werden uns umgehend bei dir melden. Gerne kannst du uns auch <strong>einfach anrufen <\/strong>.<\/p>\n<\/div>\n<h2>Get in touch<\/h2>\n<div>\n<p>Ob digital, per Telefon oder pers\u00f6nlich \u2013 wir freuen uns auf deine Anfrage. Gerne kannst du auch unser Kontaktformular nutzen.<\/p>\n<p>PARCEL.ONE GmbH<br \/>Am Pfahlgraben 4 &#8211; 10<br \/>35415 Pohlheim<\/p>\n<p>Telefon 06033-35225-0<br \/>email\u00a0\u00a0 <a href=\"mailto:info@parcel.one\">info@parcel.one<\/a><\/p>\n<\/div>\n<p><img decoding=\"async\" src=\"wp-content\/uploads\/2020\/11\/DSC00088-800x533-1.jpg\" alt=\"\"><\/p>\n<div>\n\n<script type=\"widgetkit\/map\" data-id=\"wk-map69d16cf6a6103\" data-class=\" uk-preserve-width\" data-style=\"width:auto;height:400px;\">\n    {\"width\":\"auto\",\"height\":400,\"maptypeid\":\"roadmap\",\"maptypecontrol\":false,\"mapctrl\":true,\"zoom\":9,\"marker\":2,\"marker_icon\":\"\",\"markercluster\":false,\"popup_max_width\":300,\"zoomwheel\":false,\"draggable\":true,\"directions\":true,\"disabledefaultui\":false,\"styler_invert_lightness\":false,\"styler_hue\":\"\",\"styler_saturation\":0,\"styler_lightness\":0,\"styler_gamma\":0,\"media\":true,\"image_width\":\"auto\",\"image_height\":\"auto\",\"media_align\":\"top\",\"media_width\":\"1-2\",\"media_breakpoint\":\"m\",\"media_border\":\"none\",\"media_overlay\":\"social-buttons\",\"overlay_animation\":\"fade\",\"media_animation\":\"scale-up\",\"title\":true,\"content\":true,\"social_buttons\":false,\"title_size\":\"h3\",\"title_element\":\"h3\",\"text_align\":\"left\",\"link\":false,\"link_style\":\"button\",\"link_text\":\"Read more\",\"link_target\":false,\"class\":\"\",\"markers\":[{\"lat\":50.5254375,\"lng\":8.7549375,\"icon\":\"\",\"title\":\"PARCEL.ONE\",\"content\":\"\\n<div class=\\\"uk-text-left\\\">\\n\\n    \\n    \\n        <h3 class=\\\"uk-h3 uk-margin-remove-top\\\">PARCEL.ONE<\\\/h3>\\n    \\n    \\n        <div class=\\\"uk-margin\\\"><p>Am Pfahlgraben 4 - 10\\u00a0<br \\\/>35415 Pohlheim\\u00a0<br \\\/>Germany<br \\\/><br \\\/><strong>Telefon: <\\\/strong>06033-35225-0<br \\\/><strong>Email: <\\\/strong>info@parcel.one<\\\/p><\\\/div>\\n    \\n    \\n    \\n    \\n<\\\/div>\\n\"}],\"directionsText\":\"Get Directions\"}<\/script>\n<\/div>\n<h3>PARCEL.ONE<\/h3>\n<ul>\n<li>\n<p><a href=\"https:\/\/parcel.one\/#P1L\u00f6sungen\">Cross Border Solution<\/a><\/p>\n<\/li>\n<li>\n<p><a href=\"https:\/\/parcel.one\/#StartWithUs\">Start with us<\/a><\/p>\n<\/li>\n<li>\n<p><a href=\"https:\/\/parcel.one\/#Deliverypartners\">Deliverypartners<\/a><\/p>\n<\/li>\n<li>\n<p><a href=\"https:\/\/parcel.one\/#Bepartofus\">Be part of us<\/a><\/p>\n<\/li>\n<\/ul>\n<h3><a href=\"https:\/\/parcel.one\/loesungen\">Deine L\u00f6sungen<\/a><\/h3>\n<ul>\n<li>\n<p><a href=\"https:\/\/parcel.one\/loesungen#LETTER\">Letter<\/a><\/p>\n<\/li>\n<li>\n<p><a href=\"https:\/\/parcel.one\/loesungen#PARCEL\">Parcel<\/a><\/p>\n<\/li>\n<li>\n<p><a href=\"https:\/\/parcel.one\/loesungen#REPARCEL\">re.PARCEL<\/a><\/p>\n<\/li>\n<li>\n<p><a href=\"https:\/\/parcel.one\/loesungen#SELECT\">Select<\/a><\/p>\n<\/li>\n<\/ul>\n<h3>Success Storys <span style=\"font-size:10px;\">(Launch Q3)<\/span><\/h3>\n<ul>\n<li>\n<div>Storys<\/div>\n<\/li>\n<li>\n<div>Partner<\/div>\n<\/li>\n<li>\n<div>Blog<\/div>\n<\/li>\n<\/ul>\n<h3>Information<\/h3>\n<ul>\n<li>\n<p><a href=\"https:\/\/parcel.one\/tracking\">Tracking<\/a><\/p>\n<\/li>\n<li>\n<p><a href=\"https:\/\/parcel.one\/about-us\">About us<\/a><\/p>\n<\/li>\n<li>\n<p><a href=\"https:\/\/parcel.one\/about-us#Team\">Team<\/a><\/p>\n<\/li>\n<li>\n<p><a href=\"https:\/\/parcel.one\/kontakt\">Kontakt<\/a><\/p>\n<\/li>\n<li>\n<p><a href=\"https:\/\/parcel.one\/Impressum\">Impressum<\/a><\/p>\n<\/li>\n<li>\n<p><a href=\"https:\/\/parcel.one\/datenschutz\">Datenschutz <\/a><\/p>\n<\/li>\n<\/ul>\n<p><img decoding=\"async\" src=\"wp-content\/uploads\/PARCELONE-W-1.png\" alt=\"PARCEL.ONE Logo\"><\/p>\n<div>\n<p>PARCEL.ONE GmbH<br \/>Am Pfahlgraben 4 &#8211; 10<br \/>35415 Pohlheim<br \/>Germany<\/p>\n<\/div>\n<div>\n<p>+49 6033 352250<br \/> info@parcel.one<\/p>\n<\/div>\n<ul>\n<li><a href=\"https:\/\/www.facebook.com\/PARCEL.ONE\">facebook<\/a><\/li>\n<li><a href=\"https:\/\/twitter.com\/parcel_one\">twitter<\/a><\/li>\n<li><a href=\"https:\/\/parcel.one\/feed\">social<\/a><\/li>\n<li><a href=\"https:\/\/www.linkedin.com\/company\/17923812\/\">linkedin<\/a><\/li>\n<\/ul>\n<p><!-- {\"name\":\"\",\"type\":\"layout\",\"children\":[{\"name\":\"Hero\",\"type\":\"section\",\"props\":{\"style\":\"default\",\"width\":\"default\",\"image_size\":\"cover\",\"image\":\"wp-content\\\/uploads\\\/parcel-one-kontakt-bg.jpg\",\"text_color\":\"dark\",\"height\":\"expand\",\"header_transparent\":\"dark\",\"media_background\":\"#cccccc\",\"media_blend_mode\":\"overlay\",\"media_overlay\":\"rgba(204, 204, 204, 0.52)\",\"padding\":\"xsmall\",\"image_position\":\"center-center\",\"overlap\":false,\"animation\":\"slide-bottom\",\"vertical_align\":\"middle\",\"title_position\":\"top-left\",\"title_rotation\":\"left\",\"title_breakpoint\":\"xl\",\"image_effect\":\"\"},\"children\":[{\"name\":\"\",\"type\":\"row\",\"props\":{\"fixed_width\":\"large\",\"breakpoint\":\"m\",\"layout\":\"1-1\"},\"children\":[{\"name\":\"\",\"type\":\"column\",\"props\":{\"image_position\":\"center-center\",\"media_overlay_gradient\":\"\"},\"children\":[{\"name\":\"\",\"type\":\"headline\",\"props\":{\"title_element\":\"h1\",\"content\":\"\n\n<p>Kontakt<br \\\/>Wir nehmen uns Zeit f\\u00fcr dich<\\\/p>\",\"text_align\":\"center\",\"title_style\":\"heading-medium\"}}]}]},{\"name\":\"\",\"type\":\"row\",\"props\":{\"fixed_width\":\"large\",\"breakpoint\":\"m\",\"layout\":\"1-1\"},\"children\":[{\"name\":\"\",\"type\":\"column\",\"props\":{\"image_position\":\"center-center\",\"media_overlay_gradient\":\"\"},\"children\":[{\"name\":\"\",\"type\":\"text\",\"props\":{\"column_breakpoint\":\"m\",\"margin\":\"default\",\"content\":\"\n\n<p>M\\u00f6glicherweise <strong>hast du Fragen zu unseren Produkten<\\\/strong>, <strong>brauchst Hilfe<\\\/strong> oder <strong>w\\u00fcnscht dir eine individuelle Beratung<\\\/strong>. Wir freuen uns auf deine Anfrage und nehmen uns gerne Zeit f\\u00fcr dich. <strong>Schreib uns einfach eine E-Mail<\\\/strong> und wir werden uns umgehend bei dir melden. Gerne kannst du uns auch <strong>einfach anrufen <\\\/strong>.<\\\/p>\"}}]}]}]},{\"name\":\"Get in Touch\",\"type\":\"section\",\"props\":{\"style\":\"default\",\"width\":\"default\",\"image_position\":\"center-center\",\"vertical_align\":\"middle\",\"title_position\":\"top-left\",\"title_rotation\":\"left\",\"title_breakpoint\":\"xl\",\"image_effect\":\"\"},\"children\":[{\"name\":\"\",\"type\":\"row\",\"props\":{\"fixed_width\":\"large\",\"breakpoint\":\"m\",\"layout\":\"1-1\"},\"children\":[{\"name\":\"\",\"type\":\"column\",\"props\":{\"image_position\":\"center-center\",\"media_overlay_gradient\":\"\"},\"children\":[{\"name\":\"Home Headline\",\"type\":\"headline\",\"props\":{\"title_element\":\"h2\",\"content\":\"Get in touch\",\"title_style\":\"h1\",\"title_color\":\"danger\",\"title_decoration\":\"line\"}}]}]},{\"name\":\"\",\"type\":\"row\",\"props\":{\"fixed_width\":\"large\",\"breakpoint\":\"m\",\"layout\":\"fixed,\"},\"children\":[{\"name\":\"\",\"type\":\"column\",\"props\":{\"image_position\":\"center-center\",\"media_overlay_gradient\":\"\"},\"children\":[{\"name\":\"\",\"type\":\"text\",\"props\":{\"column_breakpoint\":\"m\",\"margin\":\"default\",\"content\":\"\n\n<p>Ob digital, per Telefon oder pers\\u00f6nlich \\u2013 wir freuen uns auf deine Anfrage. Gerne kannst du auch unser Kontaktformular nutzen.<br \\\/><br \\\/>PARCEL.ONE GmbH<br \\\/>Am Pfahlgraben 4 - 10<br \\\/>35415 Pohlheim<br \\\/><br \\\/>Telefon 06033-35225-0<br \\\/>email\\u00a0\\u00a0 <a href=\\\"mailto:info@parcel.one\\\">info@parcel.one<\\\/a><\\\/p>\",\"text_style\":\"\",\"text_color\":\"\",\"text_size\":\"\",\"column\":\"\",\"position\":\"\",\"position_z_index\":\"\",\"maxwidth\":\"\",\"maxwidth_breakpoint\":\"\",\"block_align\":\"\",\"block_align_breakpoint\":\"\",\"block_align_fallback\":\"\",\"text_align\":\"\",\"text_align_breakpoint\":\"\",\"text_align_fallback\":\"\",\"animation\":\"\",\"visibility\":\"\"}},{\"name\":\"\",\"type\":\"social\",\"props\":{\"link_style\":\"button\",\"margin\":\"default\",\"gap\":\"small\"}}]},{\"name\":\"\",\"type\":\"column\",\"props\":{\"image_position\":\"center-center\",\"media_overlay_gradient\":\"\"},\"children\":[{\"type\":\"image\",\"props\":{\"margin\":\"default\",\"image_svg_color\":\"emphasis\",\"link_target\":\"\",\"image_border\":\"\",\"image_box_shadow\":\"\",\"image_hover_box_shadow\":\"\",\"image_box_decoration\":\"\",\"position\":\"\",\"position_z_index\":\"\",\"maxwidth\":\"\",\"maxwidth_breakpoint\":\"\",\"block_align\":\"\",\"block_align_breakpoint\":\"\",\"block_align_fallback\":\"\",\"text_align\":\"\",\"text_align_breakpoint\":\"\",\"text_align_fallback\":\"\",\"animation\":\"\",\"visibility\":\"\",\"image\":\"wp-content\\\/uploads\\\/2020\\\/11\\\/DSC00088-800x533-1.jpg\"}}]}]}]},{\"name\":\"Map\",\"type\":\"section\",\"props\":{\"style\":\"default\",\"width\":\"\",\"image_position\":\"center-center\",\"padding\":\"none\",\"vertical_align\":\"middle\",\"title_position\":\"top-left\",\"title_rotation\":\"left\",\"title_breakpoint\":\"xl\",\"image_effect\":\"\"},\"children\":[{\"name\":\"\",\"type\":\"row\",\"props\":{\"fixed_width\":\"large\",\"breakpoint\":\"m\",\"layout\":\"1-1\"},\"children\":[{\"name\":\"\",\"type\":\"column\",\"props\":{\"image_position\":\"center-center\",\"media_overlay_gradient\":\"\"},\"children\":[{\"name\":\"\",\"type\":\"html\",\"props\":{\"content\":\"[widgetkit id=\\\"13\\\"]\"}}]}]}]},{\"name\":\"Jetzt Newsletter\",\"type\":\"section\",\"props\":{\"style\":\"default\",\"width\":\"default\",\"image_size\":\"cover\",\"padding\":\"small\",\"text_color\":\"light\",\"image\":\"\",\"preserve_color\":false,\"image_position\":\"center-center\",\"css\":\".el-section {background-color:#efefef;}\",\"padding_remove_top\":false,\"vertical_align\":\"middle\",\"title_position\":\"top-left\",\"title_rotation\":\"left\",\"title_breakpoint\":\"xl\",\"image_effect\":\"\"},\"children\":[{\"name\":\"\",\"type\":\"row\",\"props\":{\"fixed_width\":\"large\",\"breakpoint\":\"m\",\"layout\":\"3-4,1-4\",\"width\":\"expand\",\"margin\":\"medium\",\"vertical_align\":true},\"children\":[{\"name\":\"\",\"type\":\"column\",\"props\":{\"image_position\":\"center-center\",\"vertical_align\":\"middle\",\"media_overlay_gradient\":\"\"}},{\"name\":\"\",\"type\":\"column\",\"props\":{\"image_position\":\"center-center\",\"vertical_align\":\"middle\",\"media_overlay_gradient\":\"\"}}]}]},{\"name\":\"N\\u00fctzliche Links\",\"type\":\"section\",\"props\":{\"style\":\"default\",\"width\":\"expand\",\"image_size\":\"cover\",\"padding\":\"small\",\"image_position\":\"center-center\",\"vertical_align\":\"middle\",\"title_position\":\"top-left\",\"title_rotation\":\"left\",\"title_breakpoint\":\"xl\",\"image_effect\":\"\"},\"children\":[{\"name\":\"\",\"type\":\"row\",\"props\":{\"fixed_width\":\"large\",\"breakpoint\":\"m\",\"layout\":\"1-4,1-4,1-4,1-4|1-2,1-2,1-2,1-2\"},\"children\":[{\"name\":\"\",\"type\":\"column\",\"props\":{\"image_position\":\"center-center\",\"media_overlay_gradient\":\"\"},\"children\":[{\"name\":\"\",\"type\":\"headline\",\"props\":{\"title_element\":\"h3\",\"content\":\"PARCEL.ONE\",\"title_style\":\"h3\",\"text_align\":\"left\",\"text_align_breakpoint\":\"m\",\"text_align_fallback\":\"center\",\"animation\":\"slide-right\"}},{\"name\":\"\",\"type\":\"divider\",\"props\":{\"divider_element\":\"div\",\"animation\":\"slide-right\"}},{\"name\":\"\",\"type\":\"list\",\"props\":{\"image_align\":\"left\",\"image\":true,\"text_style\":\"\",\"link_style\":\"reset\",\"show_image\":true,\"show_link\":true,\"animation\":\"slide-right\",\"list_style\":\"\",\"content_style\":\"\",\"text_align\":\"left\",\"text_align_breakpoint\":\"m\",\"text_align_fallback\":\"center\",\"image_svg_color\":\"emphasis\",\"image_vertical_align\":true},\"children\":[{\"name\":\"\",\"type\":\"list_item\",\"props\":{\"content\":\"Cross Border Solution\",\"link\":\"https:\\\/\\\/parcel.one\\\/#P1L\\u00f6sungen\",\"icon\":\"\",\"link_target\":true}},{\"name\":\"\",\"type\":\"list_item\",\"props\":{\"content\":\"Start with us\",\"link\":\"https:\\\/\\\/parcel.one\\\/#StartWithUs\",\"icon\":\"\"}},{\"name\":\"\",\"type\":\"list_item\",\"props\":{\"content\":\"Deliverypartners\",\"link\":\"https:\\\/\\\/parcel.one\\\/#Deliverypartners\",\"icon\":\"\"}},{\"name\":\"\",\"type\":\"list_item\",\"props\":{\"content\":\"Be part of us\",\"icon\":\"\",\"link\":\"https:\\\/\\\/parcel.one\\\/#Bepartofus\"}}]}]},{\"name\":\"\",\"type\":\"column\",\"props\":{\"image_position\":\"center-center\",\"media_overlay_gradient\":\"\"},\"children\":[{\"name\":\"\",\"type\":\"headline\",\"props\":{\"title_element\":\"h3\",\"content\":\"Deine L\\u00f6sungen\",\"title_style\":\"h3\",\"text_align\":\"left\",\"text_align_breakpoint\":\"m\",\"text_align_fallback\":\"center\",\"animation\":\"slide-right\",\"link\":\"https:\\\/\\\/parcel.one\\\/loesungen\"}},{\"name\":\"\",\"type\":\"divider\",\"props\":{\"divider_element\":\"div\",\"animation\":\"slide-right\"}},{\"name\":\"\",\"type\":\"list\",\"props\":{\"image_align\":\"left\",\"image\":true,\"text_style\":\"\",\"link_style\":\"reset\",\"show_image\":true,\"show_link\":true,\"text_align\":\"left\",\"text_align_breakpoint\":\"m\",\"text_align_fallback\":\"center\",\"animation\":\"slide-right\",\"content_style\":\"\",\"image_svg_color\":\"emphasis\",\"image_vertical_align\":true},\"children\":[{\"name\":\"\",\"type\":\"list_item\",\"props\":{\"content\":\"Letter\",\"link\":\"https:\\\/\\\/parcel.one\\\/loesungen#LETTER\",\"icon\":\"\"}},{\"name\":\"\",\"type\":\"list_item\",\"props\":{\"content\":\"Parcel\",\"link\":\"https:\\\/\\\/parcel.one\\\/loesungen#PARCEL\",\"icon\":\"\"}},{\"name\":\"\",\"type\":\"list_item\",\"props\":{\"content\":\"re.PARCEL\",\"link\":\"https:\\\/\\\/parcel.one\\\/loesungen#REPARCEL\",\"icon\":\"\"}},{\"name\":\"\",\"type\":\"list_item\",\"props\":{\"content\":\"Select\",\"icon\":\"\",\"link\":\"https:\\\/\\\/parcel.one\\\/loesungen#SELECT\"}}]}]},{\"name\":\"\",\"type\":\"column\",\"props\":{\"image_position\":\"center-center\",\"media_overlay_gradient\":\"\"},\"children\":[{\"name\":\"\",\"type\":\"headline\",\"props\":{\"title_element\":\"h3\",\"content\":\"Success Storys <span style=\\\"font-size:10px;\\\">(Launch Q3)<\\\/span>\",\"title_style\":\"h3\",\"text_align\":\"left\",\"text_align_breakpoint\":\"m\",\"text_align_fallback\":\"center\",\"animation\":\"slide-right\"}},{\"name\":\"\",\"type\":\"divider\",\"props\":{\"divider_element\":\"div\",\"animation\":\"slide-right\"}},{\"name\":\"\",\"type\":\"list\",\"props\":{\"image_align\":\"left\",\"image\":true,\"link_style\":\"reset\",\"show_image\":true,\"show_link\":true,\"text_align\":\"left\",\"text_align_breakpoint\":\"m\",\"text_align_fallback\":\"center\",\"animation\":\"slide-right\",\"css\":\".el-content {color: #999999}\",\"content_style\":null,\"image_svg_color\":\"emphasis\",\"image_vertical_align\":true},\"children\":[{\"name\":\"\",\"type\":\"list_item\",\"props\":{\"content\":\"Storys\",\"link\":\"\",\"icon\":\"\"}},{\"name\":\"\",\"type\":\"list_item\",\"props\":{\"content\":\"Partner\"}},{\"name\":\"\",\"type\":\"list_item\",\"props\":{\"content\":\"Blog\"}}]}]},{\"name\":\"\",\"type\":\"column\",\"props\":{\"image_position\":\"center-center\",\"media_overlay_gradient\":\"\"},\"children\":[{\"name\":\"\",\"type\":\"headline\",\"props\":{\"title_element\":\"h3\",\"content\":\"Information\",\"title_style\":\"h3\",\"text_align\":\"left\",\"text_align_breakpoint\":\"m\",\"text_align_fallback\":\"center\",\"animation\":\"slide-right\"}},{\"name\":\"\",\"type\":\"divider\",\"props\":{\"divider_element\":\"div\",\"animation\":\"slide-right\"}},{\"name\":\"\",\"type\":\"list\",\"props\":{\"image_align\":\"left\",\"image\":true,\"link_style\":\"reset\",\"show_image\":true,\"show_link\":true,\"text_align\":\"left\",\"text_align_breakpoint\":\"m\",\"text_align_fallback\":\"center\",\"animation\":\"slide-right\",\"content_style\":null,\"image_svg_color\":\"emphasis\",\"image_vertical_align\":true},\"children\":[{\"name\":\"\",\"type\":\"list_item\",\"props\":{\"content\":\"Tracking\",\"link\":\"https:\\\/\\\/parcel.one\\\/tracking\",\"icon\":\"\"}},{\"name\":\"\",\"type\":\"list_item\",\"props\":{\"content\":\"About us\",\"link\":\"https:\\\/\\\/parcel.one\\\/about-us\",\"icon\":\"\"}},{\"name\":\"\",\"type\":\"list_item\",\"props\":{\"content\":\"Team\",\"link\":\"https:\\\/\\\/parcel.one\\\/about-us#Team\",\"icon\":\"\"}},{\"name\":\"\",\"type\":\"list_item\",\"props\":{\"content\":\"Kontakt\",\"link\":\"https:\\\/\\\/parcel.one\\\/kontakt\",\"icon\":\"\"}},{\"name\":\"\",\"type\":\"list_item\",\"props\":{\"content\":\"Impressum\",\"link\":\"https:\\\/\\\/parcel.one\\\/Impressum\",\"icon\":\"\"}},{\"name\":\"\",\"type\":\"list_item\",\"props\":{\"content\":\"Datenschutz \",\"link\":\"https:\\\/\\\/parcel.one\\\/datenschutz\"}}]}]}]}]},{\"name\":\"Footer\",\"type\":\"section\",\"props\":{\"style\":\"default\",\"width\":\"expand\",\"image_size\":\"cover\",\"padding\":\"small\",\"text_color\":\"light\",\"height\":\"expand\",\"preserve_color\":false,\"image_position\":\"center-center\",\"padding_remove_bottom\":false,\"css\":\".el-section {background-color:#3e4c69}\",\"vertical_align\":\"middle\",\"title_position\":\"top-left\",\"title_rotation\":\"left\",\"title_breakpoint\":\"xl\",\"image_effect\":\"\"},\"children\":[{\"name\":\"\",\"type\":\"row\",\"props\":{\"fixed_width\":\"large\",\"breakpoint\":\"m\",\"layout\":\"1-4,1-4,1-4,1-4|1-2,1-2,1-2,1-2\",\"match\":false,\"order_last\":false,\"vertical_align\":false,\"column_gap\":\"large\",\"row_gap\":\"large\"},\"children\":[{\"name\":\"\",\"type\":\"column\",\"props\":{\"image_position\":\"center-center\",\"media_overlay_gradient\":\"\"},\"children\":[{\"name\":\"\",\"type\":\"image\",\"props\":{\"margin\":\"small\",\"image\":\"wp-content\\\/uploads\\\/PARCELONE-W-1.png\",\"link\":\"\",\"image_alt\":\"PARCEL.ONE Logo\",\"image_width\":\"\",\"image_height\":\"\",\"image_box_shadow\":\"\",\"text_align\":\"left\",\"text_align_breakpoint\":\"m\",\"text_align_fallback\":\"center\",\"maxwidth\":\"medium\",\"block_align\":\"center\",\"image_svg_color\":\"emphasis\"}}]},{\"name\":\"\",\"type\":\"column\",\"props\":{\"image_position\":\"center-center\",\"media_overlay_gradient\":\"\"},\"children\":[{\"name\":\"\",\"type\":\"text\",\"props\":{\"column_breakpoint\":\"m\",\"margin\":\"default\",\"content\":\"\n\n<p>PARCEL.ONE GmbH<br \\\/>Am Pfahlgraben 4 - 10<br \\\/>35415 Pohlheim<br \\\/>Germany<br \\\/><br \\\/><\\\/p>\",\"column\":\"\",\"text_style\":\"meta\",\"css\":\".el-element {font-size: 18px;}\",\"text_color\":\"muted\",\"text_align\":\"left\",\"text_align_breakpoint\":\"m\",\"text_align_fallback\":\"center\",\"text_size\":\"\",\"position\":\"\",\"position_z_index\":\"\",\"maxwidth\":\"\",\"maxwidth_breakpoint\":\"\",\"block_align\":\"\",\"block_align_breakpoint\":\"\",\"block_align_fallback\":\"\",\"animation\":\"\",\"visibility\":\"\"}}]},{\"name\":\"\",\"type\":\"column\",\"props\":{\"image_position\":\"center-center\",\"media_overlay_gradient\":\"\"},\"children\":[{\"name\":\"\",\"type\":\"text\",\"props\":{\"column_breakpoint\":\"m\",\"margin\":\"default\",\"css\":\".el-element {font-size: 18px;}\",\"content\":\"\n\n<p>+49 6033 352250<br \\\/> info@parcel.one<\\\/p>\",\"text_color\":\"muted\",\"text_style\":\"meta\",\"text_align\":\"left\",\"text_align_breakpoint\":\"m\",\"text_align_fallback\":\"center\"}}]},{\"name\":\"\",\"type\":\"column\",\"props\":{\"image_position\":\"center-center\",\"media_overlay_gradient\":\"\"},\"children\":[{\"name\":\"\",\"type\":\"social\",\"props\":{\"link_style\":\"\",\"margin\":\"default\",\"links\":[\"https:\\\/\\\/www.facebook.com\\\/PARCEL.ONE\",\"https:\\\/\\\/twitter.com\\\/parcel_one\",\"https:\\\/\\\/parcel.one\\\/feed\",\"https:\\\/\\\/www.linkedin.com\\\/company\\\/17923812\\\/\",\"\"],\"link_target\":true,\"css\":\".el-element {font-size:18px}\",\"maxwidth\":\"xlarge\",\"icon_ratio\":\"2\",\"text_align\":\"left\",\"text_align_breakpoint\":\"m\",\"text_align_fallback\":\"center\",\"block_align\":\"center\",\"gap\":\"\",\"position\":\"\",\"position_z_index\":\"\",\"maxwidth_breakpoint\":\"\",\"block_align_breakpoint\":\"\",\"block_align_fallback\":\"\",\"animation\":\"\",\"visibility\":\"\"}}]}]}]}],\"props\":[],\"version\":\"1.22.6\"} --><\/p>\n","protected":false},"excerpt":{"rendered":"<p>KontaktWir nehmen uns Zeit f\u00fcr dich M\u00f6glicherweise hast du Fragen zu unseren Produkten, brauchst Hilfe oder w\u00fcnscht dir eine individuelle Beratung. Wir freuen uns auf deine Anfrage und nehmen uns gerne Zeit f\u00fcr dich. Schreib uns einfach eine E-Mail und wir werden uns umgehend bei dir melden. Gerne kannst du uns auch einfach anrufen . [&hellip;]<\/p>\n","protected":false},"author":1,"featured_media":0,"parent":0,"menu_order":0,"comment_status":"closed","ping_status":"closed","template":"","meta":{"footnotes":""},"class_list":["post-1743","page","type-page","status-publish","hentry"],"_links":{"self":[{"href":"https:\/\/parcel.one\/en\/wp-json\/wp\/v2\/pages\/1743","targetHints":{"allow":["GET"]}}],"collection":[{"href":"https:\/\/parcel.one\/en\/wp-json\/wp\/v2\/pages"}],"about":[{"href":"https:\/\/parcel.one\/en\/wp-json\/wp\/v2\/types\/page"}],"author":[{"embeddable":true,"href":"https:\/\/parcel.one\/en\/wp-json\/wp\/v2\/users\/1"}],"replies":[{"embeddable":true,"href":"https:\/\/parcel.one\/en\/wp-json\/wp\/v2\/comments?post=1743"}],"version-history":[{"count":1,"href":"https:\/\/parcel.one\/en\/wp-json\/wp\/v2\/pages\/1743\/revisions"}],"predecessor-version":[{"id":23641,"href":"https:\/\/parcel.one\/en\/wp-json\/wp\/v2\/pages\/1743\/revisions\/23641"}],"wp:attachment":[{"href":"https:\/\/parcel.one\/en\/wp-json\/wp\/v2\/media?parent=1743"}],"curies":[{"name":"wp","href":"https:\/\/api.w.org\/{rel}","templated":true}]}}